{"id":10055,"date":"2022-11-24T13:06:05","date_gmt":"2022-11-24T12:06:05","guid":{"rendered":"https:\/\/alsik.dk\/?page_id=10055"},"modified":"2024-04-22T16:35:12","modified_gmt":"2024-04-22T14:35:12","slug":"face","status":"publish","type":"page","link":"https:\/\/alsik.dk\/de\/alsik-spa\/wellness-und-behandlungen\/face\/","title":{"rendered":"Facial behandlungen"},"content":{"rendered":"<p>Ein Gesicht ist das Erste, was uns an einem Menschen auff\u00e4llt. Ein gro\u00dfer Teil unserer pers\u00f6nlichen Ausstrahlung ist mit den Signalen verkn\u00fcpft, die wir \u00fcber unser Gesicht ausdr\u00fccken, weshalb den meisten Menschen die Gesichtspflege besonders wichtig ist. Gesichtsbehandlungen sind eine gro\u00dfartige M\u00f6glichkeit, Ihre Hautpflegeroutine zu erg\u00e4nzen und das Wohlergehen Ihrer Haut zu verbessern.<\/p>\n<p>Eine Gesichtsbehandlung ist auch der beste Ausgangspunkt daf\u00fcr, Ihre Haut von einer Fachperson professionell begutachten zu lassen und genau die richtigen Produkte auszuw\u00e4hlen, die zu Ihnen passen, damit Sie das Beste f\u00fcr Ihr Geld und die Zeit erhalten, die Sie t\u00e4glich in die Pflege Ihrer Haut investieren.<\/p>\n<p>Du verdien Luxus und Wohlbefinden sowie volle Aufmerksamkeit, wenn Sie unsere Behandlungsebene besuchen. Unsere Gesichtsbehandlungen beinhalten immer unser Alsik-Signatur-Begr\u00fc\u00dfungsritual, das Sie vollkommen entspannt.<\/p>\n<p>Wir verwenden Naturkosmetik von den besten Marken wie Amazing Space und Team Dr. Joseph. Wir streben danach, das perfekte Gleichgewicht zwischen neuestem Wissen, den besten Techniken und den feinsten Zutaten zu finden, mit R\u00fccksicht auf die Natur<\/p>\n","protected":false},"excerpt":{"rendered":"<p>Ein Gesicht ist das Erste, was uns an einem Menschen auff\u00e4llt. Ein gro\u00dfer Teil unserer pers\u00f6nlichen Ausstrahlung ist mit den Signalen verkn\u00fcpft, die wir \u00fcber unser Gesicht ausdr\u00fccken, weshalb den meisten Menschen die Gesichtspflege besonders wichtig ist. Gesichtsbehandlungen sind eine gro\u00dfartige M\u00f6glichkeit, Ihre Hautpflegeroutine zu erg\u00e4nzen und das Wohlergehen Ihrer Haut zu verbessern.<\/p>\n","protected":false},"author":7,"featured_media":15032,"parent":2840,"menu_order":0,"comment_status":"closed","ping_status":"closed","template":"","meta":{"_acf_changed":false,"footnotes":""},"tags":[],"class_list":["post-10055","page","type-page","status-publish","has-post-thumbnail","hentry"],"acf":[],"yoast_head":"<!-- This site is optimized with the Yoast SEO plugin v24.3 - https:\/\/yoast.com\/wordpress\/plugins\/seo\/ -->\n<title>Facial behandlungen | Alsik Hotel &amp; Spa<\/title>\n<meta name=\"description\" content=\"Gesichtsbehandlungen sind eine gro\u00dfartige M\u00f6glichkeit, Ihre Hautpflegeroutine zu erg\u00e4nzen und das Wohlergehen Ihrer Haut zu verbessern\" \/>\n<meta name=\"robots\" content=\"index, follow, max-snippet:-1, max-image-preview:large, max-video-preview:-1\" \/>\n<link rel=\"canonical\" href=\"https:\/\/alsik.dk\/de\/alsik-spa\/wellness-und-behandlungen\/face\/\" \/>\n<meta property=\"og:locale\" content=\"de_DE\" \/>\n<meta property=\"og:type\" content=\"article\" \/>\n<meta property=\"og:title\" content=\"Facial behandlungen | Alsik Hotel &amp; Spa\" \/>\n<meta property=\"og:description\" content=\"Gesichtsbehandlungen sind eine gro\u00dfartige M\u00f6glichkeit, Ihre Hautpflegeroutine zu erg\u00e4nzen und das Wohlergehen Ihrer Haut zu verbessern\" \/>\n<meta property=\"og:url\" content=\"https:\/\/alsik.dk\/de\/alsik-spa\/wellness-und-behandlungen\/face\/\" \/>\n<meta property=\"og:site_name\" content=\"Alsik Hotel &amp; Spa\" \/>\n<meta property=\"article:modified_time\" content=\"2024-04-22T14:35:12+00:00\" \/>\n<meta property=\"og:image\" content=\"https:\/\/alsik.dk\/wp-content\/uploads\/2022\/05\/treatment-amazing-space-monogram-22-web-Kopi.jpg\" \/>\n\t<meta property=\"og:image:width\" content=\"1998\" \/>\n\t<meta property=\"og:image:height\" content=\"1124\" \/>\n\t<meta property=\"og:image:type\" content=\"image\/jpeg\" \/>\n<meta name=\"twitter:card\" content=\"summary_large_image\" \/>\n<meta name=\"twitter:label1\" content=\"Gesch\u00e4tzte Lesezeit\" \/>\n\t<meta name=\"twitter:data1\" content=\"1\u00a0Minute\" \/>\n<script type=\"application\/ld+json\" class=\"yoast-schema-graph\">{\"@context\":\"https:\/\/schema.org\",\"@graph\":[{\"@type\":\"WebPage\",\"@id\":\"https:\/\/alsik.dk\/de\/alsik-spa\/wellness-und-behandlungen\/face\/\",\"url\":\"https:\/\/alsik.dk\/de\/alsik-spa\/wellness-und-behandlungen\/face\/\",\"name\":\"Facial behandlungen | Alsik Hotel &amp; Spa\",\"isPartOf\":{\"@id\":\"https:\/\/alsik.dk\/de\/#website\"},\"primaryImageOfPage\":{\"@id\":\"https:\/\/alsik.dk\/de\/alsik-spa\/wellness-und-behandlungen\/face\/#primaryimage\"},\"image\":{\"@id\":\"https:\/\/alsik.dk\/de\/alsik-spa\/wellness-und-behandlungen\/face\/#primaryimage\"},\"thumbnailUrl\":\"https:\/\/alsik.dk\/wp-content\/uploads\/2025\/01\/Behandling-1.jpg\",\"datePublished\":\"2022-11-24T12:06:05+00:00\",\"dateModified\":\"2024-04-22T14:35:12+00:00\",\"description\":\"Gesichtsbehandlungen sind eine gro\u00dfartige M\u00f6glichkeit, Ihre Hautpflegeroutine zu erg\u00e4nzen und das Wohlergehen Ihrer Haut zu verbessern\",\"breadcrumb\":{\"@id\":\"https:\/\/alsik.dk\/de\/alsik-spa\/wellness-und-behandlungen\/face\/#breadcrumb\"},\"inLanguage\":\"de\",\"potentialAction\":[{\"@type\":\"ReadAction\",\"target\":[\"https:\/\/alsik.dk\/de\/alsik-spa\/wellness-und-behandlungen\/face\/\"]}]},{\"@type\":\"ImageObject\",\"inLanguage\":\"de\",\"@id\":\"https:\/\/alsik.dk\/de\/alsik-spa\/wellness-und-behandlungen\/face\/#primaryimage\",\"url\":\"https:\/\/alsik.dk\/wp-content\/uploads\/2025\/01\/Behandling-1.jpg\",\"contentUrl\":\"https:\/\/alsik.dk\/wp-content\/uploads\/2025\/01\/Behandling-1.jpg\",\"width\":1201,\"height\":1800},{\"@type\":\"BreadcrumbList\",\"@id\":\"https:\/\/alsik.dk\/de\/alsik-spa\/wellness-und-behandlungen\/face\/#breadcrumb\",\"itemListElement\":[{\"@type\":\"ListItem\",\"position\":1,\"name\":\"Hjem\",\"item\":\"https:\/\/alsik.dk\/de\/\"},{\"@type\":\"ListItem\",\"position\":2,\"name\":\"Erleben Sie das Alsik Spa\",\"item\":\"https:\/\/alsik.dk\/de\/alsik-spa\/\"},{\"@type\":\"ListItem\",\"position\":3,\"name\":\"Wellness und Behandlungen\",\"item\":\"https:\/\/alsik.dk\/de\/alsik-spa\/wellness-und-behandlungen\/\"},{\"@type\":\"ListItem\",\"position\":4,\"name\":\"Facial behandlungen\"}]},{\"@type\":\"WebSite\",\"@id\":\"https:\/\/alsik.dk\/de\/#website\",\"url\":\"https:\/\/alsik.dk\/de\/\",\"name\":\"Alsik Hotel &amp; Spa\",\"description\":\"Alsik er et af Danmarks mest sp\u00e6ndende hoteller med stilfulde og topmoderne v\u00e6relser. Oplev Danmarks st\u00f8rste spa med flere end 60 forskellige spa- og wellnessoplevelser eller fork\u00e6l sanserne med gastronomi i s\u00e6rklasse i Alsiks tre restauranter.\",\"potentialAction\":[{\"@type\":\"SearchAction\",\"target\":{\"@type\":\"EntryPoint\",\"urlTemplate\":\"https:\/\/alsik.dk\/de\/?s={search_term_string}\"},\"query-input\":{\"@type\":\"PropertyValueSpecification\",\"valueRequired\":true,\"valueName\":\"search_term_string\"}}],\"inLanguage\":\"de\"}]}<\/script>\n<!-- \/ Yoast SEO plugin. -->","yoast_head_json":{"title":"Facial behandlungen | Alsik Hotel &amp; Spa","description":"Gesichtsbehandlungen sind eine gro\u00dfartige M\u00f6glichkeit, Ihre Hautpflegeroutine zu erg\u00e4nzen und das Wohlergehen Ihrer Haut zu verbessern","robots":{"index":"index","follow":"follow","max-snippet":"max-snippet:-1","max-image-preview":"max-image-preview:large","max-video-preview":"max-video-preview:-1"},"canonical":"https:\/\/alsik.dk\/de\/alsik-spa\/wellness-und-behandlungen\/face\/","og_locale":"de_DE","og_type":"article","og_title":"Facial behandlungen | Alsik Hotel &amp; Spa","og_description":"Gesichtsbehandlungen sind eine gro\u00dfartige M\u00f6glichkeit, Ihre Hautpflegeroutine zu erg\u00e4nzen und das Wohlergehen Ihrer Haut zu verbessern","og_url":"https:\/\/alsik.dk\/de\/alsik-spa\/wellness-und-behandlungen\/face\/","og_site_name":"Alsik Hotel &amp; Spa","article_modified_time":"2024-04-22T14:35:12+00:00","og_image":[{"width":1998,"height":1124,"url":"https:\/\/alsik.dk\/wp-content\/uploads\/2022\/05\/treatment-amazing-space-monogram-22-web-Kopi.jpg","type":"image\/jpeg"}],"twitter_card":"summary_large_image","twitter_misc":{"Gesch\u00e4tzte Lesezeit":"1\u00a0Minute"},"schema":{"@context":"https:\/\/schema.org","@graph":[{"@type":"WebPage","@id":"https:\/\/alsik.dk\/de\/alsik-spa\/wellness-und-behandlungen\/face\/","url":"https:\/\/alsik.dk\/de\/alsik-spa\/wellness-und-behandlungen\/face\/","name":"Facial behandlungen | Alsik Hotel &amp; Spa","isPartOf":{"@id":"https:\/\/alsik.dk\/de\/#website"},"primaryImageOfPage":{"@id":"https:\/\/alsik.dk\/de\/alsik-spa\/wellness-und-behandlungen\/face\/#primaryimage"},"image":{"@id":"https:\/\/alsik.dk\/de\/alsik-spa\/wellness-und-behandlungen\/face\/#primaryimage"},"thumbnailUrl":"https:\/\/alsik.dk\/wp-content\/uploads\/2025\/01\/Behandling-1.jpg","datePublished":"2022-11-24T12:06:05+00:00","dateModified":"2024-04-22T14:35:12+00:00","description":"Gesichtsbehandlungen sind eine gro\u00dfartige M\u00f6glichkeit, Ihre Hautpflegeroutine zu erg\u00e4nzen und das Wohlergehen Ihrer Haut zu verbessern","breadcrumb":{"@id":"https:\/\/alsik.dk\/de\/alsik-spa\/wellness-und-behandlungen\/face\/#breadcrumb"},"inLanguage":"de","potentialAction":[{"@type":"ReadAction","target":["https:\/\/alsik.dk\/de\/alsik-spa\/wellness-und-behandlungen\/face\/"]}]},{"@type":"ImageObject","inLanguage":"de","@id":"https:\/\/alsik.dk\/de\/alsik-spa\/wellness-und-behandlungen\/face\/#primaryimage","url":"https:\/\/alsik.dk\/wp-content\/uploads\/2025\/01\/Behandling-1.jpg","contentUrl":"https:\/\/alsik.dk\/wp-content\/uploads\/2025\/01\/Behandling-1.jpg","width":1201,"height":1800},{"@type":"BreadcrumbList","@id":"https:\/\/alsik.dk\/de\/alsik-spa\/wellness-und-behandlungen\/face\/#breadcrumb","itemListElement":[{"@type":"ListItem","position":1,"name":"Hjem","item":"https:\/\/alsik.dk\/de\/"},{"@type":"ListItem","position":2,"name":"Erleben Sie das Alsik Spa","item":"https:\/\/alsik.dk\/de\/alsik-spa\/"},{"@type":"ListItem","position":3,"name":"Wellness und Behandlungen","item":"https:\/\/alsik.dk\/de\/alsik-spa\/wellness-und-behandlungen\/"},{"@type":"ListItem","position":4,"name":"Facial behandlungen"}]},{"@type":"WebSite","@id":"https:\/\/alsik.dk\/de\/#website","url":"https:\/\/alsik.dk\/de\/","name":"Alsik Hotel &amp; Spa","description":"Alsik er et af Danmarks mest sp\u00e6ndende hoteller med stilfulde og topmoderne v\u00e6relser. Oplev Danmarks st\u00f8rste spa med flere end 60 forskellige spa- og wellnessoplevelser eller fork\u00e6l sanserne med gastronomi i s\u00e6rklasse i Alsiks tre restauranter.","potentialAction":[{"@type":"SearchAction","target":{"@type":"EntryPoint","urlTemplate":"https:\/\/alsik.dk\/de\/?s={search_term_string}"},"query-input":{"@type":"PropertyValueSpecification","valueRequired":true,"valueName":"search_term_string"}}],"inLanguage":"de"}]}},"_links":{"self":[{"href":"https:\/\/alsik.dk\/de\/wp-json\/wp\/v2\/pages\/10055","targetHints":{"allow":["GET"]}}],"collection":[{"href":"https:\/\/alsik.dk\/de\/wp-json\/wp\/v2\/pages"}],"about":[{"href":"https:\/\/alsik.dk\/de\/wp-json\/wp\/v2\/types\/page"}],"author":[{"embeddable":true,"href":"https:\/\/alsik.dk\/de\/wp-json\/wp\/v2\/users\/7"}],"replies":[{"embeddable":true,"href":"https:\/\/alsik.dk\/de\/wp-json\/wp\/v2\/comments?post=10055"}],"version-history":[{"count":4,"href":"https:\/\/alsik.dk\/de\/wp-json\/wp\/v2\/pages\/10055\/revisions"}],"predecessor-version":[{"id":13690,"href":"https:\/\/alsik.dk\/de\/wp-json\/wp\/v2\/pages\/10055\/revisions\/13690"}],"up":[{"embeddable":true,"href":"https:\/\/alsik.dk\/de\/wp-json\/wp\/v2\/pages\/2840"}],"wp:featuredmedia":[{"embeddable":true,"href":"https:\/\/alsik.dk\/de\/wp-json\/wp\/v2\/media\/15032"}],"wp:attachment":[{"href":"https:\/\/alsik.dk\/de\/wp-json\/wp\/v2\/media?parent=10055"}],"wp:term":[{"taxonomy":"post_tag","embeddable":true,"href":"https:\/\/alsik.dk\/de\/wp-json\/wp\/v2\/tags?post=10055"}],"curies":[{"name":"wp","href":"https:\/\/api.w.org\/{rel}","templated":true}]}}