{"id":11365,"date":"2022-12-12T13:31:09","date_gmt":"2022-12-12T12:31:09","guid":{"rendered":"https:\/\/alsik.dk\/?page_id=11365"},"modified":"2022-12-12T13:43:27","modified_gmt":"2022-12-12T12:43:27","slug":"fundsachen","status":"publish","type":"page","link":"https:\/\/alsik.dk\/de\/fundsachen\/","title":{"rendered":"Fundsachen"},"content":{"rendered":"<p>Wenn Sie w\u00e4hrend Ihres Aufenthalts im Alsik Hotel &#038; Spa etwas vergessen haben, f\u00fcllen Sie bitte das folgende Formular aus.<\/p>\n<p>Bitte beschreiben Sie den vergessenen Gegenstand und den Ort, an dem er m\u00f6glicherweise zur\u00fcckgelassen wurde, so sorgf\u00e4ltig wie m\u00f6glich.<\/p>\n<p>Wenn wir Ihren Artikel finden, werden wir Sie kontaktieren, um die Abholung zu vereinbaren.<\/p>\n<div id=\"sn-27aa76ae-e6d9-49f0-8b0b-7de1a0f9802a\"><\/div>\n","protected":false},"excerpt":{"rendered":"<p>Wenn Sie w\u00e4hrend Ihres Aufenthalts im Alsik Hotel &#038; Spa etwas vergessen haben, f\u00fcllen Sie bitte das folgende Formular aus. Bitte beschreiben Sie den vergessenen Gegenstand und den Ort, an dem er m\u00f6glicherweise zur\u00fcckgelassen wurde, so sorgf\u00e4ltig wie m\u00f6glich. Wenn wir Ihren Artikel finden, werden wir Sie kontaktieren, um die Abholung zu vereinbaren.<\/p>\n","protected":false},"author":7,"featured_media":0,"parent":0,"menu_order":0,"comment_status":"closed","ping_status":"closed","template":"","meta":{"_acf_changed":false,"footnotes":""},"tags":[],"class_list":["post-11365","page","type-page","status-publish","hentry"],"acf":[],"yoast_head":"<!-- This site is optimized with the Yoast SEO plugin v24.3 - https:\/\/yoast.com\/wordpress\/plugins\/seo\/ -->\n<title>Fundsachen | Alsik Hotel &amp; Spa<\/title>\n<meta name=\"robots\" content=\"index, follow, max-snippet:-1, max-image-preview:large, max-video-preview:-1\" \/>\n<link rel=\"canonical\" href=\"https:\/\/alsik.dk\/de\/fundsachen\/\" \/>\n<meta property=\"og:locale\" content=\"de_DE\" \/>\n<meta property=\"og:type\" content=\"article\" \/>\n<meta property=\"og:title\" content=\"Fundsachen | Alsik Hotel &amp; Spa\" \/>\n<meta property=\"og:description\" content=\"Wenn Sie w\u00e4hrend Ihres Aufenthalts im Alsik Hotel &#038; Spa etwas vergessen haben, f\u00fcllen Sie bitte das folgende Formular aus. Bitte beschreiben Sie den vergessenen Gegenstand und den Ort, an dem er m\u00f6glicherweise zur\u00fcckgelassen wurde, so sorgf\u00e4ltig wie m\u00f6glich. Wenn wir Ihren Artikel finden, werden wir Sie kontaktieren, um die Abholung zu vereinbaren.\" \/>\n<meta property=\"og:url\" content=\"https:\/\/alsik.dk\/de\/fundsachen\/\" \/>\n<meta property=\"og:site_name\" content=\"Alsik Hotel &amp; Spa\" \/>\n<meta property=\"article:modified_time\" content=\"2022-12-12T12:43:27+00:00\" \/>\n<meta name=\"twitter:card\" content=\"summary_large_image\" \/>\n<meta name=\"twitter:label1\" content=\"Gesch\u00e4tzte Lesezeit\" \/>\n\t<meta name=\"twitter:data1\" content=\"1\u00a0Minute\" \/>\n<script type=\"application\/ld+json\" class=\"yoast-schema-graph\">{\"@context\":\"https:\/\/schema.org\",\"@graph\":[{\"@type\":\"WebPage\",\"@id\":\"https:\/\/alsik.dk\/de\/fundsachen\/\",\"url\":\"https:\/\/alsik.dk\/de\/fundsachen\/\",\"name\":\"Fundsachen | Alsik Hotel &amp; Spa\",\"isPartOf\":{\"@id\":\"https:\/\/alsik.dk\/de\/#website\"},\"datePublished\":\"2022-12-12T12:31:09+00:00\",\"dateModified\":\"2022-12-12T12:43:27+00:00\",\"breadcrumb\":{\"@id\":\"https:\/\/alsik.dk\/de\/fundsachen\/#breadcrumb\"},\"inLanguage\":\"de\",\"potentialAction\":[{\"@type\":\"ReadAction\",\"target\":[\"https:\/\/alsik.dk\/de\/fundsachen\/\"]}]},{\"@type\":\"BreadcrumbList\",\"@id\":\"https:\/\/alsik.dk\/de\/fundsachen\/#breadcrumb\",\"itemListElement\":[{\"@type\":\"ListItem\",\"position\":1,\"name\":\"Hjem\",\"item\":\"https:\/\/alsik.dk\/de\/\"},{\"@type\":\"ListItem\",\"position\":2,\"name\":\"Fundsachen\"}]},{\"@type\":\"WebSite\",\"@id\":\"https:\/\/alsik.dk\/de\/#website\",\"url\":\"https:\/\/alsik.dk\/de\/\",\"name\":\"Alsik Hotel &amp; Spa\",\"description\":\"Alsik er et af Danmarks mest sp\u00e6ndende hoteller med stilfulde og topmoderne v\u00e6relser. Oplev Danmarks st\u00f8rste spa med flere end 60 forskellige spa- og wellnessoplevelser eller fork\u00e6l sanserne med gastronomi i s\u00e6rklasse i Alsiks tre restauranter.\",\"potentialAction\":[{\"@type\":\"SearchAction\",\"target\":{\"@type\":\"EntryPoint\",\"urlTemplate\":\"https:\/\/alsik.dk\/de\/?s={search_term_string}\"},\"query-input\":{\"@type\":\"PropertyValueSpecification\",\"valueRequired\":true,\"valueName\":\"search_term_string\"}}],\"inLanguage\":\"de\"}]}<\/script>\n<!-- \/ Yoast SEO plugin. -->","yoast_head_json":{"title":"Fundsachen | Alsik Hotel &amp; Spa","robots":{"index":"index","follow":"follow","max-snippet":"max-snippet:-1","max-image-preview":"max-image-preview:large","max-video-preview":"max-video-preview:-1"},"canonical":"https:\/\/alsik.dk\/de\/fundsachen\/","og_locale":"de_DE","og_type":"article","og_title":"Fundsachen | Alsik Hotel &amp; Spa","og_description":"Wenn Sie w\u00e4hrend Ihres Aufenthalts im Alsik Hotel &#038; Spa etwas vergessen haben, f\u00fcllen Sie bitte das folgende Formular aus. Bitte beschreiben Sie den vergessenen Gegenstand und den Ort, an dem er m\u00f6glicherweise zur\u00fcckgelassen wurde, so sorgf\u00e4ltig wie m\u00f6glich. Wenn wir Ihren Artikel finden, werden wir Sie kontaktieren, um die Abholung zu vereinbaren.","og_url":"https:\/\/alsik.dk\/de\/fundsachen\/","og_site_name":"Alsik Hotel &amp; Spa","article_modified_time":"2022-12-12T12:43:27+00:00","twitter_card":"summary_large_image","twitter_misc":{"Gesch\u00e4tzte Lesezeit":"1\u00a0Minute"},"schema":{"@context":"https:\/\/schema.org","@graph":[{"@type":"WebPage","@id":"https:\/\/alsik.dk\/de\/fundsachen\/","url":"https:\/\/alsik.dk\/de\/fundsachen\/","name":"Fundsachen | Alsik Hotel &amp; Spa","isPartOf":{"@id":"https:\/\/alsik.dk\/de\/#website"},"datePublished":"2022-12-12T12:31:09+00:00","dateModified":"2022-12-12T12:43:27+00:00","breadcrumb":{"@id":"https:\/\/alsik.dk\/de\/fundsachen\/#breadcrumb"},"inLanguage":"de","potentialAction":[{"@type":"ReadAction","target":["https:\/\/alsik.dk\/de\/fundsachen\/"]}]},{"@type":"BreadcrumbList","@id":"https:\/\/alsik.dk\/de\/fundsachen\/#breadcrumb","itemListElement":[{"@type":"ListItem","position":1,"name":"Hjem","item":"https:\/\/alsik.dk\/de\/"},{"@type":"ListItem","position":2,"name":"Fundsachen"}]},{"@type":"WebSite","@id":"https:\/\/alsik.dk\/de\/#website","url":"https:\/\/alsik.dk\/de\/","name":"Alsik Hotel &amp; Spa","description":"Alsik er et af Danmarks mest sp\u00e6ndende hoteller med stilfulde og topmoderne v\u00e6relser. Oplev Danmarks st\u00f8rste spa med flere end 60 forskellige spa- og wellnessoplevelser eller fork\u00e6l sanserne med gastronomi i s\u00e6rklasse i Alsiks tre restauranter.","potentialAction":[{"@type":"SearchAction","target":{"@type":"EntryPoint","urlTemplate":"https:\/\/alsik.dk\/de\/?s={search_term_string}"},"query-input":{"@type":"PropertyValueSpecification","valueRequired":true,"valueName":"search_term_string"}}],"inLanguage":"de"}]}},"_links":{"self":[{"href":"https:\/\/alsik.dk\/de\/wp-json\/wp\/v2\/pages\/11365","targetHints":{"allow":["GET"]}}],"collection":[{"href":"https:\/\/alsik.dk\/de\/wp-json\/wp\/v2\/pages"}],"about":[{"href":"https:\/\/alsik.dk\/de\/wp-json\/wp\/v2\/types\/page"}],"author":[{"embeddable":true,"href":"https:\/\/alsik.dk\/de\/wp-json\/wp\/v2\/users\/7"}],"replies":[{"embeddable":true,"href":"https:\/\/alsik.dk\/de\/wp-json\/wp\/v2\/comments?post=11365"}],"version-history":[{"count":5,"href":"https:\/\/alsik.dk\/de\/wp-json\/wp\/v2\/pages\/11365\/revisions"}],"predecessor-version":[{"id":11370,"href":"https:\/\/alsik.dk\/de\/wp-json\/wp\/v2\/pages\/11365\/revisions\/11370"}],"wp:attachment":[{"href":"https:\/\/alsik.dk\/de\/wp-json\/wp\/v2\/media?parent=11365"}],"wp:term":[{"taxonomy":"post_tag","embeddable":true,"href":"https:\/\/alsik.dk\/de\/wp-json\/wp\/v2\/tags?post=11365"}],"curies":[{"name":"wp","href":"https:\/\/api.w.org\/{rel}","templated":true}]}}