{"id":11639,"date":"2023-03-01T15:53:47","date_gmt":"2023-03-01T14:53:47","guid":{"rendered":"https:\/\/alsik.dk\/?page_id=11639"},"modified":"2025-08-29T13:47:18","modified_gmt":"2025-08-29T11:47:18","slug":"willkommen-bei-freia-bar-lounge","status":"publish","type":"page","link":"https:\/\/alsik.dk\/de\/gastronomie\/willkommen-bei-freia-bar-lounge\/","title":{"rendered":"Willkommen bei Freia Bar &#038; Lounge"},"content":{"rendered":"<p>Willkommen in Alsiks gem\u00fctlicher und stimmungsvoller Freia Bar &amp; Lounge.<\/p>\n<p>Machen Sie es sich bequem in unseren bequemen Sesseln und Sofas, g\u00f6nnen Sie sich ein Getr\u00e4nk und genie\u00dfen Sie die gem\u00fctliche Atmosph\u00e4re und den Blick \u00fcber Alssund.<\/p>\n<p>Lassen Sie Ihren Blick entlang der Uferpromenade von S\u00f8nderborg schweifen, wo sich moderne Architektur und historische Geb\u00e4ude aus verschiedenen Jahrhunderten harmonisch erg\u00e4nzen.<\/p>\n<p>Genie\u00dfen Sie ein gutes Glas Wein aus unserer umfangreichen Weinkarte, ein k\u00fchles Bier, Kaffeespezialit\u00e4ten oder kosten Sie sich durch unsere Getr\u00e4nke- und Cocktailkarte.<\/p>\n<p>Wenn Sie hungrig sind, k\u00f6nnen Sie unsere Speisekarte durchst\u00f6bern, auf der Sie bekannte und beliebte Gerichte finden, die Sie sowohl zum Mittag- als auch zum Abendessen genie\u00dfen k\u00f6nnen.<\/p>\n","protected":false},"excerpt":{"rendered":"<p>Besuchen Sie die Freia Bar &#038; Lounge und genie\u00dfen Sie die einzigartige Atmosph\u00e4re, unsere gem\u00fctliche Umgebung und unsere Auswahl an gro\u00dfartigen Getr\u00e4nken und gutem Essen.<\/p>\n","protected":false},"author":7,"featured_media":11661,"parent":5258,"menu_order":0,"comment_status":"closed","ping_status":"closed","template":"","meta":{"_acf_changed":false,"footnotes":""},"tags":[],"class_list":["post-11639","page","type-page","status-publish","has-post-thumbnail","hentry"],"acf":[],"yoast_head":"<!-- This site is optimized with the Yoast SEO plugin v24.3 - https:\/\/yoast.com\/wordpress\/plugins\/seo\/ -->\n<title>Willkommen bei Freia Bar &amp; Lounge | Alsik Hotel &amp; Spa<\/title>\n<meta name=\"description\" content=\"Treten Sie ein zu kulinarischen Erlebnissen und klaren \u00dcberzeugungen. An den Ort, wo sich neues Denken und Tradition begegnen.\" \/>\n<meta name=\"robots\" content=\"index, follow, max-snippet:-1, max-image-preview:large, max-video-preview:-1\" \/>\n<link rel=\"canonical\" href=\"https:\/\/alsik.dk\/de\/gastronomie\/willkommen-bei-freia-bar-lounge\/\" \/>\n<meta property=\"og:locale\" content=\"de_DE\" \/>\n<meta property=\"og:type\" content=\"article\" \/>\n<meta property=\"og:title\" content=\"Willkommen bei Freia Bar &amp; Lounge | Alsik Hotel &amp; Spa\" \/>\n<meta property=\"og:description\" content=\"Treten Sie ein zu kulinarischen Erlebnissen und klaren \u00dcberzeugungen. An den Ort, wo sich neues Denken und Tradition begegnen.\" \/>\n<meta property=\"og:url\" content=\"https:\/\/alsik.dk\/de\/gastronomie\/willkommen-bei-freia-bar-lounge\/\" \/>\n<meta property=\"og:site_name\" content=\"Alsik Hotel &amp; Spa\" \/>\n<meta property=\"article:modified_time\" content=\"2025-08-29T11:47:18+00:00\" \/>\n<meta property=\"og:image\" content=\"https:\/\/alsik.dk\/wp-content\/uploads\/2023\/02\/ALISKFREIAJULI2020-9843-scaled.jpg\" \/>\n\t<meta property=\"og:image:width\" content=\"1707\" \/>\n\t<meta property=\"og:image:height\" content=\"2560\" \/>\n\t<meta property=\"og:image:type\" content=\"image\/jpeg\" \/>\n<meta name=\"twitter:card\" content=\"summary_large_image\" \/>\n<meta name=\"twitter:label1\" content=\"Gesch\u00e4tzte Lesezeit\" \/>\n\t<meta name=\"twitter:data1\" content=\"1\u00a0Minute\" \/>\n<script type=\"application\/ld+json\" class=\"yoast-schema-graph\">{\"@context\":\"https:\/\/schema.org\",\"@graph\":[{\"@type\":\"WebPage\",\"@id\":\"https:\/\/alsik.dk\/de\/gastronomie\/willkommen-bei-freia-bar-lounge\/\",\"url\":\"https:\/\/alsik.dk\/de\/gastronomie\/willkommen-bei-freia-bar-lounge\/\",\"name\":\"Willkommen bei Freia Bar & Lounge | Alsik Hotel &amp; Spa\",\"isPartOf\":{\"@id\":\"https:\/\/alsik.dk\/de\/#website\"},\"primaryImageOfPage\":{\"@id\":\"https:\/\/alsik.dk\/de\/gastronomie\/willkommen-bei-freia-bar-lounge\/#primaryimage\"},\"image\":{\"@id\":\"https:\/\/alsik.dk\/de\/gastronomie\/willkommen-bei-freia-bar-lounge\/#primaryimage\"},\"thumbnailUrl\":\"https:\/\/alsik.dk\/wp-content\/uploads\/2023\/02\/ALISKFREIAJULI2020-9843-scaled.jpg\",\"datePublished\":\"2023-03-01T14:53:47+00:00\",\"dateModified\":\"2025-08-29T11:47:18+00:00\",\"description\":\"Treten Sie ein zu kulinarischen Erlebnissen und klaren \u00dcberzeugungen. An den Ort, wo sich neues Denken und Tradition begegnen.\",\"breadcrumb\":{\"@id\":\"https:\/\/alsik.dk\/de\/gastronomie\/willkommen-bei-freia-bar-lounge\/#breadcrumb\"},\"inLanguage\":\"de\",\"potentialAction\":[{\"@type\":\"ReadAction\",\"target\":[\"https:\/\/alsik.dk\/de\/gastronomie\/willkommen-bei-freia-bar-lounge\/\"]}]},{\"@type\":\"ImageObject\",\"inLanguage\":\"de\",\"@id\":\"https:\/\/alsik.dk\/de\/gastronomie\/willkommen-bei-freia-bar-lounge\/#primaryimage\",\"url\":\"https:\/\/alsik.dk\/wp-content\/uploads\/2023\/02\/ALISKFREIAJULI2020-9843-scaled.jpg\",\"contentUrl\":\"https:\/\/alsik.dk\/wp-content\/uploads\/2023\/02\/ALISKFREIAJULI2020-9843-scaled.jpg\",\"width\":1707,\"height\":2560,\"caption\":\"Kaffe i Freia Bar & Lounge\"},{\"@type\":\"BreadcrumbList\",\"@id\":\"https:\/\/alsik.dk\/de\/gastronomie\/willkommen-bei-freia-bar-lounge\/#breadcrumb\",\"itemListElement\":[{\"@type\":\"ListItem\",\"position\":1,\"name\":\"Hjem\",\"item\":\"https:\/\/alsik.dk\/de\/\"},{\"@type\":\"ListItem\",\"position\":2,\"name\":\"Gastronomie der Sonderklasse\",\"item\":\"https:\/\/alsik.dk\/de\/gastronomie\/\"},{\"@type\":\"ListItem\",\"position\":3,\"name\":\"Willkommen bei Freia Bar &#038; Lounge\"}]},{\"@type\":\"WebSite\",\"@id\":\"https:\/\/alsik.dk\/de\/#website\",\"url\":\"https:\/\/alsik.dk\/de\/\",\"name\":\"Alsik Hotel &amp; Spa\",\"description\":\"Alsik er et af Danmarks mest sp\u00e6ndende hoteller med stilfulde og topmoderne v\u00e6relser. Oplev Danmarks st\u00f8rste spa med flere end 60 forskellige spa- og wellnessoplevelser eller fork\u00e6l sanserne med gastronomi i s\u00e6rklasse i Alsiks tre restauranter.\",\"potentialAction\":[{\"@type\":\"SearchAction\",\"target\":{\"@type\":\"EntryPoint\",\"urlTemplate\":\"https:\/\/alsik.dk\/de\/?s={search_term_string}\"},\"query-input\":{\"@type\":\"PropertyValueSpecification\",\"valueRequired\":true,\"valueName\":\"search_term_string\"}}],\"inLanguage\":\"de\"}]}<\/script>\n<!-- \/ Yoast SEO plugin. -->","yoast_head_json":{"title":"Willkommen bei Freia Bar & Lounge | Alsik Hotel &amp; Spa","description":"Treten Sie ein zu kulinarischen Erlebnissen und klaren \u00dcberzeugungen. An den Ort, wo sich neues Denken und Tradition begegnen.","robots":{"index":"index","follow":"follow","max-snippet":"max-snippet:-1","max-image-preview":"max-image-preview:large","max-video-preview":"max-video-preview:-1"},"canonical":"https:\/\/alsik.dk\/de\/gastronomie\/willkommen-bei-freia-bar-lounge\/","og_locale":"de_DE","og_type":"article","og_title":"Willkommen bei Freia Bar & Lounge | Alsik Hotel &amp; Spa","og_description":"Treten Sie ein zu kulinarischen Erlebnissen und klaren \u00dcberzeugungen. An den Ort, wo sich neues Denken und Tradition begegnen.","og_url":"https:\/\/alsik.dk\/de\/gastronomie\/willkommen-bei-freia-bar-lounge\/","og_site_name":"Alsik Hotel &amp; Spa","article_modified_time":"2025-08-29T11:47:18+00:00","og_image":[{"width":1707,"height":2560,"url":"https:\/\/alsik.dk\/wp-content\/uploads\/2023\/02\/ALISKFREIAJULI2020-9843-scaled.jpg","type":"image\/jpeg"}],"twitter_card":"summary_large_image","twitter_misc":{"Gesch\u00e4tzte Lesezeit":"1\u00a0Minute"},"schema":{"@context":"https:\/\/schema.org","@graph":[{"@type":"WebPage","@id":"https:\/\/alsik.dk\/de\/gastronomie\/willkommen-bei-freia-bar-lounge\/","url":"https:\/\/alsik.dk\/de\/gastronomie\/willkommen-bei-freia-bar-lounge\/","name":"Willkommen bei Freia Bar & Lounge | Alsik Hotel &amp; Spa","isPartOf":{"@id":"https:\/\/alsik.dk\/de\/#website"},"primaryImageOfPage":{"@id":"https:\/\/alsik.dk\/de\/gastronomie\/willkommen-bei-freia-bar-lounge\/#primaryimage"},"image":{"@id":"https:\/\/alsik.dk\/de\/gastronomie\/willkommen-bei-freia-bar-lounge\/#primaryimage"},"thumbnailUrl":"https:\/\/alsik.dk\/wp-content\/uploads\/2023\/02\/ALISKFREIAJULI2020-9843-scaled.jpg","datePublished":"2023-03-01T14:53:47+00:00","dateModified":"2025-08-29T11:47:18+00:00","description":"Treten Sie ein zu kulinarischen Erlebnissen und klaren \u00dcberzeugungen. An den Ort, wo sich neues Denken und Tradition begegnen.","breadcrumb":{"@id":"https:\/\/alsik.dk\/de\/gastronomie\/willkommen-bei-freia-bar-lounge\/#breadcrumb"},"inLanguage":"de","potentialAction":[{"@type":"ReadAction","target":["https:\/\/alsik.dk\/de\/gastronomie\/willkommen-bei-freia-bar-lounge\/"]}]},{"@type":"ImageObject","inLanguage":"de","@id":"https:\/\/alsik.dk\/de\/gastronomie\/willkommen-bei-freia-bar-lounge\/#primaryimage","url":"https:\/\/alsik.dk\/wp-content\/uploads\/2023\/02\/ALISKFREIAJULI2020-9843-scaled.jpg","contentUrl":"https:\/\/alsik.dk\/wp-content\/uploads\/2023\/02\/ALISKFREIAJULI2020-9843-scaled.jpg","width":1707,"height":2560,"caption":"Kaffe i Freia Bar & Lounge"},{"@type":"BreadcrumbList","@id":"https:\/\/alsik.dk\/de\/gastronomie\/willkommen-bei-freia-bar-lounge\/#breadcrumb","itemListElement":[{"@type":"ListItem","position":1,"name":"Hjem","item":"https:\/\/alsik.dk\/de\/"},{"@type":"ListItem","position":2,"name":"Gastronomie der Sonderklasse","item":"https:\/\/alsik.dk\/de\/gastronomie\/"},{"@type":"ListItem","position":3,"name":"Willkommen bei Freia Bar &#038; Lounge"}]},{"@type":"WebSite","@id":"https:\/\/alsik.dk\/de\/#website","url":"https:\/\/alsik.dk\/de\/","name":"Alsik Hotel &amp; Spa","description":"Alsik er et af Danmarks mest sp\u00e6ndende hoteller med stilfulde og topmoderne v\u00e6relser. Oplev Danmarks st\u00f8rste spa med flere end 60 forskellige spa- og wellnessoplevelser eller fork\u00e6l sanserne med gastronomi i s\u00e6rklasse i Alsiks tre restauranter.","potentialAction":[{"@type":"SearchAction","target":{"@type":"EntryPoint","urlTemplate":"https:\/\/alsik.dk\/de\/?s={search_term_string}"},"query-input":{"@type":"PropertyValueSpecification","valueRequired":true,"valueName":"search_term_string"}}],"inLanguage":"de"}]}},"_links":{"self":[{"href":"https:\/\/alsik.dk\/de\/wp-json\/wp\/v2\/pages\/11639","targetHints":{"allow":["GET"]}}],"collection":[{"href":"https:\/\/alsik.dk\/de\/wp-json\/wp\/v2\/pages"}],"about":[{"href":"https:\/\/alsik.dk\/de\/wp-json\/wp\/v2\/types\/page"}],"author":[{"embeddable":true,"href":"https:\/\/alsik.dk\/de\/wp-json\/wp\/v2\/users\/7"}],"replies":[{"embeddable":true,"href":"https:\/\/alsik.dk\/de\/wp-json\/wp\/v2\/comments?post=11639"}],"version-history":[{"count":10,"href":"https:\/\/alsik.dk\/de\/wp-json\/wp\/v2\/pages\/11639\/revisions"}],"predecessor-version":[{"id":16552,"href":"https:\/\/alsik.dk\/de\/wp-json\/wp\/v2\/pages\/11639\/revisions\/16552"}],"up":[{"embeddable":true,"href":"https:\/\/alsik.dk\/de\/wp-json\/wp\/v2\/pages\/5258"}],"wp:featuredmedia":[{"embeddable":true,"href":"https:\/\/alsik.dk\/de\/wp-json\/wp\/v2\/media\/11661"}],"wp:attachment":[{"href":"https:\/\/alsik.dk\/de\/wp-json\/wp\/v2\/media?parent=11639"}],"wp:term":[{"taxonomy":"post_tag","embeddable":true,"href":"https:\/\/alsik.dk\/de\/wp-json\/wp\/v2\/tags?post=11639"}],"curies":[{"name":"wp","href":"https:\/\/api.w.org\/{rel}","templated":true}]}}