{"id":12247,"date":"2023-06-06T13:18:41","date_gmt":"2023-06-06T11:18:41","guid":{"rendered":"https:\/\/alsik.dk\/?page_id=12247"},"modified":"2024-02-13T15:58:39","modified_gmt":"2024-02-13T14:58:39","slug":"alsik-standard-ocean-view","status":"publish","type":"page","link":"https:\/\/alsik.dk\/de\/zimmer-suiten\/alsik-standard-ocean-view\/","title":{"rendered":"Alsik Standard Ocean View Zimmer"},"content":{"rendered":"<p>Ein Alsik Ocean View Zimmer bietet einen wundersch\u00f6nen Blick auf Alssund und eines von S\u00f8nderborgs Wahrzeichen, das beeindruckende Kultur- und Universit\u00e4tsgeb\u00e4ude Alsion, auf der gegen\u00fcberliegenden Seite des Wassers.<\/p>\n<p>Die nordischen Farben, das Interieur und die Einrichtung korrespondieren elegant mit dem architektonischen Design des ganzen Geb\u00e4udes. Die nat\u00fcrlichen Materialien und die sch\u00f6nen M\u00f6bel sind alle sorgf\u00e4ltig ausgew\u00e4hlt und sorgen f\u00fcr Harmonie und ein gem\u00fctliches Ambiente. Gro\u00dfe, raumhohe Fenster bieten gute Aussicht und einen fantastischen Lichteinfall ins ganze Zimmer mit seinem eleganten Parkettboden, Ganzk\u00f6rperspiegel und extra langen Betten.<\/p>\n","protected":false},"excerpt":{"rendered":"<p>Ein Alsik Standard Ocean View bietet einen wundersch\u00f6nen Blick auf Alssund von der 2. bis zur 5. Etage.<\/p>\n","protected":false},"author":7,"featured_media":5042,"parent":4976,"menu_order":0,"comment_status":"closed","ping_status":"closed","template":"","meta":{"_acf_changed":false,"footnotes":""},"tags":[],"class_list":["post-12247","page","type-page","status-publish","has-post-thumbnail","hentry"],"acf":[],"yoast_head":"<!-- This site is optimized with the Yoast SEO plugin v24.3 - https:\/\/yoast.com\/wordpress\/plugins\/seo\/ -->\n<title>Alsik Standard Ocean View Zimmer | Alsik Hotel &amp; Spa<\/title>\n<meta name=\"description\" content=\"Genie\u00dfen Sie Ihren Aufenthalt im atemberaubenden Alsik mit Alssund-Blick in einem komfortablen Standardzimmer mit modernen Annehmlichkeiten.\" \/>\n<meta name=\"robots\" content=\"index, follow, max-snippet:-1, max-image-preview:large, max-video-preview:-1\" \/>\n<link rel=\"canonical\" href=\"https:\/\/alsik.dk\/de\/zimmer-suiten\/alsik-standard-ocean-view\/\" \/>\n<meta property=\"og:locale\" content=\"de_DE\" \/>\n<meta property=\"og:type\" content=\"article\" \/>\n<meta property=\"og:title\" content=\"Alsik Standard Ocean View Zimmer | Alsik Hotel &amp; Spa\" \/>\n<meta property=\"og:description\" content=\"Genie\u00dfen Sie Ihren Aufenthalt im atemberaubenden Alsik mit Alssund-Blick in einem komfortablen Standardzimmer mit modernen Annehmlichkeiten.\" \/>\n<meta property=\"og:url\" content=\"https:\/\/alsik.dk\/de\/zimmer-suiten\/alsik-standard-ocean-view\/\" \/>\n<meta property=\"og:site_name\" content=\"Alsik Hotel &amp; Spa\" \/>\n<meta property=\"article:modified_time\" content=\"2024-02-13T14:58:39+00:00\" \/>\n<meta property=\"og:image\" content=\"https:\/\/alsik.dk\/wp-content\/uploads\/2020\/09\/standard2-scaled.jpg\" \/>\n\t<meta property=\"og:image:width\" content=\"2560\" \/>\n\t<meta property=\"og:image:height\" content=\"1707\" \/>\n\t<meta property=\"og:image:type\" content=\"image\/jpeg\" \/>\n<meta name=\"twitter:card\" content=\"summary_large_image\" \/>\n<meta name=\"twitter:label1\" content=\"Gesch\u00e4tzte Lesezeit\" \/>\n\t<meta name=\"twitter:data1\" content=\"1\u00a0Minute\" \/>\n<script type=\"application\/ld+json\" class=\"yoast-schema-graph\">{\"@context\":\"https:\/\/schema.org\",\"@graph\":[{\"@type\":\"WebPage\",\"@id\":\"https:\/\/alsik.dk\/de\/zimmer-suiten\/alsik-standard-ocean-view\/\",\"url\":\"https:\/\/alsik.dk\/de\/zimmer-suiten\/alsik-standard-ocean-view\/\",\"name\":\"Alsik Standard Ocean View Zimmer | Alsik Hotel &amp; Spa\",\"isPartOf\":{\"@id\":\"https:\/\/alsik.dk\/de\/#website\"},\"primaryImageOfPage\":{\"@id\":\"https:\/\/alsik.dk\/de\/zimmer-suiten\/alsik-standard-ocean-view\/#primaryimage\"},\"image\":{\"@id\":\"https:\/\/alsik.dk\/de\/zimmer-suiten\/alsik-standard-ocean-view\/#primaryimage\"},\"thumbnailUrl\":\"https:\/\/alsik.dk\/wp-content\/uploads\/2020\/09\/standard2-scaled.jpg\",\"datePublished\":\"2023-06-06T11:18:41+00:00\",\"dateModified\":\"2024-02-13T14:58:39+00:00\",\"description\":\"Genie\u00dfen Sie Ihren Aufenthalt im atemberaubenden Alsik mit Alssund-Blick in einem komfortablen Standardzimmer mit modernen Annehmlichkeiten.\",\"breadcrumb\":{\"@id\":\"https:\/\/alsik.dk\/de\/zimmer-suiten\/alsik-standard-ocean-view\/#breadcrumb\"},\"inLanguage\":\"de\",\"potentialAction\":[{\"@type\":\"ReadAction\",\"target\":[\"https:\/\/alsik.dk\/de\/zimmer-suiten\/alsik-standard-ocean-view\/\"]}]},{\"@type\":\"ImageObject\",\"inLanguage\":\"de\",\"@id\":\"https:\/\/alsik.dk\/de\/zimmer-suiten\/alsik-standard-ocean-view\/#primaryimage\",\"url\":\"https:\/\/alsik.dk\/wp-content\/uploads\/2020\/09\/standard2-scaled.jpg\",\"contentUrl\":\"https:\/\/alsik.dk\/wp-content\/uploads\/2020\/09\/standard2-scaled.jpg\",\"width\":2560,\"height\":1707,\"caption\":\"Alsik Standard og Premium\"},{\"@type\":\"BreadcrumbList\",\"@id\":\"https:\/\/alsik.dk\/de\/zimmer-suiten\/alsik-standard-ocean-view\/#breadcrumb\",\"itemListElement\":[{\"@type\":\"ListItem\",\"position\":1,\"name\":\"Hjem\",\"item\":\"https:\/\/alsik.dk\/de\/\"},{\"@type\":\"ListItem\",\"position\":2,\"name\":\"Zimmer &#038; Suiten\",\"item\":\"https:\/\/alsik.dk\/de\/zimmer-suiten\/\"},{\"@type\":\"ListItem\",\"position\":3,\"name\":\"Alsik Standard Ocean View Zimmer\"}]},{\"@type\":\"WebSite\",\"@id\":\"https:\/\/alsik.dk\/de\/#website\",\"url\":\"https:\/\/alsik.dk\/de\/\",\"name\":\"Alsik Hotel &amp; Spa\",\"description\":\"Alsik er et af Danmarks mest sp\u00e6ndende hoteller med stilfulde og topmoderne v\u00e6relser. Oplev Danmarks st\u00f8rste spa med flere end 60 forskellige spa- og wellnessoplevelser eller fork\u00e6l sanserne med gastronomi i s\u00e6rklasse i Alsiks tre restauranter.\",\"potentialAction\":[{\"@type\":\"SearchAction\",\"target\":{\"@type\":\"EntryPoint\",\"urlTemplate\":\"https:\/\/alsik.dk\/de\/?s={search_term_string}\"},\"query-input\":{\"@type\":\"PropertyValueSpecification\",\"valueRequired\":true,\"valueName\":\"search_term_string\"}}],\"inLanguage\":\"de\"}]}<\/script>\n<!-- \/ Yoast SEO plugin. -->","yoast_head_json":{"title":"Alsik Standard Ocean View Zimmer | Alsik Hotel &amp; Spa","description":"Genie\u00dfen Sie Ihren Aufenthalt im atemberaubenden Alsik mit Alssund-Blick in einem komfortablen Standardzimmer mit modernen Annehmlichkeiten.","robots":{"index":"index","follow":"follow","max-snippet":"max-snippet:-1","max-image-preview":"max-image-preview:large","max-video-preview":"max-video-preview:-1"},"canonical":"https:\/\/alsik.dk\/de\/zimmer-suiten\/alsik-standard-ocean-view\/","og_locale":"de_DE","og_type":"article","og_title":"Alsik Standard Ocean View Zimmer | Alsik Hotel &amp; Spa","og_description":"Genie\u00dfen Sie Ihren Aufenthalt im atemberaubenden Alsik mit Alssund-Blick in einem komfortablen Standardzimmer mit modernen Annehmlichkeiten.","og_url":"https:\/\/alsik.dk\/de\/zimmer-suiten\/alsik-standard-ocean-view\/","og_site_name":"Alsik Hotel &amp; Spa","article_modified_time":"2024-02-13T14:58:39+00:00","og_image":[{"width":2560,"height":1707,"url":"https:\/\/alsik.dk\/wp-content\/uploads\/2020\/09\/standard2-scaled.jpg","type":"image\/jpeg"}],"twitter_card":"summary_large_image","twitter_misc":{"Gesch\u00e4tzte Lesezeit":"1\u00a0Minute"},"schema":{"@context":"https:\/\/schema.org","@graph":[{"@type":"WebPage","@id":"https:\/\/alsik.dk\/de\/zimmer-suiten\/alsik-standard-ocean-view\/","url":"https:\/\/alsik.dk\/de\/zimmer-suiten\/alsik-standard-ocean-view\/","name":"Alsik Standard Ocean View Zimmer | Alsik Hotel &amp; Spa","isPartOf":{"@id":"https:\/\/alsik.dk\/de\/#website"},"primaryImageOfPage":{"@id":"https:\/\/alsik.dk\/de\/zimmer-suiten\/alsik-standard-ocean-view\/#primaryimage"},"image":{"@id":"https:\/\/alsik.dk\/de\/zimmer-suiten\/alsik-standard-ocean-view\/#primaryimage"},"thumbnailUrl":"https:\/\/alsik.dk\/wp-content\/uploads\/2020\/09\/standard2-scaled.jpg","datePublished":"2023-06-06T11:18:41+00:00","dateModified":"2024-02-13T14:58:39+00:00","description":"Genie\u00dfen Sie Ihren Aufenthalt im atemberaubenden Alsik mit Alssund-Blick in einem komfortablen Standardzimmer mit modernen Annehmlichkeiten.","breadcrumb":{"@id":"https:\/\/alsik.dk\/de\/zimmer-suiten\/alsik-standard-ocean-view\/#breadcrumb"},"inLanguage":"de","potentialAction":[{"@type":"ReadAction","target":["https:\/\/alsik.dk\/de\/zimmer-suiten\/alsik-standard-ocean-view\/"]}]},{"@type":"ImageObject","inLanguage":"de","@id":"https:\/\/alsik.dk\/de\/zimmer-suiten\/alsik-standard-ocean-view\/#primaryimage","url":"https:\/\/alsik.dk\/wp-content\/uploads\/2020\/09\/standard2-scaled.jpg","contentUrl":"https:\/\/alsik.dk\/wp-content\/uploads\/2020\/09\/standard2-scaled.jpg","width":2560,"height":1707,"caption":"Alsik Standard og Premium"},{"@type":"BreadcrumbList","@id":"https:\/\/alsik.dk\/de\/zimmer-suiten\/alsik-standard-ocean-view\/#breadcrumb","itemListElement":[{"@type":"ListItem","position":1,"name":"Hjem","item":"https:\/\/alsik.dk\/de\/"},{"@type":"ListItem","position":2,"name":"Zimmer &#038; Suiten","item":"https:\/\/alsik.dk\/de\/zimmer-suiten\/"},{"@type":"ListItem","position":3,"name":"Alsik Standard Ocean View Zimmer"}]},{"@type":"WebSite","@id":"https:\/\/alsik.dk\/de\/#website","url":"https:\/\/alsik.dk\/de\/","name":"Alsik Hotel &amp; Spa","description":"Alsik er et af Danmarks mest sp\u00e6ndende hoteller med stilfulde og topmoderne v\u00e6relser. Oplev Danmarks st\u00f8rste spa med flere end 60 forskellige spa- og wellnessoplevelser eller fork\u00e6l sanserne med gastronomi i s\u00e6rklasse i Alsiks tre restauranter.","potentialAction":[{"@type":"SearchAction","target":{"@type":"EntryPoint","urlTemplate":"https:\/\/alsik.dk\/de\/?s={search_term_string}"},"query-input":{"@type":"PropertyValueSpecification","valueRequired":true,"valueName":"search_term_string"}}],"inLanguage":"de"}]}},"_links":{"self":[{"href":"https:\/\/alsik.dk\/de\/wp-json\/wp\/v2\/pages\/12247","targetHints":{"allow":["GET"]}}],"collection":[{"href":"https:\/\/alsik.dk\/de\/wp-json\/wp\/v2\/pages"}],"about":[{"href":"https:\/\/alsik.dk\/de\/wp-json\/wp\/v2\/types\/page"}],"author":[{"embeddable":true,"href":"https:\/\/alsik.dk\/de\/wp-json\/wp\/v2\/users\/7"}],"replies":[{"embeddable":true,"href":"https:\/\/alsik.dk\/de\/wp-json\/wp\/v2\/comments?post=12247"}],"version-history":[{"count":4,"href":"https:\/\/alsik.dk\/de\/wp-json\/wp\/v2\/pages\/12247\/revisions"}],"predecessor-version":[{"id":13292,"href":"https:\/\/alsik.dk\/de\/wp-json\/wp\/v2\/pages\/12247\/revisions\/13292"}],"up":[{"embeddable":true,"href":"https:\/\/alsik.dk\/de\/wp-json\/wp\/v2\/pages\/4976"}],"wp:featuredmedia":[{"embeddable":true,"href":"https:\/\/alsik.dk\/de\/wp-json\/wp\/v2\/media\/5042"}],"wp:attachment":[{"href":"https:\/\/alsik.dk\/de\/wp-json\/wp\/v2\/media?parent=12247"}],"wp:term":[{"taxonomy":"post_tag","embeddable":true,"href":"https:\/\/alsik.dk\/de\/wp-json\/wp\/v2\/tags?post=12247"}],"curies":[{"name":"wp","href":"https:\/\/api.w.org\/{rel}","templated":true}]}}