{"id":16921,"date":"2026-03-24T15:08:52","date_gmt":"2026-03-24T14:08:52","guid":{"rendered":"https:\/\/alsik.dk\/?page_id=16921"},"modified":"2026-03-27T10:27:29","modified_gmt":"2026-03-27T09:27:29","slug":"michelin-moment-midweek-premium-edition","status":"publish","type":"page","link":"https:\/\/alsik.dk\/de\/urlaub-specials\/michelin-moment-midweek-premium-edition\/","title":{"rendered":"Michelin Moment &#8211; Midweek Premium Edition"},"content":{"rendered":"<p>Genie\u00dfen Sie einen exklusiven Aufenthalt mit Abendessen im Syttende sowie \u00dcbernachtung und Fr\u00fchst\u00fccksbuffet im Alsik<\/p>\n<hr \/>\n<p style=\"text-align: right;\">Ab DKK 4.365 f\u00fcr 1 Person<br \/>\nAb DKK 6.895 f\u00fcr 2 Personen<\/p>\n<hr \/>\n<p>&nbsp;<\/p>\n","protected":false},"excerpt":{"rendered":"<p>Freuen Sie sich auf einen unvergesslichen Gourmetabend im Syttende sowie eine \u00dcbernachtung in einer Premium Suite inklusive Fr\u00fchst\u00fccksbuffet.<\/p>\n","protected":false},"author":7,"featured_media":17415,"parent":5570,"menu_order":0,"comment_status":"closed","ping_status":"closed","template":"","meta":{"_acf_changed":false,"footnotes":""},"tags":[],"class_list":["post-16921","page","type-page","status-publish","has-post-thumbnail","hentry"],"acf":[],"yoast_head":"<!-- This site is optimized with the Yoast SEO plugin v24.3 - https:\/\/yoast.com\/wordpress\/plugins\/seo\/ -->\n<title>Michelin Moment im Restaurant Syttende und Aufenthalt im Alsik<\/title>\n<meta name=\"description\" content=\"Genie\u00dfen Sie einen exklusiven Michelin Moment-Aufenthalt mit Men\u00fc im Restaurant Syttende sowie \u00dcbernachtung und Fr\u00fchst\u00fccksbuffet im Alsik Hotel &amp; Spa.\" \/>\n<meta name=\"robots\" content=\"index, follow, max-snippet:-1, max-image-preview:large, max-video-preview:-1\" \/>\n<link rel=\"canonical\" href=\"https:\/\/alsik.dk\/de\/urlaub-specials\/michelin-moment-midweek-premium-edition\/\" \/>\n<meta property=\"og:locale\" content=\"de_DE\" \/>\n<meta property=\"og:type\" content=\"article\" \/>\n<meta property=\"og:title\" content=\"Michelin Moment im Restaurant Syttende und Aufenthalt im Alsik\" \/>\n<meta property=\"og:description\" content=\"Genie\u00dfen Sie einen exklusiven Michelin Moment-Aufenthalt mit Men\u00fc im Restaurant Syttende sowie \u00dcbernachtung und Fr\u00fchst\u00fccksbuffet im Alsik Hotel &amp; Spa.\" \/>\n<meta property=\"og:url\" content=\"https:\/\/alsik.dk\/de\/urlaub-specials\/michelin-moment-midweek-premium-edition\/\" \/>\n<meta property=\"og:site_name\" content=\"Alsik Hotel &amp; Spa\" \/>\n<meta property=\"article:modified_time\" content=\"2026-03-27T09:27:29+00:00\" \/>\n<meta property=\"og:image\" content=\"https:\/\/alsik.dk\/wp-content\/uploads\/2026\/01\/syttende-op-midweek.jpg\" \/>\n\t<meta property=\"og:image:width\" content=\"1600\" \/>\n\t<meta property=\"og:image:height\" content=\"1200\" \/>\n\t<meta property=\"og:image:type\" content=\"image\/jpeg\" \/>\n<meta name=\"twitter:card\" content=\"summary_large_image\" \/>\n<meta name=\"twitter:label1\" content=\"Gesch\u00e4tzte Lesezeit\" \/>\n\t<meta name=\"twitter:data1\" content=\"1\u00a0Minute\" \/>\n<script type=\"application\/ld+json\" class=\"yoast-schema-graph\">{\"@context\":\"https:\/\/schema.org\",\"@graph\":[{\"@type\":\"WebPage\",\"@id\":\"https:\/\/alsik.dk\/de\/urlaub-specials\/michelin-moment-midweek-premium-edition\/\",\"url\":\"https:\/\/alsik.dk\/de\/urlaub-specials\/michelin-moment-midweek-premium-edition\/\",\"name\":\"Michelin Moment im Restaurant Syttende und Aufenthalt im Alsik\",\"isPartOf\":{\"@id\":\"https:\/\/alsik.dk\/de\/#website\"},\"primaryImageOfPage\":{\"@id\":\"https:\/\/alsik.dk\/de\/urlaub-specials\/michelin-moment-midweek-premium-edition\/#primaryimage\"},\"image\":{\"@id\":\"https:\/\/alsik.dk\/de\/urlaub-specials\/michelin-moment-midweek-premium-edition\/#primaryimage\"},\"thumbnailUrl\":\"https:\/\/alsik.dk\/wp-content\/uploads\/2026\/01\/syttende-op-midweek.jpg\",\"datePublished\":\"2026-03-24T14:08:52+00:00\",\"dateModified\":\"2026-03-27T09:27:29+00:00\",\"description\":\"Genie\u00dfen Sie einen exklusiven Michelin Moment-Aufenthalt mit Men\u00fc im Restaurant Syttende sowie \u00dcbernachtung und Fr\u00fchst\u00fccksbuffet im Alsik Hotel & Spa.\",\"breadcrumb\":{\"@id\":\"https:\/\/alsik.dk\/de\/urlaub-specials\/michelin-moment-midweek-premium-edition\/#breadcrumb\"},\"inLanguage\":\"de\",\"potentialAction\":[{\"@type\":\"ReadAction\",\"target\":[\"https:\/\/alsik.dk\/de\/urlaub-specials\/michelin-moment-midweek-premium-edition\/\"]}]},{\"@type\":\"ImageObject\",\"inLanguage\":\"de\",\"@id\":\"https:\/\/alsik.dk\/de\/urlaub-specials\/michelin-moment-midweek-premium-edition\/#primaryimage\",\"url\":\"https:\/\/alsik.dk\/wp-content\/uploads\/2026\/01\/syttende-op-midweek.jpg\",\"contentUrl\":\"https:\/\/alsik.dk\/wp-content\/uploads\/2026\/01\/syttende-op-midweek.jpg\",\"width\":1600,\"height\":1200,\"caption\":\"Restaurant Syttende\"},{\"@type\":\"BreadcrumbList\",\"@id\":\"https:\/\/alsik.dk\/de\/urlaub-specials\/michelin-moment-midweek-premium-edition\/#breadcrumb\",\"itemListElement\":[{\"@type\":\"ListItem\",\"position\":1,\"name\":\"Hjem\",\"item\":\"https:\/\/alsik.dk\/de\/\"},{\"@type\":\"ListItem\",\"position\":2,\"name\":\"Genie\u00dfen Sie ein Urlaubs-Special im Alsik!\",\"item\":\"https:\/\/alsik.dk\/de\/urlaub-specials\/\"},{\"@type\":\"ListItem\",\"position\":3,\"name\":\"Michelin Moment &#8211; Midweek Premium Edition\"}]},{\"@type\":\"WebSite\",\"@id\":\"https:\/\/alsik.dk\/de\/#website\",\"url\":\"https:\/\/alsik.dk\/de\/\",\"name\":\"Alsik Hotel &amp; Spa\",\"description\":\"Alsik er et af Danmarks mest sp\u00e6ndende hoteller med stilfulde og topmoderne v\u00e6relser. Oplev Danmarks st\u00f8rste spa med flere end 60 forskellige spa- og wellnessoplevelser eller fork\u00e6l sanserne med gastronomi i s\u00e6rklasse i Alsiks tre restauranter.\",\"potentialAction\":[{\"@type\":\"SearchAction\",\"target\":{\"@type\":\"EntryPoint\",\"urlTemplate\":\"https:\/\/alsik.dk\/de\/?s={search_term_string}\"},\"query-input\":{\"@type\":\"PropertyValueSpecification\",\"valueRequired\":true,\"valueName\":\"search_term_string\"}}],\"inLanguage\":\"de\"}]}<\/script>\n<!-- \/ Yoast SEO plugin. -->","yoast_head_json":{"title":"Michelin Moment im Restaurant Syttende und Aufenthalt im Alsik","description":"Genie\u00dfen Sie einen exklusiven Michelin Moment-Aufenthalt mit Men\u00fc im Restaurant Syttende sowie \u00dcbernachtung und Fr\u00fchst\u00fccksbuffet im Alsik Hotel & Spa.","robots":{"index":"index","follow":"follow","max-snippet":"max-snippet:-1","max-image-preview":"max-image-preview:large","max-video-preview":"max-video-preview:-1"},"canonical":"https:\/\/alsik.dk\/de\/urlaub-specials\/michelin-moment-midweek-premium-edition\/","og_locale":"de_DE","og_type":"article","og_title":"Michelin Moment im Restaurant Syttende und Aufenthalt im Alsik","og_description":"Genie\u00dfen Sie einen exklusiven Michelin Moment-Aufenthalt mit Men\u00fc im Restaurant Syttende sowie \u00dcbernachtung und Fr\u00fchst\u00fccksbuffet im Alsik Hotel & Spa.","og_url":"https:\/\/alsik.dk\/de\/urlaub-specials\/michelin-moment-midweek-premium-edition\/","og_site_name":"Alsik Hotel &amp; Spa","article_modified_time":"2026-03-27T09:27:29+00:00","og_image":[{"width":1600,"height":1200,"url":"https:\/\/alsik.dk\/wp-content\/uploads\/2026\/01\/syttende-op-midweek.jpg","type":"image\/jpeg"}],"twitter_card":"summary_large_image","twitter_misc":{"Gesch\u00e4tzte Lesezeit":"1\u00a0Minute"},"schema":{"@context":"https:\/\/schema.org","@graph":[{"@type":"WebPage","@id":"https:\/\/alsik.dk\/de\/urlaub-specials\/michelin-moment-midweek-premium-edition\/","url":"https:\/\/alsik.dk\/de\/urlaub-specials\/michelin-moment-midweek-premium-edition\/","name":"Michelin Moment im Restaurant Syttende und Aufenthalt im Alsik","isPartOf":{"@id":"https:\/\/alsik.dk\/de\/#website"},"primaryImageOfPage":{"@id":"https:\/\/alsik.dk\/de\/urlaub-specials\/michelin-moment-midweek-premium-edition\/#primaryimage"},"image":{"@id":"https:\/\/alsik.dk\/de\/urlaub-specials\/michelin-moment-midweek-premium-edition\/#primaryimage"},"thumbnailUrl":"https:\/\/alsik.dk\/wp-content\/uploads\/2026\/01\/syttende-op-midweek.jpg","datePublished":"2026-03-24T14:08:52+00:00","dateModified":"2026-03-27T09:27:29+00:00","description":"Genie\u00dfen Sie einen exklusiven Michelin Moment-Aufenthalt mit Men\u00fc im Restaurant Syttende sowie \u00dcbernachtung und Fr\u00fchst\u00fccksbuffet im Alsik Hotel & Spa.","breadcrumb":{"@id":"https:\/\/alsik.dk\/de\/urlaub-specials\/michelin-moment-midweek-premium-edition\/#breadcrumb"},"inLanguage":"de","potentialAction":[{"@type":"ReadAction","target":["https:\/\/alsik.dk\/de\/urlaub-specials\/michelin-moment-midweek-premium-edition\/"]}]},{"@type":"ImageObject","inLanguage":"de","@id":"https:\/\/alsik.dk\/de\/urlaub-specials\/michelin-moment-midweek-premium-edition\/#primaryimage","url":"https:\/\/alsik.dk\/wp-content\/uploads\/2026\/01\/syttende-op-midweek.jpg","contentUrl":"https:\/\/alsik.dk\/wp-content\/uploads\/2026\/01\/syttende-op-midweek.jpg","width":1600,"height":1200,"caption":"Restaurant Syttende"},{"@type":"BreadcrumbList","@id":"https:\/\/alsik.dk\/de\/urlaub-specials\/michelin-moment-midweek-premium-edition\/#breadcrumb","itemListElement":[{"@type":"ListItem","position":1,"name":"Hjem","item":"https:\/\/alsik.dk\/de\/"},{"@type":"ListItem","position":2,"name":"Genie\u00dfen Sie ein Urlaubs-Special im Alsik!","item":"https:\/\/alsik.dk\/de\/urlaub-specials\/"},{"@type":"ListItem","position":3,"name":"Michelin Moment &#8211; Midweek Premium Edition"}]},{"@type":"WebSite","@id":"https:\/\/alsik.dk\/de\/#website","url":"https:\/\/alsik.dk\/de\/","name":"Alsik Hotel &amp; Spa","description":"Alsik er et af Danmarks mest sp\u00e6ndende hoteller med stilfulde og topmoderne v\u00e6relser. Oplev Danmarks st\u00f8rste spa med flere end 60 forskellige spa- og wellnessoplevelser eller fork\u00e6l sanserne med gastronomi i s\u00e6rklasse i Alsiks tre restauranter.","potentialAction":[{"@type":"SearchAction","target":{"@type":"EntryPoint","urlTemplate":"https:\/\/alsik.dk\/de\/?s={search_term_string}"},"query-input":{"@type":"PropertyValueSpecification","valueRequired":true,"valueName":"search_term_string"}}],"inLanguage":"de"}]}},"_links":{"self":[{"href":"https:\/\/alsik.dk\/de\/wp-json\/wp\/v2\/pages\/16921","targetHints":{"allow":["GET"]}}],"collection":[{"href":"https:\/\/alsik.dk\/de\/wp-json\/wp\/v2\/pages"}],"about":[{"href":"https:\/\/alsik.dk\/de\/wp-json\/wp\/v2\/types\/page"}],"author":[{"embeddable":true,"href":"https:\/\/alsik.dk\/de\/wp-json\/wp\/v2\/users\/7"}],"replies":[{"embeddable":true,"href":"https:\/\/alsik.dk\/de\/wp-json\/wp\/v2\/comments?post=16921"}],"version-history":[{"count":7,"href":"https:\/\/alsik.dk\/de\/wp-json\/wp\/v2\/pages\/16921\/revisions"}],"predecessor-version":[{"id":18130,"href":"https:\/\/alsik.dk\/de\/wp-json\/wp\/v2\/pages\/16921\/revisions\/18130"}],"up":[{"embeddable":true,"href":"https:\/\/alsik.dk\/de\/wp-json\/wp\/v2\/pages\/5570"}],"wp:featuredmedia":[{"embeddable":true,"href":"https:\/\/alsik.dk\/de\/wp-json\/wp\/v2\/media\/17415"}],"wp:attachment":[{"href":"https:\/\/alsik.dk\/de\/wp-json\/wp\/v2\/media?parent=16921"}],"wp:term":[{"taxonomy":"post_tag","embeddable":true,"href":"https:\/\/alsik.dk\/de\/wp-json\/wp\/v2\/tags?post=16921"}],"curies":[{"name":"wp","href":"https:\/\/api.w.org\/{rel}","templated":true}]}}