{"id":17797,"date":"2026-01-26T13:33:52","date_gmt":"2026-01-26T12:33:52","guid":{"rendered":"https:\/\/alsik.dk\/urlaub-specials\/pentecost\/"},"modified":"2026-03-03T12:31:06","modified_gmt":"2026-03-03T11:31:06","slug":"pfingstaufenthalt","status":"publish","type":"page","link":"https:\/\/alsik.dk\/de\/urlaub-specials\/pfingstaufenthalt\/","title":{"rendered":"Pfingstaufenthalt"},"content":{"rendered":"<p>Genie\u00dfen Sie einen stimmungsvollen Pfingstaufenthalt mit zwei \u00dcbernachtungen, k\u00f6stlichem Mittag- und Abendessen, und lassen Sie die Ruhe und Freude von Pfingsten Ihre Tage erf\u00fcllen.<\/p>\n<p>&nbsp;<\/p>\n<hr \/>\n<p style=\"text-align: right;\">Ab DKK 3.995 pro Person f\u00fcr 2 \u00dcbernachtungen<br \/>\nAb DKK 5.995 f\u00fcr 2 Personen f\u00fcr 2 \u00dcbernachtungen<\/p>\n<hr \/>\n<p style=\"text-align: right;\">\n","protected":false},"excerpt":{"rendered":"<p>Pfingstaufenthalt mit zwei \u00dcbernachtungen, Afternoon Tea mit s\u00fc\u00dfen Leckereien, 3-G\u00e4nge-Men\u00fc am ersten Tag, Mittagessen am zweiten Tag sowie Fr\u00fchst\u00fccksbuffet jeden Morgen.<\/p>\n","protected":false},"author":7,"featured_media":15685,"parent":5570,"menu_order":0,"comment_status":"closed","ping_status":"closed","template":"","meta":{"_acf_changed":false,"footnotes":""},"tags":[],"class_list":["post-17797","page","type-page","status-publish","has-post-thumbnail","hentry"],"acf":[],"yoast_head":"<!-- This site is optimized with the Yoast SEO plugin v24.3 - https:\/\/yoast.com\/wordpress\/plugins\/seo\/ -->\n<title>Pfingsten im Alsik Hotel genie\u00dfen<\/title>\n<meta name=\"description\" content=\"G\u00f6nnen Sie sich einen wunderbaren Pfingstaufenthalt im sch\u00f6nen S\u00f8nderborg im Alsik Hotel &amp; Spa mit Abendessen sowie ein Mittagessen.\" \/>\n<meta name=\"robots\" content=\"index, follow, max-snippet:-1, max-image-preview:large, max-video-preview:-1\" \/>\n<link rel=\"canonical\" href=\"https:\/\/alsik.dk\/de\/urlaub-specials\/pfingstaufenthalt\/\" \/>\n<meta property=\"og:locale\" content=\"de_DE\" \/>\n<meta property=\"og:type\" content=\"article\" \/>\n<meta property=\"og:title\" content=\"Pfingsten im Alsik Hotel genie\u00dfen\" \/>\n<meta property=\"og:description\" content=\"G\u00f6nnen Sie sich einen wunderbaren Pfingstaufenthalt im sch\u00f6nen S\u00f8nderborg im Alsik Hotel &amp; Spa mit Abendessen sowie ein Mittagessen.\" \/>\n<meta property=\"og:url\" content=\"https:\/\/alsik.dk\/de\/urlaub-specials\/pfingstaufenthalt\/\" \/>\n<meta property=\"og:site_name\" content=\"Alsik Hotel &amp; Spa\" \/>\n<meta property=\"article:modified_time\" content=\"2026-03-03T11:31:06+00:00\" \/>\n<meta property=\"og:image\" content=\"https:\/\/alsik.dk\/wp-content\/uploads\/2025\/03\/ALSIKAUGUST2021-86.jpg\" \/>\n\t<meta property=\"og:image:width\" content=\"2293\" \/>\n\t<meta property=\"og:image:height\" content=\"1530\" \/>\n\t<meta property=\"og:image:type\" content=\"image\/jpeg\" \/>\n<meta name=\"twitter:card\" content=\"summary_large_image\" \/>\n<meta name=\"twitter:label1\" content=\"Gesch\u00e4tzte Lesezeit\" \/>\n\t<meta name=\"twitter:data1\" content=\"1\u00a0Minute\" \/>\n<script type=\"application\/ld+json\" class=\"yoast-schema-graph\">{\"@context\":\"https:\/\/schema.org\",\"@graph\":[{\"@type\":\"WebPage\",\"@id\":\"https:\/\/alsik.dk\/de\/urlaub-specials\/pfingstaufenthalt\/\",\"url\":\"https:\/\/alsik.dk\/de\/urlaub-specials\/pfingstaufenthalt\/\",\"name\":\"Pfingsten im Alsik Hotel genie\u00dfen\",\"isPartOf\":{\"@id\":\"https:\/\/alsik.dk\/de\/#website\"},\"primaryImageOfPage\":{\"@id\":\"https:\/\/alsik.dk\/de\/urlaub-specials\/pfingstaufenthalt\/#primaryimage\"},\"image\":{\"@id\":\"https:\/\/alsik.dk\/de\/urlaub-specials\/pfingstaufenthalt\/#primaryimage\"},\"thumbnailUrl\":\"https:\/\/alsik.dk\/wp-content\/uploads\/2025\/03\/ALSIKAUGUST2021-86.jpg\",\"datePublished\":\"2026-01-26T12:33:52+00:00\",\"dateModified\":\"2026-03-03T11:31:06+00:00\",\"description\":\"G\u00f6nnen Sie sich einen wunderbaren Pfingstaufenthalt im sch\u00f6nen S\u00f8nderborg im Alsik Hotel & Spa mit Abendessen sowie ein Mittagessen.\",\"breadcrumb\":{\"@id\":\"https:\/\/alsik.dk\/de\/urlaub-specials\/pfingstaufenthalt\/#breadcrumb\"},\"inLanguage\":\"de\",\"potentialAction\":[{\"@type\":\"ReadAction\",\"target\":[\"https:\/\/alsik.dk\/de\/urlaub-specials\/pfingstaufenthalt\/\"]}]},{\"@type\":\"ImageObject\",\"inLanguage\":\"de\",\"@id\":\"https:\/\/alsik.dk\/de\/urlaub-specials\/pfingstaufenthalt\/#primaryimage\",\"url\":\"https:\/\/alsik.dk\/wp-content\/uploads\/2025\/03\/ALSIKAUGUST2021-86.jpg\",\"contentUrl\":\"https:\/\/alsik.dk\/wp-content\/uploads\/2025\/03\/ALSIKAUGUST2021-86.jpg\",\"width\":2293,\"height\":1530,\"caption\":\"Alsik i natursk\u00f8nne omgivelser\"},{\"@type\":\"BreadcrumbList\",\"@id\":\"https:\/\/alsik.dk\/de\/urlaub-specials\/pfingstaufenthalt\/#breadcrumb\",\"itemListElement\":[{\"@type\":\"ListItem\",\"position\":1,\"name\":\"Hjem\",\"item\":\"https:\/\/alsik.dk\/de\/\"},{\"@type\":\"ListItem\",\"position\":2,\"name\":\"Genie\u00dfen Sie ein Urlaubs-Special im Alsik!\",\"item\":\"https:\/\/alsik.dk\/de\/urlaub-specials\/\"},{\"@type\":\"ListItem\",\"position\":3,\"name\":\"Pfingstaufenthalt\"}]},{\"@type\":\"WebSite\",\"@id\":\"https:\/\/alsik.dk\/de\/#website\",\"url\":\"https:\/\/alsik.dk\/de\/\",\"name\":\"Alsik Hotel &amp; Spa\",\"description\":\"Alsik er et af Danmarks mest sp\u00e6ndende hoteller med stilfulde og topmoderne v\u00e6relser. Oplev Danmarks st\u00f8rste spa med flere end 60 forskellige spa- og wellnessoplevelser eller fork\u00e6l sanserne med gastronomi i s\u00e6rklasse i Alsiks tre restauranter.\",\"potentialAction\":[{\"@type\":\"SearchAction\",\"target\":{\"@type\":\"EntryPoint\",\"urlTemplate\":\"https:\/\/alsik.dk\/de\/?s={search_term_string}\"},\"query-input\":{\"@type\":\"PropertyValueSpecification\",\"valueRequired\":true,\"valueName\":\"search_term_string\"}}],\"inLanguage\":\"de\"}]}<\/script>\n<!-- \/ Yoast SEO plugin. -->","yoast_head_json":{"title":"Pfingsten im Alsik Hotel genie\u00dfen","description":"G\u00f6nnen Sie sich einen wunderbaren Pfingstaufenthalt im sch\u00f6nen S\u00f8nderborg im Alsik Hotel & Spa mit Abendessen sowie ein Mittagessen.","robots":{"index":"index","follow":"follow","max-snippet":"max-snippet:-1","max-image-preview":"max-image-preview:large","max-video-preview":"max-video-preview:-1"},"canonical":"https:\/\/alsik.dk\/de\/urlaub-specials\/pfingstaufenthalt\/","og_locale":"de_DE","og_type":"article","og_title":"Pfingsten im Alsik Hotel genie\u00dfen","og_description":"G\u00f6nnen Sie sich einen wunderbaren Pfingstaufenthalt im sch\u00f6nen S\u00f8nderborg im Alsik Hotel & Spa mit Abendessen sowie ein Mittagessen.","og_url":"https:\/\/alsik.dk\/de\/urlaub-specials\/pfingstaufenthalt\/","og_site_name":"Alsik Hotel &amp; Spa","article_modified_time":"2026-03-03T11:31:06+00:00","og_image":[{"width":2293,"height":1530,"url":"https:\/\/alsik.dk\/wp-content\/uploads\/2025\/03\/ALSIKAUGUST2021-86.jpg","type":"image\/jpeg"}],"twitter_card":"summary_large_image","twitter_misc":{"Gesch\u00e4tzte Lesezeit":"1\u00a0Minute"},"schema":{"@context":"https:\/\/schema.org","@graph":[{"@type":"WebPage","@id":"https:\/\/alsik.dk\/de\/urlaub-specials\/pfingstaufenthalt\/","url":"https:\/\/alsik.dk\/de\/urlaub-specials\/pfingstaufenthalt\/","name":"Pfingsten im Alsik Hotel genie\u00dfen","isPartOf":{"@id":"https:\/\/alsik.dk\/de\/#website"},"primaryImageOfPage":{"@id":"https:\/\/alsik.dk\/de\/urlaub-specials\/pfingstaufenthalt\/#primaryimage"},"image":{"@id":"https:\/\/alsik.dk\/de\/urlaub-specials\/pfingstaufenthalt\/#primaryimage"},"thumbnailUrl":"https:\/\/alsik.dk\/wp-content\/uploads\/2025\/03\/ALSIKAUGUST2021-86.jpg","datePublished":"2026-01-26T12:33:52+00:00","dateModified":"2026-03-03T11:31:06+00:00","description":"G\u00f6nnen Sie sich einen wunderbaren Pfingstaufenthalt im sch\u00f6nen S\u00f8nderborg im Alsik Hotel & Spa mit Abendessen sowie ein Mittagessen.","breadcrumb":{"@id":"https:\/\/alsik.dk\/de\/urlaub-specials\/pfingstaufenthalt\/#breadcrumb"},"inLanguage":"de","potentialAction":[{"@type":"ReadAction","target":["https:\/\/alsik.dk\/de\/urlaub-specials\/pfingstaufenthalt\/"]}]},{"@type":"ImageObject","inLanguage":"de","@id":"https:\/\/alsik.dk\/de\/urlaub-specials\/pfingstaufenthalt\/#primaryimage","url":"https:\/\/alsik.dk\/wp-content\/uploads\/2025\/03\/ALSIKAUGUST2021-86.jpg","contentUrl":"https:\/\/alsik.dk\/wp-content\/uploads\/2025\/03\/ALSIKAUGUST2021-86.jpg","width":2293,"height":1530,"caption":"Alsik i natursk\u00f8nne omgivelser"},{"@type":"BreadcrumbList","@id":"https:\/\/alsik.dk\/de\/urlaub-specials\/pfingstaufenthalt\/#breadcrumb","itemListElement":[{"@type":"ListItem","position":1,"name":"Hjem","item":"https:\/\/alsik.dk\/de\/"},{"@type":"ListItem","position":2,"name":"Genie\u00dfen Sie ein Urlaubs-Special im Alsik!","item":"https:\/\/alsik.dk\/de\/urlaub-specials\/"},{"@type":"ListItem","position":3,"name":"Pfingstaufenthalt"}]},{"@type":"WebSite","@id":"https:\/\/alsik.dk\/de\/#website","url":"https:\/\/alsik.dk\/de\/","name":"Alsik Hotel &amp; Spa","description":"Alsik er et af Danmarks mest sp\u00e6ndende hoteller med stilfulde og topmoderne v\u00e6relser. Oplev Danmarks st\u00f8rste spa med flere end 60 forskellige spa- og wellnessoplevelser eller fork\u00e6l sanserne med gastronomi i s\u00e6rklasse i Alsiks tre restauranter.","potentialAction":[{"@type":"SearchAction","target":{"@type":"EntryPoint","urlTemplate":"https:\/\/alsik.dk\/de\/?s={search_term_string}"},"query-input":{"@type":"PropertyValueSpecification","valueRequired":true,"valueName":"search_term_string"}}],"inLanguage":"de"}]}},"_links":{"self":[{"href":"https:\/\/alsik.dk\/de\/wp-json\/wp\/v2\/pages\/17797","targetHints":{"allow":["GET"]}}],"collection":[{"href":"https:\/\/alsik.dk\/de\/wp-json\/wp\/v2\/pages"}],"about":[{"href":"https:\/\/alsik.dk\/de\/wp-json\/wp\/v2\/types\/page"}],"author":[{"embeddable":true,"href":"https:\/\/alsik.dk\/de\/wp-json\/wp\/v2\/users\/7"}],"replies":[{"embeddable":true,"href":"https:\/\/alsik.dk\/de\/wp-json\/wp\/v2\/comments?post=17797"}],"version-history":[{"count":3,"href":"https:\/\/alsik.dk\/de\/wp-json\/wp\/v2\/pages\/17797\/revisions"}],"predecessor-version":[{"id":17800,"href":"https:\/\/alsik.dk\/de\/wp-json\/wp\/v2\/pages\/17797\/revisions\/17800"}],"up":[{"embeddable":true,"href":"https:\/\/alsik.dk\/de\/wp-json\/wp\/v2\/pages\/5570"}],"wp:featuredmedia":[{"embeddable":true,"href":"https:\/\/alsik.dk\/de\/wp-json\/wp\/v2\/media\/15685"}],"wp:attachment":[{"href":"https:\/\/alsik.dk\/de\/wp-json\/wp\/v2\/media?parent=17797"}],"wp:term":[{"taxonomy":"post_tag","embeddable":true,"href":"https:\/\/alsik.dk\/de\/wp-json\/wp\/v2\/tags?post=17797"}],"curies":[{"name":"wp","href":"https:\/\/api.w.org\/{rel}","templated":true}]}}