{"id":17810,"date":"2026-03-03T14:46:33","date_gmt":"2026-03-03T13:46:33","guid":{"rendered":"https:\/\/alsik.dk\/?page_id=17810"},"modified":"2026-03-24T14:34:01","modified_gmt":"2026-03-24T13:34:01","slug":"4-tage","status":"publish","type":"page","link":"https:\/\/alsik.dk\/de\/urlaub-specials\/4-tage\/","title":{"rendered":"4 Tage in S\u00f8nderborg"},"content":{"rendered":"<p>Genie\u00dfen Sie den Dezember mit einem vier-t\u00e4gigen \/ drei-\u00dcbernachtungen-Aufenthalt im Alsik Hotel &amp; Spa im wundersch\u00f6nen S\u00f8nderborg. Ihr Aufenthalt beinhaltet unser gro\u00dfz\u00fcgiges Fr\u00fchst\u00fccksbuffet jeden Morgen.<\/p>\n<hr \/>\n<p style=\"text-align: right;\">Ab DKK 5.500 f\u00fcr 2 Personen f\u00fcr 3 \u00dcbernachtungen<\/p>\n<hr \/>\n<p>&nbsp;<\/p>\n<p>Der Aufenthalt kann an ausgew\u00e4hlten Tagen zu Ostern, im Juli und in Woche 42 gebucht werden.<\/p>\n","protected":false},"excerpt":{"rendered":"<p>Genie\u00dfen Sie einen Kurzurlaub im wundersch\u00f6nen S\u00f8nderborg: 4 Tage und 3 N\u00e4chte inklusive Fr\u00fchst\u00fcck jeden Morgen f\u00fcr nur DKK 5.500.<\/p>\n","protected":false},"author":7,"featured_media":17803,"parent":5570,"menu_order":0,"comment_status":"closed","ping_status":"closed","template":"","meta":{"_acf_changed":false,"footnotes":""},"tags":[],"class_list":["post-17810","page","type-page","status-publish","has-post-thumbnail","hentry"],"acf":[],"yoast_head":"<!-- This site is optimized with the Yoast SEO plugin v24.3 - https:\/\/yoast.com\/wordpress\/plugins\/seo\/ -->\n<title>Genie\u00dfen Sie vier Tage in S\u00f8nderborg<\/title>\n<meta name=\"description\" content=\"G\u00f6nnen Sie sich einen herrlichen Kurzurlaub in S\u00f8nderborg mit drei \u00dcbernachtungen. Beginnen Sie jeden Tag mit unserem gro\u00dfz\u00fcgigen Fr\u00fchst\u00fccksbuffet.\" \/>\n<meta name=\"robots\" content=\"index, follow, max-snippet:-1, max-image-preview:large, max-video-preview:-1\" \/>\n<link rel=\"canonical\" href=\"https:\/\/alsik.dk\/de\/urlaub-specials\/4-tage\/\" \/>\n<meta property=\"og:locale\" content=\"de_DE\" \/>\n<meta property=\"og:type\" content=\"article\" \/>\n<meta property=\"og:title\" content=\"Genie\u00dfen Sie vier Tage in S\u00f8nderborg\" \/>\n<meta property=\"og:description\" content=\"G\u00f6nnen Sie sich einen herrlichen Kurzurlaub in S\u00f8nderborg mit drei \u00dcbernachtungen. Beginnen Sie jeden Tag mit unserem gro\u00dfz\u00fcgigen Fr\u00fchst\u00fccksbuffet.\" \/>\n<meta property=\"og:url\" content=\"https:\/\/alsik.dk\/de\/urlaub-specials\/4-tage\/\" \/>\n<meta property=\"og:site_name\" content=\"Alsik Hotel &amp; Spa\" \/>\n<meta property=\"article:modified_time\" content=\"2026-03-24T13:34:01+00:00\" \/>\n<meta property=\"og:image\" content=\"https:\/\/alsik.dk\/wp-content\/uploads\/2026\/03\/alsik-hotel-4-dage-i-soenderborg.jpg\" \/>\n\t<meta property=\"og:image:width\" content=\"1600\" \/>\n\t<meta property=\"og:image:height\" content=\"1067\" \/>\n\t<meta property=\"og:image:type\" content=\"image\/jpeg\" \/>\n<meta name=\"twitter:card\" content=\"summary_large_image\" \/>\n<meta name=\"twitter:label1\" content=\"Gesch\u00e4tzte Lesezeit\" \/>\n\t<meta name=\"twitter:data1\" content=\"1\u00a0Minute\" \/>\n<script type=\"application\/ld+json\" class=\"yoast-schema-graph\">{\"@context\":\"https:\/\/schema.org\",\"@graph\":[{\"@type\":\"WebPage\",\"@id\":\"https:\/\/alsik.dk\/de\/urlaub-specials\/4-tage\/\",\"url\":\"https:\/\/alsik.dk\/de\/urlaub-specials\/4-tage\/\",\"name\":\"Genie\u00dfen Sie vier Tage in S\u00f8nderborg\",\"isPartOf\":{\"@id\":\"https:\/\/alsik.dk\/de\/#website\"},\"primaryImageOfPage\":{\"@id\":\"https:\/\/alsik.dk\/de\/urlaub-specials\/4-tage\/#primaryimage\"},\"image\":{\"@id\":\"https:\/\/alsik.dk\/de\/urlaub-specials\/4-tage\/#primaryimage\"},\"thumbnailUrl\":\"https:\/\/alsik.dk\/wp-content\/uploads\/2026\/03\/alsik-hotel-4-dage-i-soenderborg.jpg\",\"datePublished\":\"2026-03-03T13:46:33+00:00\",\"dateModified\":\"2026-03-24T13:34:01+00:00\",\"description\":\"G\u00f6nnen Sie sich einen herrlichen Kurzurlaub in S\u00f8nderborg mit drei \u00dcbernachtungen. Beginnen Sie jeden Tag mit unserem gro\u00dfz\u00fcgigen Fr\u00fchst\u00fccksbuffet.\",\"breadcrumb\":{\"@id\":\"https:\/\/alsik.dk\/de\/urlaub-specials\/4-tage\/#breadcrumb\"},\"inLanguage\":\"de\",\"potentialAction\":[{\"@type\":\"ReadAction\",\"target\":[\"https:\/\/alsik.dk\/de\/urlaub-specials\/4-tage\/\"]}]},{\"@type\":\"ImageObject\",\"inLanguage\":\"de\",\"@id\":\"https:\/\/alsik.dk\/de\/urlaub-specials\/4-tage\/#primaryimage\",\"url\":\"https:\/\/alsik.dk\/wp-content\/uploads\/2026\/03\/alsik-hotel-4-dage-i-soenderborg.jpg\",\"contentUrl\":\"https:\/\/alsik.dk\/wp-content\/uploads\/2026\/03\/alsik-hotel-4-dage-i-soenderborg.jpg\",\"width\":1600,\"height\":1067,\"caption\":\"Alsik Hotel & Spa\"},{\"@type\":\"BreadcrumbList\",\"@id\":\"https:\/\/alsik.dk\/de\/urlaub-specials\/4-tage\/#breadcrumb\",\"itemListElement\":[{\"@type\":\"ListItem\",\"position\":1,\"name\":\"Hjem\",\"item\":\"https:\/\/alsik.dk\/de\/\"},{\"@type\":\"ListItem\",\"position\":2,\"name\":\"Genie\u00dfen Sie ein Urlaubs-Special im Alsik!\",\"item\":\"https:\/\/alsik.dk\/de\/urlaub-specials\/\"},{\"@type\":\"ListItem\",\"position\":3,\"name\":\"4 Tage in S\u00f8nderborg\"}]},{\"@type\":\"WebSite\",\"@id\":\"https:\/\/alsik.dk\/de\/#website\",\"url\":\"https:\/\/alsik.dk\/de\/\",\"name\":\"Alsik Hotel &amp; Spa\",\"description\":\"Alsik er et af Danmarks mest sp\u00e6ndende hoteller med stilfulde og topmoderne v\u00e6relser. Oplev Danmarks st\u00f8rste spa med flere end 60 forskellige spa- og wellnessoplevelser eller fork\u00e6l sanserne med gastronomi i s\u00e6rklasse i Alsiks tre restauranter.\",\"potentialAction\":[{\"@type\":\"SearchAction\",\"target\":{\"@type\":\"EntryPoint\",\"urlTemplate\":\"https:\/\/alsik.dk\/de\/?s={search_term_string}\"},\"query-input\":{\"@type\":\"PropertyValueSpecification\",\"valueRequired\":true,\"valueName\":\"search_term_string\"}}],\"inLanguage\":\"de\"}]}<\/script>\n<!-- \/ Yoast SEO plugin. -->","yoast_head_json":{"title":"Genie\u00dfen Sie vier Tage in S\u00f8nderborg","description":"G\u00f6nnen Sie sich einen herrlichen Kurzurlaub in S\u00f8nderborg mit drei \u00dcbernachtungen. Beginnen Sie jeden Tag mit unserem gro\u00dfz\u00fcgigen Fr\u00fchst\u00fccksbuffet.","robots":{"index":"index","follow":"follow","max-snippet":"max-snippet:-1","max-image-preview":"max-image-preview:large","max-video-preview":"max-video-preview:-1"},"canonical":"https:\/\/alsik.dk\/de\/urlaub-specials\/4-tage\/","og_locale":"de_DE","og_type":"article","og_title":"Genie\u00dfen Sie vier Tage in S\u00f8nderborg","og_description":"G\u00f6nnen Sie sich einen herrlichen Kurzurlaub in S\u00f8nderborg mit drei \u00dcbernachtungen. Beginnen Sie jeden Tag mit unserem gro\u00dfz\u00fcgigen Fr\u00fchst\u00fccksbuffet.","og_url":"https:\/\/alsik.dk\/de\/urlaub-specials\/4-tage\/","og_site_name":"Alsik Hotel &amp; Spa","article_modified_time":"2026-03-24T13:34:01+00:00","og_image":[{"width":1600,"height":1067,"url":"https:\/\/alsik.dk\/wp-content\/uploads\/2026\/03\/alsik-hotel-4-dage-i-soenderborg.jpg","type":"image\/jpeg"}],"twitter_card":"summary_large_image","twitter_misc":{"Gesch\u00e4tzte Lesezeit":"1\u00a0Minute"},"schema":{"@context":"https:\/\/schema.org","@graph":[{"@type":"WebPage","@id":"https:\/\/alsik.dk\/de\/urlaub-specials\/4-tage\/","url":"https:\/\/alsik.dk\/de\/urlaub-specials\/4-tage\/","name":"Genie\u00dfen Sie vier Tage in S\u00f8nderborg","isPartOf":{"@id":"https:\/\/alsik.dk\/de\/#website"},"primaryImageOfPage":{"@id":"https:\/\/alsik.dk\/de\/urlaub-specials\/4-tage\/#primaryimage"},"image":{"@id":"https:\/\/alsik.dk\/de\/urlaub-specials\/4-tage\/#primaryimage"},"thumbnailUrl":"https:\/\/alsik.dk\/wp-content\/uploads\/2026\/03\/alsik-hotel-4-dage-i-soenderborg.jpg","datePublished":"2026-03-03T13:46:33+00:00","dateModified":"2026-03-24T13:34:01+00:00","description":"G\u00f6nnen Sie sich einen herrlichen Kurzurlaub in S\u00f8nderborg mit drei \u00dcbernachtungen. Beginnen Sie jeden Tag mit unserem gro\u00dfz\u00fcgigen Fr\u00fchst\u00fccksbuffet.","breadcrumb":{"@id":"https:\/\/alsik.dk\/de\/urlaub-specials\/4-tage\/#breadcrumb"},"inLanguage":"de","potentialAction":[{"@type":"ReadAction","target":["https:\/\/alsik.dk\/de\/urlaub-specials\/4-tage\/"]}]},{"@type":"ImageObject","inLanguage":"de","@id":"https:\/\/alsik.dk\/de\/urlaub-specials\/4-tage\/#primaryimage","url":"https:\/\/alsik.dk\/wp-content\/uploads\/2026\/03\/alsik-hotel-4-dage-i-soenderborg.jpg","contentUrl":"https:\/\/alsik.dk\/wp-content\/uploads\/2026\/03\/alsik-hotel-4-dage-i-soenderborg.jpg","width":1600,"height":1067,"caption":"Alsik Hotel & Spa"},{"@type":"BreadcrumbList","@id":"https:\/\/alsik.dk\/de\/urlaub-specials\/4-tage\/#breadcrumb","itemListElement":[{"@type":"ListItem","position":1,"name":"Hjem","item":"https:\/\/alsik.dk\/de\/"},{"@type":"ListItem","position":2,"name":"Genie\u00dfen Sie ein Urlaubs-Special im Alsik!","item":"https:\/\/alsik.dk\/de\/urlaub-specials\/"},{"@type":"ListItem","position":3,"name":"4 Tage in S\u00f8nderborg"}]},{"@type":"WebSite","@id":"https:\/\/alsik.dk\/de\/#website","url":"https:\/\/alsik.dk\/de\/","name":"Alsik Hotel &amp; Spa","description":"Alsik er et af Danmarks mest sp\u00e6ndende hoteller med stilfulde og topmoderne v\u00e6relser. Oplev Danmarks st\u00f8rste spa med flere end 60 forskellige spa- og wellnessoplevelser eller fork\u00e6l sanserne med gastronomi i s\u00e6rklasse i Alsiks tre restauranter.","potentialAction":[{"@type":"SearchAction","target":{"@type":"EntryPoint","urlTemplate":"https:\/\/alsik.dk\/de\/?s={search_term_string}"},"query-input":{"@type":"PropertyValueSpecification","valueRequired":true,"valueName":"search_term_string"}}],"inLanguage":"de"}]}},"_links":{"self":[{"href":"https:\/\/alsik.dk\/de\/wp-json\/wp\/v2\/pages\/17810","targetHints":{"allow":["GET"]}}],"collection":[{"href":"https:\/\/alsik.dk\/de\/wp-json\/wp\/v2\/pages"}],"about":[{"href":"https:\/\/alsik.dk\/de\/wp-json\/wp\/v2\/types\/page"}],"author":[{"embeddable":true,"href":"https:\/\/alsik.dk\/de\/wp-json\/wp\/v2\/users\/7"}],"replies":[{"embeddable":true,"href":"https:\/\/alsik.dk\/de\/wp-json\/wp\/v2\/comments?post=17810"}],"version-history":[{"count":5,"href":"https:\/\/alsik.dk\/de\/wp-json\/wp\/v2\/pages\/17810\/revisions"}],"predecessor-version":[{"id":17988,"href":"https:\/\/alsik.dk\/de\/wp-json\/wp\/v2\/pages\/17810\/revisions\/17988"}],"up":[{"embeddable":true,"href":"https:\/\/alsik.dk\/de\/wp-json\/wp\/v2\/pages\/5570"}],"wp:featuredmedia":[{"embeddable":true,"href":"https:\/\/alsik.dk\/de\/wp-json\/wp\/v2\/media\/17803"}],"wp:attachment":[{"href":"https:\/\/alsik.dk\/de\/wp-json\/wp\/v2\/media?parent=17810"}],"wp:term":[{"taxonomy":"post_tag","embeddable":true,"href":"https:\/\/alsik.dk\/de\/wp-json\/wp\/v2\/tags?post=17810"}],"curies":[{"name":"wp","href":"https:\/\/api.w.org\/{rel}","templated":true}]}}