{"id":17821,"date":"2022-05-25T09:33:00","date_gmt":"2022-05-25T07:33:00","guid":{"rendered":"https:\/\/alsik.dk\/urlaub-specials\/minivacation\/"},"modified":"2026-03-24T14:39:46","modified_gmt":"2026-03-24T13:39:46","slug":"miniurlaub","status":"publish","type":"page","link":"https:\/\/alsik.dk\/de\/urlaub-specials\/miniurlaub\/","title":{"rendered":"Alsik Mini-Urlaub"},"content":{"rendered":"<p>Laden Sie Ihre Batterien mit einem Mini-Urlaub im Alsik Hotel &amp; Spa in S\u00f8nderborg auf. G\u00f6nnen Sie sich zwei \u00dcbernachtungen und k\u00f6stliche Abendessen.<\/p>\n<hr \/>\n<p style=\"text-align: right;\">Ab DKK 5.990 for 2 Personen<br \/>\n<strong>Fr\u00fchjahrspreis DKK 4.792 f\u00fcr 2 Personen bei Anreise Sonntag\u2013Mittwoch<\/strong><\/p>\n<hr \/>\n<p style=\"text-align: right;\">\n","protected":false},"excerpt":{"rendered":"<p>Genie\u00dfen Sie einen wunderbaren Aufenthalt mit zwei \u00dcbernachtungen, 3-G\u00e4nge-Men\u00fc an jedem Abend sowie gro\u00dfz\u00fcgigem Fr\u00fchst\u00fccksbuffet.<\/p>\n","protected":false},"author":7,"featured_media":15882,"parent":5570,"menu_order":0,"comment_status":"closed","ping_status":"closed","template":"","meta":{"_acf_changed":false,"footnotes":""},"tags":[],"class_list":["post-17821","page","type-page","status-publish","has-post-thumbnail","hentry"],"acf":[],"yoast_head":"<!-- This site is optimized with the Yoast SEO plugin v24.3 - https:\/\/yoast.com\/wordpress\/plugins\/seo\/ -->\n<title>Mini-Urlaub im Alsik Hotel &amp; Spa in S\u00f8nderborg<\/title>\n<meta name=\"description\" content=\"Verw\u00f6hnen Sie sich und Ihren Lieblingsmenschen mit einem besonderen Aufenthalt im Alsik Hotel in S\u00f8nderborg mit \u00dcbernachtungen und exquisiten Abendessen.\" \/>\n<meta name=\"robots\" content=\"index, follow, max-snippet:-1, max-image-preview:large, max-video-preview:-1\" \/>\n<link rel=\"canonical\" href=\"https:\/\/alsik.dk\/de\/urlaub-specials\/miniurlaub\/\" \/>\n<meta property=\"og:locale\" content=\"de_DE\" \/>\n<meta property=\"og:type\" content=\"article\" \/>\n<meta property=\"og:title\" content=\"Mini-Urlaub im Alsik Hotel &amp; Spa in S\u00f8nderborg\" \/>\n<meta property=\"og:description\" content=\"Verw\u00f6hnen Sie sich und Ihren Lieblingsmenschen mit einem besonderen Aufenthalt im Alsik Hotel in S\u00f8nderborg mit \u00dcbernachtungen und exquisiten Abendessen.\" \/>\n<meta property=\"og:url\" content=\"https:\/\/alsik.dk\/de\/urlaub-specials\/miniurlaub\/\" \/>\n<meta property=\"og:site_name\" content=\"Alsik Hotel &amp; Spa\" \/>\n<meta property=\"article:modified_time\" content=\"2026-03-24T13:39:46+00:00\" \/>\n<meta property=\"og:image\" content=\"https:\/\/alsik.dk\/wp-content\/uploads\/2025\/04\/Alsik-miniferie.jpg\" \/>\n\t<meta property=\"og:image:width\" content=\"2399\" \/>\n\t<meta property=\"og:image:height\" content=\"1600\" \/>\n\t<meta property=\"og:image:type\" content=\"image\/jpeg\" \/>\n<meta name=\"twitter:card\" content=\"summary_large_image\" \/>\n<meta name=\"twitter:label1\" content=\"Gesch\u00e4tzte Lesezeit\" \/>\n\t<meta name=\"twitter:data1\" content=\"1\u00a0Minute\" \/>\n<script type=\"application\/ld+json\" class=\"yoast-schema-graph\">{\"@context\":\"https:\/\/schema.org\",\"@graph\":[{\"@type\":\"WebPage\",\"@id\":\"https:\/\/alsik.dk\/de\/urlaub-specials\/miniurlaub\/\",\"url\":\"https:\/\/alsik.dk\/de\/urlaub-specials\/miniurlaub\/\",\"name\":\"Mini-Urlaub im Alsik Hotel & Spa in S\u00f8nderborg\",\"isPartOf\":{\"@id\":\"https:\/\/alsik.dk\/de\/#website\"},\"primaryImageOfPage\":{\"@id\":\"https:\/\/alsik.dk\/de\/urlaub-specials\/miniurlaub\/#primaryimage\"},\"image\":{\"@id\":\"https:\/\/alsik.dk\/de\/urlaub-specials\/miniurlaub\/#primaryimage\"},\"thumbnailUrl\":\"https:\/\/alsik.dk\/wp-content\/uploads\/2025\/04\/Alsik-miniferie.jpg\",\"datePublished\":\"2022-05-25T07:33:00+00:00\",\"dateModified\":\"2026-03-24T13:39:46+00:00\",\"description\":\"Verw\u00f6hnen Sie sich und Ihren Lieblingsmenschen mit einem besonderen Aufenthalt im Alsik Hotel in S\u00f8nderborg mit \u00dcbernachtungen und exquisiten Abendessen.\",\"breadcrumb\":{\"@id\":\"https:\/\/alsik.dk\/de\/urlaub-specials\/miniurlaub\/#breadcrumb\"},\"inLanguage\":\"de\",\"potentialAction\":[{\"@type\":\"ReadAction\",\"target\":[\"https:\/\/alsik.dk\/de\/urlaub-specials\/miniurlaub\/\"]}]},{\"@type\":\"ImageObject\",\"inLanguage\":\"de\",\"@id\":\"https:\/\/alsik.dk\/de\/urlaub-specials\/miniurlaub\/#primaryimage\",\"url\":\"https:\/\/alsik.dk\/wp-content\/uploads\/2025\/04\/Alsik-miniferie.jpg\",\"contentUrl\":\"https:\/\/alsik.dk\/wp-content\/uploads\/2025\/04\/Alsik-miniferie.jpg\",\"width\":2399,\"height\":1600,\"caption\":\"Alsik miniferie\"},{\"@type\":\"BreadcrumbList\",\"@id\":\"https:\/\/alsik.dk\/de\/urlaub-specials\/miniurlaub\/#breadcrumb\",\"itemListElement\":[{\"@type\":\"ListItem\",\"position\":1,\"name\":\"Hjem\",\"item\":\"https:\/\/alsik.dk\/de\/\"},{\"@type\":\"ListItem\",\"position\":2,\"name\":\"Genie\u00dfen Sie ein Urlaubs-Special im Alsik!\",\"item\":\"https:\/\/alsik.dk\/de\/urlaub-specials\/\"},{\"@type\":\"ListItem\",\"position\":3,\"name\":\"Alsik Mini-Urlaub\"}]},{\"@type\":\"WebSite\",\"@id\":\"https:\/\/alsik.dk\/de\/#website\",\"url\":\"https:\/\/alsik.dk\/de\/\",\"name\":\"Alsik Hotel &amp; Spa\",\"description\":\"Alsik er et af Danmarks mest sp\u00e6ndende hoteller med stilfulde og topmoderne v\u00e6relser. Oplev Danmarks st\u00f8rste spa med flere end 60 forskellige spa- og wellnessoplevelser eller fork\u00e6l sanserne med gastronomi i s\u00e6rklasse i Alsiks tre restauranter.\",\"potentialAction\":[{\"@type\":\"SearchAction\",\"target\":{\"@type\":\"EntryPoint\",\"urlTemplate\":\"https:\/\/alsik.dk\/de\/?s={search_term_string}\"},\"query-input\":{\"@type\":\"PropertyValueSpecification\",\"valueRequired\":true,\"valueName\":\"search_term_string\"}}],\"inLanguage\":\"de\"}]}<\/script>\n<!-- \/ Yoast SEO plugin. -->","yoast_head_json":{"title":"Mini-Urlaub im Alsik Hotel & Spa in S\u00f8nderborg","description":"Verw\u00f6hnen Sie sich und Ihren Lieblingsmenschen mit einem besonderen Aufenthalt im Alsik Hotel in S\u00f8nderborg mit \u00dcbernachtungen und exquisiten Abendessen.","robots":{"index":"index","follow":"follow","max-snippet":"max-snippet:-1","max-image-preview":"max-image-preview:large","max-video-preview":"max-video-preview:-1"},"canonical":"https:\/\/alsik.dk\/de\/urlaub-specials\/miniurlaub\/","og_locale":"de_DE","og_type":"article","og_title":"Mini-Urlaub im Alsik Hotel & Spa in S\u00f8nderborg","og_description":"Verw\u00f6hnen Sie sich und Ihren Lieblingsmenschen mit einem besonderen Aufenthalt im Alsik Hotel in S\u00f8nderborg mit \u00dcbernachtungen und exquisiten Abendessen.","og_url":"https:\/\/alsik.dk\/de\/urlaub-specials\/miniurlaub\/","og_site_name":"Alsik Hotel &amp; Spa","article_modified_time":"2026-03-24T13:39:46+00:00","og_image":[{"width":2399,"height":1600,"url":"https:\/\/alsik.dk\/wp-content\/uploads\/2025\/04\/Alsik-miniferie.jpg","type":"image\/jpeg"}],"twitter_card":"summary_large_image","twitter_misc":{"Gesch\u00e4tzte Lesezeit":"1\u00a0Minute"},"schema":{"@context":"https:\/\/schema.org","@graph":[{"@type":"WebPage","@id":"https:\/\/alsik.dk\/de\/urlaub-specials\/miniurlaub\/","url":"https:\/\/alsik.dk\/de\/urlaub-specials\/miniurlaub\/","name":"Mini-Urlaub im Alsik Hotel & Spa in S\u00f8nderborg","isPartOf":{"@id":"https:\/\/alsik.dk\/de\/#website"},"primaryImageOfPage":{"@id":"https:\/\/alsik.dk\/de\/urlaub-specials\/miniurlaub\/#primaryimage"},"image":{"@id":"https:\/\/alsik.dk\/de\/urlaub-specials\/miniurlaub\/#primaryimage"},"thumbnailUrl":"https:\/\/alsik.dk\/wp-content\/uploads\/2025\/04\/Alsik-miniferie.jpg","datePublished":"2022-05-25T07:33:00+00:00","dateModified":"2026-03-24T13:39:46+00:00","description":"Verw\u00f6hnen Sie sich und Ihren Lieblingsmenschen mit einem besonderen Aufenthalt im Alsik Hotel in S\u00f8nderborg mit \u00dcbernachtungen und exquisiten Abendessen.","breadcrumb":{"@id":"https:\/\/alsik.dk\/de\/urlaub-specials\/miniurlaub\/#breadcrumb"},"inLanguage":"de","potentialAction":[{"@type":"ReadAction","target":["https:\/\/alsik.dk\/de\/urlaub-specials\/miniurlaub\/"]}]},{"@type":"ImageObject","inLanguage":"de","@id":"https:\/\/alsik.dk\/de\/urlaub-specials\/miniurlaub\/#primaryimage","url":"https:\/\/alsik.dk\/wp-content\/uploads\/2025\/04\/Alsik-miniferie.jpg","contentUrl":"https:\/\/alsik.dk\/wp-content\/uploads\/2025\/04\/Alsik-miniferie.jpg","width":2399,"height":1600,"caption":"Alsik miniferie"},{"@type":"BreadcrumbList","@id":"https:\/\/alsik.dk\/de\/urlaub-specials\/miniurlaub\/#breadcrumb","itemListElement":[{"@type":"ListItem","position":1,"name":"Hjem","item":"https:\/\/alsik.dk\/de\/"},{"@type":"ListItem","position":2,"name":"Genie\u00dfen Sie ein Urlaubs-Special im Alsik!","item":"https:\/\/alsik.dk\/de\/urlaub-specials\/"},{"@type":"ListItem","position":3,"name":"Alsik Mini-Urlaub"}]},{"@type":"WebSite","@id":"https:\/\/alsik.dk\/de\/#website","url":"https:\/\/alsik.dk\/de\/","name":"Alsik Hotel &amp; Spa","description":"Alsik er et af Danmarks mest sp\u00e6ndende hoteller med stilfulde og topmoderne v\u00e6relser. Oplev Danmarks st\u00f8rste spa med flere end 60 forskellige spa- og wellnessoplevelser eller fork\u00e6l sanserne med gastronomi i s\u00e6rklasse i Alsiks tre restauranter.","potentialAction":[{"@type":"SearchAction","target":{"@type":"EntryPoint","urlTemplate":"https:\/\/alsik.dk\/de\/?s={search_term_string}"},"query-input":{"@type":"PropertyValueSpecification","valueRequired":true,"valueName":"search_term_string"}}],"inLanguage":"de"}]}},"_links":{"self":[{"href":"https:\/\/alsik.dk\/de\/wp-json\/wp\/v2\/pages\/17821","targetHints":{"allow":["GET"]}}],"collection":[{"href":"https:\/\/alsik.dk\/de\/wp-json\/wp\/v2\/pages"}],"about":[{"href":"https:\/\/alsik.dk\/de\/wp-json\/wp\/v2\/types\/page"}],"author":[{"embeddable":true,"href":"https:\/\/alsik.dk\/de\/wp-json\/wp\/v2\/users\/7"}],"replies":[{"embeddable":true,"href":"https:\/\/alsik.dk\/de\/wp-json\/wp\/v2\/comments?post=17821"}],"version-history":[{"count":3,"href":"https:\/\/alsik.dk\/de\/wp-json\/wp\/v2\/pages\/17821\/revisions"}],"predecessor-version":[{"id":17992,"href":"https:\/\/alsik.dk\/de\/wp-json\/wp\/v2\/pages\/17821\/revisions\/17992"}],"up":[{"embeddable":true,"href":"https:\/\/alsik.dk\/de\/wp-json\/wp\/v2\/pages\/5570"}],"wp:featuredmedia":[{"embeddable":true,"href":"https:\/\/alsik.dk\/de\/wp-json\/wp\/v2\/media\/15882"}],"wp:attachment":[{"href":"https:\/\/alsik.dk\/de\/wp-json\/wp\/v2\/media?parent=17821"}],"wp:term":[{"taxonomy":"post_tag","embeddable":true,"href":"https:\/\/alsik.dk\/de\/wp-json\/wp\/v2\/tags?post=17821"}],"curies":[{"name":"wp","href":"https:\/\/api.w.org\/{rel}","templated":true}]}}