{"id":17903,"date":"2026-03-18T15:20:41","date_gmt":"2026-03-18T14:20:41","guid":{"rendered":"https:\/\/alsik.dk\/urlaub-specials\/spaophold\/"},"modified":"2026-03-24T15:30:55","modified_gmt":"2026-03-24T14:30:55","slug":"spa-aufenthalt","status":"publish","type":"page","link":"https:\/\/alsik.dk\/de\/urlaub-specials\/spa-aufenthalt\/","title":{"rendered":"Spa-Aufenthalt in S\u00f8nderborg"},"content":{"rendered":"<h2>Entspannung f\u00fcr K\u00f6rper und Geist im Alsik Hotel &amp; Spa<\/h2>\n<p>Tr\u00e4umen Sie von einem erholsamen Spa-Aufenthalt in S\u00f8nderborg? Im Alsik Hotel &amp; Spa erwartet Sie eine einzigartige Kombination aus Luxus, Ruhe und nordischer Wellness. Unsere Spa-Aufenthalte sind f\u00fcr alle gedacht, die dem Alltag entfliehen und neue Energie tanken m\u00f6chten.<\/p>\n<h3>Ein Spa-Aufenthalt mit Fokus auf Wohlbefinden<\/h3>\n<p>Wenn Sie einen Spa-Aufenthalt bei uns buchen, erhalten Sie Zugang zu unseren exklusiven Spa-Bereichen mit warmen B\u00e4dern, Saunen und ruhigen Entspannungszonen. Erleben Sie sowohl den Alsik Spa Pool als auch das Alsik Nordisk Spa, wo Natur, Design und Wohlbefinden harmonisch verschmelzen.<\/p>\n<h3>Gastronomie und Entspannung auf h\u00f6chstem Niveau<\/h3>\n<p>Ein Spa-Aufenthalt im Alsik ist mehr als nur Wellness. Genie\u00dfen Sie kulinarische Erlebnisse in unseren Restaurants, in denen saisonale Zutaten und nordische Aromen im Mittelpunkt stehen. Die Kombination aus Spa und Gastronomie schafft den perfekten Kurzurlaub.<\/p>\n<h3>\u00dcbernachtung mit Komfort und Ausblick<\/h3>\n<p>Nach einem Tag im Spa k\u00f6nnen Sie sich in eines unserer modernen Zimmer zur\u00fcckziehen \u2013 viele mit Blick \u00fcber S\u00f8nderborg. Hier wurde an jedes Detail gedacht, damit Sie vollkommen entspannen k\u00f6nnen.<\/p>\n<p>Ob romantisches Wochenende oder eine entspannende Auszeit vom Alltag \u2013 ein Spa-Aufenthalt im Alsik Hotel &amp; Spa ist die perfekte Wahl.<\/p>\n","protected":false},"excerpt":{"rendered":"<p>Unsere Spa-Aufenthalte sind f\u00fcr Sie geschaffen, wenn Sie dem Alltag entfliehen und K\u00f6rper und Geist neue Energie schenken m\u00f6chten.<\/p>\n","protected":false},"author":7,"featured_media":15339,"parent":5570,"menu_order":0,"comment_status":"closed","ping_status":"closed","template":"","meta":{"_acf_changed":false,"footnotes":""},"tags":[],"class_list":["post-17903","page","type-page","status-publish","has-post-thumbnail","hentry"],"acf":[],"yoast_head":"<!-- This site is optimized with the Yoast SEO plugin v24.3 - https:\/\/yoast.com\/wordpress\/plugins\/seo\/ -->\n<title>Spaophold i S\u00f8nderborg | Luksus &amp; wellness p\u00e5 Alsik Hotel &amp; Spa<\/title>\n<meta name=\"description\" content=\"Nyd et eksklusivt spaophold i S\u00f8nderborg p\u00e5 Alsik Hotel &amp; Spa. Oplev nordisk wellness, gastronomi og afslapning i luksuri\u00f8se omgivelser.\" \/>\n<meta name=\"robots\" content=\"index, follow, max-snippet:-1, max-image-preview:large, max-video-preview:-1\" \/>\n<link rel=\"canonical\" href=\"https:\/\/alsik.dk\/de\/urlaub-specials\/spa-aufenthalt\/\" \/>\n<meta property=\"og:locale\" content=\"de_DE\" \/>\n<meta property=\"og:type\" content=\"article\" \/>\n<meta property=\"og:title\" content=\"Spaophold i S\u00f8nderborg | Luksus &amp; wellness p\u00e5 Alsik Hotel &amp; Spa\" \/>\n<meta property=\"og:description\" content=\"Nyd et eksklusivt spaophold i S\u00f8nderborg p\u00e5 Alsik Hotel &amp; Spa. Oplev nordisk wellness, gastronomi og afslapning i luksuri\u00f8se omgivelser.\" \/>\n<meta property=\"og:url\" content=\"https:\/\/alsik.dk\/de\/urlaub-specials\/spa-aufenthalt\/\" \/>\n<meta property=\"og:site_name\" content=\"Alsik Hotel &amp; Spa\" \/>\n<meta property=\"article:modified_time\" content=\"2026-03-24T14:30:55+00:00\" \/>\n<meta name=\"twitter:card\" content=\"summary_large_image\" \/>\n<meta name=\"twitter:label1\" content=\"Gesch\u00e4tzte Lesezeit\" \/>\n\t<meta name=\"twitter:data1\" content=\"2\u00a0Minuten\" \/>\n<script type=\"application\/ld+json\" class=\"yoast-schema-graph\">{\"@context\":\"https:\/\/schema.org\",\"@graph\":[{\"@type\":\"WebPage\",\"@id\":\"https:\/\/alsik.dk\/de\/urlaub-specials\/spa-aufenthalt\/\",\"url\":\"https:\/\/alsik.dk\/de\/urlaub-specials\/spa-aufenthalt\/\",\"name\":\"Spaophold i S\u00f8nderborg | Luksus & wellness p\u00e5 Alsik Hotel & Spa\",\"isPartOf\":{\"@id\":\"https:\/\/alsik.dk\/de\/#website\"},\"primaryImageOfPage\":{\"@id\":\"https:\/\/alsik.dk\/de\/urlaub-specials\/spa-aufenthalt\/#primaryimage\"},\"image\":{\"@id\":\"https:\/\/alsik.dk\/de\/urlaub-specials\/spa-aufenthalt\/#primaryimage\"},\"thumbnailUrl\":\"https:\/\/alsik.dk\/wp-content\/uploads\/2025\/01\/alsik-spa-jesper-rais-3.jpg\",\"datePublished\":\"2026-03-18T14:20:41+00:00\",\"dateModified\":\"2026-03-24T14:30:55+00:00\",\"description\":\"Nyd et eksklusivt spaophold i S\u00f8nderborg p\u00e5 Alsik Hotel & Spa. Oplev nordisk wellness, gastronomi og afslapning i luksuri\u00f8se omgivelser.\",\"breadcrumb\":{\"@id\":\"https:\/\/alsik.dk\/de\/urlaub-specials\/spa-aufenthalt\/#breadcrumb\"},\"inLanguage\":\"de\",\"potentialAction\":[{\"@type\":\"ReadAction\",\"target\":[\"https:\/\/alsik.dk\/de\/urlaub-specials\/spa-aufenthalt\/\"]}]},{\"@type\":\"ImageObject\",\"inLanguage\":\"de\",\"@id\":\"https:\/\/alsik.dk\/de\/urlaub-specials\/spa-aufenthalt\/#primaryimage\",\"url\":\"https:\/\/alsik.dk\/wp-content\/uploads\/2025\/01\/alsik-spa-jesper-rais-3.jpg\",\"contentUrl\":\"https:\/\/alsik.dk\/wp-content\/uploads\/2025\/01\/alsik-spa-jesper-rais-3.jpg\",\"width\":2200,\"height\":1467},{\"@type\":\"BreadcrumbList\",\"@id\":\"https:\/\/alsik.dk\/de\/urlaub-specials\/spa-aufenthalt\/#breadcrumb\",\"itemListElement\":[{\"@type\":\"ListItem\",\"position\":1,\"name\":\"Hjem\",\"item\":\"https:\/\/alsik.dk\/de\/\"},{\"@type\":\"ListItem\",\"position\":2,\"name\":\"Genie\u00dfen Sie ein Urlaubs-Special im Alsik!\",\"item\":\"https:\/\/alsik.dk\/de\/urlaub-specials\/\"},{\"@type\":\"ListItem\",\"position\":3,\"name\":\"Spa-Aufenthalt in S\u00f8nderborg\"}]},{\"@type\":\"WebSite\",\"@id\":\"https:\/\/alsik.dk\/de\/#website\",\"url\":\"https:\/\/alsik.dk\/de\/\",\"name\":\"Alsik Hotel &amp; Spa\",\"description\":\"Alsik er et af Danmarks mest sp\u00e6ndende hoteller med stilfulde og topmoderne v\u00e6relser. Oplev Danmarks st\u00f8rste spa med flere end 60 forskellige spa- og wellnessoplevelser eller fork\u00e6l sanserne med gastronomi i s\u00e6rklasse i Alsiks tre restauranter.\",\"potentialAction\":[{\"@type\":\"SearchAction\",\"target\":{\"@type\":\"EntryPoint\",\"urlTemplate\":\"https:\/\/alsik.dk\/de\/?s={search_term_string}\"},\"query-input\":{\"@type\":\"PropertyValueSpecification\",\"valueRequired\":true,\"valueName\":\"search_term_string\"}}],\"inLanguage\":\"de\"}]}<\/script>\n<!-- \/ Yoast SEO plugin. -->","yoast_head_json":{"title":"Spaophold i S\u00f8nderborg | Luksus & wellness p\u00e5 Alsik Hotel & Spa","description":"Nyd et eksklusivt spaophold i S\u00f8nderborg p\u00e5 Alsik Hotel & Spa. Oplev nordisk wellness, gastronomi og afslapning i luksuri\u00f8se omgivelser.","robots":{"index":"index","follow":"follow","max-snippet":"max-snippet:-1","max-image-preview":"max-image-preview:large","max-video-preview":"max-video-preview:-1"},"canonical":"https:\/\/alsik.dk\/de\/urlaub-specials\/spa-aufenthalt\/","og_locale":"de_DE","og_type":"article","og_title":"Spaophold i S\u00f8nderborg | Luksus & wellness p\u00e5 Alsik Hotel & Spa","og_description":"Nyd et eksklusivt spaophold i S\u00f8nderborg p\u00e5 Alsik Hotel & Spa. Oplev nordisk wellness, gastronomi og afslapning i luksuri\u00f8se omgivelser.","og_url":"https:\/\/alsik.dk\/de\/urlaub-specials\/spa-aufenthalt\/","og_site_name":"Alsik Hotel &amp; Spa","article_modified_time":"2026-03-24T14:30:55+00:00","twitter_card":"summary_large_image","twitter_misc":{"Gesch\u00e4tzte Lesezeit":"2\u00a0Minuten"},"schema":{"@context":"https:\/\/schema.org","@graph":[{"@type":"WebPage","@id":"https:\/\/alsik.dk\/de\/urlaub-specials\/spa-aufenthalt\/","url":"https:\/\/alsik.dk\/de\/urlaub-specials\/spa-aufenthalt\/","name":"Spaophold i S\u00f8nderborg | Luksus & wellness p\u00e5 Alsik Hotel & Spa","isPartOf":{"@id":"https:\/\/alsik.dk\/de\/#website"},"primaryImageOfPage":{"@id":"https:\/\/alsik.dk\/de\/urlaub-specials\/spa-aufenthalt\/#primaryimage"},"image":{"@id":"https:\/\/alsik.dk\/de\/urlaub-specials\/spa-aufenthalt\/#primaryimage"},"thumbnailUrl":"https:\/\/alsik.dk\/wp-content\/uploads\/2025\/01\/alsik-spa-jesper-rais-3.jpg","datePublished":"2026-03-18T14:20:41+00:00","dateModified":"2026-03-24T14:30:55+00:00","description":"Nyd et eksklusivt spaophold i S\u00f8nderborg p\u00e5 Alsik Hotel & Spa. Oplev nordisk wellness, gastronomi og afslapning i luksuri\u00f8se omgivelser.","breadcrumb":{"@id":"https:\/\/alsik.dk\/de\/urlaub-specials\/spa-aufenthalt\/#breadcrumb"},"inLanguage":"de","potentialAction":[{"@type":"ReadAction","target":["https:\/\/alsik.dk\/de\/urlaub-specials\/spa-aufenthalt\/"]}]},{"@type":"ImageObject","inLanguage":"de","@id":"https:\/\/alsik.dk\/de\/urlaub-specials\/spa-aufenthalt\/#primaryimage","url":"https:\/\/alsik.dk\/wp-content\/uploads\/2025\/01\/alsik-spa-jesper-rais-3.jpg","contentUrl":"https:\/\/alsik.dk\/wp-content\/uploads\/2025\/01\/alsik-spa-jesper-rais-3.jpg","width":2200,"height":1467},{"@type":"BreadcrumbList","@id":"https:\/\/alsik.dk\/de\/urlaub-specials\/spa-aufenthalt\/#breadcrumb","itemListElement":[{"@type":"ListItem","position":1,"name":"Hjem","item":"https:\/\/alsik.dk\/de\/"},{"@type":"ListItem","position":2,"name":"Genie\u00dfen Sie ein Urlaubs-Special im Alsik!","item":"https:\/\/alsik.dk\/de\/urlaub-specials\/"},{"@type":"ListItem","position":3,"name":"Spa-Aufenthalt in S\u00f8nderborg"}]},{"@type":"WebSite","@id":"https:\/\/alsik.dk\/de\/#website","url":"https:\/\/alsik.dk\/de\/","name":"Alsik Hotel &amp; Spa","description":"Alsik er et af Danmarks mest sp\u00e6ndende hoteller med stilfulde og topmoderne v\u00e6relser. Oplev Danmarks st\u00f8rste spa med flere end 60 forskellige spa- og wellnessoplevelser eller fork\u00e6l sanserne med gastronomi i s\u00e6rklasse i Alsiks tre restauranter.","potentialAction":[{"@type":"SearchAction","target":{"@type":"EntryPoint","urlTemplate":"https:\/\/alsik.dk\/de\/?s={search_term_string}"},"query-input":{"@type":"PropertyValueSpecification","valueRequired":true,"valueName":"search_term_string"}}],"inLanguage":"de"}]}},"_links":{"self":[{"href":"https:\/\/alsik.dk\/de\/wp-json\/wp\/v2\/pages\/17903","targetHints":{"allow":["GET"]}}],"collection":[{"href":"https:\/\/alsik.dk\/de\/wp-json\/wp\/v2\/pages"}],"about":[{"href":"https:\/\/alsik.dk\/de\/wp-json\/wp\/v2\/types\/page"}],"author":[{"embeddable":true,"href":"https:\/\/alsik.dk\/de\/wp-json\/wp\/v2\/users\/7"}],"replies":[{"embeddable":true,"href":"https:\/\/alsik.dk\/de\/wp-json\/wp\/v2\/comments?post=17903"}],"version-history":[{"count":7,"href":"https:\/\/alsik.dk\/de\/wp-json\/wp\/v2\/pages\/17903\/revisions"}],"predecessor-version":[{"id":18011,"href":"https:\/\/alsik.dk\/de\/wp-json\/wp\/v2\/pages\/17903\/revisions\/18011"}],"up":[{"embeddable":true,"href":"https:\/\/alsik.dk\/de\/wp-json\/wp\/v2\/pages\/5570"}],"wp:featuredmedia":[{"embeddable":true,"href":"https:\/\/alsik.dk\/de\/wp-json\/wp\/v2\/media\/15339"}],"wp:attachment":[{"href":"https:\/\/alsik.dk\/de\/wp-json\/wp\/v2\/media?parent=17903"}],"wp:term":[{"taxonomy":"post_tag","embeddable":true,"href":"https:\/\/alsik.dk\/de\/wp-json\/wp\/v2\/tags?post=17903"}],"curies":[{"name":"wp","href":"https:\/\/api.w.org\/{rel}","templated":true}]}}