{"id":17907,"date":"2024-01-16T14:05:48","date_gmt":"2024-01-16T13:05:48","guid":{"rendered":"https:\/\/alsik.dk\/urlaub-specials\/spa-delight\/"},"modified":"2026-03-24T15:31:49","modified_gmt":"2026-03-24T14:31:49","slug":"spa-delight-aufenthalt","status":"publish","type":"page","link":"https:\/\/alsik.dk\/de\/urlaub-specials\/spa-delight-aufenthalt\/","title":{"rendered":"Alsik Spa Delight-Aufenthalt"},"content":{"rendered":"<p>Genie\u00dfen Sie einen wunderbaren Aufenthalt im Alsik Hotel &amp; Spa mit \u00dcbernachtung, 3 Stunden Spa, 3-G\u00e4nge-Men\u00fc sowie Fr\u00fchst\u00fccksbuffet.<\/p>\n<hr \/>\n<p style=\"text-align: right;\">Ab kr. 2.450,- f\u00fcr 1 Person<br \/>\nAb kr. 3.565,- f\u00fcr 2 Personen<\/p>\n<hr \/>\n<p>&nbsp;<\/p>\n","protected":false},"excerpt":{"rendered":"<p>Alsik Spa Delight umfasst \u00dcbernachtung, 3 Stunden Spa, 3-G\u00e4nge-Men\u00fc und Fr\u00fchst\u00fccksbuffet.<\/p>\n","protected":false},"author":7,"featured_media":13177,"parent":5570,"menu_order":0,"comment_status":"closed","ping_status":"closed","template":"","meta":{"_acf_changed":false,"footnotes":""},"tags":[],"class_list":["post-17907","page","type-page","status-publish","has-post-thumbnail","hentry"],"acf":[],"yoast_head":"<!-- This site is optimized with the Yoast SEO plugin v24.3 - https:\/\/yoast.com\/wordpress\/plugins\/seo\/ -->\n<title>Spa Delight-Aufenthalt | Wundersch\u00f6ner Aufenthalt f\u00fcr 2<\/title>\n<meta name=\"description\" content=\"Erleben Sie einen Spa Delight-Aufenthalt f\u00fcr 2 mit \u00dcbernachtung, 3 Stunden Spa, 3-G\u00e4nge-Men\u00fc sowie Fr\u00fchst\u00fccksbuffet.\" \/>\n<meta name=\"robots\" content=\"index, follow, max-snippet:-1, max-image-preview:large, max-video-preview:-1\" \/>\n<link rel=\"canonical\" href=\"https:\/\/alsik.dk\/de\/urlaub-specials\/spa-delight-aufenthalt\/\" \/>\n<meta property=\"og:locale\" content=\"de_DE\" \/>\n<meta property=\"og:type\" content=\"article\" \/>\n<meta property=\"og:title\" content=\"Spa Delight-Aufenthalt | Wundersch\u00f6ner Aufenthalt f\u00fcr 2\" \/>\n<meta property=\"og:description\" content=\"Erleben Sie einen Spa Delight-Aufenthalt f\u00fcr 2 mit \u00dcbernachtung, 3 Stunden Spa, 3-G\u00e4nge-Men\u00fc sowie Fr\u00fchst\u00fccksbuffet.\" \/>\n<meta property=\"og:url\" content=\"https:\/\/alsik.dk\/de\/urlaub-specials\/spa-delight-aufenthalt\/\" \/>\n<meta property=\"og:site_name\" content=\"Alsik Hotel &amp; Spa\" \/>\n<meta property=\"article:modified_time\" content=\"2026-03-24T14:31:49+00:00\" \/>\n<meta property=\"og:image\" content=\"https:\/\/alsik.dk\/wp-content\/uploads\/2024\/01\/alsik-spa-delight-scaled.jpg\" \/>\n\t<meta property=\"og:image:width\" content=\"2560\" \/>\n\t<meta property=\"og:image:height\" content=\"1707\" \/>\n\t<meta property=\"og:image:type\" content=\"image\/jpeg\" \/>\n<meta name=\"twitter:card\" content=\"summary_large_image\" \/>\n<meta name=\"twitter:label1\" content=\"Gesch\u00e4tzte Lesezeit\" \/>\n\t<meta name=\"twitter:data1\" content=\"1\u00a0Minute\" \/>\n<script type=\"application\/ld+json\" class=\"yoast-schema-graph\">{\"@context\":\"https:\/\/schema.org\",\"@graph\":[{\"@type\":\"WebPage\",\"@id\":\"https:\/\/alsik.dk\/de\/urlaub-specials\/spa-delight-aufenthalt\/\",\"url\":\"https:\/\/alsik.dk\/de\/urlaub-specials\/spa-delight-aufenthalt\/\",\"name\":\"Spa Delight-Aufenthalt | Wundersch\u00f6ner Aufenthalt f\u00fcr 2\",\"isPartOf\":{\"@id\":\"https:\/\/alsik.dk\/de\/#website\"},\"primaryImageOfPage\":{\"@id\":\"https:\/\/alsik.dk\/de\/urlaub-specials\/spa-delight-aufenthalt\/#primaryimage\"},\"image\":{\"@id\":\"https:\/\/alsik.dk\/de\/urlaub-specials\/spa-delight-aufenthalt\/#primaryimage\"},\"thumbnailUrl\":\"https:\/\/alsik.dk\/wp-content\/uploads\/2024\/01\/alsik-spa-delight-scaled.jpg\",\"datePublished\":\"2024-01-16T13:05:48+00:00\",\"dateModified\":\"2026-03-24T14:31:49+00:00\",\"description\":\"Erleben Sie einen Spa Delight-Aufenthalt f\u00fcr 2 mit \u00dcbernachtung, 3 Stunden Spa, 3-G\u00e4nge-Men\u00fc sowie Fr\u00fchst\u00fccksbuffet.\",\"breadcrumb\":{\"@id\":\"https:\/\/alsik.dk\/de\/urlaub-specials\/spa-delight-aufenthalt\/#breadcrumb\"},\"inLanguage\":\"de\",\"potentialAction\":[{\"@type\":\"ReadAction\",\"target\":[\"https:\/\/alsik.dk\/de\/urlaub-specials\/spa-delight-aufenthalt\/\"]}]},{\"@type\":\"ImageObject\",\"inLanguage\":\"de\",\"@id\":\"https:\/\/alsik.dk\/de\/urlaub-specials\/spa-delight-aufenthalt\/#primaryimage\",\"url\":\"https:\/\/alsik.dk\/wp-content\/uploads\/2024\/01\/alsik-spa-delight-scaled.jpg\",\"contentUrl\":\"https:\/\/alsik.dk\/wp-content\/uploads\/2024\/01\/alsik-spa-delight-scaled.jpg\",\"width\":2560,\"height\":1707,\"caption\":\"Alsik Spa Delight\"},{\"@type\":\"BreadcrumbList\",\"@id\":\"https:\/\/alsik.dk\/de\/urlaub-specials\/spa-delight-aufenthalt\/#breadcrumb\",\"itemListElement\":[{\"@type\":\"ListItem\",\"position\":1,\"name\":\"Hjem\",\"item\":\"https:\/\/alsik.dk\/de\/\"},{\"@type\":\"ListItem\",\"position\":2,\"name\":\"Genie\u00dfen Sie ein Urlaubs-Special im Alsik!\",\"item\":\"https:\/\/alsik.dk\/de\/urlaub-specials\/\"},{\"@type\":\"ListItem\",\"position\":3,\"name\":\"Alsik Spa Delight-Aufenthalt\"}]},{\"@type\":\"WebSite\",\"@id\":\"https:\/\/alsik.dk\/de\/#website\",\"url\":\"https:\/\/alsik.dk\/de\/\",\"name\":\"Alsik Hotel &amp; Spa\",\"description\":\"Alsik er et af Danmarks mest sp\u00e6ndende hoteller med stilfulde og topmoderne v\u00e6relser. Oplev Danmarks st\u00f8rste spa med flere end 60 forskellige spa- og wellnessoplevelser eller fork\u00e6l sanserne med gastronomi i s\u00e6rklasse i Alsiks tre restauranter.\",\"potentialAction\":[{\"@type\":\"SearchAction\",\"target\":{\"@type\":\"EntryPoint\",\"urlTemplate\":\"https:\/\/alsik.dk\/de\/?s={search_term_string}\"},\"query-input\":{\"@type\":\"PropertyValueSpecification\",\"valueRequired\":true,\"valueName\":\"search_term_string\"}}],\"inLanguage\":\"de\"}]}<\/script>\n<!-- \/ Yoast SEO plugin. -->","yoast_head_json":{"title":"Spa Delight-Aufenthalt | Wundersch\u00f6ner Aufenthalt f\u00fcr 2","description":"Erleben Sie einen Spa Delight-Aufenthalt f\u00fcr 2 mit \u00dcbernachtung, 3 Stunden Spa, 3-G\u00e4nge-Men\u00fc sowie Fr\u00fchst\u00fccksbuffet.","robots":{"index":"index","follow":"follow","max-snippet":"max-snippet:-1","max-image-preview":"max-image-preview:large","max-video-preview":"max-video-preview:-1"},"canonical":"https:\/\/alsik.dk\/de\/urlaub-specials\/spa-delight-aufenthalt\/","og_locale":"de_DE","og_type":"article","og_title":"Spa Delight-Aufenthalt | Wundersch\u00f6ner Aufenthalt f\u00fcr 2","og_description":"Erleben Sie einen Spa Delight-Aufenthalt f\u00fcr 2 mit \u00dcbernachtung, 3 Stunden Spa, 3-G\u00e4nge-Men\u00fc sowie Fr\u00fchst\u00fccksbuffet.","og_url":"https:\/\/alsik.dk\/de\/urlaub-specials\/spa-delight-aufenthalt\/","og_site_name":"Alsik Hotel &amp; Spa","article_modified_time":"2026-03-24T14:31:49+00:00","og_image":[{"width":2560,"height":1707,"url":"https:\/\/alsik.dk\/wp-content\/uploads\/2024\/01\/alsik-spa-delight-scaled.jpg","type":"image\/jpeg"}],"twitter_card":"summary_large_image","twitter_misc":{"Gesch\u00e4tzte Lesezeit":"1\u00a0Minute"},"schema":{"@context":"https:\/\/schema.org","@graph":[{"@type":"WebPage","@id":"https:\/\/alsik.dk\/de\/urlaub-specials\/spa-delight-aufenthalt\/","url":"https:\/\/alsik.dk\/de\/urlaub-specials\/spa-delight-aufenthalt\/","name":"Spa Delight-Aufenthalt | Wundersch\u00f6ner Aufenthalt f\u00fcr 2","isPartOf":{"@id":"https:\/\/alsik.dk\/de\/#website"},"primaryImageOfPage":{"@id":"https:\/\/alsik.dk\/de\/urlaub-specials\/spa-delight-aufenthalt\/#primaryimage"},"image":{"@id":"https:\/\/alsik.dk\/de\/urlaub-specials\/spa-delight-aufenthalt\/#primaryimage"},"thumbnailUrl":"https:\/\/alsik.dk\/wp-content\/uploads\/2024\/01\/alsik-spa-delight-scaled.jpg","datePublished":"2024-01-16T13:05:48+00:00","dateModified":"2026-03-24T14:31:49+00:00","description":"Erleben Sie einen Spa Delight-Aufenthalt f\u00fcr 2 mit \u00dcbernachtung, 3 Stunden Spa, 3-G\u00e4nge-Men\u00fc sowie Fr\u00fchst\u00fccksbuffet.","breadcrumb":{"@id":"https:\/\/alsik.dk\/de\/urlaub-specials\/spa-delight-aufenthalt\/#breadcrumb"},"inLanguage":"de","potentialAction":[{"@type":"ReadAction","target":["https:\/\/alsik.dk\/de\/urlaub-specials\/spa-delight-aufenthalt\/"]}]},{"@type":"ImageObject","inLanguage":"de","@id":"https:\/\/alsik.dk\/de\/urlaub-specials\/spa-delight-aufenthalt\/#primaryimage","url":"https:\/\/alsik.dk\/wp-content\/uploads\/2024\/01\/alsik-spa-delight-scaled.jpg","contentUrl":"https:\/\/alsik.dk\/wp-content\/uploads\/2024\/01\/alsik-spa-delight-scaled.jpg","width":2560,"height":1707,"caption":"Alsik Spa Delight"},{"@type":"BreadcrumbList","@id":"https:\/\/alsik.dk\/de\/urlaub-specials\/spa-delight-aufenthalt\/#breadcrumb","itemListElement":[{"@type":"ListItem","position":1,"name":"Hjem","item":"https:\/\/alsik.dk\/de\/"},{"@type":"ListItem","position":2,"name":"Genie\u00dfen Sie ein Urlaubs-Special im Alsik!","item":"https:\/\/alsik.dk\/de\/urlaub-specials\/"},{"@type":"ListItem","position":3,"name":"Alsik Spa Delight-Aufenthalt"}]},{"@type":"WebSite","@id":"https:\/\/alsik.dk\/de\/#website","url":"https:\/\/alsik.dk\/de\/","name":"Alsik Hotel &amp; Spa","description":"Alsik er et af Danmarks mest sp\u00e6ndende hoteller med stilfulde og topmoderne v\u00e6relser. Oplev Danmarks st\u00f8rste spa med flere end 60 forskellige spa- og wellnessoplevelser eller fork\u00e6l sanserne med gastronomi i s\u00e6rklasse i Alsiks tre restauranter.","potentialAction":[{"@type":"SearchAction","target":{"@type":"EntryPoint","urlTemplate":"https:\/\/alsik.dk\/de\/?s={search_term_string}"},"query-input":{"@type":"PropertyValueSpecification","valueRequired":true,"valueName":"search_term_string"}}],"inLanguage":"de"}]}},"_links":{"self":[{"href":"https:\/\/alsik.dk\/de\/wp-json\/wp\/v2\/pages\/17907","targetHints":{"allow":["GET"]}}],"collection":[{"href":"https:\/\/alsik.dk\/de\/wp-json\/wp\/v2\/pages"}],"about":[{"href":"https:\/\/alsik.dk\/de\/wp-json\/wp\/v2\/types\/page"}],"author":[{"embeddable":true,"href":"https:\/\/alsik.dk\/de\/wp-json\/wp\/v2\/users\/7"}],"replies":[{"embeddable":true,"href":"https:\/\/alsik.dk\/de\/wp-json\/wp\/v2\/comments?post=17907"}],"version-history":[{"count":12,"href":"https:\/\/alsik.dk\/de\/wp-json\/wp\/v2\/pages\/17907\/revisions"}],"predecessor-version":[{"id":18012,"href":"https:\/\/alsik.dk\/de\/wp-json\/wp\/v2\/pages\/17907\/revisions\/18012"}],"up":[{"embeddable":true,"href":"https:\/\/alsik.dk\/de\/wp-json\/wp\/v2\/pages\/5570"}],"wp:featuredmedia":[{"embeddable":true,"href":"https:\/\/alsik.dk\/de\/wp-json\/wp\/v2\/media\/13177"}],"wp:attachment":[{"href":"https:\/\/alsik.dk\/de\/wp-json\/wp\/v2\/media?parent=17907"}],"wp:term":[{"taxonomy":"post_tag","embeddable":true,"href":"https:\/\/alsik.dk\/de\/wp-json\/wp\/v2\/tags?post=17907"}],"curies":[{"name":"wp","href":"https:\/\/api.w.org\/{rel}","templated":true}]}}