{"id":17942,"date":"2026-03-19T15:59:53","date_gmt":"2026-03-19T14:59:53","guid":{"rendered":"https:\/\/alsik.dk\/?page_id=17942"},"modified":"2026-03-19T16:15:10","modified_gmt":"2026-03-19T15:15:10","slug":"sunday-getaway-mit-spa","status":"publish","type":"page","link":"https:\/\/alsik.dk\/de\/urlaub-specials\/sunday-getaway-mit-spa\/","title":{"rendered":"Sunday Getaway mit Spa"},"content":{"rendered":"<p>Genie\u00dfen Sie einen wunderbaren Sonntagsaufenthalt (auch montags buchbar) mit \u00dcbernachtung, 3 Stunden Spa, 3-G\u00e4nge-Men\u00fc sowie Fr\u00fchst\u00fccksbuffet.<\/p>\n<hr \/>\n<p style=\"text-align: right;\">Ab DKK 3.300,- f\u00fcr 2 Personen<\/p>\n<hr \/>\n<p>&nbsp;<\/p>\n<p>G\u00f6nnen Sie sich eine wohlverdiente Auszeit mit unserem Sunday Getaway \u2013 ein Erlebnis voller Ruhe, Verw\u00f6hnmomente und Ausblicken der Extraklasse.<\/p>\n<p>Beginnen Sie Ihren Aufenthalt mit Entspannung in der stilvollen Atmosph\u00e4re des Alsik Spa Pool, wo Wohlbefinden und Stille Hand in Hand gehen. Anschlie\u00dfend erwartet Sie ein exquisites 3-G\u00e4nge-Men\u00fc im Restaurant Alsik, sorgf\u00e4ltig zusammengestellt von unserem K\u00fcchenchef.<\/p>\n<p>Sie m\u00fcssen nicht einmal bis Sonntag warten, denn der Aufenthalt kann auch mit Anreise am Montag gebucht werden. Denn wer sagt, dass nur das Wochenende dem Genuss vorbehalten ist?<\/p>\n","protected":false},"excerpt":{"rendered":"<p>Genie\u00dfen Sie einen wunderbaren Sonntagsaufenthalt (auch montags buchbar) mit \u00dcbernachtung, 3 Stunden Spa, 3-G\u00e4nge-Men\u00fc sowie Fr\u00fchst\u00fccksbuffet.<\/p>\n","protected":false},"author":7,"featured_media":16048,"parent":5570,"menu_order":0,"comment_status":"closed","ping_status":"closed","template":"","meta":{"_acf_changed":false,"footnotes":""},"tags":[],"class_list":["post-17942","page","type-page","status-publish","has-post-thumbnail","hentry"],"acf":[],"yoast_head":"<!-- This site is optimized with the Yoast SEO plugin v24.3 - https:\/\/yoast.com\/wordpress\/plugins\/seo\/ -->\n<title>Sunday Getaway | Spa, Gastronomie und \u00dcbernachtung<\/title>\n<meta name=\"description\" content=\"Erleben Sie ein Sunday Getaway f\u00fcr 2 mit \u00dcbernachtung, 3 Stunden Spa, 3-G\u00e4nge-Men\u00fc sowie Fr\u00fchst\u00fccksbuffet. Auch mit Anreise am Montag buchbar.\" \/>\n<meta name=\"robots\" content=\"index, follow, max-snippet:-1, max-image-preview:large, max-video-preview:-1\" \/>\n<link rel=\"canonical\" href=\"https:\/\/alsik.dk\/de\/urlaub-specials\/sunday-getaway-mit-spa\/\" \/>\n<meta property=\"og:locale\" content=\"de_DE\" \/>\n<meta property=\"og:type\" content=\"article\" \/>\n<meta property=\"og:title\" content=\"Sunday Getaway | Spa, Gastronomie und \u00dcbernachtung\" \/>\n<meta property=\"og:description\" content=\"Erleben Sie ein Sunday Getaway f\u00fcr 2 mit \u00dcbernachtung, 3 Stunden Spa, 3-G\u00e4nge-Men\u00fc sowie Fr\u00fchst\u00fccksbuffet. Auch mit Anreise am Montag buchbar.\" \/>\n<meta property=\"og:url\" content=\"https:\/\/alsik.dk\/de\/urlaub-specials\/sunday-getaway-mit-spa\/\" \/>\n<meta property=\"og:site_name\" content=\"Alsik Hotel &amp; Spa\" \/>\n<meta property=\"article:modified_time\" content=\"2026-03-19T15:15:10+00:00\" \/>\n<meta property=\"og:image\" content=\"https:\/\/alsik.dk\/wp-content\/uploads\/2025\/05\/AlsikDrone2025-0001-1.jpg\" \/>\n\t<meta property=\"og:image:width\" content=\"1600\" \/>\n\t<meta property=\"og:image:height\" content=\"1200\" \/>\n\t<meta property=\"og:image:type\" content=\"image\/jpeg\" \/>\n<meta name=\"twitter:card\" content=\"summary_large_image\" \/>\n<meta name=\"twitter:label1\" content=\"Gesch\u00e4tzte Lesezeit\" \/>\n\t<meta name=\"twitter:data1\" content=\"1\u00a0Minute\" \/>\n<script type=\"application\/ld+json\" class=\"yoast-schema-graph\">{\"@context\":\"https:\/\/schema.org\",\"@graph\":[{\"@type\":\"WebPage\",\"@id\":\"https:\/\/alsik.dk\/de\/urlaub-specials\/sunday-getaway-mit-spa\/\",\"url\":\"https:\/\/alsik.dk\/de\/urlaub-specials\/sunday-getaway-mit-spa\/\",\"name\":\"Sunday Getaway | Spa, Gastronomie und \u00dcbernachtung\",\"isPartOf\":{\"@id\":\"https:\/\/alsik.dk\/de\/#website\"},\"primaryImageOfPage\":{\"@id\":\"https:\/\/alsik.dk\/de\/urlaub-specials\/sunday-getaway-mit-spa\/#primaryimage\"},\"image\":{\"@id\":\"https:\/\/alsik.dk\/de\/urlaub-specials\/sunday-getaway-mit-spa\/#primaryimage\"},\"thumbnailUrl\":\"https:\/\/alsik.dk\/wp-content\/uploads\/2025\/05\/AlsikDrone2025-0001-1.jpg\",\"datePublished\":\"2026-03-19T14:59:53+00:00\",\"dateModified\":\"2026-03-19T15:15:10+00:00\",\"description\":\"Erleben Sie ein Sunday Getaway f\u00fcr 2 mit \u00dcbernachtung, 3 Stunden Spa, 3-G\u00e4nge-Men\u00fc sowie Fr\u00fchst\u00fccksbuffet. Auch mit Anreise am Montag buchbar.\",\"breadcrumb\":{\"@id\":\"https:\/\/alsik.dk\/de\/urlaub-specials\/sunday-getaway-mit-spa\/#breadcrumb\"},\"inLanguage\":\"de\",\"potentialAction\":[{\"@type\":\"ReadAction\",\"target\":[\"https:\/\/alsik.dk\/de\/urlaub-specials\/sunday-getaway-mit-spa\/\"]}]},{\"@type\":\"ImageObject\",\"inLanguage\":\"de\",\"@id\":\"https:\/\/alsik.dk\/de\/urlaub-specials\/sunday-getaway-mit-spa\/#primaryimage\",\"url\":\"https:\/\/alsik.dk\/wp-content\/uploads\/2025\/05\/AlsikDrone2025-0001-1.jpg\",\"contentUrl\":\"https:\/\/alsik.dk\/wp-content\/uploads\/2025\/05\/AlsikDrone2025-0001-1.jpg\",\"width\":1600,\"height\":1200,\"caption\":\"Alsik Sunday\"},{\"@type\":\"BreadcrumbList\",\"@id\":\"https:\/\/alsik.dk\/de\/urlaub-specials\/sunday-getaway-mit-spa\/#breadcrumb\",\"itemListElement\":[{\"@type\":\"ListItem\",\"position\":1,\"name\":\"Hjem\",\"item\":\"https:\/\/alsik.dk\/de\/\"},{\"@type\":\"ListItem\",\"position\":2,\"name\":\"Genie\u00dfen Sie ein Urlaubs-Special im Alsik!\",\"item\":\"https:\/\/alsik.dk\/de\/urlaub-specials\/\"},{\"@type\":\"ListItem\",\"position\":3,\"name\":\"Sunday Getaway mit Spa\"}]},{\"@type\":\"WebSite\",\"@id\":\"https:\/\/alsik.dk\/de\/#website\",\"url\":\"https:\/\/alsik.dk\/de\/\",\"name\":\"Alsik Hotel &amp; Spa\",\"description\":\"Alsik er et af Danmarks mest sp\u00e6ndende hoteller med stilfulde og topmoderne v\u00e6relser. Oplev Danmarks st\u00f8rste spa med flere end 60 forskellige spa- og wellnessoplevelser eller fork\u00e6l sanserne med gastronomi i s\u00e6rklasse i Alsiks tre restauranter.\",\"potentialAction\":[{\"@type\":\"SearchAction\",\"target\":{\"@type\":\"EntryPoint\",\"urlTemplate\":\"https:\/\/alsik.dk\/de\/?s={search_term_string}\"},\"query-input\":{\"@type\":\"PropertyValueSpecification\",\"valueRequired\":true,\"valueName\":\"search_term_string\"}}],\"inLanguage\":\"de\"}]}<\/script>\n<!-- \/ Yoast SEO plugin. -->","yoast_head_json":{"title":"Sunday Getaway | Spa, Gastronomie und \u00dcbernachtung","description":"Erleben Sie ein Sunday Getaway f\u00fcr 2 mit \u00dcbernachtung, 3 Stunden Spa, 3-G\u00e4nge-Men\u00fc sowie Fr\u00fchst\u00fccksbuffet. Auch mit Anreise am Montag buchbar.","robots":{"index":"index","follow":"follow","max-snippet":"max-snippet:-1","max-image-preview":"max-image-preview:large","max-video-preview":"max-video-preview:-1"},"canonical":"https:\/\/alsik.dk\/de\/urlaub-specials\/sunday-getaway-mit-spa\/","og_locale":"de_DE","og_type":"article","og_title":"Sunday Getaway | Spa, Gastronomie und \u00dcbernachtung","og_description":"Erleben Sie ein Sunday Getaway f\u00fcr 2 mit \u00dcbernachtung, 3 Stunden Spa, 3-G\u00e4nge-Men\u00fc sowie Fr\u00fchst\u00fccksbuffet. Auch mit Anreise am Montag buchbar.","og_url":"https:\/\/alsik.dk\/de\/urlaub-specials\/sunday-getaway-mit-spa\/","og_site_name":"Alsik Hotel &amp; Spa","article_modified_time":"2026-03-19T15:15:10+00:00","og_image":[{"width":1600,"height":1200,"url":"https:\/\/alsik.dk\/wp-content\/uploads\/2025\/05\/AlsikDrone2025-0001-1.jpg","type":"image\/jpeg"}],"twitter_card":"summary_large_image","twitter_misc":{"Gesch\u00e4tzte Lesezeit":"1\u00a0Minute"},"schema":{"@context":"https:\/\/schema.org","@graph":[{"@type":"WebPage","@id":"https:\/\/alsik.dk\/de\/urlaub-specials\/sunday-getaway-mit-spa\/","url":"https:\/\/alsik.dk\/de\/urlaub-specials\/sunday-getaway-mit-spa\/","name":"Sunday Getaway | Spa, Gastronomie und \u00dcbernachtung","isPartOf":{"@id":"https:\/\/alsik.dk\/de\/#website"},"primaryImageOfPage":{"@id":"https:\/\/alsik.dk\/de\/urlaub-specials\/sunday-getaway-mit-spa\/#primaryimage"},"image":{"@id":"https:\/\/alsik.dk\/de\/urlaub-specials\/sunday-getaway-mit-spa\/#primaryimage"},"thumbnailUrl":"https:\/\/alsik.dk\/wp-content\/uploads\/2025\/05\/AlsikDrone2025-0001-1.jpg","datePublished":"2026-03-19T14:59:53+00:00","dateModified":"2026-03-19T15:15:10+00:00","description":"Erleben Sie ein Sunday Getaway f\u00fcr 2 mit \u00dcbernachtung, 3 Stunden Spa, 3-G\u00e4nge-Men\u00fc sowie Fr\u00fchst\u00fccksbuffet. Auch mit Anreise am Montag buchbar.","breadcrumb":{"@id":"https:\/\/alsik.dk\/de\/urlaub-specials\/sunday-getaway-mit-spa\/#breadcrumb"},"inLanguage":"de","potentialAction":[{"@type":"ReadAction","target":["https:\/\/alsik.dk\/de\/urlaub-specials\/sunday-getaway-mit-spa\/"]}]},{"@type":"ImageObject","inLanguage":"de","@id":"https:\/\/alsik.dk\/de\/urlaub-specials\/sunday-getaway-mit-spa\/#primaryimage","url":"https:\/\/alsik.dk\/wp-content\/uploads\/2025\/05\/AlsikDrone2025-0001-1.jpg","contentUrl":"https:\/\/alsik.dk\/wp-content\/uploads\/2025\/05\/AlsikDrone2025-0001-1.jpg","width":1600,"height":1200,"caption":"Alsik Sunday"},{"@type":"BreadcrumbList","@id":"https:\/\/alsik.dk\/de\/urlaub-specials\/sunday-getaway-mit-spa\/#breadcrumb","itemListElement":[{"@type":"ListItem","position":1,"name":"Hjem","item":"https:\/\/alsik.dk\/de\/"},{"@type":"ListItem","position":2,"name":"Genie\u00dfen Sie ein Urlaubs-Special im Alsik!","item":"https:\/\/alsik.dk\/de\/urlaub-specials\/"},{"@type":"ListItem","position":3,"name":"Sunday Getaway mit Spa"}]},{"@type":"WebSite","@id":"https:\/\/alsik.dk\/de\/#website","url":"https:\/\/alsik.dk\/de\/","name":"Alsik Hotel &amp; Spa","description":"Alsik er et af Danmarks mest sp\u00e6ndende hoteller med stilfulde og topmoderne v\u00e6relser. Oplev Danmarks st\u00f8rste spa med flere end 60 forskellige spa- og wellnessoplevelser eller fork\u00e6l sanserne med gastronomi i s\u00e6rklasse i Alsiks tre restauranter.","potentialAction":[{"@type":"SearchAction","target":{"@type":"EntryPoint","urlTemplate":"https:\/\/alsik.dk\/de\/?s={search_term_string}"},"query-input":{"@type":"PropertyValueSpecification","valueRequired":true,"valueName":"search_term_string"}}],"inLanguage":"de"}]}},"_links":{"self":[{"href":"https:\/\/alsik.dk\/de\/wp-json\/wp\/v2\/pages\/17942","targetHints":{"allow":["GET"]}}],"collection":[{"href":"https:\/\/alsik.dk\/de\/wp-json\/wp\/v2\/pages"}],"about":[{"href":"https:\/\/alsik.dk\/de\/wp-json\/wp\/v2\/types\/page"}],"author":[{"embeddable":true,"href":"https:\/\/alsik.dk\/de\/wp-json\/wp\/v2\/users\/7"}],"replies":[{"embeddable":true,"href":"https:\/\/alsik.dk\/de\/wp-json\/wp\/v2\/comments?post=17942"}],"version-history":[{"count":9,"href":"https:\/\/alsik.dk\/de\/wp-json\/wp\/v2\/pages\/17942\/revisions"}],"predecessor-version":[{"id":17995,"href":"https:\/\/alsik.dk\/de\/wp-json\/wp\/v2\/pages\/17942\/revisions\/17995"}],"up":[{"embeddable":true,"href":"https:\/\/alsik.dk\/de\/wp-json\/wp\/v2\/pages\/5570"}],"wp:featuredmedia":[{"embeddable":true,"href":"https:\/\/alsik.dk\/de\/wp-json\/wp\/v2\/media\/16048"}],"wp:attachment":[{"href":"https:\/\/alsik.dk\/de\/wp-json\/wp\/v2\/media?parent=17942"}],"wp:term":[{"taxonomy":"post_tag","embeddable":true,"href":"https:\/\/alsik.dk\/de\/wp-json\/wp\/v2\/tags?post=17942"}],"curies":[{"name":"wp","href":"https:\/\/api.w.org\/{rel}","templated":true}]}}