{"id":17979,"date":"2024-01-16T15:53:15","date_gmt":"2024-01-16T14:53:15","guid":{"rendered":"https:\/\/alsik.dk\/urlaub-specials\/aftenspa-ophold\/"},"modified":"2026-03-24T14:31:24","modified_gmt":"2026-03-24T13:31:24","slug":"abend-spa","status":"publish","type":"page","link":"https:\/\/alsik.dk\/de\/urlaub-specials\/abend-spa\/","title":{"rendered":"Alsik Abend-Spa-Aufenthalt"},"content":{"rendered":"<p>Erleben Sie die besondere Abendstimmung im Alsik Spa Pool mit diesem wunderbaren Aufenthalt, der 3 Stunden Spa-Zugang, \u00dcbernachtung sowie unser ber\u00fchmtes Fr\u00fchst\u00fccksbuffet umfasst.<\/p>\n<p>&nbsp;<\/p>\n<hr \/>\n<p style=\"text-align: right;\">Ab DKK 1.855,- f\u00fcr 1 Person<br \/>\nAb DKK 2.495,- f\u00fcr 2 Personen<\/p>\n<hr \/>\n<p style=\"text-align: left;\">\n","protected":false},"excerpt":{"rendered":"<p>Erleben Sie die besondere Atmosph\u00e4re mit einem Abend-Spa-Aufenthalt, der 3 Stunden Spa, \u00dcbernachtung sowie unser gro\u00dfz\u00fcgiges und ber\u00fchmtes Fr\u00fchst\u00fccksbuffet umfasst.<\/p>\n","protected":false},"author":7,"featured_media":13183,"parent":5570,"menu_order":0,"comment_status":"closed","ping_status":"closed","template":"","meta":{"_acf_changed":false,"footnotes":""},"tags":[],"class_list":["post-17979","page","type-page","status-publish","has-post-thumbnail","hentry"],"acf":[],"yoast_head":"<!-- This site is optimized with the Yoast SEO plugin v24.3 - https:\/\/yoast.com\/wordpress\/plugins\/seo\/ -->\n<title>Abend-Spa im Alsik Spa | Wundersch\u00f6nen Wellnessaufenthalt<\/title>\n<meta name=\"description\" content=\"Erleben Sie die besondere Atmosph\u00e4re mit einem Abend-Spa-Aufenthalt, der 3 Stunden Spa, \u00dcbernachtung sowie unser gro\u00dfz\u00fcgiges Fr\u00fchst\u00fccksbuffet umfasst.\" \/>\n<meta name=\"robots\" content=\"index, follow, max-snippet:-1, max-image-preview:large, max-video-preview:-1\" \/>\n<link rel=\"canonical\" href=\"https:\/\/alsik.dk\/de\/urlaub-specials\/abend-spa\/\" \/>\n<meta property=\"og:locale\" content=\"de_DE\" \/>\n<meta property=\"og:type\" content=\"article\" \/>\n<meta property=\"og:title\" content=\"Abend-Spa im Alsik Spa | Wundersch\u00f6nen Wellnessaufenthalt\" \/>\n<meta property=\"og:description\" content=\"Erleben Sie die besondere Atmosph\u00e4re mit einem Abend-Spa-Aufenthalt, der 3 Stunden Spa, \u00dcbernachtung sowie unser gro\u00dfz\u00fcgiges Fr\u00fchst\u00fccksbuffet umfasst.\" \/>\n<meta property=\"og:url\" content=\"https:\/\/alsik.dk\/de\/urlaub-specials\/abend-spa\/\" \/>\n<meta property=\"og:site_name\" content=\"Alsik Hotel &amp; Spa\" \/>\n<meta property=\"article:modified_time\" content=\"2026-03-24T13:31:24+00:00\" \/>\n<meta property=\"og:image\" content=\"https:\/\/alsik.dk\/wp-content\/uploads\/2024\/01\/alsik-afternoon-spa.jpg\" \/>\n\t<meta property=\"og:image:width\" content=\"2200\" \/>\n\t<meta property=\"og:image:height\" content=\"1467\" \/>\n\t<meta property=\"og:image:type\" content=\"image\/jpeg\" \/>\n<meta name=\"twitter:card\" content=\"summary_large_image\" \/>\n<meta name=\"twitter:label1\" content=\"Gesch\u00e4tzte Lesezeit\" \/>\n\t<meta name=\"twitter:data1\" content=\"1\u00a0Minute\" \/>\n<script type=\"application\/ld+json\" class=\"yoast-schema-graph\">{\"@context\":\"https:\/\/schema.org\",\"@graph\":[{\"@type\":\"WebPage\",\"@id\":\"https:\/\/alsik.dk\/de\/urlaub-specials\/abend-spa\/\",\"url\":\"https:\/\/alsik.dk\/de\/urlaub-specials\/abend-spa\/\",\"name\":\"Abend-Spa im Alsik Spa | Wundersch\u00f6nen Wellnessaufenthalt\",\"isPartOf\":{\"@id\":\"https:\/\/alsik.dk\/de\/#website\"},\"primaryImageOfPage\":{\"@id\":\"https:\/\/alsik.dk\/de\/urlaub-specials\/abend-spa\/#primaryimage\"},\"image\":{\"@id\":\"https:\/\/alsik.dk\/de\/urlaub-specials\/abend-spa\/#primaryimage\"},\"thumbnailUrl\":\"https:\/\/alsik.dk\/wp-content\/uploads\/2024\/01\/alsik-afternoon-spa.jpg\",\"datePublished\":\"2024-01-16T14:53:15+00:00\",\"dateModified\":\"2026-03-24T13:31:24+00:00\",\"description\":\"Erleben Sie die besondere Atmosph\u00e4re mit einem Abend-Spa-Aufenthalt, der 3 Stunden Spa, \u00dcbernachtung sowie unser gro\u00dfz\u00fcgiges Fr\u00fchst\u00fccksbuffet umfasst.\",\"breadcrumb\":{\"@id\":\"https:\/\/alsik.dk\/de\/urlaub-specials\/abend-spa\/#breadcrumb\"},\"inLanguage\":\"de\",\"potentialAction\":[{\"@type\":\"ReadAction\",\"target\":[\"https:\/\/alsik.dk\/de\/urlaub-specials\/abend-spa\/\"]}]},{\"@type\":\"ImageObject\",\"inLanguage\":\"de\",\"@id\":\"https:\/\/alsik.dk\/de\/urlaub-specials\/abend-spa\/#primaryimage\",\"url\":\"https:\/\/alsik.dk\/wp-content\/uploads\/2024\/01\/alsik-afternoon-spa.jpg\",\"contentUrl\":\"https:\/\/alsik.dk\/wp-content\/uploads\/2024\/01\/alsik-afternoon-spa.jpg\",\"width\":2200,\"height\":1467},{\"@type\":\"BreadcrumbList\",\"@id\":\"https:\/\/alsik.dk\/de\/urlaub-specials\/abend-spa\/#breadcrumb\",\"itemListElement\":[{\"@type\":\"ListItem\",\"position\":1,\"name\":\"Hjem\",\"item\":\"https:\/\/alsik.dk\/de\/\"},{\"@type\":\"ListItem\",\"position\":2,\"name\":\"Genie\u00dfen Sie ein Urlaubs-Special im Alsik!\",\"item\":\"https:\/\/alsik.dk\/de\/urlaub-specials\/\"},{\"@type\":\"ListItem\",\"position\":3,\"name\":\"Alsik Abend-Spa-Aufenthalt\"}]},{\"@type\":\"WebSite\",\"@id\":\"https:\/\/alsik.dk\/de\/#website\",\"url\":\"https:\/\/alsik.dk\/de\/\",\"name\":\"Alsik Hotel &amp; Spa\",\"description\":\"Alsik er et af Danmarks mest sp\u00e6ndende hoteller med stilfulde og topmoderne v\u00e6relser. Oplev Danmarks st\u00f8rste spa med flere end 60 forskellige spa- og wellnessoplevelser eller fork\u00e6l sanserne med gastronomi i s\u00e6rklasse i Alsiks tre restauranter.\",\"potentialAction\":[{\"@type\":\"SearchAction\",\"target\":{\"@type\":\"EntryPoint\",\"urlTemplate\":\"https:\/\/alsik.dk\/de\/?s={search_term_string}\"},\"query-input\":{\"@type\":\"PropertyValueSpecification\",\"valueRequired\":true,\"valueName\":\"search_term_string\"}}],\"inLanguage\":\"de\"}]}<\/script>\n<!-- \/ Yoast SEO plugin. -->","yoast_head_json":{"title":"Abend-Spa im Alsik Spa | Wundersch\u00f6nen Wellnessaufenthalt","description":"Erleben Sie die besondere Atmosph\u00e4re mit einem Abend-Spa-Aufenthalt, der 3 Stunden Spa, \u00dcbernachtung sowie unser gro\u00dfz\u00fcgiges Fr\u00fchst\u00fccksbuffet umfasst.","robots":{"index":"index","follow":"follow","max-snippet":"max-snippet:-1","max-image-preview":"max-image-preview:large","max-video-preview":"max-video-preview:-1"},"canonical":"https:\/\/alsik.dk\/de\/urlaub-specials\/abend-spa\/","og_locale":"de_DE","og_type":"article","og_title":"Abend-Spa im Alsik Spa | Wundersch\u00f6nen Wellnessaufenthalt","og_description":"Erleben Sie die besondere Atmosph\u00e4re mit einem Abend-Spa-Aufenthalt, der 3 Stunden Spa, \u00dcbernachtung sowie unser gro\u00dfz\u00fcgiges Fr\u00fchst\u00fccksbuffet umfasst.","og_url":"https:\/\/alsik.dk\/de\/urlaub-specials\/abend-spa\/","og_site_name":"Alsik Hotel &amp; Spa","article_modified_time":"2026-03-24T13:31:24+00:00","og_image":[{"width":2200,"height":1467,"url":"https:\/\/alsik.dk\/wp-content\/uploads\/2024\/01\/alsik-afternoon-spa.jpg","type":"image\/jpeg"}],"twitter_card":"summary_large_image","twitter_misc":{"Gesch\u00e4tzte Lesezeit":"1\u00a0Minute"},"schema":{"@context":"https:\/\/schema.org","@graph":[{"@type":"WebPage","@id":"https:\/\/alsik.dk\/de\/urlaub-specials\/abend-spa\/","url":"https:\/\/alsik.dk\/de\/urlaub-specials\/abend-spa\/","name":"Abend-Spa im Alsik Spa | Wundersch\u00f6nen Wellnessaufenthalt","isPartOf":{"@id":"https:\/\/alsik.dk\/de\/#website"},"primaryImageOfPage":{"@id":"https:\/\/alsik.dk\/de\/urlaub-specials\/abend-spa\/#primaryimage"},"image":{"@id":"https:\/\/alsik.dk\/de\/urlaub-specials\/abend-spa\/#primaryimage"},"thumbnailUrl":"https:\/\/alsik.dk\/wp-content\/uploads\/2024\/01\/alsik-afternoon-spa.jpg","datePublished":"2024-01-16T14:53:15+00:00","dateModified":"2026-03-24T13:31:24+00:00","description":"Erleben Sie die besondere Atmosph\u00e4re mit einem Abend-Spa-Aufenthalt, der 3 Stunden Spa, \u00dcbernachtung sowie unser gro\u00dfz\u00fcgiges Fr\u00fchst\u00fccksbuffet umfasst.","breadcrumb":{"@id":"https:\/\/alsik.dk\/de\/urlaub-specials\/abend-spa\/#breadcrumb"},"inLanguage":"de","potentialAction":[{"@type":"ReadAction","target":["https:\/\/alsik.dk\/de\/urlaub-specials\/abend-spa\/"]}]},{"@type":"ImageObject","inLanguage":"de","@id":"https:\/\/alsik.dk\/de\/urlaub-specials\/abend-spa\/#primaryimage","url":"https:\/\/alsik.dk\/wp-content\/uploads\/2024\/01\/alsik-afternoon-spa.jpg","contentUrl":"https:\/\/alsik.dk\/wp-content\/uploads\/2024\/01\/alsik-afternoon-spa.jpg","width":2200,"height":1467},{"@type":"BreadcrumbList","@id":"https:\/\/alsik.dk\/de\/urlaub-specials\/abend-spa\/#breadcrumb","itemListElement":[{"@type":"ListItem","position":1,"name":"Hjem","item":"https:\/\/alsik.dk\/de\/"},{"@type":"ListItem","position":2,"name":"Genie\u00dfen Sie ein Urlaubs-Special im Alsik!","item":"https:\/\/alsik.dk\/de\/urlaub-specials\/"},{"@type":"ListItem","position":3,"name":"Alsik Abend-Spa-Aufenthalt"}]},{"@type":"WebSite","@id":"https:\/\/alsik.dk\/de\/#website","url":"https:\/\/alsik.dk\/de\/","name":"Alsik Hotel &amp; Spa","description":"Alsik er et af Danmarks mest sp\u00e6ndende hoteller med stilfulde og topmoderne v\u00e6relser. Oplev Danmarks st\u00f8rste spa med flere end 60 forskellige spa- og wellnessoplevelser eller fork\u00e6l sanserne med gastronomi i s\u00e6rklasse i Alsiks tre restauranter.","potentialAction":[{"@type":"SearchAction","target":{"@type":"EntryPoint","urlTemplate":"https:\/\/alsik.dk\/de\/?s={search_term_string}"},"query-input":{"@type":"PropertyValueSpecification","valueRequired":true,"valueName":"search_term_string"}}],"inLanguage":"de"}]}},"_links":{"self":[{"href":"https:\/\/alsik.dk\/de\/wp-json\/wp\/v2\/pages\/17979","targetHints":{"allow":["GET"]}}],"collection":[{"href":"https:\/\/alsik.dk\/de\/wp-json\/wp\/v2\/pages"}],"about":[{"href":"https:\/\/alsik.dk\/de\/wp-json\/wp\/v2\/types\/page"}],"author":[{"embeddable":true,"href":"https:\/\/alsik.dk\/de\/wp-json\/wp\/v2\/users\/7"}],"replies":[{"embeddable":true,"href":"https:\/\/alsik.dk\/de\/wp-json\/wp\/v2\/comments?post=17979"}],"version-history":[{"count":6,"href":"https:\/\/alsik.dk\/de\/wp-json\/wp\/v2\/pages\/17979\/revisions"}],"predecessor-version":[{"id":17987,"href":"https:\/\/alsik.dk\/de\/wp-json\/wp\/v2\/pages\/17979\/revisions\/17987"}],"up":[{"embeddable":true,"href":"https:\/\/alsik.dk\/de\/wp-json\/wp\/v2\/pages\/5570"}],"wp:featuredmedia":[{"embeddable":true,"href":"https:\/\/alsik.dk\/de\/wp-json\/wp\/v2\/media\/13183"}],"wp:attachment":[{"href":"https:\/\/alsik.dk\/de\/wp-json\/wp\/v2\/media?parent=17979"}],"wp:term":[{"taxonomy":"post_tag","embeddable":true,"href":"https:\/\/alsik.dk\/de\/wp-json\/wp\/v2\/tags?post=17979"}],"curies":[{"name":"wp","href":"https:\/\/api.w.org\/{rel}","templated":true}]}}