{"id":18007,"date":"2025-06-19T14:57:54","date_gmt":"2025-06-19T12:57:54","guid":{"rendered":"https:\/\/alsik.dk\/urlaub-specials\/morning-spa\/"},"modified":"2026-03-24T15:24:05","modified_gmt":"2026-03-24T14:24:05","slug":"morgenspa","status":"publish","type":"page","link":"https:\/\/alsik.dk\/de\/urlaub-specials\/morgenspa\/","title":{"rendered":"\u00dcbernachtung mit Morgenspa"},"content":{"rendered":"<p>Genie\u00dfen Sie einen wunderbaren Aufenthalt im Alsik Hotel &amp; Spa mit \u00dcbernachtung, 3 Stunden Spa sowie Fr\u00fchst\u00fccksbuffet.<\/p>\n<hr \/>\n<p style=\"text-align: right;\">Ab DKK 1.595,- f\u00fcr 1 Person<br \/>\nAb DKK 1.795,- f\u00fcr 2 Personen<\/p>\n<hr \/>\n<p>&nbsp;<\/p>\n","protected":false},"excerpt":{"rendered":"<p>Der Aufenthalt beinhaltet eine \u00dcbernachtung im Doppelzimmer, ein exquisites Fr\u00fchst\u00fccksbuffet sowie 3 Stunden Spa von 07.00 bis 10.00 Uhr.<\/p>\n","protected":false},"author":7,"featured_media":15345,"parent":5570,"menu_order":0,"comment_status":"closed","ping_status":"closed","template":"","meta":{"_acf_changed":false,"footnotes":""},"tags":[],"class_list":["post-18007","page","type-page","status-publish","has-post-thumbnail","hentry"],"acf":[],"yoast_head":"<!-- This site is optimized with the Yoast SEO plugin v24.3 - https:\/\/yoast.com\/wordpress\/plugins\/seo\/ -->\n<title>\u00dcbernachtung mit Spa | Hier bei Alsik buchen<\/title>\n<meta name=\"description\" content=\"Genie\u00dfen Sie einen Aufenthalt mit \u00dcbernachtung, 3 Stunden Spa sowie unserem gro\u00dfz\u00fcgigen Fr\u00fchst\u00fccksbuffet im Alsik Hotel &amp; Spa in S\u00f8nderborg.\" \/>\n<meta name=\"robots\" content=\"index, follow, max-snippet:-1, max-image-preview:large, max-video-preview:-1\" \/>\n<link rel=\"canonical\" href=\"https:\/\/alsik.dk\/de\/urlaub-specials\/morgenspa\/\" \/>\n<meta property=\"og:locale\" content=\"de_DE\" \/>\n<meta property=\"og:type\" content=\"article\" \/>\n<meta property=\"og:title\" content=\"\u00dcbernachtung mit Spa | Hier bei Alsik buchen\" \/>\n<meta property=\"og:description\" content=\"Genie\u00dfen Sie einen Aufenthalt mit \u00dcbernachtung, 3 Stunden Spa sowie unserem gro\u00dfz\u00fcgigen Fr\u00fchst\u00fccksbuffet im Alsik Hotel &amp; Spa in S\u00f8nderborg.\" \/>\n<meta property=\"og:url\" content=\"https:\/\/alsik.dk\/de\/urlaub-specials\/morgenspa\/\" \/>\n<meta property=\"og:site_name\" content=\"Alsik Hotel &amp; Spa\" \/>\n<meta property=\"article:modified_time\" content=\"2026-03-24T14:24:05+00:00\" \/>\n<meta property=\"og:image\" content=\"https:\/\/alsik.dk\/wp-content\/uploads\/2025\/01\/alsik-spa-jesper-rais-5.jpg\" \/>\n\t<meta property=\"og:image:width\" content=\"2200\" \/>\n\t<meta property=\"og:image:height\" content=\"1467\" \/>\n\t<meta property=\"og:image:type\" content=\"image\/jpeg\" \/>\n<meta name=\"twitter:card\" content=\"summary_large_image\" \/>\n<meta name=\"twitter:label1\" content=\"Gesch\u00e4tzte Lesezeit\" \/>\n\t<meta name=\"twitter:data1\" content=\"1\u00a0Minute\" \/>\n<script type=\"application\/ld+json\" class=\"yoast-schema-graph\">{\"@context\":\"https:\/\/schema.org\",\"@graph\":[{\"@type\":\"WebPage\",\"@id\":\"https:\/\/alsik.dk\/de\/urlaub-specials\/morgenspa\/\",\"url\":\"https:\/\/alsik.dk\/de\/urlaub-specials\/morgenspa\/\",\"name\":\"\u00dcbernachtung mit Spa | Hier bei Alsik buchen\",\"isPartOf\":{\"@id\":\"https:\/\/alsik.dk\/de\/#website\"},\"primaryImageOfPage\":{\"@id\":\"https:\/\/alsik.dk\/de\/urlaub-specials\/morgenspa\/#primaryimage\"},\"image\":{\"@id\":\"https:\/\/alsik.dk\/de\/urlaub-specials\/morgenspa\/#primaryimage\"},\"thumbnailUrl\":\"https:\/\/alsik.dk\/wp-content\/uploads\/2025\/01\/alsik-spa-jesper-rais-5.jpg\",\"datePublished\":\"2025-06-19T12:57:54+00:00\",\"dateModified\":\"2026-03-24T14:24:05+00:00\",\"description\":\"Genie\u00dfen Sie einen Aufenthalt mit \u00dcbernachtung, 3 Stunden Spa sowie unserem gro\u00dfz\u00fcgigen Fr\u00fchst\u00fccksbuffet im Alsik Hotel & Spa in S\u00f8nderborg.\",\"breadcrumb\":{\"@id\":\"https:\/\/alsik.dk\/de\/urlaub-specials\/morgenspa\/#breadcrumb\"},\"inLanguage\":\"de\",\"potentialAction\":[{\"@type\":\"ReadAction\",\"target\":[\"https:\/\/alsik.dk\/de\/urlaub-specials\/morgenspa\/\"]}]},{\"@type\":\"ImageObject\",\"inLanguage\":\"de\",\"@id\":\"https:\/\/alsik.dk\/de\/urlaub-specials\/morgenspa\/#primaryimage\",\"url\":\"https:\/\/alsik.dk\/wp-content\/uploads\/2025\/01\/alsik-spa-jesper-rais-5.jpg\",\"contentUrl\":\"https:\/\/alsik.dk\/wp-content\/uploads\/2025\/01\/alsik-spa-jesper-rais-5.jpg\",\"width\":2200,\"height\":1467},{\"@type\":\"BreadcrumbList\",\"@id\":\"https:\/\/alsik.dk\/de\/urlaub-specials\/morgenspa\/#breadcrumb\",\"itemListElement\":[{\"@type\":\"ListItem\",\"position\":1,\"name\":\"Hjem\",\"item\":\"https:\/\/alsik.dk\/de\/\"},{\"@type\":\"ListItem\",\"position\":2,\"name\":\"Genie\u00dfen Sie ein Urlaubs-Special im Alsik!\",\"item\":\"https:\/\/alsik.dk\/de\/urlaub-specials\/\"},{\"@type\":\"ListItem\",\"position\":3,\"name\":\"\u00dcbernachtung mit Morgenspa\"}]},{\"@type\":\"WebSite\",\"@id\":\"https:\/\/alsik.dk\/de\/#website\",\"url\":\"https:\/\/alsik.dk\/de\/\",\"name\":\"Alsik Hotel &amp; Spa\",\"description\":\"Alsik er et af Danmarks mest sp\u00e6ndende hoteller med stilfulde og topmoderne v\u00e6relser. Oplev Danmarks st\u00f8rste spa med flere end 60 forskellige spa- og wellnessoplevelser eller fork\u00e6l sanserne med gastronomi i s\u00e6rklasse i Alsiks tre restauranter.\",\"potentialAction\":[{\"@type\":\"SearchAction\",\"target\":{\"@type\":\"EntryPoint\",\"urlTemplate\":\"https:\/\/alsik.dk\/de\/?s={search_term_string}\"},\"query-input\":{\"@type\":\"PropertyValueSpecification\",\"valueRequired\":true,\"valueName\":\"search_term_string\"}}],\"inLanguage\":\"de\"}]}<\/script>\n<!-- \/ Yoast SEO plugin. -->","yoast_head_json":{"title":"\u00dcbernachtung mit Spa | Hier bei Alsik buchen","description":"Genie\u00dfen Sie einen Aufenthalt mit \u00dcbernachtung, 3 Stunden Spa sowie unserem gro\u00dfz\u00fcgigen Fr\u00fchst\u00fccksbuffet im Alsik Hotel & Spa in S\u00f8nderborg.","robots":{"index":"index","follow":"follow","max-snippet":"max-snippet:-1","max-image-preview":"max-image-preview:large","max-video-preview":"max-video-preview:-1"},"canonical":"https:\/\/alsik.dk\/de\/urlaub-specials\/morgenspa\/","og_locale":"de_DE","og_type":"article","og_title":"\u00dcbernachtung mit Spa | Hier bei Alsik buchen","og_description":"Genie\u00dfen Sie einen Aufenthalt mit \u00dcbernachtung, 3 Stunden Spa sowie unserem gro\u00dfz\u00fcgigen Fr\u00fchst\u00fccksbuffet im Alsik Hotel & Spa in S\u00f8nderborg.","og_url":"https:\/\/alsik.dk\/de\/urlaub-specials\/morgenspa\/","og_site_name":"Alsik Hotel &amp; Spa","article_modified_time":"2026-03-24T14:24:05+00:00","og_image":[{"width":2200,"height":1467,"url":"https:\/\/alsik.dk\/wp-content\/uploads\/2025\/01\/alsik-spa-jesper-rais-5.jpg","type":"image\/jpeg"}],"twitter_card":"summary_large_image","twitter_misc":{"Gesch\u00e4tzte Lesezeit":"1\u00a0Minute"},"schema":{"@context":"https:\/\/schema.org","@graph":[{"@type":"WebPage","@id":"https:\/\/alsik.dk\/de\/urlaub-specials\/morgenspa\/","url":"https:\/\/alsik.dk\/de\/urlaub-specials\/morgenspa\/","name":"\u00dcbernachtung mit Spa | Hier bei Alsik buchen","isPartOf":{"@id":"https:\/\/alsik.dk\/de\/#website"},"primaryImageOfPage":{"@id":"https:\/\/alsik.dk\/de\/urlaub-specials\/morgenspa\/#primaryimage"},"image":{"@id":"https:\/\/alsik.dk\/de\/urlaub-specials\/morgenspa\/#primaryimage"},"thumbnailUrl":"https:\/\/alsik.dk\/wp-content\/uploads\/2025\/01\/alsik-spa-jesper-rais-5.jpg","datePublished":"2025-06-19T12:57:54+00:00","dateModified":"2026-03-24T14:24:05+00:00","description":"Genie\u00dfen Sie einen Aufenthalt mit \u00dcbernachtung, 3 Stunden Spa sowie unserem gro\u00dfz\u00fcgigen Fr\u00fchst\u00fccksbuffet im Alsik Hotel & Spa in S\u00f8nderborg.","breadcrumb":{"@id":"https:\/\/alsik.dk\/de\/urlaub-specials\/morgenspa\/#breadcrumb"},"inLanguage":"de","potentialAction":[{"@type":"ReadAction","target":["https:\/\/alsik.dk\/de\/urlaub-specials\/morgenspa\/"]}]},{"@type":"ImageObject","inLanguage":"de","@id":"https:\/\/alsik.dk\/de\/urlaub-specials\/morgenspa\/#primaryimage","url":"https:\/\/alsik.dk\/wp-content\/uploads\/2025\/01\/alsik-spa-jesper-rais-5.jpg","contentUrl":"https:\/\/alsik.dk\/wp-content\/uploads\/2025\/01\/alsik-spa-jesper-rais-5.jpg","width":2200,"height":1467},{"@type":"BreadcrumbList","@id":"https:\/\/alsik.dk\/de\/urlaub-specials\/morgenspa\/#breadcrumb","itemListElement":[{"@type":"ListItem","position":1,"name":"Hjem","item":"https:\/\/alsik.dk\/de\/"},{"@type":"ListItem","position":2,"name":"Genie\u00dfen Sie ein Urlaubs-Special im Alsik!","item":"https:\/\/alsik.dk\/de\/urlaub-specials\/"},{"@type":"ListItem","position":3,"name":"\u00dcbernachtung mit Morgenspa"}]},{"@type":"WebSite","@id":"https:\/\/alsik.dk\/de\/#website","url":"https:\/\/alsik.dk\/de\/","name":"Alsik Hotel &amp; Spa","description":"Alsik er et af Danmarks mest sp\u00e6ndende hoteller med stilfulde og topmoderne v\u00e6relser. Oplev Danmarks st\u00f8rste spa med flere end 60 forskellige spa- og wellnessoplevelser eller fork\u00e6l sanserne med gastronomi i s\u00e6rklasse i Alsiks tre restauranter.","potentialAction":[{"@type":"SearchAction","target":{"@type":"EntryPoint","urlTemplate":"https:\/\/alsik.dk\/de\/?s={search_term_string}"},"query-input":{"@type":"PropertyValueSpecification","valueRequired":true,"valueName":"search_term_string"}}],"inLanguage":"de"}]}},"_links":{"self":[{"href":"https:\/\/alsik.dk\/de\/wp-json\/wp\/v2\/pages\/18007","targetHints":{"allow":["GET"]}}],"collection":[{"href":"https:\/\/alsik.dk\/de\/wp-json\/wp\/v2\/pages"}],"about":[{"href":"https:\/\/alsik.dk\/de\/wp-json\/wp\/v2\/types\/page"}],"author":[{"embeddable":true,"href":"https:\/\/alsik.dk\/de\/wp-json\/wp\/v2\/users\/7"}],"replies":[{"embeddable":true,"href":"https:\/\/alsik.dk\/de\/wp-json\/wp\/v2\/comments?post=18007"}],"version-history":[{"count":2,"href":"https:\/\/alsik.dk\/de\/wp-json\/wp\/v2\/pages\/18007\/revisions"}],"predecessor-version":[{"id":18009,"href":"https:\/\/alsik.dk\/de\/wp-json\/wp\/v2\/pages\/18007\/revisions\/18009"}],"up":[{"embeddable":true,"href":"https:\/\/alsik.dk\/de\/wp-json\/wp\/v2\/pages\/5570"}],"wp:featuredmedia":[{"embeddable":true,"href":"https:\/\/alsik.dk\/de\/wp-json\/wp\/v2\/media\/15345"}],"wp:attachment":[{"href":"https:\/\/alsik.dk\/de\/wp-json\/wp\/v2\/media?parent=18007"}],"wp:term":[{"taxonomy":"post_tag","embeddable":true,"href":"https:\/\/alsik.dk\/de\/wp-json\/wp\/v2\/tags?post=18007"}],"curies":[{"name":"wp","href":"https:\/\/api.w.org\/{rel}","templated":true}]}}