{"id":18014,"date":"2026-03-25T13:11:56","date_gmt":"2026-03-25T12:11:56","guid":{"rendered":"https:\/\/alsik.dk\/?page_id=18014"},"modified":"2026-03-25T13:11:56","modified_gmt":"2026-03-25T12:11:56","slug":"syttende-ophold","status":"publish","type":"page","link":"https:\/\/alsik.dk\/de\/urlaub-specials\/syttende-ophold\/","title":{"rendered":"Michelin-Stern-Aufenthalt in Alsik"},"content":{"rendered":"<p>G\u00f6nnen Sie sich einen Aufenthalt der Extraklasse \u2013 mit einem unvergesslichen Abendessen im mit einem Michelin-Stern ausgezeichneten Restaurant Syttende im Alsik. Hier trifft Gastronomie auf Michelin-Niveau auf au\u00dfergew\u00f6hnliche Ausblicke, wobei jedes Gericht ein sinnliches Erlebnis aus den feinsten saisonalen Zutaten ist.<\/p>\n<p>Genie\u00dfen Sie einen Abend, bei dem jedes Detail bis zur Perfektion durchdacht ist, und lassen Sie das Erlebnis in eleganten R\u00e4umlichkeiten mit einer \u00dcbernachtung weiterwirken, die das Gef\u00fchl exklusiver Verw\u00f6hnung vervollst\u00e4ndigt.<\/p>\n","protected":false},"excerpt":{"rendered":"<p>G\u00f6nnen Sie sich einen Aufenthalt der Spitzenklasse mit einem unvergesslichen Abendessen im mit einem Michelin-Stern ausgezeichneten Restaurant Syttende im Alsik.<\/p>\n","protected":false},"author":7,"featured_media":17090,"parent":5570,"menu_order":0,"comment_status":"closed","ping_status":"closed","template":"","meta":{"_acf_changed":false,"footnotes":""},"tags":[],"class_list":["post-18014","page","type-page","status-publish","has-post-thumbnail","hentry"],"acf":[],"yoast_head":"<!-- This site is optimized with the Yoast SEO plugin v24.3 - https:\/\/yoast.com\/wordpress\/plugins\/seo\/ -->\n<title>Michelin-Stern-Aufenthalt im Alsik Hotel &amp; Spa<\/title>\n<meta name=\"description\" content=\"Erleben Sie einen exklusiven Aufenthalt mit Abendessen im Michelin-Stern-Restaurant Syttende. Genie\u00dfen Sie Gourmet-Erlebnisse und eine \u00dcbernachtung im Alsik Hotel &amp; Spa.\" \/>\n<meta name=\"robots\" content=\"index, follow, max-snippet:-1, max-image-preview:large, max-video-preview:-1\" \/>\n<link rel=\"canonical\" href=\"https:\/\/alsik.dk\/de\/urlaub-specials\/syttende-ophold\/\" \/>\n<meta property=\"og:locale\" content=\"de_DE\" \/>\n<meta property=\"og:type\" content=\"article\" \/>\n<meta property=\"og:title\" content=\"Michelin-Stern-Aufenthalt im Alsik Hotel &amp; Spa\" \/>\n<meta property=\"og:description\" content=\"Erleben Sie einen exklusiven Aufenthalt mit Abendessen im Michelin-Stern-Restaurant Syttende. Genie\u00dfen Sie Gourmet-Erlebnisse und eine \u00dcbernachtung im Alsik Hotel &amp; Spa.\" \/>\n<meta property=\"og:url\" content=\"https:\/\/alsik.dk\/de\/urlaub-specials\/syttende-ophold\/\" \/>\n<meta property=\"og:site_name\" content=\"Alsik Hotel &amp; Spa\" \/>\n<meta property=\"og:image\" content=\"https:\/\/alsik.dk\/wp-content\/uploads\/2025\/11\/SyttendeServiceDinnerOktober2025-0093-1.jpg\" \/>\n\t<meta property=\"og:image:width\" content=\"1600\" \/>\n\t<meta property=\"og:image:height\" content=\"1067\" \/>\n\t<meta property=\"og:image:type\" content=\"image\/jpeg\" \/>\n<meta name=\"twitter:card\" content=\"summary_large_image\" \/>\n<meta name=\"twitter:label1\" content=\"Gesch\u00e4tzte Lesezeit\" \/>\n\t<meta name=\"twitter:data1\" content=\"1\u00a0Minute\" \/>\n<script type=\"application\/ld+json\" class=\"yoast-schema-graph\">{\"@context\":\"https:\/\/schema.org\",\"@graph\":[{\"@type\":\"WebPage\",\"@id\":\"https:\/\/alsik.dk\/de\/urlaub-specials\/syttende-ophold\/\",\"url\":\"https:\/\/alsik.dk\/de\/urlaub-specials\/syttende-ophold\/\",\"name\":\"Michelin-Stern-Aufenthalt im Alsik Hotel & Spa\",\"isPartOf\":{\"@id\":\"https:\/\/alsik.dk\/de\/#website\"},\"primaryImageOfPage\":{\"@id\":\"https:\/\/alsik.dk\/de\/urlaub-specials\/syttende-ophold\/#primaryimage\"},\"image\":{\"@id\":\"https:\/\/alsik.dk\/de\/urlaub-specials\/syttende-ophold\/#primaryimage\"},\"thumbnailUrl\":\"https:\/\/alsik.dk\/wp-content\/uploads\/2025\/11\/SyttendeServiceDinnerOktober2025-0093-1.jpg\",\"datePublished\":\"2026-03-25T12:11:56+00:00\",\"dateModified\":\"2026-03-25T12:11:56+00:00\",\"description\":\"Erleben Sie einen exklusiven Aufenthalt mit Abendessen im Michelin-Stern-Restaurant Syttende. Genie\u00dfen Sie Gourmet-Erlebnisse und eine \u00dcbernachtung im Alsik Hotel & Spa.\",\"breadcrumb\":{\"@id\":\"https:\/\/alsik.dk\/de\/urlaub-specials\/syttende-ophold\/#breadcrumb\"},\"inLanguage\":\"de\",\"potentialAction\":[{\"@type\":\"ReadAction\",\"target\":[\"https:\/\/alsik.dk\/de\/urlaub-specials\/syttende-ophold\/\"]}]},{\"@type\":\"ImageObject\",\"inLanguage\":\"de\",\"@id\":\"https:\/\/alsik.dk\/de\/urlaub-specials\/syttende-ophold\/#primaryimage\",\"url\":\"https:\/\/alsik.dk\/wp-content\/uploads\/2025\/11\/SyttendeServiceDinnerOktober2025-0093-1.jpg\",\"contentUrl\":\"https:\/\/alsik.dk\/wp-content\/uploads\/2025\/11\/SyttendeServiceDinnerOktober2025-0093-1.jpg\",\"width\":1600,\"height\":1067},{\"@type\":\"BreadcrumbList\",\"@id\":\"https:\/\/alsik.dk\/de\/urlaub-specials\/syttende-ophold\/#breadcrumb\",\"itemListElement\":[{\"@type\":\"ListItem\",\"position\":1,\"name\":\"Hjem\",\"item\":\"https:\/\/alsik.dk\/de\/\"},{\"@type\":\"ListItem\",\"position\":2,\"name\":\"Genie\u00dfen Sie ein Urlaubs-Special im Alsik!\",\"item\":\"https:\/\/alsik.dk\/de\/urlaub-specials\/\"},{\"@type\":\"ListItem\",\"position\":3,\"name\":\"Michelin-Stern-Aufenthalt in Alsik\"}]},{\"@type\":\"WebSite\",\"@id\":\"https:\/\/alsik.dk\/de\/#website\",\"url\":\"https:\/\/alsik.dk\/de\/\",\"name\":\"Alsik Hotel &amp; Spa\",\"description\":\"Alsik er et af Danmarks mest sp\u00e6ndende hoteller med stilfulde og topmoderne v\u00e6relser. Oplev Danmarks st\u00f8rste spa med flere end 60 forskellige spa- og wellnessoplevelser eller fork\u00e6l sanserne med gastronomi i s\u00e6rklasse i Alsiks tre restauranter.\",\"potentialAction\":[{\"@type\":\"SearchAction\",\"target\":{\"@type\":\"EntryPoint\",\"urlTemplate\":\"https:\/\/alsik.dk\/de\/?s={search_term_string}\"},\"query-input\":{\"@type\":\"PropertyValueSpecification\",\"valueRequired\":true,\"valueName\":\"search_term_string\"}}],\"inLanguage\":\"de\"}]}<\/script>\n<!-- \/ Yoast SEO plugin. -->","yoast_head_json":{"title":"Michelin-Stern-Aufenthalt im Alsik Hotel & Spa","description":"Erleben Sie einen exklusiven Aufenthalt mit Abendessen im Michelin-Stern-Restaurant Syttende. Genie\u00dfen Sie Gourmet-Erlebnisse und eine \u00dcbernachtung im Alsik Hotel & Spa.","robots":{"index":"index","follow":"follow","max-snippet":"max-snippet:-1","max-image-preview":"max-image-preview:large","max-video-preview":"max-video-preview:-1"},"canonical":"https:\/\/alsik.dk\/de\/urlaub-specials\/syttende-ophold\/","og_locale":"de_DE","og_type":"article","og_title":"Michelin-Stern-Aufenthalt im Alsik Hotel & Spa","og_description":"Erleben Sie einen exklusiven Aufenthalt mit Abendessen im Michelin-Stern-Restaurant Syttende. Genie\u00dfen Sie Gourmet-Erlebnisse und eine \u00dcbernachtung im Alsik Hotel & Spa.","og_url":"https:\/\/alsik.dk\/de\/urlaub-specials\/syttende-ophold\/","og_site_name":"Alsik Hotel &amp; Spa","og_image":[{"width":1600,"height":1067,"url":"https:\/\/alsik.dk\/wp-content\/uploads\/2025\/11\/SyttendeServiceDinnerOktober2025-0093-1.jpg","type":"image\/jpeg"}],"twitter_card":"summary_large_image","twitter_misc":{"Gesch\u00e4tzte Lesezeit":"1\u00a0Minute"},"schema":{"@context":"https:\/\/schema.org","@graph":[{"@type":"WebPage","@id":"https:\/\/alsik.dk\/de\/urlaub-specials\/syttende-ophold\/","url":"https:\/\/alsik.dk\/de\/urlaub-specials\/syttende-ophold\/","name":"Michelin-Stern-Aufenthalt im Alsik Hotel & Spa","isPartOf":{"@id":"https:\/\/alsik.dk\/de\/#website"},"primaryImageOfPage":{"@id":"https:\/\/alsik.dk\/de\/urlaub-specials\/syttende-ophold\/#primaryimage"},"image":{"@id":"https:\/\/alsik.dk\/de\/urlaub-specials\/syttende-ophold\/#primaryimage"},"thumbnailUrl":"https:\/\/alsik.dk\/wp-content\/uploads\/2025\/11\/SyttendeServiceDinnerOktober2025-0093-1.jpg","datePublished":"2026-03-25T12:11:56+00:00","dateModified":"2026-03-25T12:11:56+00:00","description":"Erleben Sie einen exklusiven Aufenthalt mit Abendessen im Michelin-Stern-Restaurant Syttende. Genie\u00dfen Sie Gourmet-Erlebnisse und eine \u00dcbernachtung im Alsik Hotel & Spa.","breadcrumb":{"@id":"https:\/\/alsik.dk\/de\/urlaub-specials\/syttende-ophold\/#breadcrumb"},"inLanguage":"de","potentialAction":[{"@type":"ReadAction","target":["https:\/\/alsik.dk\/de\/urlaub-specials\/syttende-ophold\/"]}]},{"@type":"ImageObject","inLanguage":"de","@id":"https:\/\/alsik.dk\/de\/urlaub-specials\/syttende-ophold\/#primaryimage","url":"https:\/\/alsik.dk\/wp-content\/uploads\/2025\/11\/SyttendeServiceDinnerOktober2025-0093-1.jpg","contentUrl":"https:\/\/alsik.dk\/wp-content\/uploads\/2025\/11\/SyttendeServiceDinnerOktober2025-0093-1.jpg","width":1600,"height":1067},{"@type":"BreadcrumbList","@id":"https:\/\/alsik.dk\/de\/urlaub-specials\/syttende-ophold\/#breadcrumb","itemListElement":[{"@type":"ListItem","position":1,"name":"Hjem","item":"https:\/\/alsik.dk\/de\/"},{"@type":"ListItem","position":2,"name":"Genie\u00dfen Sie ein Urlaubs-Special im Alsik!","item":"https:\/\/alsik.dk\/de\/urlaub-specials\/"},{"@type":"ListItem","position":3,"name":"Michelin-Stern-Aufenthalt in Alsik"}]},{"@type":"WebSite","@id":"https:\/\/alsik.dk\/de\/#website","url":"https:\/\/alsik.dk\/de\/","name":"Alsik Hotel &amp; Spa","description":"Alsik er et af Danmarks mest sp\u00e6ndende hoteller med stilfulde og topmoderne v\u00e6relser. Oplev Danmarks st\u00f8rste spa med flere end 60 forskellige spa- og wellnessoplevelser eller fork\u00e6l sanserne med gastronomi i s\u00e6rklasse i Alsiks tre restauranter.","potentialAction":[{"@type":"SearchAction","target":{"@type":"EntryPoint","urlTemplate":"https:\/\/alsik.dk\/de\/?s={search_term_string}"},"query-input":{"@type":"PropertyValueSpecification","valueRequired":true,"valueName":"search_term_string"}}],"inLanguage":"de"}]}},"_links":{"self":[{"href":"https:\/\/alsik.dk\/de\/wp-json\/wp\/v2\/pages\/18014","targetHints":{"allow":["GET"]}}],"collection":[{"href":"https:\/\/alsik.dk\/de\/wp-json\/wp\/v2\/pages"}],"about":[{"href":"https:\/\/alsik.dk\/de\/wp-json\/wp\/v2\/types\/page"}],"author":[{"embeddable":true,"href":"https:\/\/alsik.dk\/de\/wp-json\/wp\/v2\/users\/7"}],"replies":[{"embeddable":true,"href":"https:\/\/alsik.dk\/de\/wp-json\/wp\/v2\/comments?post=18014"}],"version-history":[{"count":5,"href":"https:\/\/alsik.dk\/de\/wp-json\/wp\/v2\/pages\/18014\/revisions"}],"predecessor-version":[{"id":18093,"href":"https:\/\/alsik.dk\/de\/wp-json\/wp\/v2\/pages\/18014\/revisions\/18093"}],"up":[{"embeddable":true,"href":"https:\/\/alsik.dk\/de\/wp-json\/wp\/v2\/pages\/5570"}],"wp:featuredmedia":[{"embeddable":true,"href":"https:\/\/alsik.dk\/de\/wp-json\/wp\/v2\/media\/17090"}],"wp:attachment":[{"href":"https:\/\/alsik.dk\/de\/wp-json\/wp\/v2\/media?parent=18014"}],"wp:term":[{"taxonomy":"post_tag","embeddable":true,"href":"https:\/\/alsik.dk\/de\/wp-json\/wp\/v2\/tags?post=18014"}],"curies":[{"name":"wp","href":"https:\/\/api.w.org\/{rel}","templated":true}]}}