{"id":2840,"date":"2019-07-01T12:03:07","date_gmt":"2019-07-01T10:03:07","guid":{"rendered":"https:\/\/alsik.dk\/wellness-og-behandlinger\/"},"modified":"2026-01-14T10:48:34","modified_gmt":"2026-01-14T09:48:34","slug":"wellness-und-behandlungen","status":"publish","type":"page","link":"https:\/\/alsik.dk\/de\/alsik-spa\/wellness-und-behandlungen\/","title":{"rendered":"Wellness und Behandlungen"},"content":{"rendered":"<p>Hier erhalten Sie klassische Behandlungen, die auf die besten Spa- und Wellness-Traditionen gegr\u00fcndet sind; Sie erleben die Wirkung neuer, bahnbrechender Techniken oder kommen in den Genuss einzigartiger Behandlungen in unseren pers\u00f6nlichen Spa-Suiten mit privatem Dampfbad und eigener Sauna.<\/p>\n<p>Mit jeder Behandlung haben Sie auch Zugang zu der Salt Lounge, die den K\u00f6rper zu tiefer Entspannung anregt \u2013 nat\u00fcrlich und effektiv. Die wundersch\u00f6ne Umgebung beschert Ihnen Zeit zum Nachdenken und den n\u00f6tigen Raum, um sich ruhig und harmonisch auszubalancieren.<\/p>\n<p>Erhalten Sie eine Stunde Zugang zum Alsik Spa Pool, wenn Sie von Montag bis Donnerstag eine Behandlung von mindestens 60 Minuten buchen.<\/p>\n","protected":false},"excerpt":{"rendered":"<p>Einzigartige Erlebnisse k\u00f6nnen Sie erwarten, wenn unsere t\u00fcchtigen Therapeuten Sie mit traditionsreichen und neuen Spa- und Wellnessbehandlungen verw\u00f6hnen. Alle Behandlungen beruhen auf Hochachtung vor dem nat\u00fcrlichen Gleichgewicht des K\u00f6rpers. Wir achten darauf, dass bei jedem Besuch Ihr pers\u00f6nliches Wohlbefinden im Mittelpunkt steht.<\/p>\n","protected":false},"author":7,"featured_media":15204,"parent":3338,"menu_order":0,"comment_status":"closed","ping_status":"closed","template":"","meta":{"_acf_changed":false,"footnotes":""},"tags":[],"class_list":["post-2840","page","type-page","status-publish","has-post-thumbnail","hentry"],"acf":[],"yoast_head":"<!-- This site is optimized with the Yoast SEO plugin v24.3 - https:\/\/yoast.com\/wordpress\/plugins\/seo\/ -->\n<title>Wellness und Behandlungen | Alsik Hotel &amp; Spa<\/title>\n<meta name=\"description\" content=\"Hier erhalten Sie klassische Behandlungen, die auf die besten Spa- und Wellness-Traditionen gegr\u00fcndet sind.\" \/>\n<meta name=\"robots\" content=\"index, follow, max-snippet:-1, max-image-preview:large, max-video-preview:-1\" \/>\n<link rel=\"canonical\" href=\"https:\/\/alsik.dk\/de\/alsik-spa\/wellness-und-behandlungen\/\" \/>\n<meta property=\"og:locale\" content=\"de_DE\" \/>\n<meta property=\"og:type\" content=\"article\" \/>\n<meta property=\"og:title\" content=\"Wellness und Behandlungen | Alsik Hotel &amp; Spa\" \/>\n<meta property=\"og:description\" content=\"Hier erhalten Sie klassische Behandlungen, die auf die besten Spa- und Wellness-Traditionen gegr\u00fcndet sind.\" \/>\n<meta property=\"og:url\" content=\"https:\/\/alsik.dk\/de\/alsik-spa\/wellness-und-behandlungen\/\" \/>\n<meta property=\"og:site_name\" content=\"Alsik Hotel &amp; Spa\" \/>\n<meta property=\"article:modified_time\" content=\"2026-01-14T09:48:34+00:00\" \/>\n<meta property=\"og:image\" content=\"https:\/\/alsik.dk\/wp-content\/uploads\/2025\/01\/Wellness-behandlinger-4.jpg\" \/>\n\t<meta property=\"og:image:width\" content=\"1201\" \/>\n\t<meta property=\"og:image:height\" content=\"1800\" \/>\n\t<meta property=\"og:image:type\" content=\"image\/jpeg\" \/>\n<meta name=\"twitter:card\" content=\"summary_large_image\" \/>\n<meta name=\"twitter:label1\" content=\"Gesch\u00e4tzte Lesezeit\" \/>\n\t<meta name=\"twitter:data1\" content=\"1\u00a0Minute\" \/>\n<script type=\"application\/ld+json\" class=\"yoast-schema-graph\">{\"@context\":\"https:\/\/schema.org\",\"@graph\":[{\"@type\":\"WebPage\",\"@id\":\"https:\/\/alsik.dk\/de\/alsik-spa\/wellness-und-behandlungen\/\",\"url\":\"https:\/\/alsik.dk\/de\/alsik-spa\/wellness-und-behandlungen\/\",\"name\":\"Wellness und Behandlungen | Alsik Hotel &amp; Spa\",\"isPartOf\":{\"@id\":\"https:\/\/alsik.dk\/de\/#website\"},\"primaryImageOfPage\":{\"@id\":\"https:\/\/alsik.dk\/de\/alsik-spa\/wellness-und-behandlungen\/#primaryimage\"},\"image\":{\"@id\":\"https:\/\/alsik.dk\/de\/alsik-spa\/wellness-und-behandlungen\/#primaryimage\"},\"thumbnailUrl\":\"https:\/\/alsik.dk\/wp-content\/uploads\/2025\/01\/Wellness-behandlinger-4.jpg\",\"datePublished\":\"2019-07-01T10:03:07+00:00\",\"dateModified\":\"2026-01-14T09:48:34+00:00\",\"description\":\"Hier erhalten Sie klassische Behandlungen, die auf die besten Spa- und Wellness-Traditionen gegr\u00fcndet sind.\",\"breadcrumb\":{\"@id\":\"https:\/\/alsik.dk\/de\/alsik-spa\/wellness-und-behandlungen\/#breadcrumb\"},\"inLanguage\":\"de\",\"potentialAction\":[{\"@type\":\"ReadAction\",\"target\":[\"https:\/\/alsik.dk\/de\/alsik-spa\/wellness-und-behandlungen\/\"]}]},{\"@type\":\"ImageObject\",\"inLanguage\":\"de\",\"@id\":\"https:\/\/alsik.dk\/de\/alsik-spa\/wellness-und-behandlungen\/#primaryimage\",\"url\":\"https:\/\/alsik.dk\/wp-content\/uploads\/2025\/01\/Wellness-behandlinger-4.jpg\",\"contentUrl\":\"https:\/\/alsik.dk\/wp-content\/uploads\/2025\/01\/Wellness-behandlinger-4.jpg\",\"width\":1201,\"height\":1800},{\"@type\":\"BreadcrumbList\",\"@id\":\"https:\/\/alsik.dk\/de\/alsik-spa\/wellness-und-behandlungen\/#breadcrumb\",\"itemListElement\":[{\"@type\":\"ListItem\",\"position\":1,\"name\":\"Hjem\",\"item\":\"https:\/\/alsik.dk\/de\/\"},{\"@type\":\"ListItem\",\"position\":2,\"name\":\"Erleben Sie das Alsik Spa\",\"item\":\"https:\/\/alsik.dk\/de\/alsik-spa\/\"},{\"@type\":\"ListItem\",\"position\":3,\"name\":\"Wellness und Behandlungen\"}]},{\"@type\":\"WebSite\",\"@id\":\"https:\/\/alsik.dk\/de\/#website\",\"url\":\"https:\/\/alsik.dk\/de\/\",\"name\":\"Alsik Hotel &amp; Spa\",\"description\":\"Alsik er et af Danmarks mest sp\u00e6ndende hoteller med stilfulde og topmoderne v\u00e6relser. Oplev Danmarks st\u00f8rste spa med flere end 60 forskellige spa- og wellnessoplevelser eller fork\u00e6l sanserne med gastronomi i s\u00e6rklasse i Alsiks tre restauranter.\",\"potentialAction\":[{\"@type\":\"SearchAction\",\"target\":{\"@type\":\"EntryPoint\",\"urlTemplate\":\"https:\/\/alsik.dk\/de\/?s={search_term_string}\"},\"query-input\":{\"@type\":\"PropertyValueSpecification\",\"valueRequired\":true,\"valueName\":\"search_term_string\"}}],\"inLanguage\":\"de\"}]}<\/script>\n<!-- \/ Yoast SEO plugin. -->","yoast_head_json":{"title":"Wellness und Behandlungen | Alsik Hotel &amp; Spa","description":"Hier erhalten Sie klassische Behandlungen, die auf die besten Spa- und Wellness-Traditionen gegr\u00fcndet sind.","robots":{"index":"index","follow":"follow","max-snippet":"max-snippet:-1","max-image-preview":"max-image-preview:large","max-video-preview":"max-video-preview:-1"},"canonical":"https:\/\/alsik.dk\/de\/alsik-spa\/wellness-und-behandlungen\/","og_locale":"de_DE","og_type":"article","og_title":"Wellness und Behandlungen | Alsik Hotel &amp; Spa","og_description":"Hier erhalten Sie klassische Behandlungen, die auf die besten Spa- und Wellness-Traditionen gegr\u00fcndet sind.","og_url":"https:\/\/alsik.dk\/de\/alsik-spa\/wellness-und-behandlungen\/","og_site_name":"Alsik Hotel &amp; Spa","article_modified_time":"2026-01-14T09:48:34+00:00","og_image":[{"width":1201,"height":1800,"url":"https:\/\/alsik.dk\/wp-content\/uploads\/2025\/01\/Wellness-behandlinger-4.jpg","type":"image\/jpeg"}],"twitter_card":"summary_large_image","twitter_misc":{"Gesch\u00e4tzte Lesezeit":"1\u00a0Minute"},"schema":{"@context":"https:\/\/schema.org","@graph":[{"@type":"WebPage","@id":"https:\/\/alsik.dk\/de\/alsik-spa\/wellness-und-behandlungen\/","url":"https:\/\/alsik.dk\/de\/alsik-spa\/wellness-und-behandlungen\/","name":"Wellness und Behandlungen | Alsik Hotel &amp; Spa","isPartOf":{"@id":"https:\/\/alsik.dk\/de\/#website"},"primaryImageOfPage":{"@id":"https:\/\/alsik.dk\/de\/alsik-spa\/wellness-und-behandlungen\/#primaryimage"},"image":{"@id":"https:\/\/alsik.dk\/de\/alsik-spa\/wellness-und-behandlungen\/#primaryimage"},"thumbnailUrl":"https:\/\/alsik.dk\/wp-content\/uploads\/2025\/01\/Wellness-behandlinger-4.jpg","datePublished":"2019-07-01T10:03:07+00:00","dateModified":"2026-01-14T09:48:34+00:00","description":"Hier erhalten Sie klassische Behandlungen, die auf die besten Spa- und Wellness-Traditionen gegr\u00fcndet sind.","breadcrumb":{"@id":"https:\/\/alsik.dk\/de\/alsik-spa\/wellness-und-behandlungen\/#breadcrumb"},"inLanguage":"de","potentialAction":[{"@type":"ReadAction","target":["https:\/\/alsik.dk\/de\/alsik-spa\/wellness-und-behandlungen\/"]}]},{"@type":"ImageObject","inLanguage":"de","@id":"https:\/\/alsik.dk\/de\/alsik-spa\/wellness-und-behandlungen\/#primaryimage","url":"https:\/\/alsik.dk\/wp-content\/uploads\/2025\/01\/Wellness-behandlinger-4.jpg","contentUrl":"https:\/\/alsik.dk\/wp-content\/uploads\/2025\/01\/Wellness-behandlinger-4.jpg","width":1201,"height":1800},{"@type":"BreadcrumbList","@id":"https:\/\/alsik.dk\/de\/alsik-spa\/wellness-und-behandlungen\/#breadcrumb","itemListElement":[{"@type":"ListItem","position":1,"name":"Hjem","item":"https:\/\/alsik.dk\/de\/"},{"@type":"ListItem","position":2,"name":"Erleben Sie das Alsik Spa","item":"https:\/\/alsik.dk\/de\/alsik-spa\/"},{"@type":"ListItem","position":3,"name":"Wellness und Behandlungen"}]},{"@type":"WebSite","@id":"https:\/\/alsik.dk\/de\/#website","url":"https:\/\/alsik.dk\/de\/","name":"Alsik Hotel &amp; Spa","description":"Alsik er et af Danmarks mest sp\u00e6ndende hoteller med stilfulde og topmoderne v\u00e6relser. Oplev Danmarks st\u00f8rste spa med flere end 60 forskellige spa- og wellnessoplevelser eller fork\u00e6l sanserne med gastronomi i s\u00e6rklasse i Alsiks tre restauranter.","potentialAction":[{"@type":"SearchAction","target":{"@type":"EntryPoint","urlTemplate":"https:\/\/alsik.dk\/de\/?s={search_term_string}"},"query-input":{"@type":"PropertyValueSpecification","valueRequired":true,"valueName":"search_term_string"}}],"inLanguage":"de"}]}},"_links":{"self":[{"href":"https:\/\/alsik.dk\/de\/wp-json\/wp\/v2\/pages\/2840","targetHints":{"allow":["GET"]}}],"collection":[{"href":"https:\/\/alsik.dk\/de\/wp-json\/wp\/v2\/pages"}],"about":[{"href":"https:\/\/alsik.dk\/de\/wp-json\/wp\/v2\/types\/page"}],"author":[{"embeddable":true,"href":"https:\/\/alsik.dk\/de\/wp-json\/wp\/v2\/users\/7"}],"replies":[{"embeddable":true,"href":"https:\/\/alsik.dk\/de\/wp-json\/wp\/v2\/comments?post=2840"}],"version-history":[{"count":21,"href":"https:\/\/alsik.dk\/de\/wp-json\/wp\/v2\/pages\/2840\/revisions"}],"predecessor-version":[{"id":18116,"href":"https:\/\/alsik.dk\/de\/wp-json\/wp\/v2\/pages\/2840\/revisions\/18116"}],"up":[{"embeddable":true,"href":"https:\/\/alsik.dk\/de\/wp-json\/wp\/v2\/pages\/3338"}],"wp:featuredmedia":[{"embeddable":true,"href":"https:\/\/alsik.dk\/de\/wp-json\/wp\/v2\/media\/15204"}],"wp:attachment":[{"href":"https:\/\/alsik.dk\/de\/wp-json\/wp\/v2\/media?parent=2840"}],"wp:term":[{"taxonomy":"post_tag","embeddable":true,"href":"https:\/\/alsik.dk\/de\/wp-json\/wp\/v2\/tags?post=2840"}],"curies":[{"name":"wp","href":"https:\/\/api.w.org\/{rel}","templated":true}]}}