{"id":2869,"date":"2019-07-02T10:57:52","date_gmt":"2019-07-02T08:57:52","guid":{"rendered":"https:\/\/alsik.dk\/wellness-og-behandlinger\/massage-kropsbehandling\/"},"modified":"2026-03-26T13:09:10","modified_gmt":"2026-03-26T12:09:10","slug":"massage-koerperbehandlung","status":"publish","type":"page","link":"https:\/\/alsik.dk\/de\/alsik-spa\/wellness-und-behandlungen\/massage-koerperbehandlung\/","title":{"rendered":"Massage &#038; Body Rituals"},"content":{"rendered":"<p>Es geht um Achtung vor dem K\u00f6rper und die Schaffung sowohl physischer als auch seelischer Ausgeglichenheit und Ruhe. Wir bem\u00fchen uns darum in jeder Hinsicht und begegnen Ihnen jederzeit aufmerksam und entgegenkommend.<\/p>\n","protected":false},"excerpt":{"rendered":"<p>Probieren Sie unsere einzigartige Signaturbehandlung Danam oder erleben Sie Heilbehandlungen mit Techniken, die den Kreislauf und die Muskulatur stimulieren, sodass der K\u00f6rper sich dann mit erneuerter Kraft, Geschmeidigkeit und Energie entspannt f\u00fchlt.<\/p>\n","protected":false},"author":7,"featured_media":15237,"parent":2840,"menu_order":0,"comment_status":"closed","ping_status":"closed","template":"","meta":{"_acf_changed":false,"footnotes":""},"tags":[],"class_list":["post-2869","page","type-page","status-publish","has-post-thumbnail","hentry"],"acf":[],"yoast_head":"<!-- This site is optimized with the Yoast SEO plugin v24.3 - https:\/\/yoast.com\/wordpress\/plugins\/seo\/ -->\n<title>Massage &amp; Body Rituals | Alsik Hotel &amp; Spa<\/title>\n<meta name=\"description\" content=\"Probieren Sie unsere einzigartige Signaturbehandlung Danam oder erleben Sie Heilbehandlungen im Alsik Nordisk Spa.\" \/>\n<meta name=\"robots\" content=\"index, follow, max-snippet:-1, max-image-preview:large, max-video-preview:-1\" \/>\n<link rel=\"canonical\" href=\"https:\/\/alsik.dk\/de\/alsik-spa\/wellness-und-behandlungen\/massage-koerperbehandlung\/\" \/>\n<meta property=\"og:locale\" content=\"de_DE\" \/>\n<meta property=\"og:type\" content=\"article\" \/>\n<meta property=\"og:title\" content=\"Massage &amp; Body Rituals | Alsik Hotel &amp; Spa\" \/>\n<meta property=\"og:description\" content=\"Probieren Sie unsere einzigartige Signaturbehandlung Danam oder erleben Sie Heilbehandlungen im Alsik Nordisk Spa.\" \/>\n<meta property=\"og:url\" content=\"https:\/\/alsik.dk\/de\/alsik-spa\/wellness-und-behandlungen\/massage-koerperbehandlung\/\" \/>\n<meta property=\"og:site_name\" content=\"Alsik Hotel &amp; Spa\" \/>\n<meta property=\"article:modified_time\" content=\"2026-03-26T12:09:10+00:00\" \/>\n<meta property=\"og:image\" content=\"https:\/\/alsik.dk\/wp-content\/uploads\/2025\/01\/Wellness-behandlinger-15.jpg\" \/>\n\t<meta property=\"og:image:width\" content=\"1201\" \/>\n\t<meta property=\"og:image:height\" content=\"1800\" \/>\n\t<meta property=\"og:image:type\" content=\"image\/jpeg\" \/>\n<meta name=\"twitter:card\" content=\"summary_large_image\" \/>\n<meta name=\"twitter:label1\" content=\"Gesch\u00e4tzte Lesezeit\" \/>\n\t<meta name=\"twitter:data1\" content=\"1\u00a0Minute\" \/>\n<script type=\"application\/ld+json\" class=\"yoast-schema-graph\">{\"@context\":\"https:\/\/schema.org\",\"@graph\":[{\"@type\":\"WebPage\",\"@id\":\"https:\/\/alsik.dk\/de\/alsik-spa\/wellness-und-behandlungen\/massage-koerperbehandlung\/\",\"url\":\"https:\/\/alsik.dk\/de\/alsik-spa\/wellness-und-behandlungen\/massage-koerperbehandlung\/\",\"name\":\"Massage & Body Rituals | Alsik Hotel &amp; Spa\",\"isPartOf\":{\"@id\":\"https:\/\/alsik.dk\/de\/#website\"},\"primaryImageOfPage\":{\"@id\":\"https:\/\/alsik.dk\/de\/alsik-spa\/wellness-und-behandlungen\/massage-koerperbehandlung\/#primaryimage\"},\"image\":{\"@id\":\"https:\/\/alsik.dk\/de\/alsik-spa\/wellness-und-behandlungen\/massage-koerperbehandlung\/#primaryimage\"},\"thumbnailUrl\":\"https:\/\/alsik.dk\/wp-content\/uploads\/2025\/01\/Wellness-behandlinger-15.jpg\",\"datePublished\":\"2019-07-02T08:57:52+00:00\",\"dateModified\":\"2026-03-26T12:09:10+00:00\",\"description\":\"Probieren Sie unsere einzigartige Signaturbehandlung Danam oder erleben Sie Heilbehandlungen im Alsik Nordisk Spa.\",\"breadcrumb\":{\"@id\":\"https:\/\/alsik.dk\/de\/alsik-spa\/wellness-und-behandlungen\/massage-koerperbehandlung\/#breadcrumb\"},\"inLanguage\":\"de\",\"potentialAction\":[{\"@type\":\"ReadAction\",\"target\":[\"https:\/\/alsik.dk\/de\/alsik-spa\/wellness-und-behandlungen\/massage-koerperbehandlung\/\"]}]},{\"@type\":\"ImageObject\",\"inLanguage\":\"de\",\"@id\":\"https:\/\/alsik.dk\/de\/alsik-spa\/wellness-und-behandlungen\/massage-koerperbehandlung\/#primaryimage\",\"url\":\"https:\/\/alsik.dk\/wp-content\/uploads\/2025\/01\/Wellness-behandlinger-15.jpg\",\"contentUrl\":\"https:\/\/alsik.dk\/wp-content\/uploads\/2025\/01\/Wellness-behandlinger-15.jpg\",\"width\":1201,\"height\":1800},{\"@type\":\"BreadcrumbList\",\"@id\":\"https:\/\/alsik.dk\/de\/alsik-spa\/wellness-und-behandlungen\/massage-koerperbehandlung\/#breadcrumb\",\"itemListElement\":[{\"@type\":\"ListItem\",\"position\":1,\"name\":\"Hjem\",\"item\":\"https:\/\/alsik.dk\/de\/\"},{\"@type\":\"ListItem\",\"position\":2,\"name\":\"Erleben Sie das Alsik Spa\",\"item\":\"https:\/\/alsik.dk\/de\/alsik-spa\/\"},{\"@type\":\"ListItem\",\"position\":3,\"name\":\"Wellness und Behandlungen\",\"item\":\"https:\/\/alsik.dk\/de\/alsik-spa\/wellness-und-behandlungen\/\"},{\"@type\":\"ListItem\",\"position\":4,\"name\":\"Massage &#038; Body Rituals\"}]},{\"@type\":\"WebSite\",\"@id\":\"https:\/\/alsik.dk\/de\/#website\",\"url\":\"https:\/\/alsik.dk\/de\/\",\"name\":\"Alsik Hotel &amp; Spa\",\"description\":\"Alsik er et af Danmarks mest sp\u00e6ndende hoteller med stilfulde og topmoderne v\u00e6relser. Oplev Danmarks st\u00f8rste spa med flere end 60 forskellige spa- og wellnessoplevelser eller fork\u00e6l sanserne med gastronomi i s\u00e6rklasse i Alsiks tre restauranter.\",\"potentialAction\":[{\"@type\":\"SearchAction\",\"target\":{\"@type\":\"EntryPoint\",\"urlTemplate\":\"https:\/\/alsik.dk\/de\/?s={search_term_string}\"},\"query-input\":{\"@type\":\"PropertyValueSpecification\",\"valueRequired\":true,\"valueName\":\"search_term_string\"}}],\"inLanguage\":\"de\"}]}<\/script>\n<!-- \/ Yoast SEO plugin. -->","yoast_head_json":{"title":"Massage & Body Rituals | Alsik Hotel &amp; Spa","description":"Probieren Sie unsere einzigartige Signaturbehandlung Danam oder erleben Sie Heilbehandlungen im Alsik Nordisk Spa.","robots":{"index":"index","follow":"follow","max-snippet":"max-snippet:-1","max-image-preview":"max-image-preview:large","max-video-preview":"max-video-preview:-1"},"canonical":"https:\/\/alsik.dk\/de\/alsik-spa\/wellness-und-behandlungen\/massage-koerperbehandlung\/","og_locale":"de_DE","og_type":"article","og_title":"Massage & Body Rituals | Alsik Hotel &amp; Spa","og_description":"Probieren Sie unsere einzigartige Signaturbehandlung Danam oder erleben Sie Heilbehandlungen im Alsik Nordisk Spa.","og_url":"https:\/\/alsik.dk\/de\/alsik-spa\/wellness-und-behandlungen\/massage-koerperbehandlung\/","og_site_name":"Alsik Hotel &amp; Spa","article_modified_time":"2026-03-26T12:09:10+00:00","og_image":[{"width":1201,"height":1800,"url":"https:\/\/alsik.dk\/wp-content\/uploads\/2025\/01\/Wellness-behandlinger-15.jpg","type":"image\/jpeg"}],"twitter_card":"summary_large_image","twitter_misc":{"Gesch\u00e4tzte Lesezeit":"1\u00a0Minute"},"schema":{"@context":"https:\/\/schema.org","@graph":[{"@type":"WebPage","@id":"https:\/\/alsik.dk\/de\/alsik-spa\/wellness-und-behandlungen\/massage-koerperbehandlung\/","url":"https:\/\/alsik.dk\/de\/alsik-spa\/wellness-und-behandlungen\/massage-koerperbehandlung\/","name":"Massage & Body Rituals | Alsik Hotel &amp; Spa","isPartOf":{"@id":"https:\/\/alsik.dk\/de\/#website"},"primaryImageOfPage":{"@id":"https:\/\/alsik.dk\/de\/alsik-spa\/wellness-und-behandlungen\/massage-koerperbehandlung\/#primaryimage"},"image":{"@id":"https:\/\/alsik.dk\/de\/alsik-spa\/wellness-und-behandlungen\/massage-koerperbehandlung\/#primaryimage"},"thumbnailUrl":"https:\/\/alsik.dk\/wp-content\/uploads\/2025\/01\/Wellness-behandlinger-15.jpg","datePublished":"2019-07-02T08:57:52+00:00","dateModified":"2026-03-26T12:09:10+00:00","description":"Probieren Sie unsere einzigartige Signaturbehandlung Danam oder erleben Sie Heilbehandlungen im Alsik Nordisk Spa.","breadcrumb":{"@id":"https:\/\/alsik.dk\/de\/alsik-spa\/wellness-und-behandlungen\/massage-koerperbehandlung\/#breadcrumb"},"inLanguage":"de","potentialAction":[{"@type":"ReadAction","target":["https:\/\/alsik.dk\/de\/alsik-spa\/wellness-und-behandlungen\/massage-koerperbehandlung\/"]}]},{"@type":"ImageObject","inLanguage":"de","@id":"https:\/\/alsik.dk\/de\/alsik-spa\/wellness-und-behandlungen\/massage-koerperbehandlung\/#primaryimage","url":"https:\/\/alsik.dk\/wp-content\/uploads\/2025\/01\/Wellness-behandlinger-15.jpg","contentUrl":"https:\/\/alsik.dk\/wp-content\/uploads\/2025\/01\/Wellness-behandlinger-15.jpg","width":1201,"height":1800},{"@type":"BreadcrumbList","@id":"https:\/\/alsik.dk\/de\/alsik-spa\/wellness-und-behandlungen\/massage-koerperbehandlung\/#breadcrumb","itemListElement":[{"@type":"ListItem","position":1,"name":"Hjem","item":"https:\/\/alsik.dk\/de\/"},{"@type":"ListItem","position":2,"name":"Erleben Sie das Alsik Spa","item":"https:\/\/alsik.dk\/de\/alsik-spa\/"},{"@type":"ListItem","position":3,"name":"Wellness und Behandlungen","item":"https:\/\/alsik.dk\/de\/alsik-spa\/wellness-und-behandlungen\/"},{"@type":"ListItem","position":4,"name":"Massage &#038; Body Rituals"}]},{"@type":"WebSite","@id":"https:\/\/alsik.dk\/de\/#website","url":"https:\/\/alsik.dk\/de\/","name":"Alsik Hotel &amp; Spa","description":"Alsik er et af Danmarks mest sp\u00e6ndende hoteller med stilfulde og topmoderne v\u00e6relser. Oplev Danmarks st\u00f8rste spa med flere end 60 forskellige spa- og wellnessoplevelser eller fork\u00e6l sanserne med gastronomi i s\u00e6rklasse i Alsiks tre restauranter.","potentialAction":[{"@type":"SearchAction","target":{"@type":"EntryPoint","urlTemplate":"https:\/\/alsik.dk\/de\/?s={search_term_string}"},"query-input":{"@type":"PropertyValueSpecification","valueRequired":true,"valueName":"search_term_string"}}],"inLanguage":"de"}]}},"_links":{"self":[{"href":"https:\/\/alsik.dk\/de\/wp-json\/wp\/v2\/pages\/2869","targetHints":{"allow":["GET"]}}],"collection":[{"href":"https:\/\/alsik.dk\/de\/wp-json\/wp\/v2\/pages"}],"about":[{"href":"https:\/\/alsik.dk\/de\/wp-json\/wp\/v2\/types\/page"}],"author":[{"embeddable":true,"href":"https:\/\/alsik.dk\/de\/wp-json\/wp\/v2\/users\/7"}],"replies":[{"embeddable":true,"href":"https:\/\/alsik.dk\/de\/wp-json\/wp\/v2\/comments?post=2869"}],"version-history":[{"count":11,"href":"https:\/\/alsik.dk\/de\/wp-json\/wp\/v2\/pages\/2869\/revisions"}],"predecessor-version":[{"id":18118,"href":"https:\/\/alsik.dk\/de\/wp-json\/wp\/v2\/pages\/2869\/revisions\/18118"}],"up":[{"embeddable":true,"href":"https:\/\/alsik.dk\/de\/wp-json\/wp\/v2\/pages\/2840"}],"wp:featuredmedia":[{"embeddable":true,"href":"https:\/\/alsik.dk\/de\/wp-json\/wp\/v2\/media\/15237"}],"wp:attachment":[{"href":"https:\/\/alsik.dk\/de\/wp-json\/wp\/v2\/media?parent=2869"}],"wp:term":[{"taxonomy":"post_tag","embeddable":true,"href":"https:\/\/alsik.dk\/de\/wp-json\/wp\/v2\/tags?post=2869"}],"curies":[{"name":"wp","href":"https:\/\/api.w.org\/{rel}","templated":true}]}}