{"id":2900,"date":"2019-07-02T10:59:33","date_gmt":"2019-07-02T08:59:33","guid":{"rendered":"https:\/\/alsik.dk\/wellness-og-behandlinger\/private-spa-suiter\/"},"modified":"2025-03-11T11:03:07","modified_gmt":"2025-03-11T10:03:07","slug":"private-spa-suiten","status":"publish","type":"page","link":"https:\/\/alsik.dk\/de\/alsik-spa\/wellness-und-behandlungen\/private-spa-suiten\/","title":{"rendered":"Private Spa-Suiten"},"content":{"rendered":"","protected":false},"excerpt":{"rendered":"<p>G\u00f6nnen Sie sich einen pers\u00f6nlichen Raum, den Sie in Stille f\u00fcr sich allein oder mit einem Menschen Ihrer Wahl genie\u00dfen k\u00f6nnen. Hier haben Sie Platz, um sich abzukoppeln und angesichts des pr\u00e4chtigen Ausblicks \u00fcber den Alsensund harmonisch zur Ruhe zu finden. Unsere Spa-Suiten sind mit privatem Dampfbad und Sauna ausgestattet, damit Sie aus Ihrer Behandlung so viel wie m\u00f6glich herausholen.<\/p>\n","protected":false},"author":7,"featured_media":15259,"parent":2840,"menu_order":0,"comment_status":"closed","ping_status":"closed","template":"","meta":{"_acf_changed":false,"footnotes":""},"tags":[],"class_list":["post-2900","page","type-page","status-publish","has-post-thumbnail","hentry"],"acf":[],"yoast_head":"<!-- This site is optimized with the Yoast SEO plugin v24.3 - https:\/\/yoast.com\/wordpress\/plugins\/seo\/ -->\n<title>Private Spa-Suiten | Alsik Hotel &amp; Spa<\/title>\n<meta name=\"description\" content=\"Unsere Spa-Suiten sind mit privatem Dampfbad und Sauna ausgestattet, damit Sie aus Ihrer Behandlung so viel wie m\u00f6glich herausholen.\" \/>\n<meta name=\"robots\" content=\"index, follow, max-snippet:-1, max-image-preview:large, max-video-preview:-1\" \/>\n<link rel=\"canonical\" href=\"https:\/\/alsik.dk\/de\/alsik-spa\/wellness-und-behandlungen\/private-spa-suiten\/\" \/>\n<meta property=\"og:locale\" content=\"de_DE\" \/>\n<meta property=\"og:type\" content=\"article\" \/>\n<meta property=\"og:title\" content=\"Private Spa-Suiten | Alsik Hotel &amp; Spa\" \/>\n<meta property=\"og:description\" content=\"Unsere Spa-Suiten sind mit privatem Dampfbad und Sauna ausgestattet, damit Sie aus Ihrer Behandlung so viel wie m\u00f6glich herausholen.\" \/>\n<meta property=\"og:url\" content=\"https:\/\/alsik.dk\/de\/alsik-spa\/wellness-und-behandlungen\/private-spa-suiten\/\" \/>\n<meta property=\"og:site_name\" content=\"Alsik Hotel &amp; Spa\" \/>\n<meta property=\"article:modified_time\" content=\"2025-03-11T10:03:07+00:00\" \/>\n<meta property=\"og:image\" content=\"https:\/\/alsik.dk\/wp-content\/uploads\/2025\/01\/behandlerrum-par-1-scaled.jpg\" \/>\n\t<meta property=\"og:image:width\" content=\"2560\" \/>\n\t<meta property=\"og:image:height\" content=\"1707\" \/>\n\t<meta property=\"og:image:type\" content=\"image\/jpeg\" \/>\n<meta name=\"twitter:card\" content=\"summary_large_image\" \/>\n<meta name=\"twitter:label1\" content=\"Gesch\u00e4tzte Lesezeit\" \/>\n\t<meta name=\"twitter:data1\" content=\"1\u00a0Minute\" \/>\n<script type=\"application\/ld+json\" class=\"yoast-schema-graph\">{\"@context\":\"https:\/\/schema.org\",\"@graph\":[{\"@type\":\"WebPage\",\"@id\":\"https:\/\/alsik.dk\/de\/alsik-spa\/wellness-und-behandlungen\/private-spa-suiten\/\",\"url\":\"https:\/\/alsik.dk\/de\/alsik-spa\/wellness-und-behandlungen\/private-spa-suiten\/\",\"name\":\"Private Spa-Suiten | Alsik Hotel &amp; Spa\",\"isPartOf\":{\"@id\":\"https:\/\/alsik.dk\/de\/#website\"},\"primaryImageOfPage\":{\"@id\":\"https:\/\/alsik.dk\/de\/alsik-spa\/wellness-und-behandlungen\/private-spa-suiten\/#primaryimage\"},\"image\":{\"@id\":\"https:\/\/alsik.dk\/de\/alsik-spa\/wellness-und-behandlungen\/private-spa-suiten\/#primaryimage\"},\"thumbnailUrl\":\"https:\/\/alsik.dk\/wp-content\/uploads\/2025\/01\/behandlerrum-par-1-scaled.jpg\",\"datePublished\":\"2019-07-02T08:59:33+00:00\",\"dateModified\":\"2025-03-11T10:03:07+00:00\",\"description\":\"Unsere Spa-Suiten sind mit privatem Dampfbad und Sauna ausgestattet, damit Sie aus Ihrer Behandlung so viel wie m\u00f6glich herausholen.\",\"breadcrumb\":{\"@id\":\"https:\/\/alsik.dk\/de\/alsik-spa\/wellness-und-behandlungen\/private-spa-suiten\/#breadcrumb\"},\"inLanguage\":\"de\",\"potentialAction\":[{\"@type\":\"ReadAction\",\"target\":[\"https:\/\/alsik.dk\/de\/alsik-spa\/wellness-und-behandlungen\/private-spa-suiten\/\"]}]},{\"@type\":\"ImageObject\",\"inLanguage\":\"de\",\"@id\":\"https:\/\/alsik.dk\/de\/alsik-spa\/wellness-und-behandlungen\/private-spa-suiten\/#primaryimage\",\"url\":\"https:\/\/alsik.dk\/wp-content\/uploads\/2025\/01\/behandlerrum-par-1-scaled.jpg\",\"contentUrl\":\"https:\/\/alsik.dk\/wp-content\/uploads\/2025\/01\/behandlerrum-par-1-scaled.jpg\",\"width\":2560,\"height\":1707},{\"@type\":\"BreadcrumbList\",\"@id\":\"https:\/\/alsik.dk\/de\/alsik-spa\/wellness-und-behandlungen\/private-spa-suiten\/#breadcrumb\",\"itemListElement\":[{\"@type\":\"ListItem\",\"position\":1,\"name\":\"Hjem\",\"item\":\"https:\/\/alsik.dk\/de\/\"},{\"@type\":\"ListItem\",\"position\":2,\"name\":\"Erleben Sie das Alsik Spa\",\"item\":\"https:\/\/alsik.dk\/de\/alsik-spa\/\"},{\"@type\":\"ListItem\",\"position\":3,\"name\":\"Wellness und Behandlungen\",\"item\":\"https:\/\/alsik.dk\/de\/alsik-spa\/wellness-und-behandlungen\/\"},{\"@type\":\"ListItem\",\"position\":4,\"name\":\"Private Spa-Suiten\"}]},{\"@type\":\"WebSite\",\"@id\":\"https:\/\/alsik.dk\/de\/#website\",\"url\":\"https:\/\/alsik.dk\/de\/\",\"name\":\"Alsik Hotel &amp; Spa\",\"description\":\"Alsik er et af Danmarks mest sp\u00e6ndende hoteller med stilfulde og topmoderne v\u00e6relser. Oplev Danmarks st\u00f8rste spa med flere end 60 forskellige spa- og wellnessoplevelser eller fork\u00e6l sanserne med gastronomi i s\u00e6rklasse i Alsiks tre restauranter.\",\"potentialAction\":[{\"@type\":\"SearchAction\",\"target\":{\"@type\":\"EntryPoint\",\"urlTemplate\":\"https:\/\/alsik.dk\/de\/?s={search_term_string}\"},\"query-input\":{\"@type\":\"PropertyValueSpecification\",\"valueRequired\":true,\"valueName\":\"search_term_string\"}}],\"inLanguage\":\"de\"}]}<\/script>\n<!-- \/ Yoast SEO plugin. -->","yoast_head_json":{"title":"Private Spa-Suiten | Alsik Hotel &amp; Spa","description":"Unsere Spa-Suiten sind mit privatem Dampfbad und Sauna ausgestattet, damit Sie aus Ihrer Behandlung so viel wie m\u00f6glich herausholen.","robots":{"index":"index","follow":"follow","max-snippet":"max-snippet:-1","max-image-preview":"max-image-preview:large","max-video-preview":"max-video-preview:-1"},"canonical":"https:\/\/alsik.dk\/de\/alsik-spa\/wellness-und-behandlungen\/private-spa-suiten\/","og_locale":"de_DE","og_type":"article","og_title":"Private Spa-Suiten | Alsik Hotel &amp; Spa","og_description":"Unsere Spa-Suiten sind mit privatem Dampfbad und Sauna ausgestattet, damit Sie aus Ihrer Behandlung so viel wie m\u00f6glich herausholen.","og_url":"https:\/\/alsik.dk\/de\/alsik-spa\/wellness-und-behandlungen\/private-spa-suiten\/","og_site_name":"Alsik Hotel &amp; Spa","article_modified_time":"2025-03-11T10:03:07+00:00","og_image":[{"width":2560,"height":1707,"url":"https:\/\/alsik.dk\/wp-content\/uploads\/2025\/01\/behandlerrum-par-1-scaled.jpg","type":"image\/jpeg"}],"twitter_card":"summary_large_image","twitter_misc":{"Gesch\u00e4tzte Lesezeit":"1\u00a0Minute"},"schema":{"@context":"https:\/\/schema.org","@graph":[{"@type":"WebPage","@id":"https:\/\/alsik.dk\/de\/alsik-spa\/wellness-und-behandlungen\/private-spa-suiten\/","url":"https:\/\/alsik.dk\/de\/alsik-spa\/wellness-und-behandlungen\/private-spa-suiten\/","name":"Private Spa-Suiten | Alsik Hotel &amp; Spa","isPartOf":{"@id":"https:\/\/alsik.dk\/de\/#website"},"primaryImageOfPage":{"@id":"https:\/\/alsik.dk\/de\/alsik-spa\/wellness-und-behandlungen\/private-spa-suiten\/#primaryimage"},"image":{"@id":"https:\/\/alsik.dk\/de\/alsik-spa\/wellness-und-behandlungen\/private-spa-suiten\/#primaryimage"},"thumbnailUrl":"https:\/\/alsik.dk\/wp-content\/uploads\/2025\/01\/behandlerrum-par-1-scaled.jpg","datePublished":"2019-07-02T08:59:33+00:00","dateModified":"2025-03-11T10:03:07+00:00","description":"Unsere Spa-Suiten sind mit privatem Dampfbad und Sauna ausgestattet, damit Sie aus Ihrer Behandlung so viel wie m\u00f6glich herausholen.","breadcrumb":{"@id":"https:\/\/alsik.dk\/de\/alsik-spa\/wellness-und-behandlungen\/private-spa-suiten\/#breadcrumb"},"inLanguage":"de","potentialAction":[{"@type":"ReadAction","target":["https:\/\/alsik.dk\/de\/alsik-spa\/wellness-und-behandlungen\/private-spa-suiten\/"]}]},{"@type":"ImageObject","inLanguage":"de","@id":"https:\/\/alsik.dk\/de\/alsik-spa\/wellness-und-behandlungen\/private-spa-suiten\/#primaryimage","url":"https:\/\/alsik.dk\/wp-content\/uploads\/2025\/01\/behandlerrum-par-1-scaled.jpg","contentUrl":"https:\/\/alsik.dk\/wp-content\/uploads\/2025\/01\/behandlerrum-par-1-scaled.jpg","width":2560,"height":1707},{"@type":"BreadcrumbList","@id":"https:\/\/alsik.dk\/de\/alsik-spa\/wellness-und-behandlungen\/private-spa-suiten\/#breadcrumb","itemListElement":[{"@type":"ListItem","position":1,"name":"Hjem","item":"https:\/\/alsik.dk\/de\/"},{"@type":"ListItem","position":2,"name":"Erleben Sie das Alsik Spa","item":"https:\/\/alsik.dk\/de\/alsik-spa\/"},{"@type":"ListItem","position":3,"name":"Wellness und Behandlungen","item":"https:\/\/alsik.dk\/de\/alsik-spa\/wellness-und-behandlungen\/"},{"@type":"ListItem","position":4,"name":"Private Spa-Suiten"}]},{"@type":"WebSite","@id":"https:\/\/alsik.dk\/de\/#website","url":"https:\/\/alsik.dk\/de\/","name":"Alsik Hotel &amp; Spa","description":"Alsik er et af Danmarks mest sp\u00e6ndende hoteller med stilfulde og topmoderne v\u00e6relser. Oplev Danmarks st\u00f8rste spa med flere end 60 forskellige spa- og wellnessoplevelser eller fork\u00e6l sanserne med gastronomi i s\u00e6rklasse i Alsiks tre restauranter.","potentialAction":[{"@type":"SearchAction","target":{"@type":"EntryPoint","urlTemplate":"https:\/\/alsik.dk\/de\/?s={search_term_string}"},"query-input":{"@type":"PropertyValueSpecification","valueRequired":true,"valueName":"search_term_string"}}],"inLanguage":"de"}]}},"_links":{"self":[{"href":"https:\/\/alsik.dk\/de\/wp-json\/wp\/v2\/pages\/2900","targetHints":{"allow":["GET"]}}],"collection":[{"href":"https:\/\/alsik.dk\/de\/wp-json\/wp\/v2\/pages"}],"about":[{"href":"https:\/\/alsik.dk\/de\/wp-json\/wp\/v2\/types\/page"}],"author":[{"embeddable":true,"href":"https:\/\/alsik.dk\/de\/wp-json\/wp\/v2\/users\/7"}],"replies":[{"embeddable":true,"href":"https:\/\/alsik.dk\/de\/wp-json\/wp\/v2\/comments?post=2900"}],"version-history":[{"count":8,"href":"https:\/\/alsik.dk\/de\/wp-json\/wp\/v2\/pages\/2900\/revisions"}],"predecessor-version":[{"id":15678,"href":"https:\/\/alsik.dk\/de\/wp-json\/wp\/v2\/pages\/2900\/revisions\/15678"}],"up":[{"embeddable":true,"href":"https:\/\/alsik.dk\/de\/wp-json\/wp\/v2\/pages\/2840"}],"wp:featuredmedia":[{"embeddable":true,"href":"https:\/\/alsik.dk\/de\/wp-json\/wp\/v2\/media\/15259"}],"wp:attachment":[{"href":"https:\/\/alsik.dk\/de\/wp-json\/wp\/v2\/media?parent=2900"}],"wp:term":[{"taxonomy":"post_tag","embeddable":true,"href":"https:\/\/alsik.dk\/de\/wp-json\/wp\/v2\/tags?post=2900"}],"curies":[{"name":"wp","href":"https:\/\/api.w.org\/{rel}","templated":true}]}}