{"id":2911,"date":"2019-07-02T11:02:45","date_gmt":"2019-07-02T09:02:45","guid":{"rendered":"https:\/\/alsik.dk\/fitness-gym-yoga-studio\/"},"modified":"2025-01-14T10:56:44","modified_gmt":"2025-01-14T09:56:44","slug":"fitness-gym-yoga-studio","status":"publish","type":"page","link":"https:\/\/alsik.dk\/de\/alsik-spa\/fitness-gym-yoga-studio\/","title":{"rendered":"Fitness und Mitgliedschaften"},"content":{"rendered":"<p>Wir bieten Gruppentraining, pers\u00f6nliche Anleitung sowie Yoga und Achtsamkeitstraining f\u00fcr Kraft, Beweglichkeit und inneren Frieden an.<\/p>\n<p>Als Hotelgast k\u00f6nnen Sie Alsik Fitness rund um die Uhr kostenlos nutzen.<\/p>\n<p>Als Mitglied k\u00f6nnen Sie w\u00e4hrend der \u00d6ffnungszeiten frei trainieren. Es ist auch m\u00f6glich, einmalig zu trainieren.<\/p>\n<p>Altersvoraussetzungen: Mind. 18 Jahre &#8211; oder 16 Jahre in Begleitung einer Person von mindestens 18 Jahren<\/p>\n","protected":false},"excerpt":{"rendered":"<p>Wenn Sie das Alsik Fitness, Gym &#038; Yoga Studio besuchen, begegnen Sie t\u00fcchtigen und leidenschaftlichen Instruktoren, die Ihnen helfen und Sie anleiten, damit Sie entsprechend Ihrem pers\u00f6nlichen Bedarf die besten Ergebnisse erzielen. Hier trainieren Sie in sch\u00f6ner, lichter Umgebung mit der neuesten Trainingsausr\u00fcstung von Technogym und Escape Fitness. Wir bieten Gruppentraining, Fitnessprogramme und Yoga sowie auf Kraft und innere Ruhe zielende Achtsamkeit.<\/p>\n","protected":false},"author":7,"featured_media":2912,"parent":3338,"menu_order":0,"comment_status":"closed","ping_status":"closed","template":"","meta":{"_acf_changed":false,"footnotes":""},"tags":[],"class_list":["post-2911","page","type-page","status-publish","has-post-thumbnail","hentry"],"acf":[],"yoast_head":"<!-- This site is optimized with the Yoast SEO plugin v24.3 - https:\/\/yoast.com\/wordpress\/plugins\/seo\/ -->\n<title>Fitness und Mitgliedschaften | Alsik Hotel &amp; Spa<\/title>\n<meta name=\"description\" content=\"Hier trainieren Sie in sch\u00f6ner, lichter Umgebung mit der neuesten Trainingsausr\u00fcstung. Wir bieten Gruppentraining, Fitnessprogramme und Yoga.\" \/>\n<meta name=\"robots\" content=\"index, follow, max-snippet:-1, max-image-preview:large, max-video-preview:-1\" \/>\n<link rel=\"canonical\" href=\"https:\/\/alsik.dk\/de\/alsik-spa\/fitness-gym-yoga-studio\/\" \/>\n<meta property=\"og:locale\" content=\"de_DE\" \/>\n<meta property=\"og:type\" content=\"article\" \/>\n<meta property=\"og:title\" content=\"Fitness und Mitgliedschaften | Alsik Hotel &amp; Spa\" \/>\n<meta property=\"og:description\" content=\"Hier trainieren Sie in sch\u00f6ner, lichter Umgebung mit der neuesten Trainingsausr\u00fcstung. Wir bieten Gruppentraining, Fitnessprogramme und Yoga.\" \/>\n<meta property=\"og:url\" content=\"https:\/\/alsik.dk\/de\/alsik-spa\/fitness-gym-yoga-studio\/\" \/>\n<meta property=\"og:site_name\" content=\"Alsik Hotel &amp; Spa\" \/>\n<meta property=\"article:modified_time\" content=\"2025-01-14T09:56:44+00:00\" \/>\n<meta property=\"og:image\" content=\"https:\/\/alsik.dk\/wp-content\/uploads\/2019\/07\/medlemsskaber_fitness_club-scaled.jpg\" \/>\n\t<meta property=\"og:image:width\" content=\"2560\" \/>\n\t<meta property=\"og:image:height\" content=\"1707\" \/>\n\t<meta property=\"og:image:type\" content=\"image\/jpeg\" \/>\n<meta name=\"twitter:card\" content=\"summary_large_image\" \/>\n<meta name=\"twitter:label1\" content=\"Gesch\u00e4tzte Lesezeit\" \/>\n\t<meta name=\"twitter:data1\" content=\"1\u00a0Minute\" \/>\n<script type=\"application\/ld+json\" class=\"yoast-schema-graph\">{\"@context\":\"https:\/\/schema.org\",\"@graph\":[{\"@type\":\"WebPage\",\"@id\":\"https:\/\/alsik.dk\/de\/alsik-spa\/fitness-gym-yoga-studio\/\",\"url\":\"https:\/\/alsik.dk\/de\/alsik-spa\/fitness-gym-yoga-studio\/\",\"name\":\"Fitness und Mitgliedschaften | Alsik Hotel &amp; Spa\",\"isPartOf\":{\"@id\":\"https:\/\/alsik.dk\/de\/#website\"},\"primaryImageOfPage\":{\"@id\":\"https:\/\/alsik.dk\/de\/alsik-spa\/fitness-gym-yoga-studio\/#primaryimage\"},\"image\":{\"@id\":\"https:\/\/alsik.dk\/de\/alsik-spa\/fitness-gym-yoga-studio\/#primaryimage\"},\"thumbnailUrl\":\"https:\/\/alsik.dk\/wp-content\/uploads\/2019\/07\/medlemsskaber_fitness_club-scaled.jpg\",\"datePublished\":\"2019-07-02T09:02:45+00:00\",\"dateModified\":\"2025-01-14T09:56:44+00:00\",\"description\":\"Hier trainieren Sie in sch\u00f6ner, lichter Umgebung mit der neuesten Trainingsausr\u00fcstung. Wir bieten Gruppentraining, Fitnessprogramme und Yoga.\",\"breadcrumb\":{\"@id\":\"https:\/\/alsik.dk\/de\/alsik-spa\/fitness-gym-yoga-studio\/#breadcrumb\"},\"inLanguage\":\"de\",\"potentialAction\":[{\"@type\":\"ReadAction\",\"target\":[\"https:\/\/alsik.dk\/de\/alsik-spa\/fitness-gym-yoga-studio\/\"]}]},{\"@type\":\"ImageObject\",\"inLanguage\":\"de\",\"@id\":\"https:\/\/alsik.dk\/de\/alsik-spa\/fitness-gym-yoga-studio\/#primaryimage\",\"url\":\"https:\/\/alsik.dk\/wp-content\/uploads\/2019\/07\/medlemsskaber_fitness_club-scaled.jpg\",\"contentUrl\":\"https:\/\/alsik.dk\/wp-content\/uploads\/2019\/07\/medlemsskaber_fitness_club-scaled.jpg\",\"width\":2560,\"height\":1707},{\"@type\":\"BreadcrumbList\",\"@id\":\"https:\/\/alsik.dk\/de\/alsik-spa\/fitness-gym-yoga-studio\/#breadcrumb\",\"itemListElement\":[{\"@type\":\"ListItem\",\"position\":1,\"name\":\"Hjem\",\"item\":\"https:\/\/alsik.dk\/de\/\"},{\"@type\":\"ListItem\",\"position\":2,\"name\":\"Erleben Sie das Alsik Spa\",\"item\":\"https:\/\/alsik.dk\/de\/alsik-spa\/\"},{\"@type\":\"ListItem\",\"position\":3,\"name\":\"Fitness und Mitgliedschaften\"}]},{\"@type\":\"WebSite\",\"@id\":\"https:\/\/alsik.dk\/de\/#website\",\"url\":\"https:\/\/alsik.dk\/de\/\",\"name\":\"Alsik Hotel &amp; Spa\",\"description\":\"Alsik er et af Danmarks mest sp\u00e6ndende hoteller med stilfulde og topmoderne v\u00e6relser. Oplev Danmarks st\u00f8rste spa med flere end 60 forskellige spa- og wellnessoplevelser eller fork\u00e6l sanserne med gastronomi i s\u00e6rklasse i Alsiks tre restauranter.\",\"potentialAction\":[{\"@type\":\"SearchAction\",\"target\":{\"@type\":\"EntryPoint\",\"urlTemplate\":\"https:\/\/alsik.dk\/de\/?s={search_term_string}\"},\"query-input\":{\"@type\":\"PropertyValueSpecification\",\"valueRequired\":true,\"valueName\":\"search_term_string\"}}],\"inLanguage\":\"de\"}]}<\/script>\n<!-- \/ Yoast SEO plugin. -->","yoast_head_json":{"title":"Fitness und Mitgliedschaften | Alsik Hotel &amp; Spa","description":"Hier trainieren Sie in sch\u00f6ner, lichter Umgebung mit der neuesten Trainingsausr\u00fcstung. Wir bieten Gruppentraining, Fitnessprogramme und Yoga.","robots":{"index":"index","follow":"follow","max-snippet":"max-snippet:-1","max-image-preview":"max-image-preview:large","max-video-preview":"max-video-preview:-1"},"canonical":"https:\/\/alsik.dk\/de\/alsik-spa\/fitness-gym-yoga-studio\/","og_locale":"de_DE","og_type":"article","og_title":"Fitness und Mitgliedschaften | Alsik Hotel &amp; Spa","og_description":"Hier trainieren Sie in sch\u00f6ner, lichter Umgebung mit der neuesten Trainingsausr\u00fcstung. Wir bieten Gruppentraining, Fitnessprogramme und Yoga.","og_url":"https:\/\/alsik.dk\/de\/alsik-spa\/fitness-gym-yoga-studio\/","og_site_name":"Alsik Hotel &amp; Spa","article_modified_time":"2025-01-14T09:56:44+00:00","og_image":[{"width":2560,"height":1707,"url":"https:\/\/alsik.dk\/wp-content\/uploads\/2019\/07\/medlemsskaber_fitness_club-scaled.jpg","type":"image\/jpeg"}],"twitter_card":"summary_large_image","twitter_misc":{"Gesch\u00e4tzte Lesezeit":"1\u00a0Minute"},"schema":{"@context":"https:\/\/schema.org","@graph":[{"@type":"WebPage","@id":"https:\/\/alsik.dk\/de\/alsik-spa\/fitness-gym-yoga-studio\/","url":"https:\/\/alsik.dk\/de\/alsik-spa\/fitness-gym-yoga-studio\/","name":"Fitness und Mitgliedschaften | Alsik Hotel &amp; Spa","isPartOf":{"@id":"https:\/\/alsik.dk\/de\/#website"},"primaryImageOfPage":{"@id":"https:\/\/alsik.dk\/de\/alsik-spa\/fitness-gym-yoga-studio\/#primaryimage"},"image":{"@id":"https:\/\/alsik.dk\/de\/alsik-spa\/fitness-gym-yoga-studio\/#primaryimage"},"thumbnailUrl":"https:\/\/alsik.dk\/wp-content\/uploads\/2019\/07\/medlemsskaber_fitness_club-scaled.jpg","datePublished":"2019-07-02T09:02:45+00:00","dateModified":"2025-01-14T09:56:44+00:00","description":"Hier trainieren Sie in sch\u00f6ner, lichter Umgebung mit der neuesten Trainingsausr\u00fcstung. Wir bieten Gruppentraining, Fitnessprogramme und Yoga.","breadcrumb":{"@id":"https:\/\/alsik.dk\/de\/alsik-spa\/fitness-gym-yoga-studio\/#breadcrumb"},"inLanguage":"de","potentialAction":[{"@type":"ReadAction","target":["https:\/\/alsik.dk\/de\/alsik-spa\/fitness-gym-yoga-studio\/"]}]},{"@type":"ImageObject","inLanguage":"de","@id":"https:\/\/alsik.dk\/de\/alsik-spa\/fitness-gym-yoga-studio\/#primaryimage","url":"https:\/\/alsik.dk\/wp-content\/uploads\/2019\/07\/medlemsskaber_fitness_club-scaled.jpg","contentUrl":"https:\/\/alsik.dk\/wp-content\/uploads\/2019\/07\/medlemsskaber_fitness_club-scaled.jpg","width":2560,"height":1707},{"@type":"BreadcrumbList","@id":"https:\/\/alsik.dk\/de\/alsik-spa\/fitness-gym-yoga-studio\/#breadcrumb","itemListElement":[{"@type":"ListItem","position":1,"name":"Hjem","item":"https:\/\/alsik.dk\/de\/"},{"@type":"ListItem","position":2,"name":"Erleben Sie das Alsik Spa","item":"https:\/\/alsik.dk\/de\/alsik-spa\/"},{"@type":"ListItem","position":3,"name":"Fitness und Mitgliedschaften"}]},{"@type":"WebSite","@id":"https:\/\/alsik.dk\/de\/#website","url":"https:\/\/alsik.dk\/de\/","name":"Alsik Hotel &amp; Spa","description":"Alsik er et af Danmarks mest sp\u00e6ndende hoteller med stilfulde og topmoderne v\u00e6relser. Oplev Danmarks st\u00f8rste spa med flere end 60 forskellige spa- og wellnessoplevelser eller fork\u00e6l sanserne med gastronomi i s\u00e6rklasse i Alsiks tre restauranter.","potentialAction":[{"@type":"SearchAction","target":{"@type":"EntryPoint","urlTemplate":"https:\/\/alsik.dk\/de\/?s={search_term_string}"},"query-input":{"@type":"PropertyValueSpecification","valueRequired":true,"valueName":"search_term_string"}}],"inLanguage":"de"}]}},"_links":{"self":[{"href":"https:\/\/alsik.dk\/de\/wp-json\/wp\/v2\/pages\/2911","targetHints":{"allow":["GET"]}}],"collection":[{"href":"https:\/\/alsik.dk\/de\/wp-json\/wp\/v2\/pages"}],"about":[{"href":"https:\/\/alsik.dk\/de\/wp-json\/wp\/v2\/types\/page"}],"author":[{"embeddable":true,"href":"https:\/\/alsik.dk\/de\/wp-json\/wp\/v2\/users\/7"}],"replies":[{"embeddable":true,"href":"https:\/\/alsik.dk\/de\/wp-json\/wp\/v2\/comments?post=2911"}],"version-history":[{"count":16,"href":"https:\/\/alsik.dk\/de\/wp-json\/wp\/v2\/pages\/2911\/revisions"}],"predecessor-version":[{"id":14940,"href":"https:\/\/alsik.dk\/de\/wp-json\/wp\/v2\/pages\/2911\/revisions\/14940"}],"up":[{"embeddable":true,"href":"https:\/\/alsik.dk\/de\/wp-json\/wp\/v2\/pages\/3338"}],"wp:featuredmedia":[{"embeddable":true,"href":"https:\/\/alsik.dk\/de\/wp-json\/wp\/v2\/media\/2912"}],"wp:attachment":[{"href":"https:\/\/alsik.dk\/de\/wp-json\/wp\/v2\/media?parent=2911"}],"wp:term":[{"taxonomy":"post_tag","embeddable":true,"href":"https:\/\/alsik.dk\/de\/wp-json\/wp\/v2\/tags?post=2911"}],"curies":[{"name":"wp","href":"https:\/\/api.w.org\/{rel}","templated":true}]}}