{"id":2919,"date":"2019-07-02T11:03:37","date_gmt":"2019-07-02T09:03:37","guid":{"rendered":"https:\/\/alsik.dk\/fitness-gym-yoga-studio\/holdtraening\/"},"modified":"2023-02-13T14:07:19","modified_gmt":"2023-02-13T13:07:19","slug":"gruppentraining","status":"publish","type":"page","link":"https:\/\/alsik.dk\/de\/alsik-spa\/fitness-gym-yoga-studio\/gruppentraining\/","title":{"rendered":"Gruppentraining"},"content":{"rendered":"<p><em>Abmeldungen m\u00fcssen bis sp\u00e4testens 2 Stunden vor Start des Teams erfolgen. Bei versp\u00e4teter Stornierung oder Nichterscheinen werden automatisch DKK 49 f\u00fcr Nichterscheinen berechnet.<\/em><\/p>\n","protected":false},"excerpt":{"rendered":"<p>All unsere Instruktoren im Alsik Spa begeistern sich f\u00fcr ihren jeweiligen Spezialbereich und werden Sie liebend gern anspornen, wirklich Ihre Bestleistung zu erzielen. Hier finden Sie unsere Auswahl an Trainingsgruppen.<\/p>\n","protected":false},"author":7,"featured_media":2921,"parent":2911,"menu_order":0,"comment_status":"closed","ping_status":"closed","template":"","meta":{"_acf_changed":false,"footnotes":""},"tags":[],"class_list":["post-2919","page","type-page","status-publish","has-post-thumbnail","hentry"],"acf":[],"yoast_head":"<!-- This site is optimized with the Yoast SEO plugin v24.3 - https:\/\/yoast.com\/wordpress\/plugins\/seo\/ -->\n<title>Gruppentraining | Alsik Hotel &amp; Spa<\/title>\n<meta name=\"description\" content=\"All unsere Instruktoren begeistern werden Sie liebend gern anspornen, wirklich Ihre Bestleistung zu erzielen.\" \/>\n<meta name=\"robots\" content=\"index, follow, max-snippet:-1, max-image-preview:large, max-video-preview:-1\" \/>\n<link rel=\"canonical\" href=\"https:\/\/alsik.dk\/de\/alsik-spa\/fitness-gym-yoga-studio\/gruppentraining\/\" \/>\n<meta property=\"og:locale\" content=\"de_DE\" \/>\n<meta property=\"og:type\" content=\"article\" \/>\n<meta property=\"og:title\" content=\"Gruppentraining | Alsik Hotel &amp; Spa\" \/>\n<meta property=\"og:description\" content=\"All unsere Instruktoren begeistern werden Sie liebend gern anspornen, wirklich Ihre Bestleistung zu erzielen.\" \/>\n<meta property=\"og:url\" content=\"https:\/\/alsik.dk\/de\/alsik-spa\/fitness-gym-yoga-studio\/gruppentraining\/\" \/>\n<meta property=\"og:site_name\" content=\"Alsik Hotel &amp; Spa\" \/>\n<meta property=\"article:modified_time\" content=\"2023-02-13T13:07:19+00:00\" \/>\n<meta property=\"og:image\" content=\"https:\/\/alsik.dk\/wp-content\/uploads\/2019\/07\/spinning_terrasse-kopi-scaled.jpg\" \/>\n\t<meta property=\"og:image:width\" content=\"2452\" \/>\n\t<meta property=\"og:image:height\" content=\"2560\" \/>\n\t<meta property=\"og:image:type\" content=\"image\/jpeg\" \/>\n<meta name=\"twitter:card\" content=\"summary_large_image\" \/>\n<meta name=\"twitter:label1\" content=\"Gesch\u00e4tzte Lesezeit\" \/>\n\t<meta name=\"twitter:data1\" content=\"1\u00a0Minute\" \/>\n<script type=\"application\/ld+json\" class=\"yoast-schema-graph\">{\"@context\":\"https:\/\/schema.org\",\"@graph\":[{\"@type\":\"WebPage\",\"@id\":\"https:\/\/alsik.dk\/de\/alsik-spa\/fitness-gym-yoga-studio\/gruppentraining\/\",\"url\":\"https:\/\/alsik.dk\/de\/alsik-spa\/fitness-gym-yoga-studio\/gruppentraining\/\",\"name\":\"Gruppentraining | Alsik Hotel &amp; Spa\",\"isPartOf\":{\"@id\":\"https:\/\/alsik.dk\/de\/#website\"},\"primaryImageOfPage\":{\"@id\":\"https:\/\/alsik.dk\/de\/alsik-spa\/fitness-gym-yoga-studio\/gruppentraining\/#primaryimage\"},\"image\":{\"@id\":\"https:\/\/alsik.dk\/de\/alsik-spa\/fitness-gym-yoga-studio\/gruppentraining\/#primaryimage\"},\"thumbnailUrl\":\"https:\/\/alsik.dk\/wp-content\/uploads\/2019\/07\/spinning_terrasse-kopi-scaled.jpg\",\"datePublished\":\"2019-07-02T09:03:37+00:00\",\"dateModified\":\"2023-02-13T13:07:19+00:00\",\"description\":\"All unsere Instruktoren begeistern werden Sie liebend gern anspornen, wirklich Ihre Bestleistung zu erzielen.\",\"breadcrumb\":{\"@id\":\"https:\/\/alsik.dk\/de\/alsik-spa\/fitness-gym-yoga-studio\/gruppentraining\/#breadcrumb\"},\"inLanguage\":\"de\",\"potentialAction\":[{\"@type\":\"ReadAction\",\"target\":[\"https:\/\/alsik.dk\/de\/alsik-spa\/fitness-gym-yoga-studio\/gruppentraining\/\"]}]},{\"@type\":\"ImageObject\",\"inLanguage\":\"de\",\"@id\":\"https:\/\/alsik.dk\/de\/alsik-spa\/fitness-gym-yoga-studio\/gruppentraining\/#primaryimage\",\"url\":\"https:\/\/alsik.dk\/wp-content\/uploads\/2019\/07\/spinning_terrasse-kopi-scaled.jpg\",\"contentUrl\":\"https:\/\/alsik.dk\/wp-content\/uploads\/2019\/07\/spinning_terrasse-kopi-scaled.jpg\",\"width\":2452,\"height\":2560},{\"@type\":\"BreadcrumbList\",\"@id\":\"https:\/\/alsik.dk\/de\/alsik-spa\/fitness-gym-yoga-studio\/gruppentraining\/#breadcrumb\",\"itemListElement\":[{\"@type\":\"ListItem\",\"position\":1,\"name\":\"Hjem\",\"item\":\"https:\/\/alsik.dk\/de\/\"},{\"@type\":\"ListItem\",\"position\":2,\"name\":\"Erleben Sie das Alsik Spa\",\"item\":\"https:\/\/alsik.dk\/de\/alsik-spa\/\"},{\"@type\":\"ListItem\",\"position\":3,\"name\":\"Fitness und Mitgliedschaften\",\"item\":\"https:\/\/alsik.dk\/de\/alsik-spa\/fitness-gym-yoga-studio\/\"},{\"@type\":\"ListItem\",\"position\":4,\"name\":\"Gruppentraining\"}]},{\"@type\":\"WebSite\",\"@id\":\"https:\/\/alsik.dk\/de\/#website\",\"url\":\"https:\/\/alsik.dk\/de\/\",\"name\":\"Alsik Hotel &amp; Spa\",\"description\":\"Alsik er et af Danmarks mest sp\u00e6ndende hoteller med stilfulde og topmoderne v\u00e6relser. Oplev Danmarks st\u00f8rste spa med flere end 60 forskellige spa- og wellnessoplevelser eller fork\u00e6l sanserne med gastronomi i s\u00e6rklasse i Alsiks tre restauranter.\",\"potentialAction\":[{\"@type\":\"SearchAction\",\"target\":{\"@type\":\"EntryPoint\",\"urlTemplate\":\"https:\/\/alsik.dk\/de\/?s={search_term_string}\"},\"query-input\":{\"@type\":\"PropertyValueSpecification\",\"valueRequired\":true,\"valueName\":\"search_term_string\"}}],\"inLanguage\":\"de\"}]}<\/script>\n<!-- \/ Yoast SEO plugin. -->","yoast_head_json":{"title":"Gruppentraining | Alsik Hotel &amp; Spa","description":"All unsere Instruktoren begeistern werden Sie liebend gern anspornen, wirklich Ihre Bestleistung zu erzielen.","robots":{"index":"index","follow":"follow","max-snippet":"max-snippet:-1","max-image-preview":"max-image-preview:large","max-video-preview":"max-video-preview:-1"},"canonical":"https:\/\/alsik.dk\/de\/alsik-spa\/fitness-gym-yoga-studio\/gruppentraining\/","og_locale":"de_DE","og_type":"article","og_title":"Gruppentraining | Alsik Hotel &amp; Spa","og_description":"All unsere Instruktoren begeistern werden Sie liebend gern anspornen, wirklich Ihre Bestleistung zu erzielen.","og_url":"https:\/\/alsik.dk\/de\/alsik-spa\/fitness-gym-yoga-studio\/gruppentraining\/","og_site_name":"Alsik Hotel &amp; Spa","article_modified_time":"2023-02-13T13:07:19+00:00","og_image":[{"width":2452,"height":2560,"url":"https:\/\/alsik.dk\/wp-content\/uploads\/2019\/07\/spinning_terrasse-kopi-scaled.jpg","type":"image\/jpeg"}],"twitter_card":"summary_large_image","twitter_misc":{"Gesch\u00e4tzte Lesezeit":"1\u00a0Minute"},"schema":{"@context":"https:\/\/schema.org","@graph":[{"@type":"WebPage","@id":"https:\/\/alsik.dk\/de\/alsik-spa\/fitness-gym-yoga-studio\/gruppentraining\/","url":"https:\/\/alsik.dk\/de\/alsik-spa\/fitness-gym-yoga-studio\/gruppentraining\/","name":"Gruppentraining | Alsik Hotel &amp; Spa","isPartOf":{"@id":"https:\/\/alsik.dk\/de\/#website"},"primaryImageOfPage":{"@id":"https:\/\/alsik.dk\/de\/alsik-spa\/fitness-gym-yoga-studio\/gruppentraining\/#primaryimage"},"image":{"@id":"https:\/\/alsik.dk\/de\/alsik-spa\/fitness-gym-yoga-studio\/gruppentraining\/#primaryimage"},"thumbnailUrl":"https:\/\/alsik.dk\/wp-content\/uploads\/2019\/07\/spinning_terrasse-kopi-scaled.jpg","datePublished":"2019-07-02T09:03:37+00:00","dateModified":"2023-02-13T13:07:19+00:00","description":"All unsere Instruktoren begeistern werden Sie liebend gern anspornen, wirklich Ihre Bestleistung zu erzielen.","breadcrumb":{"@id":"https:\/\/alsik.dk\/de\/alsik-spa\/fitness-gym-yoga-studio\/gruppentraining\/#breadcrumb"},"inLanguage":"de","potentialAction":[{"@type":"ReadAction","target":["https:\/\/alsik.dk\/de\/alsik-spa\/fitness-gym-yoga-studio\/gruppentraining\/"]}]},{"@type":"ImageObject","inLanguage":"de","@id":"https:\/\/alsik.dk\/de\/alsik-spa\/fitness-gym-yoga-studio\/gruppentraining\/#primaryimage","url":"https:\/\/alsik.dk\/wp-content\/uploads\/2019\/07\/spinning_terrasse-kopi-scaled.jpg","contentUrl":"https:\/\/alsik.dk\/wp-content\/uploads\/2019\/07\/spinning_terrasse-kopi-scaled.jpg","width":2452,"height":2560},{"@type":"BreadcrumbList","@id":"https:\/\/alsik.dk\/de\/alsik-spa\/fitness-gym-yoga-studio\/gruppentraining\/#breadcrumb","itemListElement":[{"@type":"ListItem","position":1,"name":"Hjem","item":"https:\/\/alsik.dk\/de\/"},{"@type":"ListItem","position":2,"name":"Erleben Sie das Alsik Spa","item":"https:\/\/alsik.dk\/de\/alsik-spa\/"},{"@type":"ListItem","position":3,"name":"Fitness und Mitgliedschaften","item":"https:\/\/alsik.dk\/de\/alsik-spa\/fitness-gym-yoga-studio\/"},{"@type":"ListItem","position":4,"name":"Gruppentraining"}]},{"@type":"WebSite","@id":"https:\/\/alsik.dk\/de\/#website","url":"https:\/\/alsik.dk\/de\/","name":"Alsik Hotel &amp; Spa","description":"Alsik er et af Danmarks mest sp\u00e6ndende hoteller med stilfulde og topmoderne v\u00e6relser. Oplev Danmarks st\u00f8rste spa med flere end 60 forskellige spa- og wellnessoplevelser eller fork\u00e6l sanserne med gastronomi i s\u00e6rklasse i Alsiks tre restauranter.","potentialAction":[{"@type":"SearchAction","target":{"@type":"EntryPoint","urlTemplate":"https:\/\/alsik.dk\/de\/?s={search_term_string}"},"query-input":{"@type":"PropertyValueSpecification","valueRequired":true,"valueName":"search_term_string"}}],"inLanguage":"de"}]}},"_links":{"self":[{"href":"https:\/\/alsik.dk\/de\/wp-json\/wp\/v2\/pages\/2919","targetHints":{"allow":["GET"]}}],"collection":[{"href":"https:\/\/alsik.dk\/de\/wp-json\/wp\/v2\/pages"}],"about":[{"href":"https:\/\/alsik.dk\/de\/wp-json\/wp\/v2\/types\/page"}],"author":[{"embeddable":true,"href":"https:\/\/alsik.dk\/de\/wp-json\/wp\/v2\/users\/7"}],"replies":[{"embeddable":true,"href":"https:\/\/alsik.dk\/de\/wp-json\/wp\/v2\/comments?post=2919"}],"version-history":[{"count":16,"href":"https:\/\/alsik.dk\/de\/wp-json\/wp\/v2\/pages\/2919\/revisions"}],"predecessor-version":[{"id":11737,"href":"https:\/\/alsik.dk\/de\/wp-json\/wp\/v2\/pages\/2919\/revisions\/11737"}],"up":[{"embeddable":true,"href":"https:\/\/alsik.dk\/de\/wp-json\/wp\/v2\/pages\/2911"}],"wp:featuredmedia":[{"embeddable":true,"href":"https:\/\/alsik.dk\/de\/wp-json\/wp\/v2\/media\/2921"}],"wp:attachment":[{"href":"https:\/\/alsik.dk\/de\/wp-json\/wp\/v2\/media?parent=2919"}],"wp:term":[{"taxonomy":"post_tag","embeddable":true,"href":"https:\/\/alsik.dk\/de\/wp-json\/wp\/v2\/tags?post=2919"}],"curies":[{"name":"wp","href":"https:\/\/api.w.org\/{rel}","templated":true}]}}