{"id":2927,"date":"2019-07-02T11:04:02","date_gmt":"2019-07-02T09:04:02","guid":{"rendered":"https:\/\/alsik.dk\/fitness-gym-yoga-studio\/yoga-mindfulness\/"},"modified":"2023-03-14T11:22:49","modified_gmt":"2023-03-14T10:22:49","slug":"yoga-achtsamkeit","status":"publish","type":"page","link":"https:\/\/alsik.dk\/de\/alsik-spa\/fitness-gym-yoga-studio\/yoga-achtsamkeit\/","title":{"rendered":"Yoga &#038; Achtsamkeit"},"content":{"rendered":"","protected":false},"excerpt":{"rendered":"<p>Im Alsik Spa k\u00f6nnen Sie unter einzigartigen Bedingungen Yoga und Achtsamkeit erleben. <\/p>\n","protected":false},"author":7,"featured_media":2929,"parent":2911,"menu_order":0,"comment_status":"closed","ping_status":"closed","template":"","meta":{"_acf_changed":false,"footnotes":""},"tags":[],"class_list":["post-2927","page","type-page","status-publish","has-post-thumbnail","hentry"],"acf":[],"yoast_head":"<!-- This site is optimized with the Yoast SEO plugin v24.3 - https:\/\/yoast.com\/wordpress\/plugins\/seo\/ -->\n<title>Yoga &amp; Achtsamkeit | Alsik Hotel &amp; Spa<\/title>\n<meta name=\"description\" content=\"Konzentrieren Sie sich darauf, durch Ruhe und Aufmerksamkeit pr\u00e4sent zu sein, und st\u00e4rken Sie den K\u00f6rper durch Strecken und Atmung.\" \/>\n<meta name=\"robots\" content=\"index, follow, max-snippet:-1, max-image-preview:large, max-video-preview:-1\" \/>\n<link rel=\"canonical\" href=\"https:\/\/alsik.dk\/de\/alsik-spa\/fitness-gym-yoga-studio\/yoga-achtsamkeit\/\" \/>\n<meta property=\"og:locale\" content=\"de_DE\" \/>\n<meta property=\"og:type\" content=\"article\" \/>\n<meta property=\"og:title\" content=\"Yoga &amp; Achtsamkeit | Alsik Hotel &amp; Spa\" \/>\n<meta property=\"og:description\" content=\"Konzentrieren Sie sich darauf, durch Ruhe und Aufmerksamkeit pr\u00e4sent zu sein, und st\u00e4rken Sie den K\u00f6rper durch Strecken und Atmung.\" \/>\n<meta property=\"og:url\" content=\"https:\/\/alsik.dk\/de\/alsik-spa\/fitness-gym-yoga-studio\/yoga-achtsamkeit\/\" \/>\n<meta property=\"og:site_name\" content=\"Alsik Hotel &amp; Spa\" \/>\n<meta property=\"article:modified_time\" content=\"2023-03-14T10:22:49+00:00\" \/>\n<meta property=\"og:image\" content=\"https:\/\/alsik.dk\/wp-content\/uploads\/2019\/07\/skyhigh_yoga.jpg\" \/>\n\t<meta property=\"og:image:width\" content=\"1286\" \/>\n\t<meta property=\"og:image:height\" content=\"858\" \/>\n\t<meta property=\"og:image:type\" content=\"image\/jpeg\" \/>\n<meta name=\"twitter:card\" content=\"summary_large_image\" \/>\n<script type=\"application\/ld+json\" class=\"yoast-schema-graph\">{\"@context\":\"https:\/\/schema.org\",\"@graph\":[{\"@type\":\"WebPage\",\"@id\":\"https:\/\/alsik.dk\/de\/alsik-spa\/fitness-gym-yoga-studio\/yoga-achtsamkeit\/\",\"url\":\"https:\/\/alsik.dk\/de\/alsik-spa\/fitness-gym-yoga-studio\/yoga-achtsamkeit\/\",\"name\":\"Yoga & Achtsamkeit | Alsik Hotel &amp; Spa\",\"isPartOf\":{\"@id\":\"https:\/\/alsik.dk\/de\/#website\"},\"primaryImageOfPage\":{\"@id\":\"https:\/\/alsik.dk\/de\/alsik-spa\/fitness-gym-yoga-studio\/yoga-achtsamkeit\/#primaryimage\"},\"image\":{\"@id\":\"https:\/\/alsik.dk\/de\/alsik-spa\/fitness-gym-yoga-studio\/yoga-achtsamkeit\/#primaryimage\"},\"thumbnailUrl\":\"https:\/\/alsik.dk\/wp-content\/uploads\/2019\/07\/skyhigh_yoga.jpg\",\"datePublished\":\"2019-07-02T09:04:02+00:00\",\"dateModified\":\"2023-03-14T10:22:49+00:00\",\"description\":\"Konzentrieren Sie sich darauf, durch Ruhe und Aufmerksamkeit pr\u00e4sent zu sein, und st\u00e4rken Sie den K\u00f6rper durch Strecken und Atmung.\",\"breadcrumb\":{\"@id\":\"https:\/\/alsik.dk\/de\/alsik-spa\/fitness-gym-yoga-studio\/yoga-achtsamkeit\/#breadcrumb\"},\"inLanguage\":\"de\",\"potentialAction\":[{\"@type\":\"ReadAction\",\"target\":[\"https:\/\/alsik.dk\/de\/alsik-spa\/fitness-gym-yoga-studio\/yoga-achtsamkeit\/\"]}]},{\"@type\":\"ImageObject\",\"inLanguage\":\"de\",\"@id\":\"https:\/\/alsik.dk\/de\/alsik-spa\/fitness-gym-yoga-studio\/yoga-achtsamkeit\/#primaryimage\",\"url\":\"https:\/\/alsik.dk\/wp-content\/uploads\/2019\/07\/skyhigh_yoga.jpg\",\"contentUrl\":\"https:\/\/alsik.dk\/wp-content\/uploads\/2019\/07\/skyhigh_yoga.jpg\",\"width\":1286,\"height\":858},{\"@type\":\"BreadcrumbList\",\"@id\":\"https:\/\/alsik.dk\/de\/alsik-spa\/fitness-gym-yoga-studio\/yoga-achtsamkeit\/#breadcrumb\",\"itemListElement\":[{\"@type\":\"ListItem\",\"position\":1,\"name\":\"Hjem\",\"item\":\"https:\/\/alsik.dk\/de\/\"},{\"@type\":\"ListItem\",\"position\":2,\"name\":\"Erleben Sie das Alsik Spa\",\"item\":\"https:\/\/alsik.dk\/de\/alsik-spa\/\"},{\"@type\":\"ListItem\",\"position\":3,\"name\":\"Fitness und Mitgliedschaften\",\"item\":\"https:\/\/alsik.dk\/de\/alsik-spa\/fitness-gym-yoga-studio\/\"},{\"@type\":\"ListItem\",\"position\":4,\"name\":\"Yoga &#038; Achtsamkeit\"}]},{\"@type\":\"WebSite\",\"@id\":\"https:\/\/alsik.dk\/de\/#website\",\"url\":\"https:\/\/alsik.dk\/de\/\",\"name\":\"Alsik Hotel &amp; Spa\",\"description\":\"Alsik er et af Danmarks mest sp\u00e6ndende hoteller med stilfulde og topmoderne v\u00e6relser. Oplev Danmarks st\u00f8rste spa med flere end 60 forskellige spa- og wellnessoplevelser eller fork\u00e6l sanserne med gastronomi i s\u00e6rklasse i Alsiks tre restauranter.\",\"potentialAction\":[{\"@type\":\"SearchAction\",\"target\":{\"@type\":\"EntryPoint\",\"urlTemplate\":\"https:\/\/alsik.dk\/de\/?s={search_term_string}\"},\"query-input\":{\"@type\":\"PropertyValueSpecification\",\"valueRequired\":true,\"valueName\":\"search_term_string\"}}],\"inLanguage\":\"de\"}]}<\/script>\n<!-- \/ Yoast SEO plugin. -->","yoast_head_json":{"title":"Yoga & Achtsamkeit | Alsik Hotel &amp; Spa","description":"Konzentrieren Sie sich darauf, durch Ruhe und Aufmerksamkeit pr\u00e4sent zu sein, und st\u00e4rken Sie den K\u00f6rper durch Strecken und Atmung.","robots":{"index":"index","follow":"follow","max-snippet":"max-snippet:-1","max-image-preview":"max-image-preview:large","max-video-preview":"max-video-preview:-1"},"canonical":"https:\/\/alsik.dk\/de\/alsik-spa\/fitness-gym-yoga-studio\/yoga-achtsamkeit\/","og_locale":"de_DE","og_type":"article","og_title":"Yoga & Achtsamkeit | Alsik Hotel &amp; Spa","og_description":"Konzentrieren Sie sich darauf, durch Ruhe und Aufmerksamkeit pr\u00e4sent zu sein, und st\u00e4rken Sie den K\u00f6rper durch Strecken und Atmung.","og_url":"https:\/\/alsik.dk\/de\/alsik-spa\/fitness-gym-yoga-studio\/yoga-achtsamkeit\/","og_site_name":"Alsik Hotel &amp; Spa","article_modified_time":"2023-03-14T10:22:49+00:00","og_image":[{"width":1286,"height":858,"url":"https:\/\/alsik.dk\/wp-content\/uploads\/2019\/07\/skyhigh_yoga.jpg","type":"image\/jpeg"}],"twitter_card":"summary_large_image","schema":{"@context":"https:\/\/schema.org","@graph":[{"@type":"WebPage","@id":"https:\/\/alsik.dk\/de\/alsik-spa\/fitness-gym-yoga-studio\/yoga-achtsamkeit\/","url":"https:\/\/alsik.dk\/de\/alsik-spa\/fitness-gym-yoga-studio\/yoga-achtsamkeit\/","name":"Yoga & Achtsamkeit | Alsik Hotel &amp; Spa","isPartOf":{"@id":"https:\/\/alsik.dk\/de\/#website"},"primaryImageOfPage":{"@id":"https:\/\/alsik.dk\/de\/alsik-spa\/fitness-gym-yoga-studio\/yoga-achtsamkeit\/#primaryimage"},"image":{"@id":"https:\/\/alsik.dk\/de\/alsik-spa\/fitness-gym-yoga-studio\/yoga-achtsamkeit\/#primaryimage"},"thumbnailUrl":"https:\/\/alsik.dk\/wp-content\/uploads\/2019\/07\/skyhigh_yoga.jpg","datePublished":"2019-07-02T09:04:02+00:00","dateModified":"2023-03-14T10:22:49+00:00","description":"Konzentrieren Sie sich darauf, durch Ruhe und Aufmerksamkeit pr\u00e4sent zu sein, und st\u00e4rken Sie den K\u00f6rper durch Strecken und Atmung.","breadcrumb":{"@id":"https:\/\/alsik.dk\/de\/alsik-spa\/fitness-gym-yoga-studio\/yoga-achtsamkeit\/#breadcrumb"},"inLanguage":"de","potentialAction":[{"@type":"ReadAction","target":["https:\/\/alsik.dk\/de\/alsik-spa\/fitness-gym-yoga-studio\/yoga-achtsamkeit\/"]}]},{"@type":"ImageObject","inLanguage":"de","@id":"https:\/\/alsik.dk\/de\/alsik-spa\/fitness-gym-yoga-studio\/yoga-achtsamkeit\/#primaryimage","url":"https:\/\/alsik.dk\/wp-content\/uploads\/2019\/07\/skyhigh_yoga.jpg","contentUrl":"https:\/\/alsik.dk\/wp-content\/uploads\/2019\/07\/skyhigh_yoga.jpg","width":1286,"height":858},{"@type":"BreadcrumbList","@id":"https:\/\/alsik.dk\/de\/alsik-spa\/fitness-gym-yoga-studio\/yoga-achtsamkeit\/#breadcrumb","itemListElement":[{"@type":"ListItem","position":1,"name":"Hjem","item":"https:\/\/alsik.dk\/de\/"},{"@type":"ListItem","position":2,"name":"Erleben Sie das Alsik Spa","item":"https:\/\/alsik.dk\/de\/alsik-spa\/"},{"@type":"ListItem","position":3,"name":"Fitness und Mitgliedschaften","item":"https:\/\/alsik.dk\/de\/alsik-spa\/fitness-gym-yoga-studio\/"},{"@type":"ListItem","position":4,"name":"Yoga &#038; Achtsamkeit"}]},{"@type":"WebSite","@id":"https:\/\/alsik.dk\/de\/#website","url":"https:\/\/alsik.dk\/de\/","name":"Alsik Hotel &amp; Spa","description":"Alsik er et af Danmarks mest sp\u00e6ndende hoteller med stilfulde og topmoderne v\u00e6relser. Oplev Danmarks st\u00f8rste spa med flere end 60 forskellige spa- og wellnessoplevelser eller fork\u00e6l sanserne med gastronomi i s\u00e6rklasse i Alsiks tre restauranter.","potentialAction":[{"@type":"SearchAction","target":{"@type":"EntryPoint","urlTemplate":"https:\/\/alsik.dk\/de\/?s={search_term_string}"},"query-input":{"@type":"PropertyValueSpecification","valueRequired":true,"valueName":"search_term_string"}}],"inLanguage":"de"}]}},"_links":{"self":[{"href":"https:\/\/alsik.dk\/de\/wp-json\/wp\/v2\/pages\/2927","targetHints":{"allow":["GET"]}}],"collection":[{"href":"https:\/\/alsik.dk\/de\/wp-json\/wp\/v2\/pages"}],"about":[{"href":"https:\/\/alsik.dk\/de\/wp-json\/wp\/v2\/types\/page"}],"author":[{"embeddable":true,"href":"https:\/\/alsik.dk\/de\/wp-json\/wp\/v2\/users\/7"}],"replies":[{"embeddable":true,"href":"https:\/\/alsik.dk\/de\/wp-json\/wp\/v2\/comments?post=2927"}],"version-history":[{"count":10,"href":"https:\/\/alsik.dk\/de\/wp-json\/wp\/v2\/pages\/2927\/revisions"}],"predecessor-version":[{"id":11928,"href":"https:\/\/alsik.dk\/de\/wp-json\/wp\/v2\/pages\/2927\/revisions\/11928"}],"up":[{"embeddable":true,"href":"https:\/\/alsik.dk\/de\/wp-json\/wp\/v2\/pages\/2911"}],"wp:featuredmedia":[{"embeddable":true,"href":"https:\/\/alsik.dk\/de\/wp-json\/wp\/v2\/media\/2929"}],"wp:attachment":[{"href":"https:\/\/alsik.dk\/de\/wp-json\/wp\/v2\/media?parent=2927"}],"wp:term":[{"taxonomy":"post_tag","embeddable":true,"href":"https:\/\/alsik.dk\/de\/wp-json\/wp\/v2\/tags?post=2927"}],"curies":[{"name":"wp","href":"https:\/\/api.w.org\/{rel}","templated":true}]}}