{"id":2942,"date":"2019-07-02T11:04:32","date_gmt":"2019-07-02T09:04:32","guid":{"rendered":"https:\/\/alsik.dk\/spa-for-boern-teenagere\/"},"modified":"2025-02-12T09:44:35","modified_gmt":"2025-02-12T08:44:35","slug":"spa-fuer-kinder-und-teenager","status":"publish","type":"page","link":"https:\/\/alsik.dk\/de\/alsik-spa\/spa-fuer-kinder-und-teenager\/","title":{"rendered":"SPA f\u00fcr Kinder und Teenager"},"content":{"rendered":"<p>Im Alsik Spa finden Sie fantastische Erlebnisse f\u00fcr die ganze Familie. Wir haben spezielle Zeitfenster f\u00fcr Familienzeit im Alsik Spa Pool &amp; Kids Pool reserviert.<\/p>\n<p>Kinder und Jugendliche im Alter von 0-16 Jahren (nur f\u00fcr Hotelg\u00e4ste) haben in der Zeit von 7.00-8.00 Uhr und 8.00-9.00 Uhr von Montag bis Sonntag Zugang in Begleitung eines Erwachsenen.<\/p>\n<p>In den offiziellen Ferienzeiten au\u00dferdem von 9:00 bis 10:00 Uhr.<br \/>\nIm Jahr 2025 gilt dies f\u00fcr die Winterferien (Woche 7), die Osterferien (12.04. \u2013 21.04.), die Sommerferien (01.07. \u2013 31.07.), die Herbstferien (Woche 42) sowie die Weihnachtsferien (22.12. \u2013 31.12.).<\/p>\n<p>Kinder im Alter von 0-6 Jahren haben Zugang zum Kids Pool, w\u00e4hrend Kinder und Jugendliche im Alter von 7-16 Jahren Zugang zum Alsik Spa Pool haben.<\/p>\n<p>&nbsp;<\/p>\n<p><strong>Preis:<\/strong><\/p>\n<ul>\n<li>95 DKK pro Person, insgesamt 190 DKK f\u00fcr ein Kind und einen Erwachsenen.<\/li>\n<li>Zus\u00e4tzlicher Erwachsener: 95 DKK.<\/li>\n<\/ul>\n","protected":false},"excerpt":{"rendered":"<p>Im Alsik Spa finden Sie einzigartige Bereiche und fantastische Erlebnisse f\u00fcr die ganze Familie. Die Kinder- und Teen-Bereiche sind speziell f\u00fcr kreatives Spiel und fr\u00f6hliches Miteinander ausgelegt. Wir veranstalten inspirierende Workshops und lassen euch an unserem Wissen teilhaben, sodass ihr ungeachtet eures Alters einige ungew\u00f6hnliche und n\u00fctzliche Spa-Erlebnisse mit nach Hause nehmt.<\/p>\n","protected":false},"author":7,"featured_media":2943,"parent":3338,"menu_order":0,"comment_status":"closed","ping_status":"closed","template":"","meta":{"_acf_changed":false,"footnotes":""},"tags":[],"class_list":["post-2942","page","type-page","status-publish","has-post-thumbnail","hentry"],"acf":[],"yoast_head":"<!-- This site is optimized with the Yoast SEO plugin v24.3 - https:\/\/yoast.com\/wordpress\/plugins\/seo\/ -->\n<title>SPA f\u00fcr Kinder und Teenager | Alsik Hotel &amp; Spa<\/title>\n<meta name=\"description\" content=\"Kinder zwischen 7\u00a0und 16 Jahren haben in Begleitung eines Erwachsenen Zugang zum Alsik Spa Pool &amp; Kids Club gegen vorherige Buchung.\" \/>\n<meta name=\"robots\" content=\"index, follow, max-snippet:-1, max-image-preview:large, max-video-preview:-1\" \/>\n<link rel=\"canonical\" href=\"https:\/\/alsik.dk\/de\/alsik-spa\/spa-fuer-kinder-und-teenager\/\" \/>\n<meta property=\"og:locale\" content=\"de_DE\" \/>\n<meta property=\"og:type\" content=\"article\" \/>\n<meta property=\"og:title\" content=\"SPA f\u00fcr Kinder und Teenager | Alsik Hotel &amp; Spa\" \/>\n<meta property=\"og:description\" content=\"Kinder zwischen 7\u00a0und 16 Jahren haben in Begleitung eines Erwachsenen Zugang zum Alsik Spa Pool &amp; Kids Club gegen vorherige Buchung.\" \/>\n<meta property=\"og:url\" content=\"https:\/\/alsik.dk\/de\/alsik-spa\/spa-fuer-kinder-und-teenager\/\" \/>\n<meta property=\"og:site_name\" content=\"Alsik Hotel &amp; Spa\" \/>\n<meta property=\"article:modified_time\" content=\"2025-02-12T08:44:35+00:00\" \/>\n<meta property=\"og:image\" content=\"https:\/\/alsik.dk\/wp-content\/uploads\/2019\/07\/spa_kids_club-scaled.jpg\" \/>\n\t<meta property=\"og:image:width\" content=\"2560\" \/>\n\t<meta property=\"og:image:height\" content=\"1707\" \/>\n\t<meta property=\"og:image:type\" content=\"image\/jpeg\" \/>\n<meta name=\"twitter:card\" content=\"summary_large_image\" \/>\n<meta name=\"twitter:label1\" content=\"Gesch\u00e4tzte Lesezeit\" \/>\n\t<meta name=\"twitter:data1\" content=\"1\u00a0Minute\" \/>\n<script type=\"application\/ld+json\" class=\"yoast-schema-graph\">{\"@context\":\"https:\/\/schema.org\",\"@graph\":[{\"@type\":\"WebPage\",\"@id\":\"https:\/\/alsik.dk\/de\/alsik-spa\/spa-fuer-kinder-und-teenager\/\",\"url\":\"https:\/\/alsik.dk\/de\/alsik-spa\/spa-fuer-kinder-und-teenager\/\",\"name\":\"SPA f\u00fcr Kinder und Teenager | Alsik Hotel &amp; Spa\",\"isPartOf\":{\"@id\":\"https:\/\/alsik.dk\/de\/#website\"},\"primaryImageOfPage\":{\"@id\":\"https:\/\/alsik.dk\/de\/alsik-spa\/spa-fuer-kinder-und-teenager\/#primaryimage\"},\"image\":{\"@id\":\"https:\/\/alsik.dk\/de\/alsik-spa\/spa-fuer-kinder-und-teenager\/#primaryimage\"},\"thumbnailUrl\":\"https:\/\/alsik.dk\/wp-content\/uploads\/2019\/07\/spa_kids_club-scaled.jpg\",\"datePublished\":\"2019-07-02T09:04:32+00:00\",\"dateModified\":\"2025-02-12T08:44:35+00:00\",\"description\":\"Kinder zwischen 7\u00a0und 16 Jahren haben in Begleitung eines Erwachsenen Zugang zum Alsik Spa Pool & Kids Club gegen vorherige Buchung.\",\"breadcrumb\":{\"@id\":\"https:\/\/alsik.dk\/de\/alsik-spa\/spa-fuer-kinder-und-teenager\/#breadcrumb\"},\"inLanguage\":\"de\",\"potentialAction\":[{\"@type\":\"ReadAction\",\"target\":[\"https:\/\/alsik.dk\/de\/alsik-spa\/spa-fuer-kinder-und-teenager\/\"]}]},{\"@type\":\"ImageObject\",\"inLanguage\":\"de\",\"@id\":\"https:\/\/alsik.dk\/de\/alsik-spa\/spa-fuer-kinder-und-teenager\/#primaryimage\",\"url\":\"https:\/\/alsik.dk\/wp-content\/uploads\/2019\/07\/spa_kids_club-scaled.jpg\",\"contentUrl\":\"https:\/\/alsik.dk\/wp-content\/uploads\/2019\/07\/spa_kids_club-scaled.jpg\",\"width\":2560,\"height\":1707},{\"@type\":\"BreadcrumbList\",\"@id\":\"https:\/\/alsik.dk\/de\/alsik-spa\/spa-fuer-kinder-und-teenager\/#breadcrumb\",\"itemListElement\":[{\"@type\":\"ListItem\",\"position\":1,\"name\":\"Hjem\",\"item\":\"https:\/\/alsik.dk\/de\/\"},{\"@type\":\"ListItem\",\"position\":2,\"name\":\"Erleben Sie das Alsik Spa\",\"item\":\"https:\/\/alsik.dk\/de\/alsik-spa\/\"},{\"@type\":\"ListItem\",\"position\":3,\"name\":\"SPA f\u00fcr Kinder und Teenager\"}]},{\"@type\":\"WebSite\",\"@id\":\"https:\/\/alsik.dk\/de\/#website\",\"url\":\"https:\/\/alsik.dk\/de\/\",\"name\":\"Alsik Hotel &amp; Spa\",\"description\":\"Alsik er et af Danmarks mest sp\u00e6ndende hoteller med stilfulde og topmoderne v\u00e6relser. Oplev Danmarks st\u00f8rste spa med flere end 60 forskellige spa- og wellnessoplevelser eller fork\u00e6l sanserne med gastronomi i s\u00e6rklasse i Alsiks tre restauranter.\",\"potentialAction\":[{\"@type\":\"SearchAction\",\"target\":{\"@type\":\"EntryPoint\",\"urlTemplate\":\"https:\/\/alsik.dk\/de\/?s={search_term_string}\"},\"query-input\":{\"@type\":\"PropertyValueSpecification\",\"valueRequired\":true,\"valueName\":\"search_term_string\"}}],\"inLanguage\":\"de\"}]}<\/script>\n<!-- \/ Yoast SEO plugin. -->","yoast_head_json":{"title":"SPA f\u00fcr Kinder und Teenager | Alsik Hotel &amp; Spa","description":"Kinder zwischen 7\u00a0und 16 Jahren haben in Begleitung eines Erwachsenen Zugang zum Alsik Spa Pool & Kids Club gegen vorherige Buchung.","robots":{"index":"index","follow":"follow","max-snippet":"max-snippet:-1","max-image-preview":"max-image-preview:large","max-video-preview":"max-video-preview:-1"},"canonical":"https:\/\/alsik.dk\/de\/alsik-spa\/spa-fuer-kinder-und-teenager\/","og_locale":"de_DE","og_type":"article","og_title":"SPA f\u00fcr Kinder und Teenager | Alsik Hotel &amp; Spa","og_description":"Kinder zwischen 7\u00a0und 16 Jahren haben in Begleitung eines Erwachsenen Zugang zum Alsik Spa Pool & Kids Club gegen vorherige Buchung.","og_url":"https:\/\/alsik.dk\/de\/alsik-spa\/spa-fuer-kinder-und-teenager\/","og_site_name":"Alsik Hotel &amp; Spa","article_modified_time":"2025-02-12T08:44:35+00:00","og_image":[{"width":2560,"height":1707,"url":"https:\/\/alsik.dk\/wp-content\/uploads\/2019\/07\/spa_kids_club-scaled.jpg","type":"image\/jpeg"}],"twitter_card":"summary_large_image","twitter_misc":{"Gesch\u00e4tzte Lesezeit":"1\u00a0Minute"},"schema":{"@context":"https:\/\/schema.org","@graph":[{"@type":"WebPage","@id":"https:\/\/alsik.dk\/de\/alsik-spa\/spa-fuer-kinder-und-teenager\/","url":"https:\/\/alsik.dk\/de\/alsik-spa\/spa-fuer-kinder-und-teenager\/","name":"SPA f\u00fcr Kinder und Teenager | Alsik Hotel &amp; Spa","isPartOf":{"@id":"https:\/\/alsik.dk\/de\/#website"},"primaryImageOfPage":{"@id":"https:\/\/alsik.dk\/de\/alsik-spa\/spa-fuer-kinder-und-teenager\/#primaryimage"},"image":{"@id":"https:\/\/alsik.dk\/de\/alsik-spa\/spa-fuer-kinder-und-teenager\/#primaryimage"},"thumbnailUrl":"https:\/\/alsik.dk\/wp-content\/uploads\/2019\/07\/spa_kids_club-scaled.jpg","datePublished":"2019-07-02T09:04:32+00:00","dateModified":"2025-02-12T08:44:35+00:00","description":"Kinder zwischen 7\u00a0und 16 Jahren haben in Begleitung eines Erwachsenen Zugang zum Alsik Spa Pool & Kids Club gegen vorherige Buchung.","breadcrumb":{"@id":"https:\/\/alsik.dk\/de\/alsik-spa\/spa-fuer-kinder-und-teenager\/#breadcrumb"},"inLanguage":"de","potentialAction":[{"@type":"ReadAction","target":["https:\/\/alsik.dk\/de\/alsik-spa\/spa-fuer-kinder-und-teenager\/"]}]},{"@type":"ImageObject","inLanguage":"de","@id":"https:\/\/alsik.dk\/de\/alsik-spa\/spa-fuer-kinder-und-teenager\/#primaryimage","url":"https:\/\/alsik.dk\/wp-content\/uploads\/2019\/07\/spa_kids_club-scaled.jpg","contentUrl":"https:\/\/alsik.dk\/wp-content\/uploads\/2019\/07\/spa_kids_club-scaled.jpg","width":2560,"height":1707},{"@type":"BreadcrumbList","@id":"https:\/\/alsik.dk\/de\/alsik-spa\/spa-fuer-kinder-und-teenager\/#breadcrumb","itemListElement":[{"@type":"ListItem","position":1,"name":"Hjem","item":"https:\/\/alsik.dk\/de\/"},{"@type":"ListItem","position":2,"name":"Erleben Sie das Alsik Spa","item":"https:\/\/alsik.dk\/de\/alsik-spa\/"},{"@type":"ListItem","position":3,"name":"SPA f\u00fcr Kinder und Teenager"}]},{"@type":"WebSite","@id":"https:\/\/alsik.dk\/de\/#website","url":"https:\/\/alsik.dk\/de\/","name":"Alsik Hotel &amp; Spa","description":"Alsik er et af Danmarks mest sp\u00e6ndende hoteller med stilfulde og topmoderne v\u00e6relser. Oplev Danmarks st\u00f8rste spa med flere end 60 forskellige spa- og wellnessoplevelser eller fork\u00e6l sanserne med gastronomi i s\u00e6rklasse i Alsiks tre restauranter.","potentialAction":[{"@type":"SearchAction","target":{"@type":"EntryPoint","urlTemplate":"https:\/\/alsik.dk\/de\/?s={search_term_string}"},"query-input":{"@type":"PropertyValueSpecification","valueRequired":true,"valueName":"search_term_string"}}],"inLanguage":"de"}]}},"_links":{"self":[{"href":"https:\/\/alsik.dk\/de\/wp-json\/wp\/v2\/pages\/2942","targetHints":{"allow":["GET"]}}],"collection":[{"href":"https:\/\/alsik.dk\/de\/wp-json\/wp\/v2\/pages"}],"about":[{"href":"https:\/\/alsik.dk\/de\/wp-json\/wp\/v2\/types\/page"}],"author":[{"embeddable":true,"href":"https:\/\/alsik.dk\/de\/wp-json\/wp\/v2\/users\/7"}],"replies":[{"embeddable":true,"href":"https:\/\/alsik.dk\/de\/wp-json\/wp\/v2\/comments?post=2942"}],"version-history":[{"count":30,"href":"https:\/\/alsik.dk\/de\/wp-json\/wp\/v2\/pages\/2942\/revisions"}],"predecessor-version":[{"id":15499,"href":"https:\/\/alsik.dk\/de\/wp-json\/wp\/v2\/pages\/2942\/revisions\/15499"}],"up":[{"embeddable":true,"href":"https:\/\/alsik.dk\/de\/wp-json\/wp\/v2\/pages\/3338"}],"wp:featuredmedia":[{"embeddable":true,"href":"https:\/\/alsik.dk\/de\/wp-json\/wp\/v2\/media\/2943"}],"wp:attachment":[{"href":"https:\/\/alsik.dk\/de\/wp-json\/wp\/v2\/media?parent=2942"}],"wp:term":[{"taxonomy":"post_tag","embeddable":true,"href":"https:\/\/alsik.dk\/de\/wp-json\/wp\/v2\/tags?post=2942"}],"curies":[{"name":"wp","href":"https:\/\/api.w.org\/{rel}","templated":true}]}}