{"id":2949,"date":"2019-07-02T11:05:12","date_gmt":"2019-07-02T09:05:12","guid":{"rendered":"https:\/\/alsik.dk\/spadag-priser\/"},"modified":"2026-01-07T11:07:36","modified_gmt":"2026-01-07T10:07:36","slug":"spa-tag-und-preise","status":"publish","type":"page","link":"https:\/\/alsik.dk\/de\/alsik-spa\/spa-tag-und-preise\/","title":{"rendered":"Spa-Tag und Preise"},"content":{"rendered":"<p>Im Alsik Nordisk Spa &amp; Wellness wird auf jedes Detail geachtet, um das perfekte Erlebnis f\u00fcr Sie zu schaffen. Alle Preise verstehen sich pro Person, sofern nicht anders angegeben. Zudem m\u00fcssen Sie mindestens 16 Jahre alt sein, um Zugang zum Alsik Spa zu erhalten.<\/p>\n","protected":false},"excerpt":{"rendered":"<p>Gelegentlich braucht man eine Auszeit vom Alltag, um Entspannung, Ruhe und Besinnlichkeit zu finden. Das bekommen Sie im Alsik Spa, wo Sie zu verw\u00f6hnenden Angeboten und beispiellosen Spa-Erlebnissen in sch\u00f6ner Umgebung und entspannter Atmosph\u00e4re willkommen gehei\u00dfen werden.<\/p>\n","protected":false},"author":7,"featured_media":15288,"parent":3338,"menu_order":0,"comment_status":"closed","ping_status":"closed","template":"","meta":{"_acf_changed":false,"footnotes":""},"tags":[],"class_list":["post-2949","page","type-page","status-publish","has-post-thumbnail","hentry"],"acf":[],"yoast_head":"<!-- This site is optimized with the Yoast SEO plugin v24.3 - https:\/\/yoast.com\/wordpress\/plugins\/seo\/ -->\n<title>Spa-Tag und Preise | Alsik Hotel &amp; Spa<\/title>\n<meta name=\"description\" content=\"Gelegentlich braucht man eine Auszeit vom Alltag, um Entspannung, Ruhe und Besinnlichkeit zu finden. Das bekommen Sie im Alsik Spa.\" \/>\n<meta name=\"robots\" content=\"index, follow, max-snippet:-1, max-image-preview:large, max-video-preview:-1\" \/>\n<link rel=\"canonical\" href=\"https:\/\/alsik.dk\/de\/alsik-spa\/spa-tag-und-preise\/\" \/>\n<meta property=\"og:locale\" content=\"de_DE\" \/>\n<meta property=\"og:type\" content=\"article\" \/>\n<meta property=\"og:title\" content=\"Spa-Tag und Preise | Alsik Hotel &amp; Spa\" \/>\n<meta property=\"og:description\" content=\"Gelegentlich braucht man eine Auszeit vom Alltag, um Entspannung, Ruhe und Besinnlichkeit zu finden. Das bekommen Sie im Alsik Spa.\" \/>\n<meta property=\"og:url\" content=\"https:\/\/alsik.dk\/de\/alsik-spa\/spa-tag-und-preise\/\" \/>\n<meta property=\"og:site_name\" content=\"Alsik Hotel &amp; Spa\" \/>\n<meta property=\"article:modified_time\" content=\"2026-01-07T10:07:36+00:00\" \/>\n<meta property=\"og:image\" content=\"https:\/\/alsik.dk\/wp-content\/uploads\/2025\/01\/Alsik-spa-pool-9.jpg\" \/>\n\t<meta property=\"og:image:width\" content=\"1800\" \/>\n\t<meta property=\"og:image:height\" content=\"1201\" \/>\n\t<meta property=\"og:image:type\" content=\"image\/jpeg\" \/>\n<meta name=\"twitter:card\" content=\"summary_large_image\" \/>\n<meta name=\"twitter:label1\" content=\"Gesch\u00e4tzte Lesezeit\" \/>\n\t<meta name=\"twitter:data1\" content=\"1\u00a0Minute\" \/>\n<script type=\"application\/ld+json\" class=\"yoast-schema-graph\">{\"@context\":\"https:\/\/schema.org\",\"@graph\":[{\"@type\":\"WebPage\",\"@id\":\"https:\/\/alsik.dk\/de\/alsik-spa\/spa-tag-und-preise\/\",\"url\":\"https:\/\/alsik.dk\/de\/alsik-spa\/spa-tag-und-preise\/\",\"name\":\"Spa-Tag und Preise | Alsik Hotel &amp; Spa\",\"isPartOf\":{\"@id\":\"https:\/\/alsik.dk\/de\/#website\"},\"primaryImageOfPage\":{\"@id\":\"https:\/\/alsik.dk\/de\/alsik-spa\/spa-tag-und-preise\/#primaryimage\"},\"image\":{\"@id\":\"https:\/\/alsik.dk\/de\/alsik-spa\/spa-tag-und-preise\/#primaryimage\"},\"thumbnailUrl\":\"https:\/\/alsik.dk\/wp-content\/uploads\/2025\/01\/Alsik-spa-pool-9.jpg\",\"datePublished\":\"2019-07-02T09:05:12+00:00\",\"dateModified\":\"2026-01-07T10:07:36+00:00\",\"description\":\"Gelegentlich braucht man eine Auszeit vom Alltag, um Entspannung, Ruhe und Besinnlichkeit zu finden. Das bekommen Sie im Alsik Spa.\",\"breadcrumb\":{\"@id\":\"https:\/\/alsik.dk\/de\/alsik-spa\/spa-tag-und-preise\/#breadcrumb\"},\"inLanguage\":\"de\",\"potentialAction\":[{\"@type\":\"ReadAction\",\"target\":[\"https:\/\/alsik.dk\/de\/alsik-spa\/spa-tag-und-preise\/\"]}]},{\"@type\":\"ImageObject\",\"inLanguage\":\"de\",\"@id\":\"https:\/\/alsik.dk\/de\/alsik-spa\/spa-tag-und-preise\/#primaryimage\",\"url\":\"https:\/\/alsik.dk\/wp-content\/uploads\/2025\/01\/Alsik-spa-pool-9.jpg\",\"contentUrl\":\"https:\/\/alsik.dk\/wp-content\/uploads\/2025\/01\/Alsik-spa-pool-9.jpg\",\"width\":1800,\"height\":1201},{\"@type\":\"BreadcrumbList\",\"@id\":\"https:\/\/alsik.dk\/de\/alsik-spa\/spa-tag-und-preise\/#breadcrumb\",\"itemListElement\":[{\"@type\":\"ListItem\",\"position\":1,\"name\":\"Hjem\",\"item\":\"https:\/\/alsik.dk\/de\/\"},{\"@type\":\"ListItem\",\"position\":2,\"name\":\"Erleben Sie das Alsik Spa\",\"item\":\"https:\/\/alsik.dk\/de\/alsik-spa\/\"},{\"@type\":\"ListItem\",\"position\":3,\"name\":\"Spa-Tag und Preise\"}]},{\"@type\":\"WebSite\",\"@id\":\"https:\/\/alsik.dk\/de\/#website\",\"url\":\"https:\/\/alsik.dk\/de\/\",\"name\":\"Alsik Hotel &amp; Spa\",\"description\":\"Alsik er et af Danmarks mest sp\u00e6ndende hoteller med stilfulde og topmoderne v\u00e6relser. Oplev Danmarks st\u00f8rste spa med flere end 60 forskellige spa- og wellnessoplevelser eller fork\u00e6l sanserne med gastronomi i s\u00e6rklasse i Alsiks tre restauranter.\",\"potentialAction\":[{\"@type\":\"SearchAction\",\"target\":{\"@type\":\"EntryPoint\",\"urlTemplate\":\"https:\/\/alsik.dk\/de\/?s={search_term_string}\"},\"query-input\":{\"@type\":\"PropertyValueSpecification\",\"valueRequired\":true,\"valueName\":\"search_term_string\"}}],\"inLanguage\":\"de\"}]}<\/script>\n<!-- \/ Yoast SEO plugin. -->","yoast_head_json":{"title":"Spa-Tag und Preise | Alsik Hotel &amp; Spa","description":"Gelegentlich braucht man eine Auszeit vom Alltag, um Entspannung, Ruhe und Besinnlichkeit zu finden. Das bekommen Sie im Alsik Spa.","robots":{"index":"index","follow":"follow","max-snippet":"max-snippet:-1","max-image-preview":"max-image-preview:large","max-video-preview":"max-video-preview:-1"},"canonical":"https:\/\/alsik.dk\/de\/alsik-spa\/spa-tag-und-preise\/","og_locale":"de_DE","og_type":"article","og_title":"Spa-Tag und Preise | Alsik Hotel &amp; Spa","og_description":"Gelegentlich braucht man eine Auszeit vom Alltag, um Entspannung, Ruhe und Besinnlichkeit zu finden. Das bekommen Sie im Alsik Spa.","og_url":"https:\/\/alsik.dk\/de\/alsik-spa\/spa-tag-und-preise\/","og_site_name":"Alsik Hotel &amp; Spa","article_modified_time":"2026-01-07T10:07:36+00:00","og_image":[{"width":1800,"height":1201,"url":"https:\/\/alsik.dk\/wp-content\/uploads\/2025\/01\/Alsik-spa-pool-9.jpg","type":"image\/jpeg"}],"twitter_card":"summary_large_image","twitter_misc":{"Gesch\u00e4tzte Lesezeit":"1\u00a0Minute"},"schema":{"@context":"https:\/\/schema.org","@graph":[{"@type":"WebPage","@id":"https:\/\/alsik.dk\/de\/alsik-spa\/spa-tag-und-preise\/","url":"https:\/\/alsik.dk\/de\/alsik-spa\/spa-tag-und-preise\/","name":"Spa-Tag und Preise | Alsik Hotel &amp; Spa","isPartOf":{"@id":"https:\/\/alsik.dk\/de\/#website"},"primaryImageOfPage":{"@id":"https:\/\/alsik.dk\/de\/alsik-spa\/spa-tag-und-preise\/#primaryimage"},"image":{"@id":"https:\/\/alsik.dk\/de\/alsik-spa\/spa-tag-und-preise\/#primaryimage"},"thumbnailUrl":"https:\/\/alsik.dk\/wp-content\/uploads\/2025\/01\/Alsik-spa-pool-9.jpg","datePublished":"2019-07-02T09:05:12+00:00","dateModified":"2026-01-07T10:07:36+00:00","description":"Gelegentlich braucht man eine Auszeit vom Alltag, um Entspannung, Ruhe und Besinnlichkeit zu finden. Das bekommen Sie im Alsik Spa.","breadcrumb":{"@id":"https:\/\/alsik.dk\/de\/alsik-spa\/spa-tag-und-preise\/#breadcrumb"},"inLanguage":"de","potentialAction":[{"@type":"ReadAction","target":["https:\/\/alsik.dk\/de\/alsik-spa\/spa-tag-und-preise\/"]}]},{"@type":"ImageObject","inLanguage":"de","@id":"https:\/\/alsik.dk\/de\/alsik-spa\/spa-tag-und-preise\/#primaryimage","url":"https:\/\/alsik.dk\/wp-content\/uploads\/2025\/01\/Alsik-spa-pool-9.jpg","contentUrl":"https:\/\/alsik.dk\/wp-content\/uploads\/2025\/01\/Alsik-spa-pool-9.jpg","width":1800,"height":1201},{"@type":"BreadcrumbList","@id":"https:\/\/alsik.dk\/de\/alsik-spa\/spa-tag-und-preise\/#breadcrumb","itemListElement":[{"@type":"ListItem","position":1,"name":"Hjem","item":"https:\/\/alsik.dk\/de\/"},{"@type":"ListItem","position":2,"name":"Erleben Sie das Alsik Spa","item":"https:\/\/alsik.dk\/de\/alsik-spa\/"},{"@type":"ListItem","position":3,"name":"Spa-Tag und Preise"}]},{"@type":"WebSite","@id":"https:\/\/alsik.dk\/de\/#website","url":"https:\/\/alsik.dk\/de\/","name":"Alsik Hotel &amp; Spa","description":"Alsik er et af Danmarks mest sp\u00e6ndende hoteller med stilfulde og topmoderne v\u00e6relser. Oplev Danmarks st\u00f8rste spa med flere end 60 forskellige spa- og wellnessoplevelser eller fork\u00e6l sanserne med gastronomi i s\u00e6rklasse i Alsiks tre restauranter.","potentialAction":[{"@type":"SearchAction","target":{"@type":"EntryPoint","urlTemplate":"https:\/\/alsik.dk\/de\/?s={search_term_string}"},"query-input":{"@type":"PropertyValueSpecification","valueRequired":true,"valueName":"search_term_string"}}],"inLanguage":"de"}]}},"_links":{"self":[{"href":"https:\/\/alsik.dk\/de\/wp-json\/wp\/v2\/pages\/2949","targetHints":{"allow":["GET"]}}],"collection":[{"href":"https:\/\/alsik.dk\/de\/wp-json\/wp\/v2\/pages"}],"about":[{"href":"https:\/\/alsik.dk\/de\/wp-json\/wp\/v2\/types\/page"}],"author":[{"embeddable":true,"href":"https:\/\/alsik.dk\/de\/wp-json\/wp\/v2\/users\/7"}],"replies":[{"embeddable":true,"href":"https:\/\/alsik.dk\/de\/wp-json\/wp\/v2\/comments?post=2949"}],"version-history":[{"count":13,"href":"https:\/\/alsik.dk\/de\/wp-json\/wp\/v2\/pages\/2949\/revisions"}],"predecessor-version":[{"id":17443,"href":"https:\/\/alsik.dk\/de\/wp-json\/wp\/v2\/pages\/2949\/revisions\/17443"}],"up":[{"embeddable":true,"href":"https:\/\/alsik.dk\/de\/wp-json\/wp\/v2\/pages\/3338"}],"wp:featuredmedia":[{"embeddable":true,"href":"https:\/\/alsik.dk\/de\/wp-json\/wp\/v2\/media\/15288"}],"wp:attachment":[{"href":"https:\/\/alsik.dk\/de\/wp-json\/wp\/v2\/media?parent=2949"}],"wp:term":[{"taxonomy":"post_tag","embeddable":true,"href":"https:\/\/alsik.dk\/de\/wp-json\/wp\/v2\/tags?post=2949"}],"curies":[{"name":"wp","href":"https:\/\/api.w.org\/{rel}","templated":true}]}}