{"id":2955,"date":"2019-07-02T11:05:27","date_gmt":"2019-07-02T09:05:27","guid":{"rendered":"https:\/\/alsik.dk\/medlemskaber\/"},"modified":"2024-12-02T15:21:42","modified_gmt":"2024-12-02T14:21:42","slug":"mitgliedschaften","status":"publish","type":"page","link":"https:\/\/alsik.dk\/de\/alsik-spa\/mitgliedschaften\/","title":{"rendered":"Mitgliedschaften"},"content":{"rendered":"","protected":false},"excerpt":{"rendered":"<p>Das Alsik Spa bietet Spa- und Fitness-Mitgliedschaften an, bei denen Ihre Gesundheit, das k\u00f6rperliche und geistige Wohlbefinden und die Wiederherstellung im Mittelpunkt stehen. Wir gew\u00e4hren Ihnen Hilfe und Anleitung in einer guten Richtung, egal ob Sie einfach Entspannung und eine Auszeit vom Hamsterrad des Alltags brauchen oder sich im Sinne einer positiven physischen Entwicklung helfen lassen wollen.<\/p>\n","protected":false},"author":7,"featured_media":2956,"parent":3338,"menu_order":0,"comment_status":"closed","ping_status":"closed","template":"","meta":{"_acf_changed":false,"footnotes":""},"tags":[],"class_list":["post-2955","page","type-page","status-publish","has-post-thumbnail","hentry"],"acf":[],"yoast_head":"<!-- This site is optimized with the Yoast SEO plugin v24.3 - https:\/\/yoast.com\/wordpress\/plugins\/seo\/ -->\n<title>Mitgliedschaften | Alsik Hotel &amp; Spa<\/title>\n<meta name=\"description\" content=\"Das Alsik Spa bietet Spa- und Fitness-Mitgliedschaften an, bei denen Ihre Gesundheit, im Mittelpunkt stehen\" \/>\n<meta name=\"robots\" content=\"index, follow, max-snippet:-1, max-image-preview:large, max-video-preview:-1\" \/>\n<link rel=\"canonical\" href=\"https:\/\/alsik.dk\/de\/alsik-spa\/mitgliedschaften\/\" \/>\n<meta property=\"og:locale\" content=\"de_DE\" \/>\n<meta property=\"og:type\" content=\"article\" \/>\n<meta property=\"og:title\" content=\"Mitgliedschaften | Alsik Hotel &amp; Spa\" \/>\n<meta property=\"og:description\" content=\"Das Alsik Spa bietet Spa- und Fitness-Mitgliedschaften an, bei denen Ihre Gesundheit, im Mittelpunkt stehen\" \/>\n<meta property=\"og:url\" content=\"https:\/\/alsik.dk\/de\/alsik-spa\/mitgliedschaften\/\" \/>\n<meta property=\"og:site_name\" content=\"Alsik Hotel &amp; Spa\" \/>\n<meta property=\"article:modified_time\" content=\"2024-12-02T14:21:42+00:00\" \/>\n<meta property=\"og:image\" content=\"https:\/\/alsik.dk\/wp-content\/uploads\/2019\/07\/WBJWW0393_72dpi.jpg\" \/>\n\t<meta property=\"og:image:width\" content=\"1286\" \/>\n\t<meta property=\"og:image:height\" content=\"858\" \/>\n\t<meta property=\"og:image:type\" content=\"image\/jpeg\" \/>\n<meta name=\"twitter:card\" content=\"summary_large_image\" \/>\n<meta name=\"twitter:label1\" content=\"Gesch\u00e4tzte Lesezeit\" \/>\n\t<meta name=\"twitter:data1\" content=\"1\u00a0Minute\" \/>\n<script type=\"application\/ld+json\" class=\"yoast-schema-graph\">{\"@context\":\"https:\/\/schema.org\",\"@graph\":[{\"@type\":\"WebPage\",\"@id\":\"https:\/\/alsik.dk\/de\/alsik-spa\/mitgliedschaften\/\",\"url\":\"https:\/\/alsik.dk\/de\/alsik-spa\/mitgliedschaften\/\",\"name\":\"Mitgliedschaften | Alsik Hotel &amp; Spa\",\"isPartOf\":{\"@id\":\"https:\/\/alsik.dk\/de\/#website\"},\"primaryImageOfPage\":{\"@id\":\"https:\/\/alsik.dk\/de\/alsik-spa\/mitgliedschaften\/#primaryimage\"},\"image\":{\"@id\":\"https:\/\/alsik.dk\/de\/alsik-spa\/mitgliedschaften\/#primaryimage\"},\"thumbnailUrl\":\"https:\/\/alsik.dk\/wp-content\/uploads\/2019\/07\/WBJWW0393_72dpi.jpg\",\"datePublished\":\"2019-07-02T09:05:27+00:00\",\"dateModified\":\"2024-12-02T14:21:42+00:00\",\"description\":\"Das Alsik Spa bietet Spa- und Fitness-Mitgliedschaften an, bei denen Ihre Gesundheit, im Mittelpunkt stehen\",\"breadcrumb\":{\"@id\":\"https:\/\/alsik.dk\/de\/alsik-spa\/mitgliedschaften\/#breadcrumb\"},\"inLanguage\":\"de\",\"potentialAction\":[{\"@type\":\"ReadAction\",\"target\":[\"https:\/\/alsik.dk\/de\/alsik-spa\/mitgliedschaften\/\"]}]},{\"@type\":\"ImageObject\",\"inLanguage\":\"de\",\"@id\":\"https:\/\/alsik.dk\/de\/alsik-spa\/mitgliedschaften\/#primaryimage\",\"url\":\"https:\/\/alsik.dk\/wp-content\/uploads\/2019\/07\/WBJWW0393_72dpi.jpg\",\"contentUrl\":\"https:\/\/alsik.dk\/wp-content\/uploads\/2019\/07\/WBJWW0393_72dpi.jpg\",\"width\":1286,\"height\":858},{\"@type\":\"BreadcrumbList\",\"@id\":\"https:\/\/alsik.dk\/de\/alsik-spa\/mitgliedschaften\/#breadcrumb\",\"itemListElement\":[{\"@type\":\"ListItem\",\"position\":1,\"name\":\"Hjem\",\"item\":\"https:\/\/alsik.dk\/de\/\"},{\"@type\":\"ListItem\",\"position\":2,\"name\":\"Erleben Sie das Alsik Spa\",\"item\":\"https:\/\/alsik.dk\/de\/alsik-spa\/\"},{\"@type\":\"ListItem\",\"position\":3,\"name\":\"Mitgliedschaften\"}]},{\"@type\":\"WebSite\",\"@id\":\"https:\/\/alsik.dk\/de\/#website\",\"url\":\"https:\/\/alsik.dk\/de\/\",\"name\":\"Alsik Hotel &amp; Spa\",\"description\":\"Alsik er et af Danmarks mest sp\u00e6ndende hoteller med stilfulde og topmoderne v\u00e6relser. Oplev Danmarks st\u00f8rste spa med flere end 60 forskellige spa- og wellnessoplevelser eller fork\u00e6l sanserne med gastronomi i s\u00e6rklasse i Alsiks tre restauranter.\",\"potentialAction\":[{\"@type\":\"SearchAction\",\"target\":{\"@type\":\"EntryPoint\",\"urlTemplate\":\"https:\/\/alsik.dk\/de\/?s={search_term_string}\"},\"query-input\":{\"@type\":\"PropertyValueSpecification\",\"valueRequired\":true,\"valueName\":\"search_term_string\"}}],\"inLanguage\":\"de\"}]}<\/script>\n<!-- \/ Yoast SEO plugin. -->","yoast_head_json":{"title":"Mitgliedschaften | Alsik Hotel &amp; Spa","description":"Das Alsik Spa bietet Spa- und Fitness-Mitgliedschaften an, bei denen Ihre Gesundheit, im Mittelpunkt stehen","robots":{"index":"index","follow":"follow","max-snippet":"max-snippet:-1","max-image-preview":"max-image-preview:large","max-video-preview":"max-video-preview:-1"},"canonical":"https:\/\/alsik.dk\/de\/alsik-spa\/mitgliedschaften\/","og_locale":"de_DE","og_type":"article","og_title":"Mitgliedschaften | Alsik Hotel &amp; Spa","og_description":"Das Alsik Spa bietet Spa- und Fitness-Mitgliedschaften an, bei denen Ihre Gesundheit, im Mittelpunkt stehen","og_url":"https:\/\/alsik.dk\/de\/alsik-spa\/mitgliedschaften\/","og_site_name":"Alsik Hotel &amp; Spa","article_modified_time":"2024-12-02T14:21:42+00:00","og_image":[{"width":1286,"height":858,"url":"https:\/\/alsik.dk\/wp-content\/uploads\/2019\/07\/WBJWW0393_72dpi.jpg","type":"image\/jpeg"}],"twitter_card":"summary_large_image","twitter_misc":{"Gesch\u00e4tzte Lesezeit":"1\u00a0Minute"},"schema":{"@context":"https:\/\/schema.org","@graph":[{"@type":"WebPage","@id":"https:\/\/alsik.dk\/de\/alsik-spa\/mitgliedschaften\/","url":"https:\/\/alsik.dk\/de\/alsik-spa\/mitgliedschaften\/","name":"Mitgliedschaften | Alsik Hotel &amp; Spa","isPartOf":{"@id":"https:\/\/alsik.dk\/de\/#website"},"primaryImageOfPage":{"@id":"https:\/\/alsik.dk\/de\/alsik-spa\/mitgliedschaften\/#primaryimage"},"image":{"@id":"https:\/\/alsik.dk\/de\/alsik-spa\/mitgliedschaften\/#primaryimage"},"thumbnailUrl":"https:\/\/alsik.dk\/wp-content\/uploads\/2019\/07\/WBJWW0393_72dpi.jpg","datePublished":"2019-07-02T09:05:27+00:00","dateModified":"2024-12-02T14:21:42+00:00","description":"Das Alsik Spa bietet Spa- und Fitness-Mitgliedschaften an, bei denen Ihre Gesundheit, im Mittelpunkt stehen","breadcrumb":{"@id":"https:\/\/alsik.dk\/de\/alsik-spa\/mitgliedschaften\/#breadcrumb"},"inLanguage":"de","potentialAction":[{"@type":"ReadAction","target":["https:\/\/alsik.dk\/de\/alsik-spa\/mitgliedschaften\/"]}]},{"@type":"ImageObject","inLanguage":"de","@id":"https:\/\/alsik.dk\/de\/alsik-spa\/mitgliedschaften\/#primaryimage","url":"https:\/\/alsik.dk\/wp-content\/uploads\/2019\/07\/WBJWW0393_72dpi.jpg","contentUrl":"https:\/\/alsik.dk\/wp-content\/uploads\/2019\/07\/WBJWW0393_72dpi.jpg","width":1286,"height":858},{"@type":"BreadcrumbList","@id":"https:\/\/alsik.dk\/de\/alsik-spa\/mitgliedschaften\/#breadcrumb","itemListElement":[{"@type":"ListItem","position":1,"name":"Hjem","item":"https:\/\/alsik.dk\/de\/"},{"@type":"ListItem","position":2,"name":"Erleben Sie das Alsik Spa","item":"https:\/\/alsik.dk\/de\/alsik-spa\/"},{"@type":"ListItem","position":3,"name":"Mitgliedschaften"}]},{"@type":"WebSite","@id":"https:\/\/alsik.dk\/de\/#website","url":"https:\/\/alsik.dk\/de\/","name":"Alsik Hotel &amp; Spa","description":"Alsik er et af Danmarks mest sp\u00e6ndende hoteller med stilfulde og topmoderne v\u00e6relser. Oplev Danmarks st\u00f8rste spa med flere end 60 forskellige spa- og wellnessoplevelser eller fork\u00e6l sanserne med gastronomi i s\u00e6rklasse i Alsiks tre restauranter.","potentialAction":[{"@type":"SearchAction","target":{"@type":"EntryPoint","urlTemplate":"https:\/\/alsik.dk\/de\/?s={search_term_string}"},"query-input":{"@type":"PropertyValueSpecification","valueRequired":true,"valueName":"search_term_string"}}],"inLanguage":"de"}]}},"_links":{"self":[{"href":"https:\/\/alsik.dk\/de\/wp-json\/wp\/v2\/pages\/2955","targetHints":{"allow":["GET"]}}],"collection":[{"href":"https:\/\/alsik.dk\/de\/wp-json\/wp\/v2\/pages"}],"about":[{"href":"https:\/\/alsik.dk\/de\/wp-json\/wp\/v2\/types\/page"}],"author":[{"embeddable":true,"href":"https:\/\/alsik.dk\/de\/wp-json\/wp\/v2\/users\/7"}],"replies":[{"embeddable":true,"href":"https:\/\/alsik.dk\/de\/wp-json\/wp\/v2\/comments?post=2955"}],"version-history":[{"count":13,"href":"https:\/\/alsik.dk\/de\/wp-json\/wp\/v2\/pages\/2955\/revisions"}],"predecessor-version":[{"id":14745,"href":"https:\/\/alsik.dk\/de\/wp-json\/wp\/v2\/pages\/2955\/revisions\/14745"}],"up":[{"embeddable":true,"href":"https:\/\/alsik.dk\/de\/wp-json\/wp\/v2\/pages\/3338"}],"wp:featuredmedia":[{"embeddable":true,"href":"https:\/\/alsik.dk\/de\/wp-json\/wp\/v2\/media\/2956"}],"wp:attachment":[{"href":"https:\/\/alsik.dk\/de\/wp-json\/wp\/v2\/media?parent=2955"}],"wp:term":[{"taxonomy":"post_tag","embeddable":true,"href":"https:\/\/alsik.dk\/de\/wp-json\/wp\/v2\/tags?post=2955"}],"curies":[{"name":"wp","href":"https:\/\/api.w.org\/{rel}","templated":true}]}}