{"id":2961,"date":"2019-07-04T16:29:22","date_gmt":"2019-07-04T14:29:22","guid":{"rendered":"https:\/\/alsik.dk\/alsiks-groenne-traad\/"},"modified":"2024-08-23T13:57:30","modified_gmt":"2024-08-23T11:57:30","slug":"der-gruene-faden-des-alsik","status":"publish","type":"page","link":"https:\/\/alsik.dk\/de\/alsik-spa\/der-gruene-faden-des-alsik\/","title":{"rendered":"Der gr\u00fcne Faden des Alsik Spa"},"content":{"rendered":"<p>Das Alsik Spa wahrt ein nat\u00fcrliches Gleichgewicht zwischen k\u00f6rperlichen und geistigen, physischen und ideellen Aspekten. Darauf achten wir in der Begegnung mit unseren G\u00e4sten, w\u00e4hrend wir auch Nachhaltigkeit und soziale Verantwortung in unser Spa-Konzept einbeziehen.<\/p>\n<p>Wir haben einzigartige Voraussetzungen geschaffen \u2013 vor allem durch traditionsreiche Spa-Erlebnisse, die zum Fundament eines Lebens in Gesundheit, Kraft und Energie beitragen.<\/p>\n","protected":false},"excerpt":{"rendered":"<p>Das Alsik Spa wahrt ein nat\u00fcrliches Gleichgewicht zwischen k\u00f6rperlichen und geistigen, physischen und ideellen Aspekten. Darauf achten wir in der Begegnung mit unseren G\u00e4sten, w\u00e4hrend wir auch Nachhaltigkeit und soziale Verantwortung in unser Spa-Konzept einbeziehen.<\/p>\n","protected":false},"author":7,"featured_media":0,"parent":3338,"menu_order":0,"comment_status":"closed","ping_status":"closed","template":"","meta":{"_acf_changed":false,"footnotes":""},"tags":[],"class_list":["post-2961","page","type-page","status-publish","hentry"],"acf":[],"yoast_head":"<!-- This site is optimized with the Yoast SEO plugin v24.3 - https:\/\/yoast.com\/wordpress\/plugins\/seo\/ -->\n<title>Der gr\u00fcne Faden des Alsik Spa | Alsik Hotel &amp; Spa<\/title>\n<meta name=\"description\" content=\"Das Alsik Spa wahrt ein nat\u00fcrliches Gleichgewicht zwischen k\u00f6rperlichen und geistigen, physischen und ideellen Aspekten.\" \/>\n<meta name=\"robots\" content=\"index, follow, max-snippet:-1, max-image-preview:large, max-video-preview:-1\" \/>\n<link rel=\"canonical\" href=\"https:\/\/alsik.dk\/de\/alsik-spa\/der-gruene-faden-des-alsik\/\" \/>\n<meta property=\"og:locale\" content=\"de_DE\" \/>\n<meta property=\"og:type\" content=\"article\" \/>\n<meta property=\"og:title\" content=\"Der gr\u00fcne Faden des Alsik Spa | Alsik Hotel &amp; Spa\" \/>\n<meta property=\"og:description\" content=\"Das Alsik Spa wahrt ein nat\u00fcrliches Gleichgewicht zwischen k\u00f6rperlichen und geistigen, physischen und ideellen Aspekten.\" \/>\n<meta property=\"og:url\" content=\"https:\/\/alsik.dk\/de\/alsik-spa\/der-gruene-faden-des-alsik\/\" \/>\n<meta property=\"og:site_name\" content=\"Alsik Hotel &amp; Spa\" \/>\n<meta property=\"article:modified_time\" content=\"2024-08-23T11:57:30+00:00\" \/>\n<meta name=\"twitter:card\" content=\"summary_large_image\" \/>\n<meta name=\"twitter:label1\" content=\"Gesch\u00e4tzte Lesezeit\" \/>\n\t<meta name=\"twitter:data1\" content=\"1\u00a0Minute\" \/>\n<script type=\"application\/ld+json\" class=\"yoast-schema-graph\">{\"@context\":\"https:\/\/schema.org\",\"@graph\":[{\"@type\":\"WebPage\",\"@id\":\"https:\/\/alsik.dk\/de\/alsik-spa\/der-gruene-faden-des-alsik\/\",\"url\":\"https:\/\/alsik.dk\/de\/alsik-spa\/der-gruene-faden-des-alsik\/\",\"name\":\"Der gr\u00fcne Faden des Alsik Spa | Alsik Hotel &amp; Spa\",\"isPartOf\":{\"@id\":\"https:\/\/alsik.dk\/de\/#website\"},\"datePublished\":\"2019-07-04T14:29:22+00:00\",\"dateModified\":\"2024-08-23T11:57:30+00:00\",\"description\":\"Das Alsik Spa wahrt ein nat\u00fcrliches Gleichgewicht zwischen k\u00f6rperlichen und geistigen, physischen und ideellen Aspekten.\",\"breadcrumb\":{\"@id\":\"https:\/\/alsik.dk\/de\/alsik-spa\/der-gruene-faden-des-alsik\/#breadcrumb\"},\"inLanguage\":\"de\",\"potentialAction\":[{\"@type\":\"ReadAction\",\"target\":[\"https:\/\/alsik.dk\/de\/alsik-spa\/der-gruene-faden-des-alsik\/\"]}]},{\"@type\":\"BreadcrumbList\",\"@id\":\"https:\/\/alsik.dk\/de\/alsik-spa\/der-gruene-faden-des-alsik\/#breadcrumb\",\"itemListElement\":[{\"@type\":\"ListItem\",\"position\":1,\"name\":\"Hjem\",\"item\":\"https:\/\/alsik.dk\/de\/\"},{\"@type\":\"ListItem\",\"position\":2,\"name\":\"Erleben Sie das Alsik Spa\",\"item\":\"https:\/\/alsik.dk\/de\/alsik-spa\/\"},{\"@type\":\"ListItem\",\"position\":3,\"name\":\"Der gr\u00fcne Faden des Alsik Spa\"}]},{\"@type\":\"WebSite\",\"@id\":\"https:\/\/alsik.dk\/de\/#website\",\"url\":\"https:\/\/alsik.dk\/de\/\",\"name\":\"Alsik Hotel &amp; Spa\",\"description\":\"Alsik er et af Danmarks mest sp\u00e6ndende hoteller med stilfulde og topmoderne v\u00e6relser. Oplev Danmarks st\u00f8rste spa med flere end 60 forskellige spa- og wellnessoplevelser eller fork\u00e6l sanserne med gastronomi i s\u00e6rklasse i Alsiks tre restauranter.\",\"potentialAction\":[{\"@type\":\"SearchAction\",\"target\":{\"@type\":\"EntryPoint\",\"urlTemplate\":\"https:\/\/alsik.dk\/de\/?s={search_term_string}\"},\"query-input\":{\"@type\":\"PropertyValueSpecification\",\"valueRequired\":true,\"valueName\":\"search_term_string\"}}],\"inLanguage\":\"de\"}]}<\/script>\n<!-- \/ Yoast SEO plugin. -->","yoast_head_json":{"title":"Der gr\u00fcne Faden des Alsik Spa | Alsik Hotel &amp; Spa","description":"Das Alsik Spa wahrt ein nat\u00fcrliches Gleichgewicht zwischen k\u00f6rperlichen und geistigen, physischen und ideellen Aspekten.","robots":{"index":"index","follow":"follow","max-snippet":"max-snippet:-1","max-image-preview":"max-image-preview:large","max-video-preview":"max-video-preview:-1"},"canonical":"https:\/\/alsik.dk\/de\/alsik-spa\/der-gruene-faden-des-alsik\/","og_locale":"de_DE","og_type":"article","og_title":"Der gr\u00fcne Faden des Alsik Spa | Alsik Hotel &amp; Spa","og_description":"Das Alsik Spa wahrt ein nat\u00fcrliches Gleichgewicht zwischen k\u00f6rperlichen und geistigen, physischen und ideellen Aspekten.","og_url":"https:\/\/alsik.dk\/de\/alsik-spa\/der-gruene-faden-des-alsik\/","og_site_name":"Alsik Hotel &amp; Spa","article_modified_time":"2024-08-23T11:57:30+00:00","twitter_card":"summary_large_image","twitter_misc":{"Gesch\u00e4tzte Lesezeit":"1\u00a0Minute"},"schema":{"@context":"https:\/\/schema.org","@graph":[{"@type":"WebPage","@id":"https:\/\/alsik.dk\/de\/alsik-spa\/der-gruene-faden-des-alsik\/","url":"https:\/\/alsik.dk\/de\/alsik-spa\/der-gruene-faden-des-alsik\/","name":"Der gr\u00fcne Faden des Alsik Spa | Alsik Hotel &amp; Spa","isPartOf":{"@id":"https:\/\/alsik.dk\/de\/#website"},"datePublished":"2019-07-04T14:29:22+00:00","dateModified":"2024-08-23T11:57:30+00:00","description":"Das Alsik Spa wahrt ein nat\u00fcrliches Gleichgewicht zwischen k\u00f6rperlichen und geistigen, physischen und ideellen Aspekten.","breadcrumb":{"@id":"https:\/\/alsik.dk\/de\/alsik-spa\/der-gruene-faden-des-alsik\/#breadcrumb"},"inLanguage":"de","potentialAction":[{"@type":"ReadAction","target":["https:\/\/alsik.dk\/de\/alsik-spa\/der-gruene-faden-des-alsik\/"]}]},{"@type":"BreadcrumbList","@id":"https:\/\/alsik.dk\/de\/alsik-spa\/der-gruene-faden-des-alsik\/#breadcrumb","itemListElement":[{"@type":"ListItem","position":1,"name":"Hjem","item":"https:\/\/alsik.dk\/de\/"},{"@type":"ListItem","position":2,"name":"Erleben Sie das Alsik Spa","item":"https:\/\/alsik.dk\/de\/alsik-spa\/"},{"@type":"ListItem","position":3,"name":"Der gr\u00fcne Faden des Alsik Spa"}]},{"@type":"WebSite","@id":"https:\/\/alsik.dk\/de\/#website","url":"https:\/\/alsik.dk\/de\/","name":"Alsik Hotel &amp; Spa","description":"Alsik er et af Danmarks mest sp\u00e6ndende hoteller med stilfulde og topmoderne v\u00e6relser. Oplev Danmarks st\u00f8rste spa med flere end 60 forskellige spa- og wellnessoplevelser eller fork\u00e6l sanserne med gastronomi i s\u00e6rklasse i Alsiks tre restauranter.","potentialAction":[{"@type":"SearchAction","target":{"@type":"EntryPoint","urlTemplate":"https:\/\/alsik.dk\/de\/?s={search_term_string}"},"query-input":{"@type":"PropertyValueSpecification","valueRequired":true,"valueName":"search_term_string"}}],"inLanguage":"de"}]}},"_links":{"self":[{"href":"https:\/\/alsik.dk\/de\/wp-json\/wp\/v2\/pages\/2961","targetHints":{"allow":["GET"]}}],"collection":[{"href":"https:\/\/alsik.dk\/de\/wp-json\/wp\/v2\/pages"}],"about":[{"href":"https:\/\/alsik.dk\/de\/wp-json\/wp\/v2\/types\/page"}],"author":[{"embeddable":true,"href":"https:\/\/alsik.dk\/de\/wp-json\/wp\/v2\/users\/7"}],"replies":[{"embeddable":true,"href":"https:\/\/alsik.dk\/de\/wp-json\/wp\/v2\/comments?post=2961"}],"version-history":[{"count":11,"href":"https:\/\/alsik.dk\/de\/wp-json\/wp\/v2\/pages\/2961\/revisions"}],"predecessor-version":[{"id":14242,"href":"https:\/\/alsik.dk\/de\/wp-json\/wp\/v2\/pages\/2961\/revisions\/14242"}],"up":[{"embeddable":true,"href":"https:\/\/alsik.dk\/de\/wp-json\/wp\/v2\/pages\/3338"}],"wp:attachment":[{"href":"https:\/\/alsik.dk\/de\/wp-json\/wp\/v2\/media?parent=2961"}],"wp:term":[{"taxonomy":"post_tag","embeddable":true,"href":"https:\/\/alsik.dk\/de\/wp-json\/wp\/v2\/tags?post=2961"}],"curies":[{"name":"wp","href":"https:\/\/api.w.org\/{rel}","templated":true}]}}