{"id":2987,"date":"2019-07-04T16:29:40","date_gmt":"2019-07-04T14:29:40","guid":{"rendered":"https:\/\/alsik.dk\/spa-etikette\/"},"modified":"2026-01-12T08:23:00","modified_gmt":"2026-01-12T07:23:00","slug":"spa-etikette","status":"publish","type":"page","link":"https:\/\/alsik.dk\/de\/alsik-spa\/spa-etikette\/","title":{"rendered":"Spa Verhaltensregeln"},"content":{"rendered":"<h4>Wann Sie eintreffen sollten<\/h4>\n<p>Um aus der Zeit, die Sie bei uns verbringen, so viel wie m\u00f6glich herauszuholen, sollten Sie bitte mindestens 20 Minuten vor Beginn Ihrer Behandlung eintreffen. Dann haben Sie genug Zeit, um einzuchecken und sich f\u00fcr Ihre Behandlung bereit zu machen. Falls Sie zu sp\u00e4t kommen, wird es unumg\u00e4nglich sein, Ihre Behandlung entsprechend abzuk\u00fcrzen.<\/p>\n<h4>Ihre Gesundheit<\/h4>\n<p>Wir bitten Sie, Ihrem Therapeuten etwaige gesundheitliche Umst\u00e4nde mitzuteilen, die f\u00fcr Ihre Behandlung von Bedeutung sein k\u00f6nnen \u2013 z.B. zu hoher oder zu niedriger Blutdruck, Allergien, aktive Chemotherapie, ob Sie in letzter Zeit operiert wurden oder \u00c4hnliches. Im Spa k\u00f6nnen Sie ein Bier oder ein Glas Wein genie\u00dfen aber wir empfehlen, dass Sie weder vor noch unmittelbar nach Ihrer Behandlung, Trainingsperiode oder Gruppen\u00fcbung Alkohol konsumieren.<\/p>\n<h4>Schwangere<\/h4>\n<p>Viele unserer Behandlungen sind f\u00fcr Schwangere geeignet, aber teilen Sie unserem Spa-Team bitte mit, was Ihnen gut tut oder was Sie brauchen, um Ihren Aufenthalt bei uns am besten genie\u00dfen zu k\u00f6nnen. Wir empfehlen Schwangeren keinen l\u00e4nger andauernden Aufenthalt in den warmen Saunen, Dampfb\u00e4dern oder Whirlpools.<\/p>\n<p>Wir empfehlen, dass Sie erst nach dem ersten Trimester Behandlungen buchen.<\/p>\n<h4>Bekleidung<\/h4>\n<p>Wir bitten Hotelg\u00e4ste, Badem\u00e4ntel und Hausschuhe vom Zimmer mitzubringen. Handt\u00fccher werden an der Spa-Rezeption ausgegeben. Tagesg\u00e4ste erhalten beim Check-in einen Bademantel, Slipper und ein Handtuch. Keine Badekleidung zu tragen ist nur in den Saunen in den Umkleider\u00e4umen zul\u00e4ssig.<\/p>\n<h4>Wertgegenst\u00e4nde<\/h4>\n<p>Beachten Sie bitte, dass das Alsik Spa keine Haftung f\u00fcr pers\u00f6nliche Habe \u00fcbernimmt, und wir empfehlen, dass Sie keine Wertsachen ins Spa mitnehmen.<\/p>\n<h4>Kinder<\/h4>\n<p>Kinder und Jugendliche im Alter von 0-16 Jahren (nur f\u00fcr Hotelg\u00e4ste) haben w\u00e4hrend festgelegter Zeitfenster in Begleitung eines Erwachsenen Zugang. Die Zeiten und Preise finden Sie hier.<\/p>\n<p>Kinder im Alter von 0-6 Jahren haben Zugang zum Kids Pool, w\u00e4hrend Kinder und Jugendliche im Alter von 7-16 Jahren den Alsik Spa Pool nutzen k\u00f6nnen. Nur eine Zeitbuchung ist m\u00f6glich. Hausschuhe und Badem\u00e4ntel f\u00fcr Kinder werden an der Spa-Rezeption bereitgestellt.<\/p>\n<p>Hinweis: Kinder unter 16 Jahren m\u00fcssen immer von einem Erwachsenen begleitet werden. Unser Nordic Spa ist nur f\u00fcr Erwachsene ab 18 Jahren vorgesehen.<\/p>\n<h4>Digitalfreie Zonen<\/h4>\n<p>Damit Sie aus Ihrem Aufenthalt bei uns den gr\u00f6\u00dftm\u00f6glichen Nutzen ziehen, sind die Wellness- und Behandlungsetagen sowie die Lounge-Bereiche digitalfreie\u00a0 Zonen.<\/p>\n<h4>Abbestellung<\/h4>\n<p>Die Behandlung, die Sie bestellen, wird speziell f\u00fcr Sie reserviert. Wir fordern daher eine Stornogeb\u00fchr von 100 % des Preises ein, wenn eine Behandlung weniger als 12 Stunden vor dem vereinbarten Behandlungszeitpunkt abgesagt wird.\u00a0Gleiches gilt f\u00fcr gebuchte Spa-Zeiten, Events und kostenpflichtige Gruppen-Workouts. Abmeldungen sind m\u00f6glich unter Tel. +45 74 20 35 00\u00a0 oder <a href=\"mailto:alsiknordicspa@alsik-hotel.dk\">alsiknordicspa@alsik-hotel.dk<\/a><\/p>\n<h4>Nichtraucherbereich<\/h4>\n<p>Das Alsik Spa, einschlie\u00dflich des Spa-Bereichs im Freien, ist ein Nichtraucherbereich. Vor dem Haupteingang befindet sich ein Raucherbereich.<\/p>\n<p><strong>Verhalten im Spa<\/strong><\/p>\n<p>Im Alsik Nordisk Spa &amp; Wellness wird auf jedes Detail geachtet, um das perfekte Sinneserlebnis f\u00fcr Sie zu schaffen. Wir appellieren daher an Sie als Gast, bei Ihrem Besuch R\u00fccksicht auf andere G\u00e4ste zu nehmen. Um sicherzustellen, dass alle G\u00e4ste ein gutes und angenehmes Erlebnis haben, behalten wir uns das Recht vor, G\u00e4ste mit unangemessenem Verhalten &#8211; sowohl gegen\u00fcber anderen Spa-G\u00e4sten als auch gegen\u00fcber unseren Mitarbeitern &#8211; abzulehnen oder auszuschlie\u00dfen.<\/p>\n","protected":false},"excerpt":{"rendered":"<p>Wann Sie eintreffen sollten Um aus der Zeit, die Sie bei uns verbringen, so viel wie m\u00f6glich herauszuholen, sollten Sie bitte mindestens 20 Minuten vor Beginn Ihrer Behandlung eintreffen. Dann haben Sie genug Zeit, um einzuchecken und sich f\u00fcr Ihre Behandlung bereit zu machen. Falls Sie zu sp\u00e4t kommen, wird es unumg\u00e4nglich sein, Ihre Behandlung <a href=\"https:\/\/alsik.dk\/de\/alsik-spa\/spa-etikette\/\" class=\"more-link\">\u2026\u00a0<span class=\"screen-reader-text\">  Spa Verhaltensregeln<\/span><\/a><\/p>\n","protected":false},"author":7,"featured_media":0,"parent":3338,"menu_order":0,"comment_status":"closed","ping_status":"closed","template":"","meta":{"_acf_changed":false,"footnotes":""},"tags":[],"class_list":["post-2987","page","type-page","status-publish","hentry"],"acf":[],"yoast_head":"<!-- This site is optimized with the Yoast SEO plugin v24.3 - https:\/\/yoast.com\/wordpress\/plugins\/seo\/ -->\n<title>Spa Verhaltensregeln | Alsik Hotel &amp; Spa<\/title>\n<meta name=\"description\" content=\"Bitte befolgen Sie unsere Richtlinien f\u00fcr Besuche im Alsik Spa, damit wir gemeinsam ein angenehmes Erlebnis f\u00fcr alle schaffen k\u00f6nnen.\" \/>\n<meta name=\"robots\" content=\"index, follow, max-snippet:-1, max-image-preview:large, max-video-preview:-1\" \/>\n<link rel=\"canonical\" href=\"https:\/\/alsik.dk\/de\/alsik-spa\/spa-etikette\/\" \/>\n<meta property=\"og:locale\" content=\"de_DE\" \/>\n<meta property=\"og:type\" content=\"article\" \/>\n<meta property=\"og:title\" content=\"Spa Verhaltensregeln | Alsik Hotel &amp; Spa\" \/>\n<meta property=\"og:description\" content=\"Bitte befolgen Sie unsere Richtlinien f\u00fcr Besuche im Alsik Spa, damit wir gemeinsam ein angenehmes Erlebnis f\u00fcr alle schaffen k\u00f6nnen.\" \/>\n<meta property=\"og:url\" content=\"https:\/\/alsik.dk\/de\/alsik-spa\/spa-etikette\/\" \/>\n<meta property=\"og:site_name\" content=\"Alsik Hotel &amp; Spa\" \/>\n<meta property=\"article:modified_time\" content=\"2026-01-12T07:23:00+00:00\" \/>\n<meta name=\"twitter:card\" content=\"summary_large_image\" \/>\n<meta name=\"twitter:label1\" content=\"Gesch\u00e4tzte Lesezeit\" \/>\n\t<meta name=\"twitter:data1\" content=\"3\u00a0Minuten\" \/>\n<script type=\"application\/ld+json\" class=\"yoast-schema-graph\">{\"@context\":\"https:\/\/schema.org\",\"@graph\":[{\"@type\":\"WebPage\",\"@id\":\"https:\/\/alsik.dk\/de\/alsik-spa\/spa-etikette\/\",\"url\":\"https:\/\/alsik.dk\/de\/alsik-spa\/spa-etikette\/\",\"name\":\"Spa Verhaltensregeln | Alsik Hotel &amp; Spa\",\"isPartOf\":{\"@id\":\"https:\/\/alsik.dk\/de\/#website\"},\"datePublished\":\"2019-07-04T14:29:40+00:00\",\"dateModified\":\"2026-01-12T07:23:00+00:00\",\"description\":\"Bitte befolgen Sie unsere Richtlinien f\u00fcr Besuche im Alsik Spa, damit wir gemeinsam ein angenehmes Erlebnis f\u00fcr alle schaffen k\u00f6nnen.\",\"breadcrumb\":{\"@id\":\"https:\/\/alsik.dk\/de\/alsik-spa\/spa-etikette\/#breadcrumb\"},\"inLanguage\":\"de\",\"potentialAction\":[{\"@type\":\"ReadAction\",\"target\":[\"https:\/\/alsik.dk\/de\/alsik-spa\/spa-etikette\/\"]}]},{\"@type\":\"BreadcrumbList\",\"@id\":\"https:\/\/alsik.dk\/de\/alsik-spa\/spa-etikette\/#breadcrumb\",\"itemListElement\":[{\"@type\":\"ListItem\",\"position\":1,\"name\":\"Hjem\",\"item\":\"https:\/\/alsik.dk\/de\/\"},{\"@type\":\"ListItem\",\"position\":2,\"name\":\"Erleben Sie das Alsik Spa\",\"item\":\"https:\/\/alsik.dk\/de\/alsik-spa\/\"},{\"@type\":\"ListItem\",\"position\":3,\"name\":\"Spa Verhaltensregeln\"}]},{\"@type\":\"WebSite\",\"@id\":\"https:\/\/alsik.dk\/de\/#website\",\"url\":\"https:\/\/alsik.dk\/de\/\",\"name\":\"Alsik Hotel &amp; Spa\",\"description\":\"Alsik er et af Danmarks mest sp\u00e6ndende hoteller med stilfulde og topmoderne v\u00e6relser. Oplev Danmarks st\u00f8rste spa med flere end 60 forskellige spa- og wellnessoplevelser eller fork\u00e6l sanserne med gastronomi i s\u00e6rklasse i Alsiks tre restauranter.\",\"potentialAction\":[{\"@type\":\"SearchAction\",\"target\":{\"@type\":\"EntryPoint\",\"urlTemplate\":\"https:\/\/alsik.dk\/de\/?s={search_term_string}\"},\"query-input\":{\"@type\":\"PropertyValueSpecification\",\"valueRequired\":true,\"valueName\":\"search_term_string\"}}],\"inLanguage\":\"de\"}]}<\/script>\n<!-- \/ Yoast SEO plugin. -->","yoast_head_json":{"title":"Spa Verhaltensregeln | Alsik Hotel &amp; Spa","description":"Bitte befolgen Sie unsere Richtlinien f\u00fcr Besuche im Alsik Spa, damit wir gemeinsam ein angenehmes Erlebnis f\u00fcr alle schaffen k\u00f6nnen.","robots":{"index":"index","follow":"follow","max-snippet":"max-snippet:-1","max-image-preview":"max-image-preview:large","max-video-preview":"max-video-preview:-1"},"canonical":"https:\/\/alsik.dk\/de\/alsik-spa\/spa-etikette\/","og_locale":"de_DE","og_type":"article","og_title":"Spa Verhaltensregeln | Alsik Hotel &amp; Spa","og_description":"Bitte befolgen Sie unsere Richtlinien f\u00fcr Besuche im Alsik Spa, damit wir gemeinsam ein angenehmes Erlebnis f\u00fcr alle schaffen k\u00f6nnen.","og_url":"https:\/\/alsik.dk\/de\/alsik-spa\/spa-etikette\/","og_site_name":"Alsik Hotel &amp; Spa","article_modified_time":"2026-01-12T07:23:00+00:00","twitter_card":"summary_large_image","twitter_misc":{"Gesch\u00e4tzte Lesezeit":"3\u00a0Minuten"},"schema":{"@context":"https:\/\/schema.org","@graph":[{"@type":"WebPage","@id":"https:\/\/alsik.dk\/de\/alsik-spa\/spa-etikette\/","url":"https:\/\/alsik.dk\/de\/alsik-spa\/spa-etikette\/","name":"Spa Verhaltensregeln | Alsik Hotel &amp; Spa","isPartOf":{"@id":"https:\/\/alsik.dk\/de\/#website"},"datePublished":"2019-07-04T14:29:40+00:00","dateModified":"2026-01-12T07:23:00+00:00","description":"Bitte befolgen Sie unsere Richtlinien f\u00fcr Besuche im Alsik Spa, damit wir gemeinsam ein angenehmes Erlebnis f\u00fcr alle schaffen k\u00f6nnen.","breadcrumb":{"@id":"https:\/\/alsik.dk\/de\/alsik-spa\/spa-etikette\/#breadcrumb"},"inLanguage":"de","potentialAction":[{"@type":"ReadAction","target":["https:\/\/alsik.dk\/de\/alsik-spa\/spa-etikette\/"]}]},{"@type":"BreadcrumbList","@id":"https:\/\/alsik.dk\/de\/alsik-spa\/spa-etikette\/#breadcrumb","itemListElement":[{"@type":"ListItem","position":1,"name":"Hjem","item":"https:\/\/alsik.dk\/de\/"},{"@type":"ListItem","position":2,"name":"Erleben Sie das Alsik Spa","item":"https:\/\/alsik.dk\/de\/alsik-spa\/"},{"@type":"ListItem","position":3,"name":"Spa Verhaltensregeln"}]},{"@type":"WebSite","@id":"https:\/\/alsik.dk\/de\/#website","url":"https:\/\/alsik.dk\/de\/","name":"Alsik Hotel &amp; Spa","description":"Alsik er et af Danmarks mest sp\u00e6ndende hoteller med stilfulde og topmoderne v\u00e6relser. Oplev Danmarks st\u00f8rste spa med flere end 60 forskellige spa- og wellnessoplevelser eller fork\u00e6l sanserne med gastronomi i s\u00e6rklasse i Alsiks tre restauranter.","potentialAction":[{"@type":"SearchAction","target":{"@type":"EntryPoint","urlTemplate":"https:\/\/alsik.dk\/de\/?s={search_term_string}"},"query-input":{"@type":"PropertyValueSpecification","valueRequired":true,"valueName":"search_term_string"}}],"inLanguage":"de"}]}},"_links":{"self":[{"href":"https:\/\/alsik.dk\/de\/wp-json\/wp\/v2\/pages\/2987","targetHints":{"allow":["GET"]}}],"collection":[{"href":"https:\/\/alsik.dk\/de\/wp-json\/wp\/v2\/pages"}],"about":[{"href":"https:\/\/alsik.dk\/de\/wp-json\/wp\/v2\/types\/page"}],"author":[{"embeddable":true,"href":"https:\/\/alsik.dk\/de\/wp-json\/wp\/v2\/users\/7"}],"replies":[{"embeddable":true,"href":"https:\/\/alsik.dk\/de\/wp-json\/wp\/v2\/comments?post=2987"}],"version-history":[{"count":17,"href":"https:\/\/alsik.dk\/de\/wp-json\/wp\/v2\/pages\/2987\/revisions"}],"predecessor-version":[{"id":17480,"href":"https:\/\/alsik.dk\/de\/wp-json\/wp\/v2\/pages\/2987\/revisions\/17480"}],"up":[{"embeddable":true,"href":"https:\/\/alsik.dk\/de\/wp-json\/wp\/v2\/pages\/3338"}],"wp:attachment":[{"href":"https:\/\/alsik.dk\/de\/wp-json\/wp\/v2\/media?parent=2987"}],"wp:term":[{"taxonomy":"post_tag","embeddable":true,"href":"https:\/\/alsik.dk\/de\/wp-json\/wp\/v2\/tags?post=2987"}],"curies":[{"name":"wp","href":"https:\/\/api.w.org\/{rel}","templated":true}]}}