{"id":3011,"date":"2019-07-02T11:01:53","date_gmt":"2019-07-02T09:01:53","guid":{"rendered":"https:\/\/alsik.dk\/alsik-nordisk-spa\/"},"modified":"2026-03-16T08:45:24","modified_gmt":"2026-03-16T07:45:24","slug":"alsik-nordisk-spa","status":"publish","type":"page","link":"https:\/\/alsik.dk\/de\/alsik-spa\/alsik-nordisk-spa\/","title":{"rendered":"Alsik Nordisches Spa"},"content":{"rendered":"<p data-start=\"159\" data-end=\"477\">Wenn Sie Ihr Spa-Erlebnis zu etwas ganz Besonderem machen m\u00f6chten, empfehlen wir Ihnen, den Zugang zum Alsik Nordisches Spa, das sich auf der Etage \u00fcber dem Alsik Spa Pool befindet,\u00a0 hinzu zubuchen, Hier finden Sie eine Welt der Sinneseindr\u00fccke, in der sich das Tempo verlangsamt und Raum f\u00fcr Ruhe und Entspannung entsteht.<\/p>\n<p data-start=\"479\" data-end=\"781\">Bewegen Sie sich durch eine Reihe von Ritualen, die jeweils dazu beitragen, K\u00f6rper und Geist in Balance zu bringen. Freuen Sie sich unter anderem auf die Kr\u00e4utersauna mit wohltuenden D\u00fcften, eine Lounge mit Infrarotst\u00fchle, zwei verschiedene Dampfb\u00e4der, sowie die Panoramasauna mit Blick auf den Alssund.<\/p>\n<p data-start=\"783\" data-end=\"843\">Ein einzigartiges Erlebnis, das Sie nur im Alsik Spa finden.<\/p>\n<p data-start=\"845\" data-end=\"868\">Mindestalter: 16 Jahre.<\/p>\n<p data-start=\"870\" data-end=\"950\" data-is-last-node=\"\" data-is-only-node=\"\">Der Zugang zum Alsik Nordisches Spa kann f\u00fcr 195 DKK pro Person hinzugebucht werden.<\/p>\n","protected":false},"excerpt":{"rendered":"<p>Begib dich auf eine Reise durch die Elemente der nordischen Natur in unserer nordischen Abteilung im 1. Stock.<\/p>\n","protected":false},"author":7,"featured_media":15141,"parent":3338,"menu_order":0,"comment_status":"closed","ping_status":"closed","template":"","meta":{"_acf_changed":false,"footnotes":""},"tags":[],"class_list":["post-3011","page","type-page","status-publish","has-post-thumbnail","hentry"],"acf":[],"yoast_head":"<!-- This site is optimized with the Yoast SEO plugin v24.3 - https:\/\/yoast.com\/wordpress\/plugins\/seo\/ -->\n<title>Alsik Nordisches Spa | Alsik Hotel &amp; Spa<\/title>\n<meta name=\"description\" content=\"Einer F\u00fclle an einzigartigen Spa-Erlebnissen, die an alte nordische Kurrituale und an beste Badetraditionen ankn\u00fcpfen.\" \/>\n<meta name=\"robots\" content=\"index, follow, max-snippet:-1, max-image-preview:large, max-video-preview:-1\" \/>\n<link rel=\"canonical\" href=\"https:\/\/alsik.dk\/de\/alsik-spa\/alsik-nordisk-spa\/\" \/>\n<meta property=\"og:locale\" content=\"de_DE\" \/>\n<meta property=\"og:type\" content=\"article\" \/>\n<meta property=\"og:title\" content=\"Alsik Nordisches Spa | Alsik Hotel &amp; Spa\" \/>\n<meta property=\"og:description\" content=\"Einer F\u00fclle an einzigartigen Spa-Erlebnissen, die an alte nordische Kurrituale und an beste Badetraditionen ankn\u00fcpfen.\" \/>\n<meta property=\"og:url\" content=\"https:\/\/alsik.dk\/de\/alsik-spa\/alsik-nordisk-spa\/\" \/>\n<meta property=\"og:site_name\" content=\"Alsik Hotel &amp; Spa\" \/>\n<meta property=\"article:modified_time\" content=\"2026-03-16T07:45:24+00:00\" \/>\n<meta property=\"og:image\" content=\"https:\/\/alsik.dk\/wp-content\/uploads\/2025\/01\/Nordisk-10.jpg\" \/>\n\t<meta property=\"og:image:width\" content=\"1800\" \/>\n\t<meta property=\"og:image:height\" content=\"1201\" \/>\n\t<meta property=\"og:image:type\" content=\"image\/jpeg\" \/>\n<meta name=\"twitter:card\" content=\"summary_large_image\" \/>\n<meta name=\"twitter:label1\" content=\"Gesch\u00e4tzte Lesezeit\" \/>\n\t<meta name=\"twitter:data1\" content=\"1\u00a0Minute\" \/>\n<script type=\"application\/ld+json\" class=\"yoast-schema-graph\">{\"@context\":\"https:\/\/schema.org\",\"@graph\":[{\"@type\":\"WebPage\",\"@id\":\"https:\/\/alsik.dk\/de\/alsik-spa\/alsik-nordisk-spa\/\",\"url\":\"https:\/\/alsik.dk\/de\/alsik-spa\/alsik-nordisk-spa\/\",\"name\":\"Alsik Nordisches Spa | Alsik Hotel &amp; Spa\",\"isPartOf\":{\"@id\":\"https:\/\/alsik.dk\/de\/#website\"},\"primaryImageOfPage\":{\"@id\":\"https:\/\/alsik.dk\/de\/alsik-spa\/alsik-nordisk-spa\/#primaryimage\"},\"image\":{\"@id\":\"https:\/\/alsik.dk\/de\/alsik-spa\/alsik-nordisk-spa\/#primaryimage\"},\"thumbnailUrl\":\"https:\/\/alsik.dk\/wp-content\/uploads\/2025\/01\/Nordisk-10.jpg\",\"datePublished\":\"2019-07-02T09:01:53+00:00\",\"dateModified\":\"2026-03-16T07:45:24+00:00\",\"description\":\"Einer F\u00fclle an einzigartigen Spa-Erlebnissen, die an alte nordische Kurrituale und an beste Badetraditionen ankn\u00fcpfen.\",\"breadcrumb\":{\"@id\":\"https:\/\/alsik.dk\/de\/alsik-spa\/alsik-nordisk-spa\/#breadcrumb\"},\"inLanguage\":\"de\",\"potentialAction\":[{\"@type\":\"ReadAction\",\"target\":[\"https:\/\/alsik.dk\/de\/alsik-spa\/alsik-nordisk-spa\/\"]}]},{\"@type\":\"ImageObject\",\"inLanguage\":\"de\",\"@id\":\"https:\/\/alsik.dk\/de\/alsik-spa\/alsik-nordisk-spa\/#primaryimage\",\"url\":\"https:\/\/alsik.dk\/wp-content\/uploads\/2025\/01\/Nordisk-10.jpg\",\"contentUrl\":\"https:\/\/alsik.dk\/wp-content\/uploads\/2025\/01\/Nordisk-10.jpg\",\"width\":1800,\"height\":1201},{\"@type\":\"BreadcrumbList\",\"@id\":\"https:\/\/alsik.dk\/de\/alsik-spa\/alsik-nordisk-spa\/#breadcrumb\",\"itemListElement\":[{\"@type\":\"ListItem\",\"position\":1,\"name\":\"Hjem\",\"item\":\"https:\/\/alsik.dk\/de\/\"},{\"@type\":\"ListItem\",\"position\":2,\"name\":\"Erleben Sie das Alsik Spa\",\"item\":\"https:\/\/alsik.dk\/de\/alsik-spa\/\"},{\"@type\":\"ListItem\",\"position\":3,\"name\":\"Alsik Nordisches Spa\"}]},{\"@type\":\"WebSite\",\"@id\":\"https:\/\/alsik.dk\/de\/#website\",\"url\":\"https:\/\/alsik.dk\/de\/\",\"name\":\"Alsik Hotel &amp; Spa\",\"description\":\"Alsik er et af Danmarks mest sp\u00e6ndende hoteller med stilfulde og topmoderne v\u00e6relser. Oplev Danmarks st\u00f8rste spa med flere end 60 forskellige spa- og wellnessoplevelser eller fork\u00e6l sanserne med gastronomi i s\u00e6rklasse i Alsiks tre restauranter.\",\"potentialAction\":[{\"@type\":\"SearchAction\",\"target\":{\"@type\":\"EntryPoint\",\"urlTemplate\":\"https:\/\/alsik.dk\/de\/?s={search_term_string}\"},\"query-input\":{\"@type\":\"PropertyValueSpecification\",\"valueRequired\":true,\"valueName\":\"search_term_string\"}}],\"inLanguage\":\"de\"}]}<\/script>\n<!-- \/ Yoast SEO plugin. -->","yoast_head_json":{"title":"Alsik Nordisches Spa | Alsik Hotel &amp; Spa","description":"Einer F\u00fclle an einzigartigen Spa-Erlebnissen, die an alte nordische Kurrituale und an beste Badetraditionen ankn\u00fcpfen.","robots":{"index":"index","follow":"follow","max-snippet":"max-snippet:-1","max-image-preview":"max-image-preview:large","max-video-preview":"max-video-preview:-1"},"canonical":"https:\/\/alsik.dk\/de\/alsik-spa\/alsik-nordisk-spa\/","og_locale":"de_DE","og_type":"article","og_title":"Alsik Nordisches Spa | Alsik Hotel &amp; Spa","og_description":"Einer F\u00fclle an einzigartigen Spa-Erlebnissen, die an alte nordische Kurrituale und an beste Badetraditionen ankn\u00fcpfen.","og_url":"https:\/\/alsik.dk\/de\/alsik-spa\/alsik-nordisk-spa\/","og_site_name":"Alsik Hotel &amp; Spa","article_modified_time":"2026-03-16T07:45:24+00:00","og_image":[{"width":1800,"height":1201,"url":"https:\/\/alsik.dk\/wp-content\/uploads\/2025\/01\/Nordisk-10.jpg","type":"image\/jpeg"}],"twitter_card":"summary_large_image","twitter_misc":{"Gesch\u00e4tzte Lesezeit":"1\u00a0Minute"},"schema":{"@context":"https:\/\/schema.org","@graph":[{"@type":"WebPage","@id":"https:\/\/alsik.dk\/de\/alsik-spa\/alsik-nordisk-spa\/","url":"https:\/\/alsik.dk\/de\/alsik-spa\/alsik-nordisk-spa\/","name":"Alsik Nordisches Spa | Alsik Hotel &amp; Spa","isPartOf":{"@id":"https:\/\/alsik.dk\/de\/#website"},"primaryImageOfPage":{"@id":"https:\/\/alsik.dk\/de\/alsik-spa\/alsik-nordisk-spa\/#primaryimage"},"image":{"@id":"https:\/\/alsik.dk\/de\/alsik-spa\/alsik-nordisk-spa\/#primaryimage"},"thumbnailUrl":"https:\/\/alsik.dk\/wp-content\/uploads\/2025\/01\/Nordisk-10.jpg","datePublished":"2019-07-02T09:01:53+00:00","dateModified":"2026-03-16T07:45:24+00:00","description":"Einer F\u00fclle an einzigartigen Spa-Erlebnissen, die an alte nordische Kurrituale und an beste Badetraditionen ankn\u00fcpfen.","breadcrumb":{"@id":"https:\/\/alsik.dk\/de\/alsik-spa\/alsik-nordisk-spa\/#breadcrumb"},"inLanguage":"de","potentialAction":[{"@type":"ReadAction","target":["https:\/\/alsik.dk\/de\/alsik-spa\/alsik-nordisk-spa\/"]}]},{"@type":"ImageObject","inLanguage":"de","@id":"https:\/\/alsik.dk\/de\/alsik-spa\/alsik-nordisk-spa\/#primaryimage","url":"https:\/\/alsik.dk\/wp-content\/uploads\/2025\/01\/Nordisk-10.jpg","contentUrl":"https:\/\/alsik.dk\/wp-content\/uploads\/2025\/01\/Nordisk-10.jpg","width":1800,"height":1201},{"@type":"BreadcrumbList","@id":"https:\/\/alsik.dk\/de\/alsik-spa\/alsik-nordisk-spa\/#breadcrumb","itemListElement":[{"@type":"ListItem","position":1,"name":"Hjem","item":"https:\/\/alsik.dk\/de\/"},{"@type":"ListItem","position":2,"name":"Erleben Sie das Alsik Spa","item":"https:\/\/alsik.dk\/de\/alsik-spa\/"},{"@type":"ListItem","position":3,"name":"Alsik Nordisches Spa"}]},{"@type":"WebSite","@id":"https:\/\/alsik.dk\/de\/#website","url":"https:\/\/alsik.dk\/de\/","name":"Alsik Hotel &amp; Spa","description":"Alsik er et af Danmarks mest sp\u00e6ndende hoteller med stilfulde og topmoderne v\u00e6relser. Oplev Danmarks st\u00f8rste spa med flere end 60 forskellige spa- og wellnessoplevelser eller fork\u00e6l sanserne med gastronomi i s\u00e6rklasse i Alsiks tre restauranter.","potentialAction":[{"@type":"SearchAction","target":{"@type":"EntryPoint","urlTemplate":"https:\/\/alsik.dk\/de\/?s={search_term_string}"},"query-input":{"@type":"PropertyValueSpecification","valueRequired":true,"valueName":"search_term_string"}}],"inLanguage":"de"}]}},"_links":{"self":[{"href":"https:\/\/alsik.dk\/de\/wp-json\/wp\/v2\/pages\/3011","targetHints":{"allow":["GET"]}}],"collection":[{"href":"https:\/\/alsik.dk\/de\/wp-json\/wp\/v2\/pages"}],"about":[{"href":"https:\/\/alsik.dk\/de\/wp-json\/wp\/v2\/types\/page"}],"author":[{"embeddable":true,"href":"https:\/\/alsik.dk\/de\/wp-json\/wp\/v2\/users\/7"}],"replies":[{"embeddable":true,"href":"https:\/\/alsik.dk\/de\/wp-json\/wp\/v2\/comments?post=3011"}],"version-history":[{"count":23,"href":"https:\/\/alsik.dk\/de\/wp-json\/wp\/v2\/pages\/3011\/revisions"}],"predecessor-version":[{"id":17889,"href":"https:\/\/alsik.dk\/de\/wp-json\/wp\/v2\/pages\/3011\/revisions\/17889"}],"up":[{"embeddable":true,"href":"https:\/\/alsik.dk\/de\/wp-json\/wp\/v2\/pages\/3338"}],"wp:featuredmedia":[{"embeddable":true,"href":"https:\/\/alsik.dk\/de\/wp-json\/wp\/v2\/media\/15141"}],"wp:attachment":[{"href":"https:\/\/alsik.dk\/de\/wp-json\/wp\/v2\/media?parent=3011"}],"wp:term":[{"taxonomy":"post_tag","embeddable":true,"href":"https:\/\/alsik.dk\/de\/wp-json\/wp\/v2\/tags?post=3011"}],"curies":[{"name":"wp","href":"https:\/\/api.w.org\/{rel}","templated":true}]}}