{"id":3338,"date":"2019-06-28T14:22:13","date_gmt":"2019-06-28T12:22:13","guid":{"rendered":"https:\/\/alsik.dk\/oplev-alsik-spa\/"},"modified":"2026-03-10T11:06:52","modified_gmt":"2026-03-10T10:06:52","slug":"alsik-spa","status":"publish","type":"page","link":"https:\/\/alsik.dk\/de\/alsik-spa\/","title":{"rendered":"Erleben Sie das Alsik Spa"},"content":{"rendered":"<h2>Willkommen im Alsik Nordic Spa &amp; Wellness<\/h2>\n<div>\n<p>Hier erwartet Sie ein Universum einzigartiger Spa-Erlebnisse in sch\u00f6ner Umgebung und entspannter Atmosph\u00e4re. Hier ist f\u00fcr jedes Detail liebevoll gesorgt, um Ihnen das ideale Erlebnis f\u00fcr die Sinne bereiten zu k\u00f6nnen. Sie haben die spannende Auswahl mit vielen verschiedenen Spa- und Wellness-Erlebnissen.<\/p>\n<p>Das gro\u00dfe Spa bezieht seine Inspiration aus der skandinavischen Natur, aus Licht, Wasser und W\u00e4ldern. Reisen Sie mit uns zu den alten nordischen Baderitualen und ihrer einzigartigen Kombination aus Wasser, W\u00e4rme und K\u00e4lte. Oder treffen Sie Ihre Wahl zwischen sowohl klassischen als auch bahnbrechend neuen Spa- und Wellnessbehandlungen, die in besten Spa-Traditionen und neuem Denken wurzeln. Wir freuen uns darauf, Sie mit Ihrem ganz pers\u00f6nlichen und beispiellosen Spa-Erlebnis zu verw\u00f6hnen.<\/p>\n<p>Im Alsik Spa k\u00f6nnen Sie sich vom Stress und der Hatz des Alltags abkoppeln, w\u00e4hrend Sie sp\u00fcren, dass Ihr K\u00f6rper wieder zu Ruhe, Harmonie und Ausgeglichenheit hinfindet. Lassen Sie von unseren einzigartigen Lounge-Bereichen aus Ihren Blick \u00fcbers Wasser des Alsensunds schweifen oder besuchen Sie das gro\u00dfe Fitness-Studio.<\/p>\n<p>Wir freuen uns darauf, Sie willkommen zu hei\u00dfen.<\/p>\n<\/div>\n","protected":false},"excerpt":{"rendered":"<p>G\u00f6nnen Sie sich eine Pause vom Alltag und erkunden Sie Alsik Spa &#038; Wellness! Hier k\u00f6nnen Sie vielen Spa- und Wellness-Angebote in sch\u00f6ner Umgebung erleben.<\/p>\n","protected":false},"author":7,"featured_media":14985,"parent":0,"menu_order":0,"comment_status":"closed","ping_status":"closed","template":"","meta":{"_acf_changed":false,"footnotes":""},"tags":[],"class_list":["post-3338","page","type-page","status-publish","has-post-thumbnail","hentry"],"acf":[],"yoast_head":"<!-- This site is optimized with the Yoast SEO plugin v24.3 - https:\/\/yoast.com\/wordpress\/plugins\/seo\/ -->\n<title>Erleben Sie unser wunderbares Spa - Alsik Hotel &amp; Spa<\/title>\n<meta name=\"description\" content=\"G\u00f6nnen Sie sich eine Pause vom Alltag im Alsik Spa. Hier k\u00f6nnen Sie vielen 60 Spa- und Wellness-Angebote in sch\u00f6ner Umgebung erleben. Das gro\u00dfe Spa bezieht seine Inspiration aus der skandinavischen Natur, aus Licht, Wasser und W\u00e4ldern. Reisen Sie mit uns zu den alten nordischen Baderitualen und ihrer einzigartigen Kombination aus Wasser, W\u00e4rme und K\u00e4lte. Oder treffen Sie Ihre Wahl zwischen sowohl klassischen als auch bahnbrechend neuen Spa- und Wellnessbehandlungen, die in besten Spa-Traditionen und neuem Denken wurzeln. Wir freuen uns darauf, Sie mit Ihrem ganz pers\u00f6nlichen und beispiellosen Spa-Erlebnis zu verw\u00f6hnen.\" \/>\n<meta name=\"robots\" content=\"index, follow, max-snippet:-1, max-image-preview:large, max-video-preview:-1\" \/>\n<link rel=\"canonical\" href=\"https:\/\/alsik.dk\/de\/alsik-spa\/\" \/>\n<meta property=\"og:locale\" content=\"de_DE\" \/>\n<meta property=\"og:type\" content=\"article\" \/>\n<meta property=\"og:title\" content=\"Erleben Sie unser wunderbares Spa - Alsik Hotel &amp; Spa\" \/>\n<meta property=\"og:description\" content=\"G\u00f6nnen Sie sich eine Pause vom Alltag im Alsik Spa. Hier k\u00f6nnen Sie vielen 60 Spa- und Wellness-Angebote in sch\u00f6ner Umgebung erleben. Das gro\u00dfe Spa bezieht seine Inspiration aus der skandinavischen Natur, aus Licht, Wasser und W\u00e4ldern. Reisen Sie mit uns zu den alten nordischen Baderitualen und ihrer einzigartigen Kombination aus Wasser, W\u00e4rme und K\u00e4lte. Oder treffen Sie Ihre Wahl zwischen sowohl klassischen als auch bahnbrechend neuen Spa- und Wellnessbehandlungen, die in besten Spa-Traditionen und neuem Denken wurzeln. Wir freuen uns darauf, Sie mit Ihrem ganz pers\u00f6nlichen und beispiellosen Spa-Erlebnis zu verw\u00f6hnen.\" \/>\n<meta property=\"og:url\" content=\"https:\/\/alsik.dk\/de\/alsik-spa\/\" \/>\n<meta property=\"og:site_name\" content=\"Alsik Hotel &amp; Spa\" \/>\n<meta property=\"article:modified_time\" content=\"2026-03-10T10:06:52+00:00\" \/>\n<meta property=\"og:image\" content=\"https:\/\/alsik.dk\/wp-content\/uploads\/2025\/01\/Oplev-Alsik-Spa-scaled-e1737368831481.jpg\" \/>\n\t<meta property=\"og:image:width\" content=\"1707\" \/>\n\t<meta property=\"og:image:height\" content=\"2560\" \/>\n\t<meta property=\"og:image:type\" content=\"image\/jpeg\" \/>\n<meta name=\"twitter:card\" content=\"summary_large_image\" \/>\n<meta name=\"twitter:label1\" content=\"Gesch\u00e4tzte Lesezeit\" \/>\n\t<meta name=\"twitter:data1\" content=\"2\u00a0Minuten\" \/>\n<script type=\"application\/ld+json\" class=\"yoast-schema-graph\">{\"@context\":\"https:\/\/schema.org\",\"@graph\":[{\"@type\":\"WebPage\",\"@id\":\"https:\/\/alsik.dk\/de\/alsik-spa\/\",\"url\":\"https:\/\/alsik.dk\/de\/alsik-spa\/\",\"name\":\"Erleben Sie unser wunderbares Spa - Alsik Hotel & Spa\",\"isPartOf\":{\"@id\":\"https:\/\/alsik.dk\/de\/#website\"},\"primaryImageOfPage\":{\"@id\":\"https:\/\/alsik.dk\/de\/alsik-spa\/#primaryimage\"},\"image\":{\"@id\":\"https:\/\/alsik.dk\/de\/alsik-spa\/#primaryimage\"},\"thumbnailUrl\":\"https:\/\/alsik.dk\/wp-content\/uploads\/2025\/01\/Oplev-Alsik-Spa-scaled-e1737368831481.jpg\",\"datePublished\":\"2019-06-28T12:22:13+00:00\",\"dateModified\":\"2026-03-10T10:06:52+00:00\",\"description\":\"G\u00f6nnen Sie sich eine Pause vom Alltag im Alsik Spa. Hier k\u00f6nnen Sie vielen 60 Spa- und Wellness-Angebote in sch\u00f6ner Umgebung erleben. Das gro\u00dfe Spa bezieht seine Inspiration aus der skandinavischen Natur, aus Licht, Wasser und W\u00e4ldern. Reisen Sie mit uns zu den alten nordischen Baderitualen und ihrer einzigartigen Kombination aus Wasser, W\u00e4rme und K\u00e4lte. Oder treffen Sie Ihre Wahl zwischen sowohl klassischen als auch bahnbrechend neuen Spa- und Wellnessbehandlungen, die in besten Spa-Traditionen und neuem Denken wurzeln. Wir freuen uns darauf, Sie mit Ihrem ganz pers\u00f6nlichen und beispiellosen Spa-Erlebnis zu verw\u00f6hnen.\",\"breadcrumb\":{\"@id\":\"https:\/\/alsik.dk\/de\/alsik-spa\/#breadcrumb\"},\"inLanguage\":\"de\",\"potentialAction\":[{\"@type\":\"ReadAction\",\"target\":[\"https:\/\/alsik.dk\/de\/alsik-spa\/\"]}]},{\"@type\":\"ImageObject\",\"inLanguage\":\"de\",\"@id\":\"https:\/\/alsik.dk\/de\/alsik-spa\/#primaryimage\",\"url\":\"https:\/\/alsik.dk\/wp-content\/uploads\/2025\/01\/Oplev-Alsik-Spa-scaled-e1737368831481.jpg\",\"contentUrl\":\"https:\/\/alsik.dk\/wp-content\/uploads\/2025\/01\/Oplev-Alsik-Spa-scaled-e1737368831481.jpg\",\"width\":1707,\"height\":2560},{\"@type\":\"BreadcrumbList\",\"@id\":\"https:\/\/alsik.dk\/de\/alsik-spa\/#breadcrumb\",\"itemListElement\":[{\"@type\":\"ListItem\",\"position\":1,\"name\":\"Hjem\",\"item\":\"https:\/\/alsik.dk\/de\/\"},{\"@type\":\"ListItem\",\"position\":2,\"name\":\"Erleben Sie das Alsik Spa\"}]},{\"@type\":\"WebSite\",\"@id\":\"https:\/\/alsik.dk\/de\/#website\",\"url\":\"https:\/\/alsik.dk\/de\/\",\"name\":\"Alsik Hotel &amp; Spa\",\"description\":\"Alsik er et af Danmarks mest sp\u00e6ndende hoteller med stilfulde og topmoderne v\u00e6relser. Oplev Danmarks st\u00f8rste spa med flere end 60 forskellige spa- og wellnessoplevelser eller fork\u00e6l sanserne med gastronomi i s\u00e6rklasse i Alsiks tre restauranter.\",\"potentialAction\":[{\"@type\":\"SearchAction\",\"target\":{\"@type\":\"EntryPoint\",\"urlTemplate\":\"https:\/\/alsik.dk\/de\/?s={search_term_string}\"},\"query-input\":{\"@type\":\"PropertyValueSpecification\",\"valueRequired\":true,\"valueName\":\"search_term_string\"}}],\"inLanguage\":\"de\"}]}<\/script>\n<!-- \/ Yoast SEO plugin. -->","yoast_head_json":{"title":"Erleben Sie unser wunderbares Spa - Alsik Hotel & Spa","description":"G\u00f6nnen Sie sich eine Pause vom Alltag im Alsik Spa. Hier k\u00f6nnen Sie vielen 60 Spa- und Wellness-Angebote in sch\u00f6ner Umgebung erleben. Das gro\u00dfe Spa bezieht seine Inspiration aus der skandinavischen Natur, aus Licht, Wasser und W\u00e4ldern. Reisen Sie mit uns zu den alten nordischen Baderitualen und ihrer einzigartigen Kombination aus Wasser, W\u00e4rme und K\u00e4lte. Oder treffen Sie Ihre Wahl zwischen sowohl klassischen als auch bahnbrechend neuen Spa- und Wellnessbehandlungen, die in besten Spa-Traditionen und neuem Denken wurzeln. Wir freuen uns darauf, Sie mit Ihrem ganz pers\u00f6nlichen und beispiellosen Spa-Erlebnis zu verw\u00f6hnen.","robots":{"index":"index","follow":"follow","max-snippet":"max-snippet:-1","max-image-preview":"max-image-preview:large","max-video-preview":"max-video-preview:-1"},"canonical":"https:\/\/alsik.dk\/de\/alsik-spa\/","og_locale":"de_DE","og_type":"article","og_title":"Erleben Sie unser wunderbares Spa - Alsik Hotel & Spa","og_description":"G\u00f6nnen Sie sich eine Pause vom Alltag im Alsik Spa. Hier k\u00f6nnen Sie vielen 60 Spa- und Wellness-Angebote in sch\u00f6ner Umgebung erleben. Das gro\u00dfe Spa bezieht seine Inspiration aus der skandinavischen Natur, aus Licht, Wasser und W\u00e4ldern. Reisen Sie mit uns zu den alten nordischen Baderitualen und ihrer einzigartigen Kombination aus Wasser, W\u00e4rme und K\u00e4lte. Oder treffen Sie Ihre Wahl zwischen sowohl klassischen als auch bahnbrechend neuen Spa- und Wellnessbehandlungen, die in besten Spa-Traditionen und neuem Denken wurzeln. Wir freuen uns darauf, Sie mit Ihrem ganz pers\u00f6nlichen und beispiellosen Spa-Erlebnis zu verw\u00f6hnen.","og_url":"https:\/\/alsik.dk\/de\/alsik-spa\/","og_site_name":"Alsik Hotel &amp; Spa","article_modified_time":"2026-03-10T10:06:52+00:00","og_image":[{"width":1707,"height":2560,"url":"https:\/\/alsik.dk\/wp-content\/uploads\/2025\/01\/Oplev-Alsik-Spa-scaled-e1737368831481.jpg","type":"image\/jpeg"}],"twitter_card":"summary_large_image","twitter_misc":{"Gesch\u00e4tzte Lesezeit":"2\u00a0Minuten"},"schema":{"@context":"https:\/\/schema.org","@graph":[{"@type":"WebPage","@id":"https:\/\/alsik.dk\/de\/alsik-spa\/","url":"https:\/\/alsik.dk\/de\/alsik-spa\/","name":"Erleben Sie unser wunderbares Spa - Alsik Hotel & Spa","isPartOf":{"@id":"https:\/\/alsik.dk\/de\/#website"},"primaryImageOfPage":{"@id":"https:\/\/alsik.dk\/de\/alsik-spa\/#primaryimage"},"image":{"@id":"https:\/\/alsik.dk\/de\/alsik-spa\/#primaryimage"},"thumbnailUrl":"https:\/\/alsik.dk\/wp-content\/uploads\/2025\/01\/Oplev-Alsik-Spa-scaled-e1737368831481.jpg","datePublished":"2019-06-28T12:22:13+00:00","dateModified":"2026-03-10T10:06:52+00:00","description":"G\u00f6nnen Sie sich eine Pause vom Alltag im Alsik Spa. Hier k\u00f6nnen Sie vielen 60 Spa- und Wellness-Angebote in sch\u00f6ner Umgebung erleben. Das gro\u00dfe Spa bezieht seine Inspiration aus der skandinavischen Natur, aus Licht, Wasser und W\u00e4ldern. Reisen Sie mit uns zu den alten nordischen Baderitualen und ihrer einzigartigen Kombination aus Wasser, W\u00e4rme und K\u00e4lte. Oder treffen Sie Ihre Wahl zwischen sowohl klassischen als auch bahnbrechend neuen Spa- und Wellnessbehandlungen, die in besten Spa-Traditionen und neuem Denken wurzeln. Wir freuen uns darauf, Sie mit Ihrem ganz pers\u00f6nlichen und beispiellosen Spa-Erlebnis zu verw\u00f6hnen.","breadcrumb":{"@id":"https:\/\/alsik.dk\/de\/alsik-spa\/#breadcrumb"},"inLanguage":"de","potentialAction":[{"@type":"ReadAction","target":["https:\/\/alsik.dk\/de\/alsik-spa\/"]}]},{"@type":"ImageObject","inLanguage":"de","@id":"https:\/\/alsik.dk\/de\/alsik-spa\/#primaryimage","url":"https:\/\/alsik.dk\/wp-content\/uploads\/2025\/01\/Oplev-Alsik-Spa-scaled-e1737368831481.jpg","contentUrl":"https:\/\/alsik.dk\/wp-content\/uploads\/2025\/01\/Oplev-Alsik-Spa-scaled-e1737368831481.jpg","width":1707,"height":2560},{"@type":"BreadcrumbList","@id":"https:\/\/alsik.dk\/de\/alsik-spa\/#breadcrumb","itemListElement":[{"@type":"ListItem","position":1,"name":"Hjem","item":"https:\/\/alsik.dk\/de\/"},{"@type":"ListItem","position":2,"name":"Erleben Sie das Alsik Spa"}]},{"@type":"WebSite","@id":"https:\/\/alsik.dk\/de\/#website","url":"https:\/\/alsik.dk\/de\/","name":"Alsik Hotel &amp; Spa","description":"Alsik er et af Danmarks mest sp\u00e6ndende hoteller med stilfulde og topmoderne v\u00e6relser. Oplev Danmarks st\u00f8rste spa med flere end 60 forskellige spa- og wellnessoplevelser eller fork\u00e6l sanserne med gastronomi i s\u00e6rklasse i Alsiks tre restauranter.","potentialAction":[{"@type":"SearchAction","target":{"@type":"EntryPoint","urlTemplate":"https:\/\/alsik.dk\/de\/?s={search_term_string}"},"query-input":{"@type":"PropertyValueSpecification","valueRequired":true,"valueName":"search_term_string"}}],"inLanguage":"de"}]}},"_links":{"self":[{"href":"https:\/\/alsik.dk\/de\/wp-json\/wp\/v2\/pages\/3338","targetHints":{"allow":["GET"]}}],"collection":[{"href":"https:\/\/alsik.dk\/de\/wp-json\/wp\/v2\/pages"}],"about":[{"href":"https:\/\/alsik.dk\/de\/wp-json\/wp\/v2\/types\/page"}],"author":[{"embeddable":true,"href":"https:\/\/alsik.dk\/de\/wp-json\/wp\/v2\/users\/7"}],"replies":[{"embeddable":true,"href":"https:\/\/alsik.dk\/de\/wp-json\/wp\/v2\/comments?post=3338"}],"version-history":[{"count":39,"href":"https:\/\/alsik.dk\/de\/wp-json\/wp\/v2\/pages\/3338\/revisions"}],"predecessor-version":[{"id":17866,"href":"https:\/\/alsik.dk\/de\/wp-json\/wp\/v2\/pages\/3338\/revisions\/17866"}],"wp:featuredmedia":[{"embeddable":true,"href":"https:\/\/alsik.dk\/de\/wp-json\/wp\/v2\/media\/14985"}],"wp:attachment":[{"href":"https:\/\/alsik.dk\/de\/wp-json\/wp\/v2\/media?parent=3338"}],"wp:term":[{"taxonomy":"post_tag","embeddable":true,"href":"https:\/\/alsik.dk\/de\/wp-json\/wp\/v2\/tags?post=3338"}],"curies":[{"name":"wp","href":"https:\/\/api.w.org\/{rel}","templated":true}]}}