{"id":3576,"date":"2019-03-19T13:48:39","date_gmt":"2019-03-19T12:48:39","guid":{"rendered":"https:\/\/alsik.dk\/alsik-hotel-in-sonderborg\/"},"modified":"2026-03-25T13:18:44","modified_gmt":"2026-03-25T12:18:44","slug":"alsik-hotel-in-sonderborg","status":"publish","type":"page","link":"https:\/\/alsik.dk\/de\/","title":{"rendered":"Alsik Hotel &#038; Spa DE"},"content":{"rendered":"","protected":false},"excerpt":{"rendered":"","protected":false},"author":7,"featured_media":0,"parent":0,"menu_order":0,"comment_status":"closed","ping_status":"closed","template":"","meta":{"_acf_changed":false,"footnotes":""},"tags":[],"class_list":["post-3576","page","type-page","status-publish","hentry"],"acf":[],"yoast_head":"<!-- This site is optimized with the Yoast SEO plugin v24.3 - https:\/\/yoast.com\/wordpress\/plugins\/seo\/ -->\n<title>Willkommen im Alsik Hotel &amp; Spa<\/title>\n<meta name=\"description\" content=\"Alsik \u2013 dem d\u00e4nischen Luxushotel im Herzen von S\u00f8nderborg. Erkunden Sie z.B. das Spa oder verw\u00f6hnen Sie sich mit au\u00dfergew\u00f6hnlichen kulinarischen Gen\u00fcssen in einem der Restaurants des Alsik.\" \/>\n<meta name=\"robots\" content=\"index, follow, max-snippet:-1, max-image-preview:large, max-video-preview:-1\" \/>\n<link rel=\"canonical\" href=\"https:\/\/alsik.dk\/de\/\" \/>\n<meta property=\"og:locale\" content=\"de_DE\" \/>\n<meta property=\"og:type\" content=\"article\" \/>\n<meta property=\"og:title\" content=\"Alsik Hotel - Denmark\u2019s new luxury hotel in the heart of S\u00f8nderborg\" \/>\n<meta property=\"og:description\" content=\"A world of experiences in a luxurious, pleasant and relaxed atmosphere awaits you at the hotel. Explore Alsik Nordic Spa, the biggest in Denmark.\" \/>\n<meta property=\"og:url\" content=\"https:\/\/alsik.dk\/de\/\" \/>\n<meta property=\"og:site_name\" content=\"Alsik Hotel &amp; Spa\" \/>\n<meta property=\"article:modified_time\" content=\"2026-03-25T12:18:44+00:00\" \/>\n<meta property=\"og:image\" content=\"https:\/\/alsik.dk\/wp-content\/uploads\/2019\/03\/Alsik-2-mit-Logo-II-1920x730.jpg\" \/>\n\t<meta property=\"og:image:width\" content=\"1920\" \/>\n\t<meta property=\"og:image:height\" content=\"730\" \/>\n\t<meta property=\"og:image:type\" content=\"image\/jpeg\" \/>\n<meta name=\"twitter:card\" content=\"summary_large_image\" \/>\n<script type=\"application\/ld+json\" class=\"yoast-schema-graph\">{\"@context\":\"https:\/\/schema.org\",\"@graph\":[{\"@type\":\"WebPage\",\"@id\":\"https:\/\/alsik.dk\/de\/\",\"url\":\"https:\/\/alsik.dk\/de\/\",\"name\":\"Willkommen im Alsik Hotel & Spa\",\"isPartOf\":{\"@id\":\"https:\/\/alsik.dk\/de\/#website\"},\"datePublished\":\"2019-03-19T12:48:39+00:00\",\"dateModified\":\"2026-03-25T12:18:44+00:00\",\"description\":\"Alsik \u2013 dem d\u00e4nischen Luxushotel im Herzen von S\u00f8nderborg. Erkunden Sie z.B. das Spa oder verw\u00f6hnen Sie sich mit au\u00dfergew\u00f6hnlichen kulinarischen Gen\u00fcssen in einem der Restaurants des Alsik.\",\"breadcrumb\":{\"@id\":\"https:\/\/alsik.dk\/de\/#breadcrumb\"},\"inLanguage\":\"de\",\"potentialAction\":[{\"@type\":\"ReadAction\",\"target\":[\"https:\/\/alsik.dk\/de\/\"]}]},{\"@type\":\"BreadcrumbList\",\"@id\":\"https:\/\/alsik.dk\/de\/#breadcrumb\",\"itemListElement\":[{\"@type\":\"ListItem\",\"position\":1,\"name\":\"Hjem\",\"item\":\"https:\/\/alsik.dk\/de\/\"},{\"@type\":\"ListItem\",\"position\":2,\"name\":\"Alsik Hotel &#038; Spa DE\"}]},{\"@type\":\"WebSite\",\"@id\":\"https:\/\/alsik.dk\/de\/#website\",\"url\":\"https:\/\/alsik.dk\/de\/\",\"name\":\"Alsik Hotel &amp; Spa\",\"description\":\"Alsik er et af Danmarks mest sp\u00e6ndende hoteller med stilfulde og topmoderne v\u00e6relser. Oplev Danmarks st\u00f8rste spa med flere end 60 forskellige spa- og wellnessoplevelser eller fork\u00e6l sanserne med gastronomi i s\u00e6rklasse i Alsiks tre restauranter.\",\"potentialAction\":[{\"@type\":\"SearchAction\",\"target\":{\"@type\":\"EntryPoint\",\"urlTemplate\":\"https:\/\/alsik.dk\/de\/?s={search_term_string}\"},\"query-input\":{\"@type\":\"PropertyValueSpecification\",\"valueRequired\":true,\"valueName\":\"search_term_string\"}}],\"inLanguage\":\"de\"}]}<\/script>\n<!-- \/ Yoast SEO plugin. -->","yoast_head_json":{"title":"Willkommen im Alsik Hotel & Spa","description":"Alsik \u2013 dem d\u00e4nischen Luxushotel im Herzen von S\u00f8nderborg. Erkunden Sie z.B. das Spa oder verw\u00f6hnen Sie sich mit au\u00dfergew\u00f6hnlichen kulinarischen Gen\u00fcssen in einem der Restaurants des Alsik.","robots":{"index":"index","follow":"follow","max-snippet":"max-snippet:-1","max-image-preview":"max-image-preview:large","max-video-preview":"max-video-preview:-1"},"canonical":"https:\/\/alsik.dk\/de\/","og_locale":"de_DE","og_type":"article","og_title":"Alsik Hotel - Denmark\u2019s new luxury hotel in the heart of S\u00f8nderborg","og_description":"A world of experiences in a luxurious, pleasant and relaxed atmosphere awaits you at the hotel. Explore Alsik Nordic Spa, the biggest in Denmark.","og_url":"https:\/\/alsik.dk\/de\/","og_site_name":"Alsik Hotel &amp; Spa","article_modified_time":"2026-03-25T12:18:44+00:00","og_image":[{"width":1920,"height":730,"url":"https:\/\/alsik.dk\/wp-content\/uploads\/2019\/03\/Alsik-2-mit-Logo-II-1920x730.jpg","type":"image\/jpeg"}],"twitter_card":"summary_large_image","schema":{"@context":"https:\/\/schema.org","@graph":[{"@type":"WebPage","@id":"https:\/\/alsik.dk\/de\/","url":"https:\/\/alsik.dk\/de\/","name":"Willkommen im Alsik Hotel & Spa","isPartOf":{"@id":"https:\/\/alsik.dk\/de\/#website"},"datePublished":"2019-03-19T12:48:39+00:00","dateModified":"2026-03-25T12:18:44+00:00","description":"Alsik \u2013 dem d\u00e4nischen Luxushotel im Herzen von S\u00f8nderborg. Erkunden Sie z.B. das Spa oder verw\u00f6hnen Sie sich mit au\u00dfergew\u00f6hnlichen kulinarischen Gen\u00fcssen in einem der Restaurants des Alsik.","breadcrumb":{"@id":"https:\/\/alsik.dk\/de\/#breadcrumb"},"inLanguage":"de","potentialAction":[{"@type":"ReadAction","target":["https:\/\/alsik.dk\/de\/"]}]},{"@type":"BreadcrumbList","@id":"https:\/\/alsik.dk\/de\/#breadcrumb","itemListElement":[{"@type":"ListItem","position":1,"name":"Hjem","item":"https:\/\/alsik.dk\/de\/"},{"@type":"ListItem","position":2,"name":"Alsik Hotel &#038; Spa DE"}]},{"@type":"WebSite","@id":"https:\/\/alsik.dk\/de\/#website","url":"https:\/\/alsik.dk\/de\/","name":"Alsik Hotel &amp; Spa","description":"Alsik er et af Danmarks mest sp\u00e6ndende hoteller med stilfulde og topmoderne v\u00e6relser. Oplev Danmarks st\u00f8rste spa med flere end 60 forskellige spa- og wellnessoplevelser eller fork\u00e6l sanserne med gastronomi i s\u00e6rklasse i Alsiks tre restauranter.","potentialAction":[{"@type":"SearchAction","target":{"@type":"EntryPoint","urlTemplate":"https:\/\/alsik.dk\/de\/?s={search_term_string}"},"query-input":{"@type":"PropertyValueSpecification","valueRequired":true,"valueName":"search_term_string"}}],"inLanguage":"de"}]}},"_links":{"self":[{"href":"https:\/\/alsik.dk\/de\/wp-json\/wp\/v2\/pages\/3576","targetHints":{"allow":["GET"]}}],"collection":[{"href":"https:\/\/alsik.dk\/de\/wp-json\/wp\/v2\/pages"}],"about":[{"href":"https:\/\/alsik.dk\/de\/wp-json\/wp\/v2\/types\/page"}],"author":[{"embeddable":true,"href":"https:\/\/alsik.dk\/de\/wp-json\/wp\/v2\/users\/7"}],"replies":[{"embeddable":true,"href":"https:\/\/alsik.dk\/de\/wp-json\/wp\/v2\/comments?post=3576"}],"version-history":[{"count":60,"href":"https:\/\/alsik.dk\/de\/wp-json\/wp\/v2\/pages\/3576\/revisions"}],"predecessor-version":[{"id":18097,"href":"https:\/\/alsik.dk\/de\/wp-json\/wp\/v2\/pages\/3576\/revisions\/18097"}],"wp:attachment":[{"href":"https:\/\/alsik.dk\/de\/wp-json\/wp\/v2\/media?parent=3576"}],"wp:term":[{"taxonomy":"post_tag","embeddable":true,"href":"https:\/\/alsik.dk\/de\/wp-json\/wp\/v2\/tags?post=3576"}],"curies":[{"name":"wp","href":"https:\/\/api.w.org\/{rel}","templated":true}]}}