{"id":4071,"date":"2019-08-16T13:40:21","date_gmt":"2019-08-16T11:40:21","guid":{"rendered":"https:\/\/alsik.dk\/privatlivspolitik\/"},"modified":"2025-10-29T15:51:17","modified_gmt":"2025-10-29T14:51:17","slug":"datenschutzpolitik","status":"publish","type":"page","link":"https:\/\/alsik.dk\/de\/datenschutzpolitik\/","title":{"rendered":"Datenschutzpolitik"},"content":{"rendered":"","protected":false},"excerpt":{"rendered":"","protected":false},"author":7,"featured_media":0,"parent":0,"menu_order":0,"comment_status":"closed","ping_status":"closed","template":"","meta":{"_acf_changed":false,"footnotes":""},"tags":[],"class_list":["post-4071","page","type-page","status-publish","hentry"],"acf":[],"yoast_head":"<!-- This site is optimized with the Yoast SEO plugin v24.3 - https:\/\/yoast.com\/wordpress\/plugins\/seo\/ -->\n<title>Datenschutzpolitik | Alsik Hotel &amp; Spa<\/title>\n<meta name=\"description\" content=\"Diese Datenschutzerkl\u00e4rung legt klare Richtlinien f\u00fcr unsere Art der Verarbeitung personenbezogener Datenunserer G\u00e4ste und Besucher fest.\" \/>\n<meta name=\"robots\" content=\"index, follow, max-snippet:-1, max-image-preview:large, max-video-preview:-1\" \/>\n<link rel=\"canonical\" href=\"https:\/\/alsik.dk\/de\/datenschutzpolitik\/\" \/>\n<meta property=\"og:locale\" content=\"de_DE\" \/>\n<meta property=\"og:type\" content=\"article\" \/>\n<meta property=\"og:title\" content=\"Datenschutzpolitik | Alsik Hotel &amp; Spa\" \/>\n<meta property=\"og:description\" content=\"Diese Datenschutzerkl\u00e4rung legt klare Richtlinien f\u00fcr unsere Art der Verarbeitung personenbezogener Datenunserer G\u00e4ste und Besucher fest.\" \/>\n<meta property=\"og:url\" content=\"https:\/\/alsik.dk\/de\/datenschutzpolitik\/\" \/>\n<meta property=\"og:site_name\" content=\"Alsik Hotel &amp; Spa\" \/>\n<meta property=\"article:modified_time\" content=\"2025-10-29T14:51:17+00:00\" \/>\n<meta name=\"twitter:card\" content=\"summary_large_image\" \/>\n<script type=\"application\/ld+json\" class=\"yoast-schema-graph\">{\"@context\":\"https:\/\/schema.org\",\"@graph\":[{\"@type\":\"WebPage\",\"@id\":\"https:\/\/alsik.dk\/de\/datenschutzpolitik\/\",\"url\":\"https:\/\/alsik.dk\/de\/datenschutzpolitik\/\",\"name\":\"Datenschutzpolitik | Alsik Hotel &amp; Spa\",\"isPartOf\":{\"@id\":\"https:\/\/alsik.dk\/de\/#website\"},\"datePublished\":\"2019-08-16T11:40:21+00:00\",\"dateModified\":\"2025-10-29T14:51:17+00:00\",\"description\":\"Diese Datenschutzerkl\u00e4rung legt klare Richtlinien f\u00fcr unsere Art der Verarbeitung personenbezogener Datenunserer G\u00e4ste und Besucher fest.\",\"breadcrumb\":{\"@id\":\"https:\/\/alsik.dk\/de\/datenschutzpolitik\/#breadcrumb\"},\"inLanguage\":\"de\",\"potentialAction\":[{\"@type\":\"ReadAction\",\"target\":[\"https:\/\/alsik.dk\/de\/datenschutzpolitik\/\"]}]},{\"@type\":\"BreadcrumbList\",\"@id\":\"https:\/\/alsik.dk\/de\/datenschutzpolitik\/#breadcrumb\",\"itemListElement\":[{\"@type\":\"ListItem\",\"position\":1,\"name\":\"Hjem\",\"item\":\"https:\/\/alsik.dk\/de\/\"},{\"@type\":\"ListItem\",\"position\":2,\"name\":\"Datenschutzpolitik\"}]},{\"@type\":\"WebSite\",\"@id\":\"https:\/\/alsik.dk\/de\/#website\",\"url\":\"https:\/\/alsik.dk\/de\/\",\"name\":\"Alsik Hotel &amp; Spa\",\"description\":\"Alsik er et af Danmarks mest sp\u00e6ndende hoteller med stilfulde og topmoderne v\u00e6relser. Oplev Danmarks st\u00f8rste spa med flere end 60 forskellige spa- og wellnessoplevelser eller fork\u00e6l sanserne med gastronomi i s\u00e6rklasse i Alsiks tre restauranter.\",\"potentialAction\":[{\"@type\":\"SearchAction\",\"target\":{\"@type\":\"EntryPoint\",\"urlTemplate\":\"https:\/\/alsik.dk\/de\/?s={search_term_string}\"},\"query-input\":{\"@type\":\"PropertyValueSpecification\",\"valueRequired\":true,\"valueName\":\"search_term_string\"}}],\"inLanguage\":\"de\"}]}<\/script>\n<!-- \/ Yoast SEO plugin. -->","yoast_head_json":{"title":"Datenschutzpolitik | Alsik Hotel &amp; Spa","description":"Diese Datenschutzerkl\u00e4rung legt klare Richtlinien f\u00fcr unsere Art der Verarbeitung personenbezogener Datenunserer G\u00e4ste und Besucher fest.","robots":{"index":"index","follow":"follow","max-snippet":"max-snippet:-1","max-image-preview":"max-image-preview:large","max-video-preview":"max-video-preview:-1"},"canonical":"https:\/\/alsik.dk\/de\/datenschutzpolitik\/","og_locale":"de_DE","og_type":"article","og_title":"Datenschutzpolitik | Alsik Hotel &amp; Spa","og_description":"Diese Datenschutzerkl\u00e4rung legt klare Richtlinien f\u00fcr unsere Art der Verarbeitung personenbezogener Datenunserer G\u00e4ste und Besucher fest.","og_url":"https:\/\/alsik.dk\/de\/datenschutzpolitik\/","og_site_name":"Alsik Hotel &amp; Spa","article_modified_time":"2025-10-29T14:51:17+00:00","twitter_card":"summary_large_image","schema":{"@context":"https:\/\/schema.org","@graph":[{"@type":"WebPage","@id":"https:\/\/alsik.dk\/de\/datenschutzpolitik\/","url":"https:\/\/alsik.dk\/de\/datenschutzpolitik\/","name":"Datenschutzpolitik | Alsik Hotel &amp; Spa","isPartOf":{"@id":"https:\/\/alsik.dk\/de\/#website"},"datePublished":"2019-08-16T11:40:21+00:00","dateModified":"2025-10-29T14:51:17+00:00","description":"Diese Datenschutzerkl\u00e4rung legt klare Richtlinien f\u00fcr unsere Art der Verarbeitung personenbezogener Datenunserer G\u00e4ste und Besucher fest.","breadcrumb":{"@id":"https:\/\/alsik.dk\/de\/datenschutzpolitik\/#breadcrumb"},"inLanguage":"de","potentialAction":[{"@type":"ReadAction","target":["https:\/\/alsik.dk\/de\/datenschutzpolitik\/"]}]},{"@type":"BreadcrumbList","@id":"https:\/\/alsik.dk\/de\/datenschutzpolitik\/#breadcrumb","itemListElement":[{"@type":"ListItem","position":1,"name":"Hjem","item":"https:\/\/alsik.dk\/de\/"},{"@type":"ListItem","position":2,"name":"Datenschutzpolitik"}]},{"@type":"WebSite","@id":"https:\/\/alsik.dk\/de\/#website","url":"https:\/\/alsik.dk\/de\/","name":"Alsik Hotel &amp; Spa","description":"Alsik er et af Danmarks mest sp\u00e6ndende hoteller med stilfulde og topmoderne v\u00e6relser. Oplev Danmarks st\u00f8rste spa med flere end 60 forskellige spa- og wellnessoplevelser eller fork\u00e6l sanserne med gastronomi i s\u00e6rklasse i Alsiks tre restauranter.","potentialAction":[{"@type":"SearchAction","target":{"@type":"EntryPoint","urlTemplate":"https:\/\/alsik.dk\/de\/?s={search_term_string}"},"query-input":{"@type":"PropertyValueSpecification","valueRequired":true,"valueName":"search_term_string"}}],"inLanguage":"de"}]}},"_links":{"self":[{"href":"https:\/\/alsik.dk\/de\/wp-json\/wp\/v2\/pages\/4071","targetHints":{"allow":["GET"]}}],"collection":[{"href":"https:\/\/alsik.dk\/de\/wp-json\/wp\/v2\/pages"}],"about":[{"href":"https:\/\/alsik.dk\/de\/wp-json\/wp\/v2\/types\/page"}],"author":[{"embeddable":true,"href":"https:\/\/alsik.dk\/de\/wp-json\/wp\/v2\/users\/7"}],"replies":[{"embeddable":true,"href":"https:\/\/alsik.dk\/de\/wp-json\/wp\/v2\/comments?post=4071"}],"version-history":[{"count":12,"href":"https:\/\/alsik.dk\/de\/wp-json\/wp\/v2\/pages\/4071\/revisions"}],"predecessor-version":[{"id":16892,"href":"https:\/\/alsik.dk\/de\/wp-json\/wp\/v2\/pages\/4071\/revisions\/16892"}],"wp:attachment":[{"href":"https:\/\/alsik.dk\/de\/wp-json\/wp\/v2\/media?parent=4071"}],"wp:term":[{"taxonomy":"post_tag","embeddable":true,"href":"https:\/\/alsik.dk\/de\/wp-json\/wp\/v2\/tags?post=4071"}],"curies":[{"name":"wp","href":"https:\/\/api.w.org\/{rel}","templated":true}]}}