{"id":4205,"date":"2019-09-17T08:50:05","date_gmt":"2019-09-17T06:50:05","guid":{"rendered":"https:\/\/alsik.dk\/events\/"},"modified":"2024-02-07T14:46:19","modified_gmt":"2024-02-07T13:46:19","slug":"events","status":"publish","type":"page","link":"https:\/\/alsik.dk\/de\/events\/","title":{"rendered":"Events in Alsik"},"content":{"rendered":"","protected":false},"excerpt":{"rendered":"","protected":false},"author":7,"featured_media":0,"parent":0,"menu_order":0,"comment_status":"closed","ping_status":"closed","template":"","meta":{"_acf_changed":false,"footnotes":""},"tags":[],"class_list":["post-4205","page","type-page","status-publish","hentry"],"acf":[],"yoast_head":"<!-- This site is optimized with the Yoast SEO plugin v24.3 - https:\/\/yoast.com\/wordpress\/plugins\/seo\/ -->\n<title>Events in Alsik | Alsik Hotel &amp; Spa<\/title>\n<meta name=\"description\" content=\"Hier finden Sie alle kommenden Veranstaltungen in der \u00dcbersicht. Wir freuen uns auf Ihren Besuch im Alsik Hotel.\" \/>\n<meta name=\"robots\" content=\"index, follow, max-snippet:-1, max-image-preview:large, max-video-preview:-1\" \/>\n<link rel=\"canonical\" href=\"https:\/\/alsik.dk\/de\/events\/\" \/>\n<meta property=\"og:locale\" content=\"de_DE\" \/>\n<meta property=\"og:type\" content=\"article\" \/>\n<meta property=\"og:title\" content=\"Events in Alsik | Alsik Hotel &amp; Spa\" \/>\n<meta property=\"og:description\" content=\"Hier finden Sie alle kommenden Veranstaltungen in der \u00dcbersicht. Wir freuen uns auf Ihren Besuch im Alsik Hotel.\" \/>\n<meta property=\"og:url\" content=\"https:\/\/alsik.dk\/de\/events\/\" \/>\n<meta property=\"og:site_name\" content=\"Alsik Hotel &amp; Spa\" \/>\n<meta property=\"article:modified_time\" content=\"2024-02-07T13:46:19+00:00\" \/>\n<meta name=\"twitter:card\" content=\"summary_large_image\" \/>\n<script type=\"application\/ld+json\" class=\"yoast-schema-graph\">{\"@context\":\"https:\/\/schema.org\",\"@graph\":[{\"@type\":\"WebPage\",\"@id\":\"https:\/\/alsik.dk\/de\/events\/\",\"url\":\"https:\/\/alsik.dk\/de\/events\/\",\"name\":\"Events in Alsik | Alsik Hotel &amp; Spa\",\"isPartOf\":{\"@id\":\"https:\/\/alsik.dk\/de\/#website\"},\"datePublished\":\"2019-09-17T06:50:05+00:00\",\"dateModified\":\"2024-02-07T13:46:19+00:00\",\"description\":\"Hier finden Sie alle kommenden Veranstaltungen in der \u00dcbersicht. Wir freuen uns auf Ihren Besuch im Alsik Hotel.\",\"breadcrumb\":{\"@id\":\"https:\/\/alsik.dk\/de\/events\/#breadcrumb\"},\"inLanguage\":\"de\",\"potentialAction\":[{\"@type\":\"ReadAction\",\"target\":[\"https:\/\/alsik.dk\/de\/events\/\"]}]},{\"@type\":\"BreadcrumbList\",\"@id\":\"https:\/\/alsik.dk\/de\/events\/#breadcrumb\",\"itemListElement\":[{\"@type\":\"ListItem\",\"position\":1,\"name\":\"Hjem\",\"item\":\"https:\/\/alsik.dk\/de\/\"},{\"@type\":\"ListItem\",\"position\":2,\"name\":\"Events in Alsik\"}]},{\"@type\":\"WebSite\",\"@id\":\"https:\/\/alsik.dk\/de\/#website\",\"url\":\"https:\/\/alsik.dk\/de\/\",\"name\":\"Alsik Hotel &amp; Spa\",\"description\":\"Alsik er et af Danmarks mest sp\u00e6ndende hoteller med stilfulde og topmoderne v\u00e6relser. Oplev Danmarks st\u00f8rste spa med flere end 60 forskellige spa- og wellnessoplevelser eller fork\u00e6l sanserne med gastronomi i s\u00e6rklasse i Alsiks tre restauranter.\",\"potentialAction\":[{\"@type\":\"SearchAction\",\"target\":{\"@type\":\"EntryPoint\",\"urlTemplate\":\"https:\/\/alsik.dk\/de\/?s={search_term_string}\"},\"query-input\":{\"@type\":\"PropertyValueSpecification\",\"valueRequired\":true,\"valueName\":\"search_term_string\"}}],\"inLanguage\":\"de\"}]}<\/script>\n<!-- \/ Yoast SEO plugin. -->","yoast_head_json":{"title":"Events in Alsik | Alsik Hotel &amp; Spa","description":"Hier finden Sie alle kommenden Veranstaltungen in der \u00dcbersicht. Wir freuen uns auf Ihren Besuch im Alsik Hotel.","robots":{"index":"index","follow":"follow","max-snippet":"max-snippet:-1","max-image-preview":"max-image-preview:large","max-video-preview":"max-video-preview:-1"},"canonical":"https:\/\/alsik.dk\/de\/events\/","og_locale":"de_DE","og_type":"article","og_title":"Events in Alsik | Alsik Hotel &amp; Spa","og_description":"Hier finden Sie alle kommenden Veranstaltungen in der \u00dcbersicht. Wir freuen uns auf Ihren Besuch im Alsik Hotel.","og_url":"https:\/\/alsik.dk\/de\/events\/","og_site_name":"Alsik Hotel &amp; Spa","article_modified_time":"2024-02-07T13:46:19+00:00","twitter_card":"summary_large_image","schema":{"@context":"https:\/\/schema.org","@graph":[{"@type":"WebPage","@id":"https:\/\/alsik.dk\/de\/events\/","url":"https:\/\/alsik.dk\/de\/events\/","name":"Events in Alsik | Alsik Hotel &amp; Spa","isPartOf":{"@id":"https:\/\/alsik.dk\/de\/#website"},"datePublished":"2019-09-17T06:50:05+00:00","dateModified":"2024-02-07T13:46:19+00:00","description":"Hier finden Sie alle kommenden Veranstaltungen in der \u00dcbersicht. Wir freuen uns auf Ihren Besuch im Alsik Hotel.","breadcrumb":{"@id":"https:\/\/alsik.dk\/de\/events\/#breadcrumb"},"inLanguage":"de","potentialAction":[{"@type":"ReadAction","target":["https:\/\/alsik.dk\/de\/events\/"]}]},{"@type":"BreadcrumbList","@id":"https:\/\/alsik.dk\/de\/events\/#breadcrumb","itemListElement":[{"@type":"ListItem","position":1,"name":"Hjem","item":"https:\/\/alsik.dk\/de\/"},{"@type":"ListItem","position":2,"name":"Events in Alsik"}]},{"@type":"WebSite","@id":"https:\/\/alsik.dk\/de\/#website","url":"https:\/\/alsik.dk\/de\/","name":"Alsik Hotel &amp; Spa","description":"Alsik er et af Danmarks mest sp\u00e6ndende hoteller med stilfulde og topmoderne v\u00e6relser. Oplev Danmarks st\u00f8rste spa med flere end 60 forskellige spa- og wellnessoplevelser eller fork\u00e6l sanserne med gastronomi i s\u00e6rklasse i Alsiks tre restauranter.","potentialAction":[{"@type":"SearchAction","target":{"@type":"EntryPoint","urlTemplate":"https:\/\/alsik.dk\/de\/?s={search_term_string}"},"query-input":{"@type":"PropertyValueSpecification","valueRequired":true,"valueName":"search_term_string"}}],"inLanguage":"de"}]}},"_links":{"self":[{"href":"https:\/\/alsik.dk\/de\/wp-json\/wp\/v2\/pages\/4205","targetHints":{"allow":["GET"]}}],"collection":[{"href":"https:\/\/alsik.dk\/de\/wp-json\/wp\/v2\/pages"}],"about":[{"href":"https:\/\/alsik.dk\/de\/wp-json\/wp\/v2\/types\/page"}],"author":[{"embeddable":true,"href":"https:\/\/alsik.dk\/de\/wp-json\/wp\/v2\/users\/7"}],"replies":[{"embeddable":true,"href":"https:\/\/alsik.dk\/de\/wp-json\/wp\/v2\/comments?post=4205"}],"version-history":[{"count":8,"href":"https:\/\/alsik.dk\/de\/wp-json\/wp\/v2\/pages\/4205\/revisions"}],"predecessor-version":[{"id":13235,"href":"https:\/\/alsik.dk\/de\/wp-json\/wp\/v2\/pages\/4205\/revisions\/13235"}],"wp:attachment":[{"href":"https:\/\/alsik.dk\/de\/wp-json\/wp\/v2\/media?parent=4205"}],"wp:term":[{"taxonomy":"post_tag","embeddable":true,"href":"https:\/\/alsik.dk\/de\/wp-json\/wp\/v2\/tags?post=4205"}],"curies":[{"name":"wp","href":"https:\/\/api.w.org\/{rel}","templated":true}]}}