{"id":4943,"date":"2020-09-09T09:00:03","date_gmt":"2020-09-09T07:00:03","guid":{"rendered":"http:\/\/alsik.dk\/?page_id=4943"},"modified":"2025-08-12T15:01:31","modified_gmt":"2025-08-12T13:01:31","slug":"wissenswertes-zum-alsik","status":"publish","type":"page","link":"https:\/\/alsik.dk\/de\/wissenswertes-zum-alsik\/","title":{"rendered":"Wissenswertes zum Alsik"},"content":{"rendered":"<p>Das Hotel liegt an der sch\u00f6nen alten Hafenfront von S\u00f8nderborg, wo moderne Architektur, innovative Bauweise und eindrucksvolle Kunst dem Hauch der Geschichte, dem st\u00e4dtischen Rhythmus und der einzigartigen Natur entlang der Flensburger F\u00f6rde begegnen.<\/p>\n<p><iframe loading=\"lazy\" title=\"A taste of Alsik\" src=\"https:\/\/player.vimeo.com\/video\/453970246?dnt=1&amp;app_id=122963\" width=\"1778\" height=\"1000\" frameborder=\"0\" allow=\"autoplay; fullscreen; picture-in-picture; clipboard-write; encrypted-media; web-share\" referrerpolicy=\"strict-origin-when-cross-origin\"><\/iframe><\/p>\n","protected":false},"excerpt":{"rendered":"<p>Mit seinen 24.800 Quadratmetern, 70 Metern H\u00f6he und 19 Etagen (einschlie\u00dflich Erdgeschoss) ist das Alsik nicht nur das gr\u00f6\u00dfte Hotel in der d\u00e4nisch-deutschen Grenzregion, sondern z\u00e4hlt auch zu den gr\u00f6\u00dften Hotels D\u00e4nemarks.<\/p>\n","protected":false},"author":7,"featured_media":4842,"parent":0,"menu_order":0,"comment_status":"closed","ping_status":"closed","template":"","meta":{"_acf_changed":false,"footnotes":""},"tags":[],"class_list":["post-4943","page","type-page","status-publish","has-post-thumbnail","hentry"],"acf":[],"yoast_head":"<!-- This site is optimized with the Yoast SEO plugin v24.3 - https:\/\/yoast.com\/wordpress\/plugins\/seo\/ -->\n<title>Wissenswertes zum Alsik | Alsik Hotel &amp; Spa<\/title>\n<meta name=\"description\" content=\"Mit seinen 24.800 Quadratmetern, 70 Metern H\u00f6he und 19 Etagen ist das Alsik das gr\u00f6\u00dfte Hotel in der d\u00e4nisch-deutschen Grenzregion.\" \/>\n<meta name=\"robots\" content=\"index, follow, max-snippet:-1, max-image-preview:large, max-video-preview:-1\" \/>\n<link rel=\"canonical\" href=\"https:\/\/alsik.dk\/de\/wissenswertes-zum-alsik\/\" \/>\n<meta property=\"og:locale\" content=\"de_DE\" \/>\n<meta property=\"og:type\" content=\"article\" \/>\n<meta property=\"og:title\" content=\"Wissenswertes zum Alsik | Alsik Hotel &amp; Spa\" \/>\n<meta property=\"og:description\" content=\"Mit seinen 24.800 Quadratmetern, 70 Metern H\u00f6he und 19 Etagen ist das Alsik das gr\u00f6\u00dfte Hotel in der d\u00e4nisch-deutschen Grenzregion.\" \/>\n<meta property=\"og:url\" content=\"https:\/\/alsik.dk\/de\/wissenswertes-zum-alsik\/\" \/>\n<meta property=\"og:site_name\" content=\"Alsik Hotel &amp; Spa\" \/>\n<meta property=\"article:modified_time\" content=\"2025-08-12T13:01:31+00:00\" \/>\n<meta property=\"og:image\" content=\"https:\/\/alsik.dk\/wp-content\/uploads\/2020\/09\/alsik_udenfor-web.jpg\" \/>\n\t<meta property=\"og:image:width\" content=\"1313\" \/>\n\t<meta property=\"og:image:height\" content=\"876\" \/>\n\t<meta property=\"og:image:type\" content=\"image\/jpeg\" \/>\n<meta name=\"twitter:card\" content=\"summary_large_image\" \/>\n<meta name=\"twitter:label1\" content=\"Gesch\u00e4tzte Lesezeit\" \/>\n\t<meta name=\"twitter:data1\" content=\"1\u00a0Minute\" \/>\n<script type=\"application\/ld+json\" class=\"yoast-schema-graph\">{\"@context\":\"https:\/\/schema.org\",\"@graph\":[{\"@type\":\"WebPage\",\"@id\":\"https:\/\/alsik.dk\/de\/wissenswertes-zum-alsik\/\",\"url\":\"https:\/\/alsik.dk\/de\/wissenswertes-zum-alsik\/\",\"name\":\"Wissenswertes zum Alsik | Alsik Hotel &amp; Spa\",\"isPartOf\":{\"@id\":\"https:\/\/alsik.dk\/de\/#website\"},\"primaryImageOfPage\":{\"@id\":\"https:\/\/alsik.dk\/de\/wissenswertes-zum-alsik\/#primaryimage\"},\"image\":{\"@id\":\"https:\/\/alsik.dk\/de\/wissenswertes-zum-alsik\/#primaryimage\"},\"thumbnailUrl\":\"https:\/\/alsik.dk\/wp-content\/uploads\/2020\/09\/alsik_udenfor-web.jpg\",\"datePublished\":\"2020-09-09T07:00:03+00:00\",\"dateModified\":\"2025-08-12T13:01:31+00:00\",\"description\":\"Mit seinen 24.800 Quadratmetern, 70 Metern H\u00f6he und 19 Etagen ist das Alsik das gr\u00f6\u00dfte Hotel in der d\u00e4nisch-deutschen Grenzregion.\",\"breadcrumb\":{\"@id\":\"https:\/\/alsik.dk\/de\/wissenswertes-zum-alsik\/#breadcrumb\"},\"inLanguage\":\"de\",\"potentialAction\":[{\"@type\":\"ReadAction\",\"target\":[\"https:\/\/alsik.dk\/de\/wissenswertes-zum-alsik\/\"]}]},{\"@type\":\"ImageObject\",\"inLanguage\":\"de\",\"@id\":\"https:\/\/alsik.dk\/de\/wissenswertes-zum-alsik\/#primaryimage\",\"url\":\"https:\/\/alsik.dk\/wp-content\/uploads\/2020\/09\/alsik_udenfor-web.jpg\",\"contentUrl\":\"https:\/\/alsik.dk\/wp-content\/uploads\/2020\/09\/alsik_udenfor-web.jpg\",\"width\":1313,\"height\":876,\"caption\":\"Hotellet udenfor\"},{\"@type\":\"BreadcrumbList\",\"@id\":\"https:\/\/alsik.dk\/de\/wissenswertes-zum-alsik\/#breadcrumb\",\"itemListElement\":[{\"@type\":\"ListItem\",\"position\":1,\"name\":\"Hjem\",\"item\":\"https:\/\/alsik.dk\/de\/\"},{\"@type\":\"ListItem\",\"position\":2,\"name\":\"Wissenswertes zum Alsik\"}]},{\"@type\":\"WebSite\",\"@id\":\"https:\/\/alsik.dk\/de\/#website\",\"url\":\"https:\/\/alsik.dk\/de\/\",\"name\":\"Alsik Hotel &amp; Spa\",\"description\":\"Alsik er et af Danmarks mest sp\u00e6ndende hoteller med stilfulde og topmoderne v\u00e6relser. Oplev Danmarks st\u00f8rste spa med flere end 60 forskellige spa- og wellnessoplevelser eller fork\u00e6l sanserne med gastronomi i s\u00e6rklasse i Alsiks tre restauranter.\",\"potentialAction\":[{\"@type\":\"SearchAction\",\"target\":{\"@type\":\"EntryPoint\",\"urlTemplate\":\"https:\/\/alsik.dk\/de\/?s={search_term_string}\"},\"query-input\":{\"@type\":\"PropertyValueSpecification\",\"valueRequired\":true,\"valueName\":\"search_term_string\"}}],\"inLanguage\":\"de\"}]}<\/script>\n<!-- \/ Yoast SEO plugin. -->","yoast_head_json":{"title":"Wissenswertes zum Alsik | Alsik Hotel &amp; Spa","description":"Mit seinen 24.800 Quadratmetern, 70 Metern H\u00f6he und 19 Etagen ist das Alsik das gr\u00f6\u00dfte Hotel in der d\u00e4nisch-deutschen Grenzregion.","robots":{"index":"index","follow":"follow","max-snippet":"max-snippet:-1","max-image-preview":"max-image-preview:large","max-video-preview":"max-video-preview:-1"},"canonical":"https:\/\/alsik.dk\/de\/wissenswertes-zum-alsik\/","og_locale":"de_DE","og_type":"article","og_title":"Wissenswertes zum Alsik | Alsik Hotel &amp; Spa","og_description":"Mit seinen 24.800 Quadratmetern, 70 Metern H\u00f6he und 19 Etagen ist das Alsik das gr\u00f6\u00dfte Hotel in der d\u00e4nisch-deutschen Grenzregion.","og_url":"https:\/\/alsik.dk\/de\/wissenswertes-zum-alsik\/","og_site_name":"Alsik Hotel &amp; Spa","article_modified_time":"2025-08-12T13:01:31+00:00","og_image":[{"width":1313,"height":876,"url":"https:\/\/alsik.dk\/wp-content\/uploads\/2020\/09\/alsik_udenfor-web.jpg","type":"image\/jpeg"}],"twitter_card":"summary_large_image","twitter_misc":{"Gesch\u00e4tzte Lesezeit":"1\u00a0Minute"},"schema":{"@context":"https:\/\/schema.org","@graph":[{"@type":"WebPage","@id":"https:\/\/alsik.dk\/de\/wissenswertes-zum-alsik\/","url":"https:\/\/alsik.dk\/de\/wissenswertes-zum-alsik\/","name":"Wissenswertes zum Alsik | Alsik Hotel &amp; Spa","isPartOf":{"@id":"https:\/\/alsik.dk\/de\/#website"},"primaryImageOfPage":{"@id":"https:\/\/alsik.dk\/de\/wissenswertes-zum-alsik\/#primaryimage"},"image":{"@id":"https:\/\/alsik.dk\/de\/wissenswertes-zum-alsik\/#primaryimage"},"thumbnailUrl":"https:\/\/alsik.dk\/wp-content\/uploads\/2020\/09\/alsik_udenfor-web.jpg","datePublished":"2020-09-09T07:00:03+00:00","dateModified":"2025-08-12T13:01:31+00:00","description":"Mit seinen 24.800 Quadratmetern, 70 Metern H\u00f6he und 19 Etagen ist das Alsik das gr\u00f6\u00dfte Hotel in der d\u00e4nisch-deutschen Grenzregion.","breadcrumb":{"@id":"https:\/\/alsik.dk\/de\/wissenswertes-zum-alsik\/#breadcrumb"},"inLanguage":"de","potentialAction":[{"@type":"ReadAction","target":["https:\/\/alsik.dk\/de\/wissenswertes-zum-alsik\/"]}]},{"@type":"ImageObject","inLanguage":"de","@id":"https:\/\/alsik.dk\/de\/wissenswertes-zum-alsik\/#primaryimage","url":"https:\/\/alsik.dk\/wp-content\/uploads\/2020\/09\/alsik_udenfor-web.jpg","contentUrl":"https:\/\/alsik.dk\/wp-content\/uploads\/2020\/09\/alsik_udenfor-web.jpg","width":1313,"height":876,"caption":"Hotellet udenfor"},{"@type":"BreadcrumbList","@id":"https:\/\/alsik.dk\/de\/wissenswertes-zum-alsik\/#breadcrumb","itemListElement":[{"@type":"ListItem","position":1,"name":"Hjem","item":"https:\/\/alsik.dk\/de\/"},{"@type":"ListItem","position":2,"name":"Wissenswertes zum Alsik"}]},{"@type":"WebSite","@id":"https:\/\/alsik.dk\/de\/#website","url":"https:\/\/alsik.dk\/de\/","name":"Alsik Hotel &amp; Spa","description":"Alsik er et af Danmarks mest sp\u00e6ndende hoteller med stilfulde og topmoderne v\u00e6relser. Oplev Danmarks st\u00f8rste spa med flere end 60 forskellige spa- og wellnessoplevelser eller fork\u00e6l sanserne med gastronomi i s\u00e6rklasse i Alsiks tre restauranter.","potentialAction":[{"@type":"SearchAction","target":{"@type":"EntryPoint","urlTemplate":"https:\/\/alsik.dk\/de\/?s={search_term_string}"},"query-input":{"@type":"PropertyValueSpecification","valueRequired":true,"valueName":"search_term_string"}}],"inLanguage":"de"}]}},"_links":{"self":[{"href":"https:\/\/alsik.dk\/de\/wp-json\/wp\/v2\/pages\/4943","targetHints":{"allow":["GET"]}}],"collection":[{"href":"https:\/\/alsik.dk\/de\/wp-json\/wp\/v2\/pages"}],"about":[{"href":"https:\/\/alsik.dk\/de\/wp-json\/wp\/v2\/types\/page"}],"author":[{"embeddable":true,"href":"https:\/\/alsik.dk\/de\/wp-json\/wp\/v2\/users\/7"}],"replies":[{"embeddable":true,"href":"https:\/\/alsik.dk\/de\/wp-json\/wp\/v2\/comments?post=4943"}],"version-history":[{"count":9,"href":"https:\/\/alsik.dk\/de\/wp-json\/wp\/v2\/pages\/4943\/revisions"}],"predecessor-version":[{"id":16397,"href":"https:\/\/alsik.dk\/de\/wp-json\/wp\/v2\/pages\/4943\/revisions\/16397"}],"wp:featuredmedia":[{"embeddable":true,"href":"https:\/\/alsik.dk\/de\/wp-json\/wp\/v2\/media\/4842"}],"wp:attachment":[{"href":"https:\/\/alsik.dk\/de\/wp-json\/wp\/v2\/media?parent=4943"}],"wp:term":[{"taxonomy":"post_tag","embeddable":true,"href":"https:\/\/alsik.dk\/de\/wp-json\/wp\/v2\/tags?post=4943"}],"curies":[{"name":"wp","href":"https:\/\/api.w.org\/{rel}","templated":true}]}}