{"id":4976,"date":"2020-09-09T09:29:23","date_gmt":"2020-09-09T07:29:23","guid":{"rendered":"http:\/\/alsik.dk\/?page_id=4976"},"modified":"2023-06-06T15:43:08","modified_gmt":"2023-06-06T13:43:08","slug":"zimmer-suiten","status":"publish","type":"page","link":"https:\/\/alsik.dk\/de\/zimmer-suiten\/","title":{"rendered":"Zimmer &#038; Suiten"},"content":{"rendered":"<h2>Komfort, Gem\u00fctlichkeit und nordische Eleganz<\/h2>\n<p>Die gro\u00dfen, raumhohen Fenster erlauben fantastischen Lichteinfall und gew\u00e4hren eine fabelhafte Aussicht \u00fcber den Alsensund, die schmucke Hafenfront und die Stadt S\u00f8nderborg. Diese Aussicht genie\u00dfen Sie, w\u00e4hrend Sie es sich auf den edlen, komfortablen M\u00f6beln aus bester skandinavischer Designtradition bequem machen. Sie werden sehen, wie die Einrichtung ganz harmonisch die klaren Linien und nat\u00fcrlichen Materialien mit moderner Funktionalit\u00e4t, Bequemlichkeit und Annehmlichkeit vereint.<\/p>\n<p>Die 190 Zimmer und Suiten des Alsik haben Grundfl\u00e4chen von 25 bis 103 m\u00b2 und es stehen verschiedene Zimmertypen zur Auswahl:<\/p>\n","protected":false},"excerpt":{"rendered":"<p>Die Zimmer im Alsik zeichnen sich durch eine einzigartige Kombination aus Komfort, Gem\u00fctlichkeit und nordischer Eleganz aus. <\/p>\n","protected":false},"author":7,"featured_media":4964,"parent":0,"menu_order":0,"comment_status":"closed","ping_status":"closed","template":"","meta":{"_acf_changed":false,"footnotes":""},"tags":[],"class_list":["post-4976","page","type-page","status-publish","has-post-thumbnail","hentry"],"acf":[],"yoast_head":"<!-- This site is optimized with the Yoast SEO plugin v24.3 - https:\/\/yoast.com\/wordpress\/plugins\/seo\/ -->\n<title>Zimmer &amp; Suiten | Alsik Hotel &amp; Spa<\/title>\n<meta name=\"description\" content=\"Die Zimmer im Alsik zeichnen sich durch eine einzigartige Kombination aus Komfort, Gem\u00fctlichkeit und nordischer Eleganz aus.\" \/>\n<meta name=\"robots\" content=\"index, follow, max-snippet:-1, max-image-preview:large, max-video-preview:-1\" \/>\n<link rel=\"canonical\" href=\"https:\/\/alsik.dk\/de\/zimmer-suiten\/\" \/>\n<meta property=\"og:locale\" content=\"de_DE\" \/>\n<meta property=\"og:type\" content=\"article\" \/>\n<meta property=\"og:title\" content=\"Zimmer &amp; Suiten | Alsik Hotel &amp; Spa\" \/>\n<meta property=\"og:description\" content=\"Die Zimmer im Alsik zeichnen sich durch eine einzigartige Kombination aus Komfort, Gem\u00fctlichkeit und nordischer Eleganz aus.\" \/>\n<meta property=\"og:url\" content=\"https:\/\/alsik.dk\/de\/zimmer-suiten\/\" \/>\n<meta property=\"og:site_name\" content=\"Alsik Hotel &amp; Spa\" \/>\n<meta property=\"article:modified_time\" content=\"2023-06-06T13:43:08+00:00\" \/>\n<meta property=\"og:image\" content=\"https:\/\/alsik.dk\/wp-content\/uploads\/2020\/09\/bmc-udsigt-1920x500-1.jpg\" \/>\n\t<meta property=\"og:image:width\" content=\"1920\" \/>\n\t<meta property=\"og:image:height\" content=\"500\" \/>\n\t<meta property=\"og:image:type\" content=\"image\/jpeg\" \/>\n<meta name=\"twitter:card\" content=\"summary_large_image\" \/>\n<meta name=\"twitter:label1\" content=\"Gesch\u00e4tzte Lesezeit\" \/>\n\t<meta name=\"twitter:data1\" content=\"1\u00a0Minute\" \/>\n<script type=\"application\/ld+json\" class=\"yoast-schema-graph\">{\"@context\":\"https:\/\/schema.org\",\"@graph\":[{\"@type\":\"WebPage\",\"@id\":\"https:\/\/alsik.dk\/de\/zimmer-suiten\/\",\"url\":\"https:\/\/alsik.dk\/de\/zimmer-suiten\/\",\"name\":\"Zimmer & Suiten | Alsik Hotel &amp; Spa\",\"isPartOf\":{\"@id\":\"https:\/\/alsik.dk\/de\/#website\"},\"primaryImageOfPage\":{\"@id\":\"https:\/\/alsik.dk\/de\/zimmer-suiten\/#primaryimage\"},\"image\":{\"@id\":\"https:\/\/alsik.dk\/de\/zimmer-suiten\/#primaryimage\"},\"thumbnailUrl\":\"https:\/\/alsik.dk\/wp-content\/uploads\/2020\/09\/bmc-udsigt-1920x500-1.jpg\",\"datePublished\":\"2020-09-09T07:29:23+00:00\",\"dateModified\":\"2023-06-06T13:43:08+00:00\",\"description\":\"Die Zimmer im Alsik zeichnen sich durch eine einzigartige Kombination aus Komfort, Gem\u00fctlichkeit und nordischer Eleganz aus.\",\"breadcrumb\":{\"@id\":\"https:\/\/alsik.dk\/de\/zimmer-suiten\/#breadcrumb\"},\"inLanguage\":\"de\",\"potentialAction\":[{\"@type\":\"ReadAction\",\"target\":[\"https:\/\/alsik.dk\/de\/zimmer-suiten\/\"]}]},{\"@type\":\"ImageObject\",\"inLanguage\":\"de\",\"@id\":\"https:\/\/alsik.dk\/de\/zimmer-suiten\/#primaryimage\",\"url\":\"https:\/\/alsik.dk\/wp-content\/uploads\/2020\/09\/bmc-udsigt-1920x500-1.jpg\",\"contentUrl\":\"https:\/\/alsik.dk\/wp-content\/uploads\/2020\/09\/bmc-udsigt-1920x500-1.jpg\",\"width\":1920,\"height\":500},{\"@type\":\"BreadcrumbList\",\"@id\":\"https:\/\/alsik.dk\/de\/zimmer-suiten\/#breadcrumb\",\"itemListElement\":[{\"@type\":\"ListItem\",\"position\":1,\"name\":\"Hjem\",\"item\":\"https:\/\/alsik.dk\/de\/\"},{\"@type\":\"ListItem\",\"position\":2,\"name\":\"Zimmer &#038; Suiten\"}]},{\"@type\":\"WebSite\",\"@id\":\"https:\/\/alsik.dk\/de\/#website\",\"url\":\"https:\/\/alsik.dk\/de\/\",\"name\":\"Alsik Hotel &amp; Spa\",\"description\":\"Alsik er et af Danmarks mest sp\u00e6ndende hoteller med stilfulde og topmoderne v\u00e6relser. Oplev Danmarks st\u00f8rste spa med flere end 60 forskellige spa- og wellnessoplevelser eller fork\u00e6l sanserne med gastronomi i s\u00e6rklasse i Alsiks tre restauranter.\",\"potentialAction\":[{\"@type\":\"SearchAction\",\"target\":{\"@type\":\"EntryPoint\",\"urlTemplate\":\"https:\/\/alsik.dk\/de\/?s={search_term_string}\"},\"query-input\":{\"@type\":\"PropertyValueSpecification\",\"valueRequired\":true,\"valueName\":\"search_term_string\"}}],\"inLanguage\":\"de\"}]}<\/script>\n<!-- \/ Yoast SEO plugin. -->","yoast_head_json":{"title":"Zimmer & Suiten | Alsik Hotel &amp; Spa","description":"Die Zimmer im Alsik zeichnen sich durch eine einzigartige Kombination aus Komfort, Gem\u00fctlichkeit und nordischer Eleganz aus.","robots":{"index":"index","follow":"follow","max-snippet":"max-snippet:-1","max-image-preview":"max-image-preview:large","max-video-preview":"max-video-preview:-1"},"canonical":"https:\/\/alsik.dk\/de\/zimmer-suiten\/","og_locale":"de_DE","og_type":"article","og_title":"Zimmer & Suiten | Alsik Hotel &amp; Spa","og_description":"Die Zimmer im Alsik zeichnen sich durch eine einzigartige Kombination aus Komfort, Gem\u00fctlichkeit und nordischer Eleganz aus.","og_url":"https:\/\/alsik.dk\/de\/zimmer-suiten\/","og_site_name":"Alsik Hotel &amp; Spa","article_modified_time":"2023-06-06T13:43:08+00:00","og_image":[{"width":1920,"height":500,"url":"https:\/\/alsik.dk\/wp-content\/uploads\/2020\/09\/bmc-udsigt-1920x500-1.jpg","type":"image\/jpeg"}],"twitter_card":"summary_large_image","twitter_misc":{"Gesch\u00e4tzte Lesezeit":"1\u00a0Minute"},"schema":{"@context":"https:\/\/schema.org","@graph":[{"@type":"WebPage","@id":"https:\/\/alsik.dk\/de\/zimmer-suiten\/","url":"https:\/\/alsik.dk\/de\/zimmer-suiten\/","name":"Zimmer & Suiten | Alsik Hotel &amp; Spa","isPartOf":{"@id":"https:\/\/alsik.dk\/de\/#website"},"primaryImageOfPage":{"@id":"https:\/\/alsik.dk\/de\/zimmer-suiten\/#primaryimage"},"image":{"@id":"https:\/\/alsik.dk\/de\/zimmer-suiten\/#primaryimage"},"thumbnailUrl":"https:\/\/alsik.dk\/wp-content\/uploads\/2020\/09\/bmc-udsigt-1920x500-1.jpg","datePublished":"2020-09-09T07:29:23+00:00","dateModified":"2023-06-06T13:43:08+00:00","description":"Die Zimmer im Alsik zeichnen sich durch eine einzigartige Kombination aus Komfort, Gem\u00fctlichkeit und nordischer Eleganz aus.","breadcrumb":{"@id":"https:\/\/alsik.dk\/de\/zimmer-suiten\/#breadcrumb"},"inLanguage":"de","potentialAction":[{"@type":"ReadAction","target":["https:\/\/alsik.dk\/de\/zimmer-suiten\/"]}]},{"@type":"ImageObject","inLanguage":"de","@id":"https:\/\/alsik.dk\/de\/zimmer-suiten\/#primaryimage","url":"https:\/\/alsik.dk\/wp-content\/uploads\/2020\/09\/bmc-udsigt-1920x500-1.jpg","contentUrl":"https:\/\/alsik.dk\/wp-content\/uploads\/2020\/09\/bmc-udsigt-1920x500-1.jpg","width":1920,"height":500},{"@type":"BreadcrumbList","@id":"https:\/\/alsik.dk\/de\/zimmer-suiten\/#breadcrumb","itemListElement":[{"@type":"ListItem","position":1,"name":"Hjem","item":"https:\/\/alsik.dk\/de\/"},{"@type":"ListItem","position":2,"name":"Zimmer &#038; Suiten"}]},{"@type":"WebSite","@id":"https:\/\/alsik.dk\/de\/#website","url":"https:\/\/alsik.dk\/de\/","name":"Alsik Hotel &amp; Spa","description":"Alsik er et af Danmarks mest sp\u00e6ndende hoteller med stilfulde og topmoderne v\u00e6relser. Oplev Danmarks st\u00f8rste spa med flere end 60 forskellige spa- og wellnessoplevelser eller fork\u00e6l sanserne med gastronomi i s\u00e6rklasse i Alsiks tre restauranter.","potentialAction":[{"@type":"SearchAction","target":{"@type":"EntryPoint","urlTemplate":"https:\/\/alsik.dk\/de\/?s={search_term_string}"},"query-input":{"@type":"PropertyValueSpecification","valueRequired":true,"valueName":"search_term_string"}}],"inLanguage":"de"}]}},"_links":{"self":[{"href":"https:\/\/alsik.dk\/de\/wp-json\/wp\/v2\/pages\/4976","targetHints":{"allow":["GET"]}}],"collection":[{"href":"https:\/\/alsik.dk\/de\/wp-json\/wp\/v2\/pages"}],"about":[{"href":"https:\/\/alsik.dk\/de\/wp-json\/wp\/v2\/types\/page"}],"author":[{"embeddable":true,"href":"https:\/\/alsik.dk\/de\/wp-json\/wp\/v2\/users\/7"}],"replies":[{"embeddable":true,"href":"https:\/\/alsik.dk\/de\/wp-json\/wp\/v2\/comments?post=4976"}],"version-history":[{"count":8,"href":"https:\/\/alsik.dk\/de\/wp-json\/wp\/v2\/pages\/4976\/revisions"}],"predecessor-version":[{"id":12314,"href":"https:\/\/alsik.dk\/de\/wp-json\/wp\/v2\/pages\/4976\/revisions\/12314"}],"wp:featuredmedia":[{"embeddable":true,"href":"https:\/\/alsik.dk\/de\/wp-json\/wp\/v2\/media\/4964"}],"wp:attachment":[{"href":"https:\/\/alsik.dk\/de\/wp-json\/wp\/v2\/media?parent=4976"}],"wp:term":[{"taxonomy":"post_tag","embeddable":true,"href":"https:\/\/alsik.dk\/de\/wp-json\/wp\/v2\/tags?post=4976"}],"curies":[{"name":"wp","href":"https:\/\/api.w.org\/{rel}","templated":true}]}}