{"id":5176,"date":"2020-09-09T13:55:42","date_gmt":"2020-09-09T11:55:42","guid":{"rendered":"http:\/\/alsik.dk\/?page_id=5176"},"modified":"2021-10-22T10:10:23","modified_gmt":"2021-10-22T08:10:23","slug":"die-geschichte-des-alsik-logos-kleine-bluete-grosse-bedeutung","status":"publish","type":"page","link":"https:\/\/alsik.dk\/de\/wissenswertes-zum-alsik\/die-geschichte-des-alsik-logos-kleine-bluete-grosse-bedeutung\/","title":{"rendered":"Die Geschichte des Alsik-Logos: Kleine Bl\u00fcte, gro\u00dfe Bedeutung"},"content":{"rendered":"<p>Das Alsik-Logo ist eine stilisierte Darstellung des sch\u00f6nen Alsike-Klees. Der Klee mag zwar unscheinbar sein, aber in seinen feinen Wurzeln und kleinen Bl\u00fctenkronen liegt der Schl\u00fcssel zu einer Revolution verborgen.<\/p>\n<p>Einst verwandelte er D\u00e4nemark n\u00e4mlich in eine f\u00fchrende Agrarexportnation und brachte neue Nischenproduktionen mit sich. Auch heute ist die kleine Kleepflanze mit den gro\u00dfen F\u00e4higkeiten ein unentbehrlicher Faktor nachhaltiger Lebensmittelproduktion, sodass sich der Alsike-Klee seine tiefere symbolische Bedeutung vollauf verdient hat.<\/p>\n","protected":false},"excerpt":{"rendered":"<p>Das Alsik-Logo ist eine stilisierte Darstellung des sch\u00f6nen Alsike-Klees. Der Klee mag zwar unscheinbar sein, aber in seinen feinen Wurzeln und kleinen Bl\u00fctenkronen liegt der Schl\u00fcssel zu einer Revolution verborgen. <\/p>\n","protected":false},"author":7,"featured_media":5150,"parent":4943,"menu_order":0,"comment_status":"closed","ping_status":"closed","template":"","meta":{"_acf_changed":false,"footnotes":""},"tags":[],"class_list":["post-5176","page","type-page","status-publish","has-post-thumbnail","hentry"],"acf":[],"yoast_head":"<!-- This site is optimized with the Yoast SEO plugin v24.3 - https:\/\/yoast.com\/wordpress\/plugins\/seo\/ -->\n<title>Die Geschichte des Alsik-Logos | Alsik Hotel &amp; Spa<\/title>\n<meta name=\"description\" content=\"Das Alsik-Logo ist eine stilisierte Darstellung des sch\u00f6nen Alsike-Klees. Lesen Sie hier die ganze Geschichte.\" \/>\n<meta name=\"robots\" content=\"index, follow, max-snippet:-1, max-image-preview:large, max-video-preview:-1\" \/>\n<link rel=\"canonical\" href=\"https:\/\/alsik.dk\/de\/wissenswertes-zum-alsik\/die-geschichte-des-alsik-logos-kleine-bluete-grosse-bedeutung\/\" \/>\n<meta property=\"og:locale\" content=\"de_DE\" \/>\n<meta property=\"og:type\" content=\"article\" \/>\n<meta property=\"og:title\" content=\"Die Geschichte des Alsik-Logos | Alsik Hotel &amp; Spa\" \/>\n<meta property=\"og:description\" content=\"Das Alsik-Logo ist eine stilisierte Darstellung des sch\u00f6nen Alsike-Klees. Lesen Sie hier die ganze Geschichte.\" \/>\n<meta property=\"og:url\" content=\"https:\/\/alsik.dk\/de\/wissenswertes-zum-alsik\/die-geschichte-des-alsik-logos-kleine-bluete-grosse-bedeutung\/\" \/>\n<meta property=\"og:site_name\" content=\"Alsik Hotel &amp; Spa\" \/>\n<meta property=\"article:modified_time\" content=\"2021-10-22T08:10:23+00:00\" \/>\n<meta property=\"og:image\" content=\"https:\/\/alsik.dk\/wp-content\/uploads\/2020\/09\/WBJWW1235-scaled.jpg\" \/>\n\t<meta property=\"og:image:width\" content=\"2560\" \/>\n\t<meta property=\"og:image:height\" content=\"1706\" \/>\n\t<meta property=\"og:image:type\" content=\"image\/jpeg\" \/>\n<meta name=\"twitter:card\" content=\"summary_large_image\" \/>\n<script type=\"application\/ld+json\" class=\"yoast-schema-graph\">{\"@context\":\"https:\/\/schema.org\",\"@graph\":[{\"@type\":\"WebPage\",\"@id\":\"https:\/\/alsik.dk\/de\/wissenswertes-zum-alsik\/die-geschichte-des-alsik-logos-kleine-bluete-grosse-bedeutung\/\",\"url\":\"https:\/\/alsik.dk\/de\/wissenswertes-zum-alsik\/die-geschichte-des-alsik-logos-kleine-bluete-grosse-bedeutung\/\",\"name\":\"Die Geschichte des Alsik-Logos | Alsik Hotel &amp; Spa\",\"isPartOf\":{\"@id\":\"https:\/\/alsik.dk\/de\/#website\"},\"primaryImageOfPage\":{\"@id\":\"https:\/\/alsik.dk\/de\/wissenswertes-zum-alsik\/die-geschichte-des-alsik-logos-kleine-bluete-grosse-bedeutung\/#primaryimage\"},\"image\":{\"@id\":\"https:\/\/alsik.dk\/de\/wissenswertes-zum-alsik\/die-geschichte-des-alsik-logos-kleine-bluete-grosse-bedeutung\/#primaryimage\"},\"thumbnailUrl\":\"https:\/\/alsik.dk\/wp-content\/uploads\/2020\/09\/WBJWW1235-scaled.jpg\",\"datePublished\":\"2020-09-09T11:55:42+00:00\",\"dateModified\":\"2021-10-22T08:10:23+00:00\",\"description\":\"Das Alsik-Logo ist eine stilisierte Darstellung des sch\u00f6nen Alsike-Klees. Lesen Sie hier die ganze Geschichte.\",\"breadcrumb\":{\"@id\":\"https:\/\/alsik.dk\/de\/wissenswertes-zum-alsik\/die-geschichte-des-alsik-logos-kleine-bluete-grosse-bedeutung\/#breadcrumb\"},\"inLanguage\":\"de\",\"potentialAction\":[{\"@type\":\"ReadAction\",\"target\":[\"https:\/\/alsik.dk\/de\/wissenswertes-zum-alsik\/die-geschichte-des-alsik-logos-kleine-bluete-grosse-bedeutung\/\"]}]},{\"@type\":\"ImageObject\",\"inLanguage\":\"de\",\"@id\":\"https:\/\/alsik.dk\/de\/wissenswertes-zum-alsik\/die-geschichte-des-alsik-logos-kleine-bluete-grosse-bedeutung\/#primaryimage\",\"url\":\"https:\/\/alsik.dk\/wp-content\/uploads\/2020\/09\/WBJWW1235-scaled.jpg\",\"contentUrl\":\"https:\/\/alsik.dk\/wp-content\/uploads\/2020\/09\/WBJWW1235-scaled.jpg\",\"width\":2560,\"height\":1706,\"caption\":\"Alsik blomster\"},{\"@type\":\"BreadcrumbList\",\"@id\":\"https:\/\/alsik.dk\/de\/wissenswertes-zum-alsik\/die-geschichte-des-alsik-logos-kleine-bluete-grosse-bedeutung\/#breadcrumb\",\"itemListElement\":[{\"@type\":\"ListItem\",\"position\":1,\"name\":\"Hjem\",\"item\":\"https:\/\/alsik.dk\/de\/\"},{\"@type\":\"ListItem\",\"position\":2,\"name\":\"Wissenswertes zum Alsik\",\"item\":\"https:\/\/alsik.dk\/de\/wissenswertes-zum-alsik\/\"},{\"@type\":\"ListItem\",\"position\":3,\"name\":\"Die Geschichte des Alsik-Logos: Kleine Bl\u00fcte, gro\u00dfe Bedeutung\"}]},{\"@type\":\"WebSite\",\"@id\":\"https:\/\/alsik.dk\/de\/#website\",\"url\":\"https:\/\/alsik.dk\/de\/\",\"name\":\"Alsik Hotel &amp; Spa\",\"description\":\"Alsik er et af Danmarks mest sp\u00e6ndende hoteller med stilfulde og topmoderne v\u00e6relser. Oplev Danmarks st\u00f8rste spa med flere end 60 forskellige spa- og wellnessoplevelser eller fork\u00e6l sanserne med gastronomi i s\u00e6rklasse i Alsiks tre restauranter.\",\"potentialAction\":[{\"@type\":\"SearchAction\",\"target\":{\"@type\":\"EntryPoint\",\"urlTemplate\":\"https:\/\/alsik.dk\/de\/?s={search_term_string}\"},\"query-input\":{\"@type\":\"PropertyValueSpecification\",\"valueRequired\":true,\"valueName\":\"search_term_string\"}}],\"inLanguage\":\"de\"}]}<\/script>\n<!-- \/ Yoast SEO plugin. -->","yoast_head_json":{"title":"Die Geschichte des Alsik-Logos | Alsik Hotel &amp; Spa","description":"Das Alsik-Logo ist eine stilisierte Darstellung des sch\u00f6nen Alsike-Klees. Lesen Sie hier die ganze Geschichte.","robots":{"index":"index","follow":"follow","max-snippet":"max-snippet:-1","max-image-preview":"max-image-preview:large","max-video-preview":"max-video-preview:-1"},"canonical":"https:\/\/alsik.dk\/de\/wissenswertes-zum-alsik\/die-geschichte-des-alsik-logos-kleine-bluete-grosse-bedeutung\/","og_locale":"de_DE","og_type":"article","og_title":"Die Geschichte des Alsik-Logos | Alsik Hotel &amp; Spa","og_description":"Das Alsik-Logo ist eine stilisierte Darstellung des sch\u00f6nen Alsike-Klees. Lesen Sie hier die ganze Geschichte.","og_url":"https:\/\/alsik.dk\/de\/wissenswertes-zum-alsik\/die-geschichte-des-alsik-logos-kleine-bluete-grosse-bedeutung\/","og_site_name":"Alsik Hotel &amp; Spa","article_modified_time":"2021-10-22T08:10:23+00:00","og_image":[{"width":2560,"height":1706,"url":"https:\/\/alsik.dk\/wp-content\/uploads\/2020\/09\/WBJWW1235-scaled.jpg","type":"image\/jpeg"}],"twitter_card":"summary_large_image","schema":{"@context":"https:\/\/schema.org","@graph":[{"@type":"WebPage","@id":"https:\/\/alsik.dk\/de\/wissenswertes-zum-alsik\/die-geschichte-des-alsik-logos-kleine-bluete-grosse-bedeutung\/","url":"https:\/\/alsik.dk\/de\/wissenswertes-zum-alsik\/die-geschichte-des-alsik-logos-kleine-bluete-grosse-bedeutung\/","name":"Die Geschichte des Alsik-Logos | Alsik Hotel &amp; Spa","isPartOf":{"@id":"https:\/\/alsik.dk\/de\/#website"},"primaryImageOfPage":{"@id":"https:\/\/alsik.dk\/de\/wissenswertes-zum-alsik\/die-geschichte-des-alsik-logos-kleine-bluete-grosse-bedeutung\/#primaryimage"},"image":{"@id":"https:\/\/alsik.dk\/de\/wissenswertes-zum-alsik\/die-geschichte-des-alsik-logos-kleine-bluete-grosse-bedeutung\/#primaryimage"},"thumbnailUrl":"https:\/\/alsik.dk\/wp-content\/uploads\/2020\/09\/WBJWW1235-scaled.jpg","datePublished":"2020-09-09T11:55:42+00:00","dateModified":"2021-10-22T08:10:23+00:00","description":"Das Alsik-Logo ist eine stilisierte Darstellung des sch\u00f6nen Alsike-Klees. Lesen Sie hier die ganze Geschichte.","breadcrumb":{"@id":"https:\/\/alsik.dk\/de\/wissenswertes-zum-alsik\/die-geschichte-des-alsik-logos-kleine-bluete-grosse-bedeutung\/#breadcrumb"},"inLanguage":"de","potentialAction":[{"@type":"ReadAction","target":["https:\/\/alsik.dk\/de\/wissenswertes-zum-alsik\/die-geschichte-des-alsik-logos-kleine-bluete-grosse-bedeutung\/"]}]},{"@type":"ImageObject","inLanguage":"de","@id":"https:\/\/alsik.dk\/de\/wissenswertes-zum-alsik\/die-geschichte-des-alsik-logos-kleine-bluete-grosse-bedeutung\/#primaryimage","url":"https:\/\/alsik.dk\/wp-content\/uploads\/2020\/09\/WBJWW1235-scaled.jpg","contentUrl":"https:\/\/alsik.dk\/wp-content\/uploads\/2020\/09\/WBJWW1235-scaled.jpg","width":2560,"height":1706,"caption":"Alsik blomster"},{"@type":"BreadcrumbList","@id":"https:\/\/alsik.dk\/de\/wissenswertes-zum-alsik\/die-geschichte-des-alsik-logos-kleine-bluete-grosse-bedeutung\/#breadcrumb","itemListElement":[{"@type":"ListItem","position":1,"name":"Hjem","item":"https:\/\/alsik.dk\/de\/"},{"@type":"ListItem","position":2,"name":"Wissenswertes zum Alsik","item":"https:\/\/alsik.dk\/de\/wissenswertes-zum-alsik\/"},{"@type":"ListItem","position":3,"name":"Die Geschichte des Alsik-Logos: Kleine Bl\u00fcte, gro\u00dfe Bedeutung"}]},{"@type":"WebSite","@id":"https:\/\/alsik.dk\/de\/#website","url":"https:\/\/alsik.dk\/de\/","name":"Alsik Hotel &amp; Spa","description":"Alsik er et af Danmarks mest sp\u00e6ndende hoteller med stilfulde og topmoderne v\u00e6relser. Oplev Danmarks st\u00f8rste spa med flere end 60 forskellige spa- og wellnessoplevelser eller fork\u00e6l sanserne med gastronomi i s\u00e6rklasse i Alsiks tre restauranter.","potentialAction":[{"@type":"SearchAction","target":{"@type":"EntryPoint","urlTemplate":"https:\/\/alsik.dk\/de\/?s={search_term_string}"},"query-input":{"@type":"PropertyValueSpecification","valueRequired":true,"valueName":"search_term_string"}}],"inLanguage":"de"}]}},"_links":{"self":[{"href":"https:\/\/alsik.dk\/de\/wp-json\/wp\/v2\/pages\/5176","targetHints":{"allow":["GET"]}}],"collection":[{"href":"https:\/\/alsik.dk\/de\/wp-json\/wp\/v2\/pages"}],"about":[{"href":"https:\/\/alsik.dk\/de\/wp-json\/wp\/v2\/types\/page"}],"author":[{"embeddable":true,"href":"https:\/\/alsik.dk\/de\/wp-json\/wp\/v2\/users\/7"}],"replies":[{"embeddable":true,"href":"https:\/\/alsik.dk\/de\/wp-json\/wp\/v2\/comments?post=5176"}],"version-history":[{"count":2,"href":"https:\/\/alsik.dk\/de\/wp-json\/wp\/v2\/pages\/5176\/revisions"}],"predecessor-version":[{"id":9286,"href":"https:\/\/alsik.dk\/de\/wp-json\/wp\/v2\/pages\/5176\/revisions\/9286"}],"up":[{"embeddable":true,"href":"https:\/\/alsik.dk\/de\/wp-json\/wp\/v2\/pages\/4943"}],"wp:featuredmedia":[{"embeddable":true,"href":"https:\/\/alsik.dk\/de\/wp-json\/wp\/v2\/media\/5150"}],"wp:attachment":[{"href":"https:\/\/alsik.dk\/de\/wp-json\/wp\/v2\/media?parent=5176"}],"wp:term":[{"taxonomy":"post_tag","embeddable":true,"href":"https:\/\/alsik.dk\/de\/wp-json\/wp\/v2\/tags?post=5176"}],"curies":[{"name":"wp","href":"https:\/\/api.w.org\/{rel}","templated":true}]}}