{"id":5227,"date":"2020-09-09T15:00:34","date_gmt":"2020-09-09T13:00:34","guid":{"rendered":"http:\/\/alsik.dk\/?page_id=5227"},"modified":"2024-02-13T16:14:40","modified_gmt":"2024-02-13T15:14:40","slug":"alsik-suite","status":"publish","type":"page","link":"https:\/\/alsik.dk\/de\/zimmer-suiten\/alsik-suite\/","title":{"rendered":"Alsik Suite &#8211; Luxus im 16. Stock"},"content":{"rendered":"<p>Die Alsik-Suiten bieten ein Erlebnis der Sonderklasse. Hier, nahe der obersten Ebene des Alsik, liegen die gro\u00dfen, luxuri\u00f6sen Suiten mit ihrer atemberaubenden Aussicht \u00fcber den Alsensund, die Flensburger F\u00f6rde und den Raum S\u00f8nderborg.<\/p>\n<p>Hoch erhaben \u00fcber dem st\u00e4dtischen Getriebe, den vielen wei\u00dfen Segeln auf dem Wasser und dem Gewimmel an der schmucken Hafenfront, f\u00fchlt man den Nimbus und die Naturverbundenheit der Stadt im Herzen der Grenzregion. Der Horizont weitet sich in der Ferne, w\u00e4hrend die Sonne sich \u00fcber wogenden Wellen, goldenen Feldern und gr\u00fcnen W\u00e4ldern allm\u00e4hlich herabsenkt.<\/p>\n","protected":false},"excerpt":{"rendered":"<p>Die Alsik-Suiten bieten ein Erlebnis der Sonderklasse. Hier, nahe der obersten Ebene des Alsik, liegen die gro\u00dfen, luxuri\u00f6sen Suiten mit ihrer atemberaubenden Aussicht \u00fcber den Alsensund, die Flensburger F\u00f6rde und den Raum S\u00f8nderborg.<\/p>\n","protected":false},"author":7,"featured_media":5122,"parent":4976,"menu_order":0,"comment_status":"closed","ping_status":"closed","template":"","meta":{"_acf_changed":false,"footnotes":""},"tags":[],"class_list":["post-5227","page","type-page","status-publish","has-post-thumbnail","hentry"],"acf":[],"yoast_head":"<!-- This site is optimized with the Yoast SEO plugin v24.3 - https:\/\/yoast.com\/wordpress\/plugins\/seo\/ -->\n<title>Alsik Suite - Luxus im 16. Stock | Alsik Hotel &amp; Spa<\/title>\n<meta name=\"description\" content=\"Nahe der obersten Ebene des Alsik liegen die luxuri\u00f6sen Suiten mit ihrer atemberaubenden Aussicht \u00fcber die Flensburger F\u00f6rde und S\u00f8nderborg.\" \/>\n<meta name=\"robots\" content=\"index, follow, max-snippet:-1, max-image-preview:large, max-video-preview:-1\" \/>\n<link rel=\"canonical\" href=\"https:\/\/alsik.dk\/de\/zimmer-suiten\/alsik-suite\/\" \/>\n<meta property=\"og:locale\" content=\"de_DE\" \/>\n<meta property=\"og:type\" content=\"article\" \/>\n<meta property=\"og:title\" content=\"Alsik Suite - Luxus im 16. Stock | Alsik Hotel &amp; Spa\" \/>\n<meta property=\"og:description\" content=\"Nahe der obersten Ebene des Alsik liegen die luxuri\u00f6sen Suiten mit ihrer atemberaubenden Aussicht \u00fcber die Flensburger F\u00f6rde und S\u00f8nderborg.\" \/>\n<meta property=\"og:url\" content=\"https:\/\/alsik.dk\/de\/zimmer-suiten\/alsik-suite\/\" \/>\n<meta property=\"og:site_name\" content=\"Alsik Hotel &amp; Spa\" \/>\n<meta property=\"article:modified_time\" content=\"2024-02-13T15:14:40+00:00\" \/>\n<meta property=\"og:image\" content=\"https:\/\/alsik.dk\/wp-content\/uploads\/2020\/09\/SHR_Alsik_Room_BMCSuite_Bed-scaled.jpg\" \/>\n\t<meta property=\"og:image:width\" content=\"2560\" \/>\n\t<meta property=\"og:image:height\" content=\"1707\" \/>\n\t<meta property=\"og:image:type\" content=\"image\/jpeg\" \/>\n<meta name=\"twitter:card\" content=\"summary_large_image\" \/>\n<meta name=\"twitter:label1\" content=\"Gesch\u00e4tzte Lesezeit\" \/>\n\t<meta name=\"twitter:data1\" content=\"1\u00a0Minute\" \/>\n<script type=\"application\/ld+json\" class=\"yoast-schema-graph\">{\"@context\":\"https:\/\/schema.org\",\"@graph\":[{\"@type\":\"WebPage\",\"@id\":\"https:\/\/alsik.dk\/de\/zimmer-suiten\/alsik-suite\/\",\"url\":\"https:\/\/alsik.dk\/de\/zimmer-suiten\/alsik-suite\/\",\"name\":\"Alsik Suite - Luxus im 16. Stock | Alsik Hotel &amp; Spa\",\"isPartOf\":{\"@id\":\"https:\/\/alsik.dk\/de\/#website\"},\"primaryImageOfPage\":{\"@id\":\"https:\/\/alsik.dk\/de\/zimmer-suiten\/alsik-suite\/#primaryimage\"},\"image\":{\"@id\":\"https:\/\/alsik.dk\/de\/zimmer-suiten\/alsik-suite\/#primaryimage\"},\"thumbnailUrl\":\"https:\/\/alsik.dk\/wp-content\/uploads\/2020\/09\/SHR_Alsik_Room_BMCSuite_Bed-scaled.jpg\",\"datePublished\":\"2020-09-09T13:00:34+00:00\",\"dateModified\":\"2024-02-13T15:14:40+00:00\",\"description\":\"Nahe der obersten Ebene des Alsik liegen die luxuri\u00f6sen Suiten mit ihrer atemberaubenden Aussicht \u00fcber die Flensburger F\u00f6rde und S\u00f8nderborg.\",\"breadcrumb\":{\"@id\":\"https:\/\/alsik.dk\/de\/zimmer-suiten\/alsik-suite\/#breadcrumb\"},\"inLanguage\":\"de\",\"potentialAction\":[{\"@type\":\"ReadAction\",\"target\":[\"https:\/\/alsik.dk\/de\/zimmer-suiten\/alsik-suite\/\"]}]},{\"@type\":\"ImageObject\",\"inLanguage\":\"de\",\"@id\":\"https:\/\/alsik.dk\/de\/zimmer-suiten\/alsik-suite\/#primaryimage\",\"url\":\"https:\/\/alsik.dk\/wp-content\/uploads\/2020\/09\/SHR_Alsik_Room_BMCSuite_Bed-scaled.jpg\",\"contentUrl\":\"https:\/\/alsik.dk\/wp-content\/uploads\/2020\/09\/SHR_Alsik_Room_BMCSuite_Bed-scaled.jpg\",\"width\":2560,\"height\":1707,\"caption\":\"Alsik Suite\"},{\"@type\":\"BreadcrumbList\",\"@id\":\"https:\/\/alsik.dk\/de\/zimmer-suiten\/alsik-suite\/#breadcrumb\",\"itemListElement\":[{\"@type\":\"ListItem\",\"position\":1,\"name\":\"Hjem\",\"item\":\"https:\/\/alsik.dk\/de\/\"},{\"@type\":\"ListItem\",\"position\":2,\"name\":\"Zimmer &#038; Suiten\",\"item\":\"https:\/\/alsik.dk\/de\/zimmer-suiten\/\"},{\"@type\":\"ListItem\",\"position\":3,\"name\":\"Alsik Suite &#8211; Luxus im 16. Stock\"}]},{\"@type\":\"WebSite\",\"@id\":\"https:\/\/alsik.dk\/de\/#website\",\"url\":\"https:\/\/alsik.dk\/de\/\",\"name\":\"Alsik Hotel &amp; Spa\",\"description\":\"Alsik er et af Danmarks mest sp\u00e6ndende hoteller med stilfulde og topmoderne v\u00e6relser. Oplev Danmarks st\u00f8rste spa med flere end 60 forskellige spa- og wellnessoplevelser eller fork\u00e6l sanserne med gastronomi i s\u00e6rklasse i Alsiks tre restauranter.\",\"potentialAction\":[{\"@type\":\"SearchAction\",\"target\":{\"@type\":\"EntryPoint\",\"urlTemplate\":\"https:\/\/alsik.dk\/de\/?s={search_term_string}\"},\"query-input\":{\"@type\":\"PropertyValueSpecification\",\"valueRequired\":true,\"valueName\":\"search_term_string\"}}],\"inLanguage\":\"de\"}]}<\/script>\n<!-- \/ Yoast SEO plugin. -->","yoast_head_json":{"title":"Alsik Suite - Luxus im 16. Stock | Alsik Hotel &amp; Spa","description":"Nahe der obersten Ebene des Alsik liegen die luxuri\u00f6sen Suiten mit ihrer atemberaubenden Aussicht \u00fcber die Flensburger F\u00f6rde und S\u00f8nderborg.","robots":{"index":"index","follow":"follow","max-snippet":"max-snippet:-1","max-image-preview":"max-image-preview:large","max-video-preview":"max-video-preview:-1"},"canonical":"https:\/\/alsik.dk\/de\/zimmer-suiten\/alsik-suite\/","og_locale":"de_DE","og_type":"article","og_title":"Alsik Suite - Luxus im 16. Stock | Alsik Hotel &amp; Spa","og_description":"Nahe der obersten Ebene des Alsik liegen die luxuri\u00f6sen Suiten mit ihrer atemberaubenden Aussicht \u00fcber die Flensburger F\u00f6rde und S\u00f8nderborg.","og_url":"https:\/\/alsik.dk\/de\/zimmer-suiten\/alsik-suite\/","og_site_name":"Alsik Hotel &amp; Spa","article_modified_time":"2024-02-13T15:14:40+00:00","og_image":[{"width":2560,"height":1707,"url":"https:\/\/alsik.dk\/wp-content\/uploads\/2020\/09\/SHR_Alsik_Room_BMCSuite_Bed-scaled.jpg","type":"image\/jpeg"}],"twitter_card":"summary_large_image","twitter_misc":{"Gesch\u00e4tzte Lesezeit":"1\u00a0Minute"},"schema":{"@context":"https:\/\/schema.org","@graph":[{"@type":"WebPage","@id":"https:\/\/alsik.dk\/de\/zimmer-suiten\/alsik-suite\/","url":"https:\/\/alsik.dk\/de\/zimmer-suiten\/alsik-suite\/","name":"Alsik Suite - Luxus im 16. Stock | Alsik Hotel &amp; Spa","isPartOf":{"@id":"https:\/\/alsik.dk\/de\/#website"},"primaryImageOfPage":{"@id":"https:\/\/alsik.dk\/de\/zimmer-suiten\/alsik-suite\/#primaryimage"},"image":{"@id":"https:\/\/alsik.dk\/de\/zimmer-suiten\/alsik-suite\/#primaryimage"},"thumbnailUrl":"https:\/\/alsik.dk\/wp-content\/uploads\/2020\/09\/SHR_Alsik_Room_BMCSuite_Bed-scaled.jpg","datePublished":"2020-09-09T13:00:34+00:00","dateModified":"2024-02-13T15:14:40+00:00","description":"Nahe der obersten Ebene des Alsik liegen die luxuri\u00f6sen Suiten mit ihrer atemberaubenden Aussicht \u00fcber die Flensburger F\u00f6rde und S\u00f8nderborg.","breadcrumb":{"@id":"https:\/\/alsik.dk\/de\/zimmer-suiten\/alsik-suite\/#breadcrumb"},"inLanguage":"de","potentialAction":[{"@type":"ReadAction","target":["https:\/\/alsik.dk\/de\/zimmer-suiten\/alsik-suite\/"]}]},{"@type":"ImageObject","inLanguage":"de","@id":"https:\/\/alsik.dk\/de\/zimmer-suiten\/alsik-suite\/#primaryimage","url":"https:\/\/alsik.dk\/wp-content\/uploads\/2020\/09\/SHR_Alsik_Room_BMCSuite_Bed-scaled.jpg","contentUrl":"https:\/\/alsik.dk\/wp-content\/uploads\/2020\/09\/SHR_Alsik_Room_BMCSuite_Bed-scaled.jpg","width":2560,"height":1707,"caption":"Alsik Suite"},{"@type":"BreadcrumbList","@id":"https:\/\/alsik.dk\/de\/zimmer-suiten\/alsik-suite\/#breadcrumb","itemListElement":[{"@type":"ListItem","position":1,"name":"Hjem","item":"https:\/\/alsik.dk\/de\/"},{"@type":"ListItem","position":2,"name":"Zimmer &#038; Suiten","item":"https:\/\/alsik.dk\/de\/zimmer-suiten\/"},{"@type":"ListItem","position":3,"name":"Alsik Suite &#8211; Luxus im 16. Stock"}]},{"@type":"WebSite","@id":"https:\/\/alsik.dk\/de\/#website","url":"https:\/\/alsik.dk\/de\/","name":"Alsik Hotel &amp; Spa","description":"Alsik er et af Danmarks mest sp\u00e6ndende hoteller med stilfulde og topmoderne v\u00e6relser. Oplev Danmarks st\u00f8rste spa med flere end 60 forskellige spa- og wellnessoplevelser eller fork\u00e6l sanserne med gastronomi i s\u00e6rklasse i Alsiks tre restauranter.","potentialAction":[{"@type":"SearchAction","target":{"@type":"EntryPoint","urlTemplate":"https:\/\/alsik.dk\/de\/?s={search_term_string}"},"query-input":{"@type":"PropertyValueSpecification","valueRequired":true,"valueName":"search_term_string"}}],"inLanguage":"de"}]}},"_links":{"self":[{"href":"https:\/\/alsik.dk\/de\/wp-json\/wp\/v2\/pages\/5227","targetHints":{"allow":["GET"]}}],"collection":[{"href":"https:\/\/alsik.dk\/de\/wp-json\/wp\/v2\/pages"}],"about":[{"href":"https:\/\/alsik.dk\/de\/wp-json\/wp\/v2\/types\/page"}],"author":[{"embeddable":true,"href":"https:\/\/alsik.dk\/de\/wp-json\/wp\/v2\/users\/7"}],"replies":[{"embeddable":true,"href":"https:\/\/alsik.dk\/de\/wp-json\/wp\/v2\/comments?post=5227"}],"version-history":[{"count":5,"href":"https:\/\/alsik.dk\/de\/wp-json\/wp\/v2\/pages\/5227\/revisions"}],"predecessor-version":[{"id":13297,"href":"https:\/\/alsik.dk\/de\/wp-json\/wp\/v2\/pages\/5227\/revisions\/13297"}],"up":[{"embeddable":true,"href":"https:\/\/alsik.dk\/de\/wp-json\/wp\/v2\/pages\/4976"}],"wp:featuredmedia":[{"embeddable":true,"href":"https:\/\/alsik.dk\/de\/wp-json\/wp\/v2\/media\/5122"}],"wp:attachment":[{"href":"https:\/\/alsik.dk\/de\/wp-json\/wp\/v2\/media?parent=5227"}],"wp:term":[{"taxonomy":"post_tag","embeddable":true,"href":"https:\/\/alsik.dk\/de\/wp-json\/wp\/v2\/tags?post=5227"}],"curies":[{"name":"wp","href":"https:\/\/api.w.org\/{rel}","templated":true}]}}