{"id":5239,"date":"2020-09-09T15:04:43","date_gmt":"2020-09-09T13:04:43","guid":{"rendered":"http:\/\/alsik.dk\/?page_id=5239"},"modified":"2024-02-22T14:35:00","modified_gmt":"2024-02-22T13:35:00","slug":"junior-suite","status":"publish","type":"page","link":"https:\/\/alsik.dk\/de\/zimmer-suiten\/junior-suite\/","title":{"rendered":"Junior Suiten"},"content":{"rendered":"<p>Die Alsik Junior-Suite ist genau das Richtige f\u00fcr Sie, unseren anspruchsvollsten Gast, der sich reichlich Platz w\u00fcnscht, um die zeitlose nordische Eleganz, die gem\u00fctliche Stimmung und die fabelhafte Aussicht \u00fcber die F\u00f6rde zu genie\u00dfen, die sich in sanftem Bogen durch die Landschaft zieht.<\/p>\n<p>Die Junior-Suite bietet sehr viel Komfort und Erleichterungen wie z.B. einen eingebauten Safe, Tee und Kaffee, einer K\u00fchlbox mit einem Gratis-Flaschenwasser, Tablet mit G\u00e4steinformationen sowie einen 55-Zoll-Flachbildfernseher, auf dem Sie anhand Ihres tragbaren Computers oder Ihres Mobilger\u00e4ts ganz genau das streamen k\u00f6nnen, was Sie sehen wollen.<\/p>\n","protected":false},"excerpt":{"rendered":"<p>Die Alsik Junior-Suite ist genau das Richtige f\u00fcr Sie, unseren anspruchsvollsten Gast, der sich reichlich Platz w\u00fcnscht, um die zeitlose nordische Eleganz, die gem\u00fctliche Stimmung und die fabelhafte Aussicht \u00fcber die F\u00f6rde zu genie\u00dfen, die sich in sanftem Bogen durch die Landschaft zieht. <\/p>\n","protected":false},"author":7,"featured_media":5092,"parent":4976,"menu_order":0,"comment_status":"closed","ping_status":"closed","template":"","meta":{"_acf_changed":false,"footnotes":""},"tags":[],"class_list":["post-5239","page","type-page","status-publish","has-post-thumbnail","hentry"],"acf":[],"yoast_head":"<!-- This site is optimized with the Yoast SEO plugin v24.3 - https:\/\/yoast.com\/wordpress\/plugins\/seo\/ -->\n<title>Junior Suiten | Alsik Hotel &amp; Spa<\/title>\n<meta name=\"description\" content=\"Die Alsik Junior-Suite ist genau das Richtige f\u00fcr Sie, der sich reichlich Platz, nordische Eleganz und die gem\u00fctliche Stimmung w\u00fcnscht.\" \/>\n<meta name=\"robots\" content=\"index, follow, max-snippet:-1, max-image-preview:large, max-video-preview:-1\" \/>\n<link rel=\"canonical\" href=\"https:\/\/alsik.dk\/de\/zimmer-suiten\/junior-suite\/\" \/>\n<meta property=\"og:locale\" content=\"de_DE\" \/>\n<meta property=\"og:type\" content=\"article\" \/>\n<meta property=\"og:title\" content=\"Junior Suiten | Alsik Hotel &amp; Spa\" \/>\n<meta property=\"og:description\" content=\"Die Alsik Junior-Suite ist genau das Richtige f\u00fcr Sie, der sich reichlich Platz, nordische Eleganz und die gem\u00fctliche Stimmung w\u00fcnscht.\" \/>\n<meta property=\"og:url\" content=\"https:\/\/alsik.dk\/de\/zimmer-suiten\/junior-suite\/\" \/>\n<meta property=\"og:site_name\" content=\"Alsik Hotel &amp; Spa\" \/>\n<meta property=\"article:modified_time\" content=\"2024-02-22T13:35:00+00:00\" \/>\n<meta property=\"og:image\" content=\"https:\/\/alsik.dk\/wp-content\/uploads\/2020\/09\/junior_suite-scaled.jpg\" \/>\n\t<meta property=\"og:image:width\" content=\"2560\" \/>\n\t<meta property=\"og:image:height\" content=\"1707\" \/>\n\t<meta property=\"og:image:type\" content=\"image\/jpeg\" \/>\n<meta name=\"twitter:card\" content=\"summary_large_image\" \/>\n<meta name=\"twitter:label1\" content=\"Gesch\u00e4tzte Lesezeit\" \/>\n\t<meta name=\"twitter:data1\" content=\"1\u00a0Minute\" \/>\n<script type=\"application\/ld+json\" class=\"yoast-schema-graph\">{\"@context\":\"https:\/\/schema.org\",\"@graph\":[{\"@type\":\"WebPage\",\"@id\":\"https:\/\/alsik.dk\/de\/zimmer-suiten\/junior-suite\/\",\"url\":\"https:\/\/alsik.dk\/de\/zimmer-suiten\/junior-suite\/\",\"name\":\"Junior Suiten | Alsik Hotel &amp; Spa\",\"isPartOf\":{\"@id\":\"https:\/\/alsik.dk\/de\/#website\"},\"primaryImageOfPage\":{\"@id\":\"https:\/\/alsik.dk\/de\/zimmer-suiten\/junior-suite\/#primaryimage\"},\"image\":{\"@id\":\"https:\/\/alsik.dk\/de\/zimmer-suiten\/junior-suite\/#primaryimage\"},\"thumbnailUrl\":\"https:\/\/alsik.dk\/wp-content\/uploads\/2020\/09\/junior_suite-scaled.jpg\",\"datePublished\":\"2020-09-09T13:04:43+00:00\",\"dateModified\":\"2024-02-22T13:35:00+00:00\",\"description\":\"Die Alsik Junior-Suite ist genau das Richtige f\u00fcr Sie, der sich reichlich Platz, nordische Eleganz und die gem\u00fctliche Stimmung w\u00fcnscht.\",\"breadcrumb\":{\"@id\":\"https:\/\/alsik.dk\/de\/zimmer-suiten\/junior-suite\/#breadcrumb\"},\"inLanguage\":\"de\",\"potentialAction\":[{\"@type\":\"ReadAction\",\"target\":[\"https:\/\/alsik.dk\/de\/zimmer-suiten\/junior-suite\/\"]}]},{\"@type\":\"ImageObject\",\"inLanguage\":\"de\",\"@id\":\"https:\/\/alsik.dk\/de\/zimmer-suiten\/junior-suite\/#primaryimage\",\"url\":\"https:\/\/alsik.dk\/wp-content\/uploads\/2020\/09\/junior_suite-scaled.jpg\",\"contentUrl\":\"https:\/\/alsik.dk\/wp-content\/uploads\/2020\/09\/junior_suite-scaled.jpg\",\"width\":2560,\"height\":1707,\"caption\":\"Junior Suite\"},{\"@type\":\"BreadcrumbList\",\"@id\":\"https:\/\/alsik.dk\/de\/zimmer-suiten\/junior-suite\/#breadcrumb\",\"itemListElement\":[{\"@type\":\"ListItem\",\"position\":1,\"name\":\"Hjem\",\"item\":\"https:\/\/alsik.dk\/de\/\"},{\"@type\":\"ListItem\",\"position\":2,\"name\":\"Zimmer &#038; Suiten\",\"item\":\"https:\/\/alsik.dk\/de\/zimmer-suiten\/\"},{\"@type\":\"ListItem\",\"position\":3,\"name\":\"Junior Suiten\"}]},{\"@type\":\"WebSite\",\"@id\":\"https:\/\/alsik.dk\/de\/#website\",\"url\":\"https:\/\/alsik.dk\/de\/\",\"name\":\"Alsik Hotel &amp; Spa\",\"description\":\"Alsik er et af Danmarks mest sp\u00e6ndende hoteller med stilfulde og topmoderne v\u00e6relser. Oplev Danmarks st\u00f8rste spa med flere end 60 forskellige spa- og wellnessoplevelser eller fork\u00e6l sanserne med gastronomi i s\u00e6rklasse i Alsiks tre restauranter.\",\"potentialAction\":[{\"@type\":\"SearchAction\",\"target\":{\"@type\":\"EntryPoint\",\"urlTemplate\":\"https:\/\/alsik.dk\/de\/?s={search_term_string}\"},\"query-input\":{\"@type\":\"PropertyValueSpecification\",\"valueRequired\":true,\"valueName\":\"search_term_string\"}}],\"inLanguage\":\"de\"}]}<\/script>\n<!-- \/ Yoast SEO plugin. -->","yoast_head_json":{"title":"Junior Suiten | Alsik Hotel &amp; Spa","description":"Die Alsik Junior-Suite ist genau das Richtige f\u00fcr Sie, der sich reichlich Platz, nordische Eleganz und die gem\u00fctliche Stimmung w\u00fcnscht.","robots":{"index":"index","follow":"follow","max-snippet":"max-snippet:-1","max-image-preview":"max-image-preview:large","max-video-preview":"max-video-preview:-1"},"canonical":"https:\/\/alsik.dk\/de\/zimmer-suiten\/junior-suite\/","og_locale":"de_DE","og_type":"article","og_title":"Junior Suiten | Alsik Hotel &amp; Spa","og_description":"Die Alsik Junior-Suite ist genau das Richtige f\u00fcr Sie, der sich reichlich Platz, nordische Eleganz und die gem\u00fctliche Stimmung w\u00fcnscht.","og_url":"https:\/\/alsik.dk\/de\/zimmer-suiten\/junior-suite\/","og_site_name":"Alsik Hotel &amp; Spa","article_modified_time":"2024-02-22T13:35:00+00:00","og_image":[{"width":2560,"height":1707,"url":"https:\/\/alsik.dk\/wp-content\/uploads\/2020\/09\/junior_suite-scaled.jpg","type":"image\/jpeg"}],"twitter_card":"summary_large_image","twitter_misc":{"Gesch\u00e4tzte Lesezeit":"1\u00a0Minute"},"schema":{"@context":"https:\/\/schema.org","@graph":[{"@type":"WebPage","@id":"https:\/\/alsik.dk\/de\/zimmer-suiten\/junior-suite\/","url":"https:\/\/alsik.dk\/de\/zimmer-suiten\/junior-suite\/","name":"Junior Suiten | Alsik Hotel &amp; Spa","isPartOf":{"@id":"https:\/\/alsik.dk\/de\/#website"},"primaryImageOfPage":{"@id":"https:\/\/alsik.dk\/de\/zimmer-suiten\/junior-suite\/#primaryimage"},"image":{"@id":"https:\/\/alsik.dk\/de\/zimmer-suiten\/junior-suite\/#primaryimage"},"thumbnailUrl":"https:\/\/alsik.dk\/wp-content\/uploads\/2020\/09\/junior_suite-scaled.jpg","datePublished":"2020-09-09T13:04:43+00:00","dateModified":"2024-02-22T13:35:00+00:00","description":"Die Alsik Junior-Suite ist genau das Richtige f\u00fcr Sie, der sich reichlich Platz, nordische Eleganz und die gem\u00fctliche Stimmung w\u00fcnscht.","breadcrumb":{"@id":"https:\/\/alsik.dk\/de\/zimmer-suiten\/junior-suite\/#breadcrumb"},"inLanguage":"de","potentialAction":[{"@type":"ReadAction","target":["https:\/\/alsik.dk\/de\/zimmer-suiten\/junior-suite\/"]}]},{"@type":"ImageObject","inLanguage":"de","@id":"https:\/\/alsik.dk\/de\/zimmer-suiten\/junior-suite\/#primaryimage","url":"https:\/\/alsik.dk\/wp-content\/uploads\/2020\/09\/junior_suite-scaled.jpg","contentUrl":"https:\/\/alsik.dk\/wp-content\/uploads\/2020\/09\/junior_suite-scaled.jpg","width":2560,"height":1707,"caption":"Junior Suite"},{"@type":"BreadcrumbList","@id":"https:\/\/alsik.dk\/de\/zimmer-suiten\/junior-suite\/#breadcrumb","itemListElement":[{"@type":"ListItem","position":1,"name":"Hjem","item":"https:\/\/alsik.dk\/de\/"},{"@type":"ListItem","position":2,"name":"Zimmer &#038; Suiten","item":"https:\/\/alsik.dk\/de\/zimmer-suiten\/"},{"@type":"ListItem","position":3,"name":"Junior Suiten"}]},{"@type":"WebSite","@id":"https:\/\/alsik.dk\/de\/#website","url":"https:\/\/alsik.dk\/de\/","name":"Alsik Hotel &amp; Spa","description":"Alsik er et af Danmarks mest sp\u00e6ndende hoteller med stilfulde og topmoderne v\u00e6relser. Oplev Danmarks st\u00f8rste spa med flere end 60 forskellige spa- og wellnessoplevelser eller fork\u00e6l sanserne med gastronomi i s\u00e6rklasse i Alsiks tre restauranter.","potentialAction":[{"@type":"SearchAction","target":{"@type":"EntryPoint","urlTemplate":"https:\/\/alsik.dk\/de\/?s={search_term_string}"},"query-input":{"@type":"PropertyValueSpecification","valueRequired":true,"valueName":"search_term_string"}}],"inLanguage":"de"}]}},"_links":{"self":[{"href":"https:\/\/alsik.dk\/de\/wp-json\/wp\/v2\/pages\/5239","targetHints":{"allow":["GET"]}}],"collection":[{"href":"https:\/\/alsik.dk\/de\/wp-json\/wp\/v2\/pages"}],"about":[{"href":"https:\/\/alsik.dk\/de\/wp-json\/wp\/v2\/types\/page"}],"author":[{"embeddable":true,"href":"https:\/\/alsik.dk\/de\/wp-json\/wp\/v2\/users\/7"}],"replies":[{"embeddable":true,"href":"https:\/\/alsik.dk\/de\/wp-json\/wp\/v2\/comments?post=5239"}],"version-history":[{"count":6,"href":"https:\/\/alsik.dk\/de\/wp-json\/wp\/v2\/pages\/5239\/revisions"}],"predecessor-version":[{"id":13408,"href":"https:\/\/alsik.dk\/de\/wp-json\/wp\/v2\/pages\/5239\/revisions\/13408"}],"up":[{"embeddable":true,"href":"https:\/\/alsik.dk\/de\/wp-json\/wp\/v2\/pages\/4976"}],"wp:featuredmedia":[{"embeddable":true,"href":"https:\/\/alsik.dk\/de\/wp-json\/wp\/v2\/media\/5092"}],"wp:attachment":[{"href":"https:\/\/alsik.dk\/de\/wp-json\/wp\/v2\/media?parent=5239"}],"wp:term":[{"taxonomy":"post_tag","embeddable":true,"href":"https:\/\/alsik.dk\/de\/wp-json\/wp\/v2\/tags?post=5239"}],"curies":[{"name":"wp","href":"https:\/\/api.w.org\/{rel}","templated":true}]}}