{"id":5258,"date":"2020-09-09T15:19:06","date_gmt":"2020-09-09T13:19:06","guid":{"rendered":"http:\/\/alsik.dk\/?page_id=5258"},"modified":"2025-04-29T08:38:30","modified_gmt":"2025-04-29T06:38:30","slug":"gastronomie","status":"publish","type":"page","link":"https:\/\/alsik.dk\/de\/gastronomie\/","title":{"rendered":"Gastronomie der Sonderklasse"},"content":{"rendered":"<p>Im Alsik Hotel &amp; Spa gibt es zwei Restaurants: das Restaurant Alsik und das Syttende. Jedes bietet eine eigene, unverwechselbare K\u00fcche und Stilrichtung, doch gemeinsam ist ihnen die Liebe zu regionalen Zutaten aus S\u00fcdj\u00fctland und handwerklicher Qualit\u00e4t. Das Hotel beherbergt au\u00dferdem die Freia Bar &amp; Lounge \u2013 der perfekte Ort f\u00fcr einen Aperitif oder einen entspannten Drink.<\/p>\n<h4><strong>EINE TISCHRESERVIERUNG IST STETS EMPFEHLENSWERT<\/strong><\/h4>\n<p>Die Restaurants des Hotels Alsik erfreuen sich gro\u00dfer Beliebtheit und sind h\u00e4ufig komplett ausgebucht. Wenn Sie bereits wissen, dass Sie w\u00e4hrend Ihres Hotelaufenthalts in einem der Restaurants essen m\u00f6chten, empfehlen wir Ihnen, schon bei der Zimmerreservierung einen Tisch zu bestellen. Dann werden Sie keine unangenehme \u00dcberraschung erleben.<\/p>\n","protected":false},"excerpt":{"rendered":"<p>Im Alsik haben wir drei Restaurants: Alsik, Freia Bar &#038; Lounge und Syttende. Was Sie hier erwartet, sind h\u00f6chst exquisite kulinarische Gen\u00fcsse. <\/p>\n","protected":false},"author":7,"featured_media":4984,"parent":0,"menu_order":0,"comment_status":"closed","ping_status":"closed","template":"","meta":{"_acf_changed":false,"footnotes":""},"tags":[],"class_list":["post-5258","page","type-page","status-publish","has-post-thumbnail","hentry"],"acf":[],"yoast_head":"<!-- This site is optimized with the Yoast SEO plugin v24.3 - https:\/\/yoast.com\/wordpress\/plugins\/seo\/ -->\n<title>Gastronomie der Sonderklasse | Alsik Hotel &amp; Spa<\/title>\n<meta name=\"description\" content=\"Im Alsik haben wir drei Restaurants: Alsik, Freia und Syttende. Was Sie hier erwartet, sind h\u00f6chst exquisite kulinarische Gen\u00fcsse.\" \/>\n<meta name=\"robots\" content=\"index, follow, max-snippet:-1, max-image-preview:large, max-video-preview:-1\" \/>\n<link rel=\"canonical\" href=\"https:\/\/alsik.dk\/de\/gastronomie\/\" \/>\n<meta property=\"og:locale\" content=\"de_DE\" \/>\n<meta property=\"og:type\" content=\"article\" \/>\n<meta property=\"og:title\" content=\"Gastronomie der Sonderklasse | Alsik Hotel &amp; Spa\" \/>\n<meta property=\"og:description\" content=\"Im Alsik haben wir drei Restaurants: Alsik, Freia und Syttende. Was Sie hier erwartet, sind h\u00f6chst exquisite kulinarische Gen\u00fcsse.\" \/>\n<meta property=\"og:url\" content=\"https:\/\/alsik.dk\/de\/gastronomie\/\" \/>\n<meta property=\"og:site_name\" content=\"Alsik Hotel &amp; Spa\" \/>\n<meta property=\"article:modified_time\" content=\"2025-04-29T06:38:30+00:00\" \/>\n<meta property=\"og:image\" content=\"https:\/\/alsik.dk\/wp-content\/uploads\/2020\/09\/dessert2.jpg\" \/>\n\t<meta property=\"og:image:width\" content=\"1284\" \/>\n\t<meta property=\"og:image:height\" content=\"856\" \/>\n\t<meta property=\"og:image:type\" content=\"image\/jpeg\" \/>\n<meta name=\"twitter:card\" content=\"summary_large_image\" \/>\n<meta name=\"twitter:label1\" content=\"Gesch\u00e4tzte Lesezeit\" \/>\n\t<meta name=\"twitter:data1\" content=\"1\u00a0Minute\" \/>\n<script type=\"application\/ld+json\" class=\"yoast-schema-graph\">{\"@context\":\"https:\/\/schema.org\",\"@graph\":[{\"@type\":\"WebPage\",\"@id\":\"https:\/\/alsik.dk\/de\/gastronomie\/\",\"url\":\"https:\/\/alsik.dk\/de\/gastronomie\/\",\"name\":\"Gastronomie der Sonderklasse | Alsik Hotel &amp; Spa\",\"isPartOf\":{\"@id\":\"https:\/\/alsik.dk\/de\/#website\"},\"primaryImageOfPage\":{\"@id\":\"https:\/\/alsik.dk\/de\/gastronomie\/#primaryimage\"},\"image\":{\"@id\":\"https:\/\/alsik.dk\/de\/gastronomie\/#primaryimage\"},\"thumbnailUrl\":\"https:\/\/alsik.dk\/wp-content\/uploads\/2020\/09\/dessert2.jpg\",\"datePublished\":\"2020-09-09T13:19:06+00:00\",\"dateModified\":\"2025-04-29T06:38:30+00:00\",\"description\":\"Im Alsik haben wir drei Restaurants: Alsik, Freia und Syttende. Was Sie hier erwartet, sind h\u00f6chst exquisite kulinarische Gen\u00fcsse.\",\"breadcrumb\":{\"@id\":\"https:\/\/alsik.dk\/de\/gastronomie\/#breadcrumb\"},\"inLanguage\":\"de\",\"potentialAction\":[{\"@type\":\"ReadAction\",\"target\":[\"https:\/\/alsik.dk\/de\/gastronomie\/\"]}]},{\"@type\":\"ImageObject\",\"inLanguage\":\"de\",\"@id\":\"https:\/\/alsik.dk\/de\/gastronomie\/#primaryimage\",\"url\":\"https:\/\/alsik.dk\/wp-content\/uploads\/2020\/09\/dessert2.jpg\",\"contentUrl\":\"https:\/\/alsik.dk\/wp-content\/uploads\/2020\/09\/dessert2.jpg\",\"width\":1284,\"height\":856,\"caption\":\"Dessert\"},{\"@type\":\"BreadcrumbList\",\"@id\":\"https:\/\/alsik.dk\/de\/gastronomie\/#breadcrumb\",\"itemListElement\":[{\"@type\":\"ListItem\",\"position\":1,\"name\":\"Hjem\",\"item\":\"https:\/\/alsik.dk\/de\/\"},{\"@type\":\"ListItem\",\"position\":2,\"name\":\"Gastronomie der Sonderklasse\"}]},{\"@type\":\"WebSite\",\"@id\":\"https:\/\/alsik.dk\/de\/#website\",\"url\":\"https:\/\/alsik.dk\/de\/\",\"name\":\"Alsik Hotel &amp; Spa\",\"description\":\"Alsik er et af Danmarks mest sp\u00e6ndende hoteller med stilfulde og topmoderne v\u00e6relser. Oplev Danmarks st\u00f8rste spa med flere end 60 forskellige spa- og wellnessoplevelser eller fork\u00e6l sanserne med gastronomi i s\u00e6rklasse i Alsiks tre restauranter.\",\"potentialAction\":[{\"@type\":\"SearchAction\",\"target\":{\"@type\":\"EntryPoint\",\"urlTemplate\":\"https:\/\/alsik.dk\/de\/?s={search_term_string}\"},\"query-input\":{\"@type\":\"PropertyValueSpecification\",\"valueRequired\":true,\"valueName\":\"search_term_string\"}}],\"inLanguage\":\"de\"}]}<\/script>\n<!-- \/ Yoast SEO plugin. -->","yoast_head_json":{"title":"Gastronomie der Sonderklasse | Alsik Hotel &amp; Spa","description":"Im Alsik haben wir drei Restaurants: Alsik, Freia und Syttende. Was Sie hier erwartet, sind h\u00f6chst exquisite kulinarische Gen\u00fcsse.","robots":{"index":"index","follow":"follow","max-snippet":"max-snippet:-1","max-image-preview":"max-image-preview:large","max-video-preview":"max-video-preview:-1"},"canonical":"https:\/\/alsik.dk\/de\/gastronomie\/","og_locale":"de_DE","og_type":"article","og_title":"Gastronomie der Sonderklasse | Alsik Hotel &amp; Spa","og_description":"Im Alsik haben wir drei Restaurants: Alsik, Freia und Syttende. Was Sie hier erwartet, sind h\u00f6chst exquisite kulinarische Gen\u00fcsse.","og_url":"https:\/\/alsik.dk\/de\/gastronomie\/","og_site_name":"Alsik Hotel &amp; Spa","article_modified_time":"2025-04-29T06:38:30+00:00","og_image":[{"width":1284,"height":856,"url":"https:\/\/alsik.dk\/wp-content\/uploads\/2020\/09\/dessert2.jpg","type":"image\/jpeg"}],"twitter_card":"summary_large_image","twitter_misc":{"Gesch\u00e4tzte Lesezeit":"1\u00a0Minute"},"schema":{"@context":"https:\/\/schema.org","@graph":[{"@type":"WebPage","@id":"https:\/\/alsik.dk\/de\/gastronomie\/","url":"https:\/\/alsik.dk\/de\/gastronomie\/","name":"Gastronomie der Sonderklasse | Alsik Hotel &amp; Spa","isPartOf":{"@id":"https:\/\/alsik.dk\/de\/#website"},"primaryImageOfPage":{"@id":"https:\/\/alsik.dk\/de\/gastronomie\/#primaryimage"},"image":{"@id":"https:\/\/alsik.dk\/de\/gastronomie\/#primaryimage"},"thumbnailUrl":"https:\/\/alsik.dk\/wp-content\/uploads\/2020\/09\/dessert2.jpg","datePublished":"2020-09-09T13:19:06+00:00","dateModified":"2025-04-29T06:38:30+00:00","description":"Im Alsik haben wir drei Restaurants: Alsik, Freia und Syttende. Was Sie hier erwartet, sind h\u00f6chst exquisite kulinarische Gen\u00fcsse.","breadcrumb":{"@id":"https:\/\/alsik.dk\/de\/gastronomie\/#breadcrumb"},"inLanguage":"de","potentialAction":[{"@type":"ReadAction","target":["https:\/\/alsik.dk\/de\/gastronomie\/"]}]},{"@type":"ImageObject","inLanguage":"de","@id":"https:\/\/alsik.dk\/de\/gastronomie\/#primaryimage","url":"https:\/\/alsik.dk\/wp-content\/uploads\/2020\/09\/dessert2.jpg","contentUrl":"https:\/\/alsik.dk\/wp-content\/uploads\/2020\/09\/dessert2.jpg","width":1284,"height":856,"caption":"Dessert"},{"@type":"BreadcrumbList","@id":"https:\/\/alsik.dk\/de\/gastronomie\/#breadcrumb","itemListElement":[{"@type":"ListItem","position":1,"name":"Hjem","item":"https:\/\/alsik.dk\/de\/"},{"@type":"ListItem","position":2,"name":"Gastronomie der Sonderklasse"}]},{"@type":"WebSite","@id":"https:\/\/alsik.dk\/de\/#website","url":"https:\/\/alsik.dk\/de\/","name":"Alsik Hotel &amp; Spa","description":"Alsik er et af Danmarks mest sp\u00e6ndende hoteller med stilfulde og topmoderne v\u00e6relser. Oplev Danmarks st\u00f8rste spa med flere end 60 forskellige spa- og wellnessoplevelser eller fork\u00e6l sanserne med gastronomi i s\u00e6rklasse i Alsiks tre restauranter.","potentialAction":[{"@type":"SearchAction","target":{"@type":"EntryPoint","urlTemplate":"https:\/\/alsik.dk\/de\/?s={search_term_string}"},"query-input":{"@type":"PropertyValueSpecification","valueRequired":true,"valueName":"search_term_string"}}],"inLanguage":"de"}]}},"_links":{"self":[{"href":"https:\/\/alsik.dk\/de\/wp-json\/wp\/v2\/pages\/5258","targetHints":{"allow":["GET"]}}],"collection":[{"href":"https:\/\/alsik.dk\/de\/wp-json\/wp\/v2\/pages"}],"about":[{"href":"https:\/\/alsik.dk\/de\/wp-json\/wp\/v2\/types\/page"}],"author":[{"embeddable":true,"href":"https:\/\/alsik.dk\/de\/wp-json\/wp\/v2\/users\/7"}],"replies":[{"embeddable":true,"href":"https:\/\/alsik.dk\/de\/wp-json\/wp\/v2\/comments?post=5258"}],"version-history":[{"count":13,"href":"https:\/\/alsik.dk\/de\/wp-json\/wp\/v2\/pages\/5258\/revisions"}],"predecessor-version":[{"id":15899,"href":"https:\/\/alsik.dk\/de\/wp-json\/wp\/v2\/pages\/5258\/revisions\/15899"}],"wp:featuredmedia":[{"embeddable":true,"href":"https:\/\/alsik.dk\/de\/wp-json\/wp\/v2\/media\/4984"}],"wp:attachment":[{"href":"https:\/\/alsik.dk\/de\/wp-json\/wp\/v2\/media?parent=5258"}],"wp:term":[{"taxonomy":"post_tag","embeddable":true,"href":"https:\/\/alsik.dk\/de\/wp-json\/wp\/v2\/tags?post=5258"}],"curies":[{"name":"wp","href":"https:\/\/api.w.org\/{rel}","templated":true}]}}