{"id":5260,"date":"2020-09-09T15:28:19","date_gmt":"2020-09-09T13:28:19","guid":{"rendered":"http:\/\/alsik.dk\/?page_id=5260"},"modified":"2026-03-09T11:39:09","modified_gmt":"2026-03-09T10:39:09","slug":"restaurant-alsik","status":"publish","type":"page","link":"https:\/\/alsik.dk\/de\/gastronomie\/restaurant-alsik\/","title":{"rendered":"Willkommen im Restaurant Alsik!"},"content":{"rendered":"<p>Im Restaurant Alsik verw\u00f6hnen wir die ganze Familie mit bekannten und beliebten Gerichten aus aller Welt.<\/p>\n<p>Die K\u00fcche des Alsik wartet mit den schmackhaftesten Speisen des Erdenrunds auf. Hier finden Sie Inspirationen und Originalrezepte aus mehreren Kontinenten in eleganter Kombination mit guten regionalen Zutaten.<\/p>\n<h4>EINE TISCHRESERVIERUNG IST STETS EMPFEHLENSWERT<\/h4>\n<p>Das Restaurant Alsik erfreut sich gro\u00dfer Beliebtheit und ist h\u00e4ufig komplett ausgebucht. Wenn Sie bereits wissen, dass Sie w\u00e4hrend Ihres Hotelaufenthalts im Alsik essen m\u00f6chten, empfehlen wir Ihnen, schon bei der Zimmerreservierung einen Tisch zu bestellen. Dann werden Sie keine unangenehme \u00dcberraschung erleben.<\/p>\n<p>Falls Ihre Gruppe mehr als 5 Personen umfasst, beachten Sie bitte, dass das Men\u00fc mindestens 24 Stunden im Voraus vorbestellt werden muss und das Men\u00fc die gesamte Gruppe umfassen sollte. Bitte kontaktieren Sie uns:<\/p>\n<p><a href=\"mailto: aschippmann@alsik-hotel.dk;tjoergensen@alsik-hotel.dk\">Mail senden<\/a><\/p>\n","protected":false},"excerpt":{"rendered":"<p>Im Restaurant Alsik verw\u00f6hnen wir die ganze Familie mit bekannten und beliebten Gerichten aus aller Welt. <\/p>\n","protected":false},"author":7,"featured_media":8319,"parent":5258,"menu_order":0,"comment_status":"closed","ping_status":"closed","template":"","meta":{"_acf_changed":false,"footnotes":""},"tags":[],"class_list":["post-5260","page","type-page","status-publish","has-post-thumbnail","hentry"],"acf":[],"yoast_head":"<!-- This site is optimized with the Yoast SEO plugin v24.3 - https:\/\/yoast.com\/wordpress\/plugins\/seo\/ -->\n<title>Willkommen im Restaurant Alsik! | Alsik Hotel &amp; Spa<\/title>\n<meta name=\"description\" content=\"Im Restaurant Alsik verw\u00f6hnen wir die ganze Familie mit bekannten, leckeren und beliebten Gerichten aus aller Welt.\" \/>\n<meta name=\"robots\" content=\"index, follow, max-snippet:-1, max-image-preview:large, max-video-preview:-1\" \/>\n<link rel=\"canonical\" href=\"https:\/\/alsik.dk\/de\/gastronomie\/restaurant-alsik\/\" \/>\n<meta property=\"og:locale\" content=\"de_DE\" \/>\n<meta property=\"og:type\" content=\"article\" \/>\n<meta property=\"og:title\" content=\"Willkommen im Restaurant Alsik! | Alsik Hotel &amp; Spa\" \/>\n<meta property=\"og:description\" content=\"Im Restaurant Alsik verw\u00f6hnen wir die ganze Familie mit bekannten, leckeren und beliebten Gerichten aus aller Welt.\" \/>\n<meta property=\"og:url\" content=\"https:\/\/alsik.dk\/de\/gastronomie\/restaurant-alsik\/\" \/>\n<meta property=\"og:site_name\" content=\"Alsik Hotel &amp; Spa\" \/>\n<meta property=\"article:modified_time\" content=\"2026-03-09T10:39:09+00:00\" \/>\n<meta property=\"og:image\" content=\"https:\/\/alsik.dk\/wp-content\/uploads\/2021\/05\/Alsik_menu_maj_2021-57_web-scaled.jpg\" \/>\n\t<meta property=\"og:image:width\" content=\"2560\" \/>\n\t<meta property=\"og:image:height\" content=\"1707\" \/>\n\t<meta property=\"og:image:type\" content=\"image\/jpeg\" \/>\n<meta name=\"twitter:card\" content=\"summary_large_image\" \/>\n<meta name=\"twitter:label1\" content=\"Gesch\u00e4tzte Lesezeit\" \/>\n\t<meta name=\"twitter:data1\" content=\"1\u00a0Minute\" \/>\n<script type=\"application\/ld+json\" class=\"yoast-schema-graph\">{\"@context\":\"https:\/\/schema.org\",\"@graph\":[{\"@type\":\"WebPage\",\"@id\":\"https:\/\/alsik.dk\/de\/gastronomie\/restaurant-alsik\/\",\"url\":\"https:\/\/alsik.dk\/de\/gastronomie\/restaurant-alsik\/\",\"name\":\"Willkommen im Restaurant Alsik! | Alsik Hotel &amp; Spa\",\"isPartOf\":{\"@id\":\"https:\/\/alsik.dk\/de\/#website\"},\"primaryImageOfPage\":{\"@id\":\"https:\/\/alsik.dk\/de\/gastronomie\/restaurant-alsik\/#primaryimage\"},\"image\":{\"@id\":\"https:\/\/alsik.dk\/de\/gastronomie\/restaurant-alsik\/#primaryimage\"},\"thumbnailUrl\":\"https:\/\/alsik.dk\/wp-content\/uploads\/2021\/05\/Alsik_menu_maj_2021-57_web-scaled.jpg\",\"datePublished\":\"2020-09-09T13:28:19+00:00\",\"dateModified\":\"2026-03-09T10:39:09+00:00\",\"description\":\"Im Restaurant Alsik verw\u00f6hnen wir die ganze Familie mit bekannten, leckeren und beliebten Gerichten aus aller Welt.\",\"breadcrumb\":{\"@id\":\"https:\/\/alsik.dk\/de\/gastronomie\/restaurant-alsik\/#breadcrumb\"},\"inLanguage\":\"de\",\"potentialAction\":[{\"@type\":\"ReadAction\",\"target\":[\"https:\/\/alsik.dk\/de\/gastronomie\/restaurant-alsik\/\"]}]},{\"@type\":\"ImageObject\",\"inLanguage\":\"de\",\"@id\":\"https:\/\/alsik.dk\/de\/gastronomie\/restaurant-alsik\/#primaryimage\",\"url\":\"https:\/\/alsik.dk\/wp-content\/uploads\/2021\/05\/Alsik_menu_maj_2021-57_web-scaled.jpg\",\"contentUrl\":\"https:\/\/alsik.dk\/wp-content\/uploads\/2021\/05\/Alsik_menu_maj_2021-57_web-scaled.jpg\",\"width\":2560,\"height\":1707,\"caption\":\"Udsigten fra Restaurant Alsik i maj 2021\"},{\"@type\":\"BreadcrumbList\",\"@id\":\"https:\/\/alsik.dk\/de\/gastronomie\/restaurant-alsik\/#breadcrumb\",\"itemListElement\":[{\"@type\":\"ListItem\",\"position\":1,\"name\":\"Hjem\",\"item\":\"https:\/\/alsik.dk\/de\/\"},{\"@type\":\"ListItem\",\"position\":2,\"name\":\"Gastronomie der Sonderklasse\",\"item\":\"https:\/\/alsik.dk\/de\/gastronomie\/\"},{\"@type\":\"ListItem\",\"position\":3,\"name\":\"Willkommen im Restaurant Alsik!\"}]},{\"@type\":\"WebSite\",\"@id\":\"https:\/\/alsik.dk\/de\/#website\",\"url\":\"https:\/\/alsik.dk\/de\/\",\"name\":\"Alsik Hotel &amp; Spa\",\"description\":\"Alsik er et af Danmarks mest sp\u00e6ndende hoteller med stilfulde og topmoderne v\u00e6relser. Oplev Danmarks st\u00f8rste spa med flere end 60 forskellige spa- og wellnessoplevelser eller fork\u00e6l sanserne med gastronomi i s\u00e6rklasse i Alsiks tre restauranter.\",\"potentialAction\":[{\"@type\":\"SearchAction\",\"target\":{\"@type\":\"EntryPoint\",\"urlTemplate\":\"https:\/\/alsik.dk\/de\/?s={search_term_string}\"},\"query-input\":{\"@type\":\"PropertyValueSpecification\",\"valueRequired\":true,\"valueName\":\"search_term_string\"}}],\"inLanguage\":\"de\"}]}<\/script>\n<!-- \/ Yoast SEO plugin. -->","yoast_head_json":{"title":"Willkommen im Restaurant Alsik! | Alsik Hotel &amp; Spa","description":"Im Restaurant Alsik verw\u00f6hnen wir die ganze Familie mit bekannten, leckeren und beliebten Gerichten aus aller Welt.","robots":{"index":"index","follow":"follow","max-snippet":"max-snippet:-1","max-image-preview":"max-image-preview:large","max-video-preview":"max-video-preview:-1"},"canonical":"https:\/\/alsik.dk\/de\/gastronomie\/restaurant-alsik\/","og_locale":"de_DE","og_type":"article","og_title":"Willkommen im Restaurant Alsik! | Alsik Hotel &amp; Spa","og_description":"Im Restaurant Alsik verw\u00f6hnen wir die ganze Familie mit bekannten, leckeren und beliebten Gerichten aus aller Welt.","og_url":"https:\/\/alsik.dk\/de\/gastronomie\/restaurant-alsik\/","og_site_name":"Alsik Hotel &amp; Spa","article_modified_time":"2026-03-09T10:39:09+00:00","og_image":[{"width":2560,"height":1707,"url":"https:\/\/alsik.dk\/wp-content\/uploads\/2021\/05\/Alsik_menu_maj_2021-57_web-scaled.jpg","type":"image\/jpeg"}],"twitter_card":"summary_large_image","twitter_misc":{"Gesch\u00e4tzte Lesezeit":"1\u00a0Minute"},"schema":{"@context":"https:\/\/schema.org","@graph":[{"@type":"WebPage","@id":"https:\/\/alsik.dk\/de\/gastronomie\/restaurant-alsik\/","url":"https:\/\/alsik.dk\/de\/gastronomie\/restaurant-alsik\/","name":"Willkommen im Restaurant Alsik! | Alsik Hotel &amp; Spa","isPartOf":{"@id":"https:\/\/alsik.dk\/de\/#website"},"primaryImageOfPage":{"@id":"https:\/\/alsik.dk\/de\/gastronomie\/restaurant-alsik\/#primaryimage"},"image":{"@id":"https:\/\/alsik.dk\/de\/gastronomie\/restaurant-alsik\/#primaryimage"},"thumbnailUrl":"https:\/\/alsik.dk\/wp-content\/uploads\/2021\/05\/Alsik_menu_maj_2021-57_web-scaled.jpg","datePublished":"2020-09-09T13:28:19+00:00","dateModified":"2026-03-09T10:39:09+00:00","description":"Im Restaurant Alsik verw\u00f6hnen wir die ganze Familie mit bekannten, leckeren und beliebten Gerichten aus aller Welt.","breadcrumb":{"@id":"https:\/\/alsik.dk\/de\/gastronomie\/restaurant-alsik\/#breadcrumb"},"inLanguage":"de","potentialAction":[{"@type":"ReadAction","target":["https:\/\/alsik.dk\/de\/gastronomie\/restaurant-alsik\/"]}]},{"@type":"ImageObject","inLanguage":"de","@id":"https:\/\/alsik.dk\/de\/gastronomie\/restaurant-alsik\/#primaryimage","url":"https:\/\/alsik.dk\/wp-content\/uploads\/2021\/05\/Alsik_menu_maj_2021-57_web-scaled.jpg","contentUrl":"https:\/\/alsik.dk\/wp-content\/uploads\/2021\/05\/Alsik_menu_maj_2021-57_web-scaled.jpg","width":2560,"height":1707,"caption":"Udsigten fra Restaurant Alsik i maj 2021"},{"@type":"BreadcrumbList","@id":"https:\/\/alsik.dk\/de\/gastronomie\/restaurant-alsik\/#breadcrumb","itemListElement":[{"@type":"ListItem","position":1,"name":"Hjem","item":"https:\/\/alsik.dk\/de\/"},{"@type":"ListItem","position":2,"name":"Gastronomie der Sonderklasse","item":"https:\/\/alsik.dk\/de\/gastronomie\/"},{"@type":"ListItem","position":3,"name":"Willkommen im Restaurant Alsik!"}]},{"@type":"WebSite","@id":"https:\/\/alsik.dk\/de\/#website","url":"https:\/\/alsik.dk\/de\/","name":"Alsik Hotel &amp; Spa","description":"Alsik er et af Danmarks mest sp\u00e6ndende hoteller med stilfulde og topmoderne v\u00e6relser. Oplev Danmarks st\u00f8rste spa med flere end 60 forskellige spa- og wellnessoplevelser eller fork\u00e6l sanserne med gastronomi i s\u00e6rklasse i Alsiks tre restauranter.","potentialAction":[{"@type":"SearchAction","target":{"@type":"EntryPoint","urlTemplate":"https:\/\/alsik.dk\/de\/?s={search_term_string}"},"query-input":{"@type":"PropertyValueSpecification","valueRequired":true,"valueName":"search_term_string"}}],"inLanguage":"de"}]}},"_links":{"self":[{"href":"https:\/\/alsik.dk\/de\/wp-json\/wp\/v2\/pages\/5260","targetHints":{"allow":["GET"]}}],"collection":[{"href":"https:\/\/alsik.dk\/de\/wp-json\/wp\/v2\/pages"}],"about":[{"href":"https:\/\/alsik.dk\/de\/wp-json\/wp\/v2\/types\/page"}],"author":[{"embeddable":true,"href":"https:\/\/alsik.dk\/de\/wp-json\/wp\/v2\/users\/7"}],"replies":[{"embeddable":true,"href":"https:\/\/alsik.dk\/de\/wp-json\/wp\/v2\/comments?post=5260"}],"version-history":[{"count":12,"href":"https:\/\/alsik.dk\/de\/wp-json\/wp\/v2\/pages\/5260\/revisions"}],"predecessor-version":[{"id":17849,"href":"https:\/\/alsik.dk\/de\/wp-json\/wp\/v2\/pages\/5260\/revisions\/17849"}],"up":[{"embeddable":true,"href":"https:\/\/alsik.dk\/de\/wp-json\/wp\/v2\/pages\/5258"}],"wp:featuredmedia":[{"embeddable":true,"href":"https:\/\/alsik.dk\/de\/wp-json\/wp\/v2\/media\/8319"}],"wp:attachment":[{"href":"https:\/\/alsik.dk\/de\/wp-json\/wp\/v2\/media?parent=5260"}],"wp:term":[{"taxonomy":"post_tag","embeddable":true,"href":"https:\/\/alsik.dk\/de\/wp-json\/wp\/v2\/tags?post=5260"}],"curies":[{"name":"wp","href":"https:\/\/api.w.org\/{rel}","templated":true}]}}