{"id":5441,"date":"2020-09-11T11:25:30","date_gmt":"2020-09-11T09:25:30","guid":{"rendered":"http:\/\/alsik.dk\/?page_id=5441"},"modified":"2020-09-16T09:52:36","modified_gmt":"2020-09-16T07:52:36","slug":"tagung-events","status":"publish","type":"page","link":"https:\/\/alsik.dk\/de\/tagung-events\/","title":{"rendered":"Tagung &#038; Events"},"content":{"rendered":"<h2>Im Alsik liegt Ihre gesch\u00e4ftliche Veranstaltung in den besten H\u00e4nden<\/h2>\n<p>Als hochmodernes, exklusives Tagungs- und Konferenzhotel haben wir uns mit viel Liebe zum Detail bem\u00fcht, Ihren Teilnehmern einzigartige Erlebnisse zu verschaffen, die den Erfolg und die Professionalit\u00e4t Ihrer Veranstaltung in jeder Hinsicht unterst\u00fctzen.<\/p>\n","protected":false},"excerpt":{"rendered":"<p>Hier im Alsik haben wir den perfekten Rahmen f\u00fcr Ihre Veranstaltung geschaffen, ungeachtet dessen, ob es um einen eint\u00e4gigen Termin geht, um kreative Workshops, Messen, gr\u00f6\u00dfere Business Events oder mehrt\u00e4gige Konferenzen.<\/p>\n","protected":false},"author":7,"featured_media":5422,"parent":0,"menu_order":0,"comment_status":"closed","ping_status":"closed","template":"","meta":{"_acf_changed":false,"footnotes":""},"tags":[],"class_list":["post-5441","page","type-page","status-publish","has-post-thumbnail","hentry"],"acf":[],"yoast_head":"<!-- This site is optimized with the Yoast SEO plugin v24.3 - https:\/\/yoast.com\/wordpress\/plugins\/seo\/ -->\n<title>Tagung &amp; Events | Alsik Hotel &amp; Spa<\/title>\n<meta name=\"robots\" content=\"index, follow, max-snippet:-1, max-image-preview:large, max-video-preview:-1\" \/>\n<link rel=\"canonical\" href=\"https:\/\/alsik.dk\/de\/tagung-events\/\" \/>\n<meta property=\"og:locale\" content=\"de_DE\" \/>\n<meta property=\"og:type\" content=\"article\" \/>\n<meta property=\"og:title\" content=\"Tagung &amp; Events | Alsik Hotel &amp; Spa\" \/>\n<meta property=\"og:description\" content=\"Hier im Alsik haben wir den perfekten Rahmen f\u00fcr Ihre Veranstaltung geschaffen, ungeachtet dessen, ob es um einen eint\u00e4gigen Termin geht, um kreative Workshops, Messen, gr\u00f6\u00dfere Business Events oder mehrt\u00e4gige Konferenzen.\" \/>\n<meta property=\"og:url\" content=\"https:\/\/alsik.dk\/de\/tagung-events\/\" \/>\n<meta property=\"og:site_name\" content=\"Alsik Hotel &amp; Spa\" \/>\n<meta property=\"article:modified_time\" content=\"2020-09-16T07:52:36+00:00\" \/>\n<meta property=\"og:image\" content=\"https:\/\/alsik.dk\/wp-content\/uploads\/2020\/09\/konference2-1-scaled.jpg\" \/>\n\t<meta property=\"og:image:width\" content=\"2560\" \/>\n\t<meta property=\"og:image:height\" content=\"1707\" \/>\n\t<meta property=\"og:image:type\" content=\"image\/jpeg\" \/>\n<meta name=\"twitter:card\" content=\"summary_large_image\" \/>\n<script type=\"application\/ld+json\" class=\"yoast-schema-graph\">{\"@context\":\"https:\/\/schema.org\",\"@graph\":[{\"@type\":\"WebPage\",\"@id\":\"https:\/\/alsik.dk\/de\/tagung-events\/\",\"url\":\"https:\/\/alsik.dk\/de\/tagung-events\/\",\"name\":\"Tagung & Events | Alsik Hotel &amp; Spa\",\"isPartOf\":{\"@id\":\"https:\/\/alsik.dk\/de\/#website\"},\"primaryImageOfPage\":{\"@id\":\"https:\/\/alsik.dk\/de\/tagung-events\/#primaryimage\"},\"image\":{\"@id\":\"https:\/\/alsik.dk\/de\/tagung-events\/#primaryimage\"},\"thumbnailUrl\":\"https:\/\/alsik.dk\/wp-content\/uploads\/2020\/09\/konference2-1-scaled.jpg\",\"datePublished\":\"2020-09-11T09:25:30+00:00\",\"dateModified\":\"2020-09-16T07:52:36+00:00\",\"breadcrumb\":{\"@id\":\"https:\/\/alsik.dk\/de\/tagung-events\/#breadcrumb\"},\"inLanguage\":\"de\",\"potentialAction\":[{\"@type\":\"ReadAction\",\"target\":[\"https:\/\/alsik.dk\/de\/tagung-events\/\"]}]},{\"@type\":\"ImageObject\",\"inLanguage\":\"de\",\"@id\":\"https:\/\/alsik.dk\/de\/tagung-events\/#primaryimage\",\"url\":\"https:\/\/alsik.dk\/wp-content\/uploads\/2020\/09\/konference2-1-scaled.jpg\",\"contentUrl\":\"https:\/\/alsik.dk\/wp-content\/uploads\/2020\/09\/konference2-1-scaled.jpg\",\"width\":2560,\"height\":1707,\"caption\":\"Konference\"},{\"@type\":\"BreadcrumbList\",\"@id\":\"https:\/\/alsik.dk\/de\/tagung-events\/#breadcrumb\",\"itemListElement\":[{\"@type\":\"ListItem\",\"position\":1,\"name\":\"Hjem\",\"item\":\"https:\/\/alsik.dk\/de\/\"},{\"@type\":\"ListItem\",\"position\":2,\"name\":\"Tagung &#038; Events\"}]},{\"@type\":\"WebSite\",\"@id\":\"https:\/\/alsik.dk\/de\/#website\",\"url\":\"https:\/\/alsik.dk\/de\/\",\"name\":\"Alsik Hotel &amp; Spa\",\"description\":\"Alsik er et af Danmarks mest sp\u00e6ndende hoteller med stilfulde og topmoderne v\u00e6relser. Oplev Danmarks st\u00f8rste spa med flere end 60 forskellige spa- og wellnessoplevelser eller fork\u00e6l sanserne med gastronomi i s\u00e6rklasse i Alsiks tre restauranter.\",\"potentialAction\":[{\"@type\":\"SearchAction\",\"target\":{\"@type\":\"EntryPoint\",\"urlTemplate\":\"https:\/\/alsik.dk\/de\/?s={search_term_string}\"},\"query-input\":{\"@type\":\"PropertyValueSpecification\",\"valueRequired\":true,\"valueName\":\"search_term_string\"}}],\"inLanguage\":\"de\"}]}<\/script>\n<!-- \/ Yoast SEO plugin. -->","yoast_head_json":{"title":"Tagung & Events | Alsik Hotel &amp; Spa","robots":{"index":"index","follow":"follow","max-snippet":"max-snippet:-1","max-image-preview":"max-image-preview:large","max-video-preview":"max-video-preview:-1"},"canonical":"https:\/\/alsik.dk\/de\/tagung-events\/","og_locale":"de_DE","og_type":"article","og_title":"Tagung & Events | Alsik Hotel &amp; Spa","og_description":"Hier im Alsik haben wir den perfekten Rahmen f\u00fcr Ihre Veranstaltung geschaffen, ungeachtet dessen, ob es um einen eint\u00e4gigen Termin geht, um kreative Workshops, Messen, gr\u00f6\u00dfere Business Events oder mehrt\u00e4gige Konferenzen.","og_url":"https:\/\/alsik.dk\/de\/tagung-events\/","og_site_name":"Alsik Hotel &amp; Spa","article_modified_time":"2020-09-16T07:52:36+00:00","og_image":[{"width":2560,"height":1707,"url":"https:\/\/alsik.dk\/wp-content\/uploads\/2020\/09\/konference2-1-scaled.jpg","type":"image\/jpeg"}],"twitter_card":"summary_large_image","schema":{"@context":"https:\/\/schema.org","@graph":[{"@type":"WebPage","@id":"https:\/\/alsik.dk\/de\/tagung-events\/","url":"https:\/\/alsik.dk\/de\/tagung-events\/","name":"Tagung & Events | Alsik Hotel &amp; Spa","isPartOf":{"@id":"https:\/\/alsik.dk\/de\/#website"},"primaryImageOfPage":{"@id":"https:\/\/alsik.dk\/de\/tagung-events\/#primaryimage"},"image":{"@id":"https:\/\/alsik.dk\/de\/tagung-events\/#primaryimage"},"thumbnailUrl":"https:\/\/alsik.dk\/wp-content\/uploads\/2020\/09\/konference2-1-scaled.jpg","datePublished":"2020-09-11T09:25:30+00:00","dateModified":"2020-09-16T07:52:36+00:00","breadcrumb":{"@id":"https:\/\/alsik.dk\/de\/tagung-events\/#breadcrumb"},"inLanguage":"de","potentialAction":[{"@type":"ReadAction","target":["https:\/\/alsik.dk\/de\/tagung-events\/"]}]},{"@type":"ImageObject","inLanguage":"de","@id":"https:\/\/alsik.dk\/de\/tagung-events\/#primaryimage","url":"https:\/\/alsik.dk\/wp-content\/uploads\/2020\/09\/konference2-1-scaled.jpg","contentUrl":"https:\/\/alsik.dk\/wp-content\/uploads\/2020\/09\/konference2-1-scaled.jpg","width":2560,"height":1707,"caption":"Konference"},{"@type":"BreadcrumbList","@id":"https:\/\/alsik.dk\/de\/tagung-events\/#breadcrumb","itemListElement":[{"@type":"ListItem","position":1,"name":"Hjem","item":"https:\/\/alsik.dk\/de\/"},{"@type":"ListItem","position":2,"name":"Tagung &#038; Events"}]},{"@type":"WebSite","@id":"https:\/\/alsik.dk\/de\/#website","url":"https:\/\/alsik.dk\/de\/","name":"Alsik Hotel &amp; Spa","description":"Alsik er et af Danmarks mest sp\u00e6ndende hoteller med stilfulde og topmoderne v\u00e6relser. Oplev Danmarks st\u00f8rste spa med flere end 60 forskellige spa- og wellnessoplevelser eller fork\u00e6l sanserne med gastronomi i s\u00e6rklasse i Alsiks tre restauranter.","potentialAction":[{"@type":"SearchAction","target":{"@type":"EntryPoint","urlTemplate":"https:\/\/alsik.dk\/de\/?s={search_term_string}"},"query-input":{"@type":"PropertyValueSpecification","valueRequired":true,"valueName":"search_term_string"}}],"inLanguage":"de"}]}},"_links":{"self":[{"href":"https:\/\/alsik.dk\/de\/wp-json\/wp\/v2\/pages\/5441","targetHints":{"allow":["GET"]}}],"collection":[{"href":"https:\/\/alsik.dk\/de\/wp-json\/wp\/v2\/pages"}],"about":[{"href":"https:\/\/alsik.dk\/de\/wp-json\/wp\/v2\/types\/page"}],"author":[{"embeddable":true,"href":"https:\/\/alsik.dk\/de\/wp-json\/wp\/v2\/users\/7"}],"replies":[{"embeddable":true,"href":"https:\/\/alsik.dk\/de\/wp-json\/wp\/v2\/comments?post=5441"}],"version-history":[{"count":5,"href":"https:\/\/alsik.dk\/de\/wp-json\/wp\/v2\/pages\/5441\/revisions"}],"predecessor-version":[{"id":6167,"href":"https:\/\/alsik.dk\/de\/wp-json\/wp\/v2\/pages\/5441\/revisions\/6167"}],"wp:featuredmedia":[{"embeddable":true,"href":"https:\/\/alsik.dk\/de\/wp-json\/wp\/v2\/media\/5422"}],"wp:attachment":[{"href":"https:\/\/alsik.dk\/de\/wp-json\/wp\/v2\/media?parent=5441"}],"wp:term":[{"taxonomy":"post_tag","embeddable":true,"href":"https:\/\/alsik.dk\/de\/wp-json\/wp\/v2\/tags?post=5441"}],"curies":[{"name":"wp","href":"https:\/\/api.w.org\/{rel}","templated":true}]}}