{"id":5470,"date":"2020-09-11T12:26:11","date_gmt":"2020-09-11T10:26:11","guid":{"rendered":"http:\/\/alsik.dk\/?page_id=5470"},"modified":"2021-04-29T14:38:48","modified_gmt":"2021-04-29T12:38:48","slug":"raeumlichkeiten-und-einrichtungen","status":"publish","type":"page","link":"https:\/\/alsik.dk\/de\/tagung-events\/raeumlichkeiten-und-einrichtungen\/","title":{"rendered":"R\u00e4umlichkeiten und einrichtungen"},"content":{"rendered":"<p>Als neu erbautes und hochmodernes Tagungs- und Konferenzhotel bietet das Alsik sowohl einen umfassenden und flexiblen Business-Bereich, der sich genau an Ihre Bed\u00fcrfnisse anpassen l\u00e4sst, als auch die absoluten Neuheiten der Konferenz- und Tagungstechnik.<\/p>\n<h3>Flexible und einladende Konferenz- und Tagungsr\u00e4umlichkeiten<\/h3>\n<p>Der Konferenzbereich umfasst im Ganzen 1.500 Quadratmeter, sodass hier Tagungen und Konferenzen in vielen Gr\u00f6\u00dfen und Aufstellungen abgehalten werden k\u00f6nnen. Der Bereich bietet u.a. neun speziell entworfene Konferenz- und Tagungsr\u00e4ume und einen exklusiven Boardroom. Die zwei gr\u00f6\u00dften Konferenzr\u00e4ume k\u00f6nnen zu einem Saal von 372 m\u00b2 mit Platz f\u00fcr ca. 300 Teilnehmer verbunden werden. Vom Saal aus besteht direkter Zugang zu einer gro\u00dfen, einladenden Dachterrasse, die dem Alsensund zugewandt ist.<\/p>\n","protected":false},"excerpt":{"rendered":"<p>Das 1.500 Quadratmeter gro\u00dfe Veranstaltungs- und Konferenzareal des Alsik bietet neun Konferenz- und Sitzungss\u00e4le sowie den exklusiven Boardroom an.\u00a0Der ganze Bereich ist nat\u00fcrlich mit neuester, modernster IT- und Unterhaltungstechnologie ausgestattet, was ungeahnte Integrationsm\u00f6glichkeiten in einem gut gegl\u00fcckten Event-Flow er\u00f6ffnet.<\/p>\n","protected":false},"author":7,"featured_media":5447,"parent":5441,"menu_order":0,"comment_status":"closed","ping_status":"closed","template":"","meta":{"_acf_changed":false,"footnotes":""},"tags":[],"class_list":["post-5470","page","type-page","status-publish","has-post-thumbnail","hentry"],"acf":[],"yoast_head":"<!-- This site is optimized with the Yoast SEO plugin v24.3 - https:\/\/yoast.com\/wordpress\/plugins\/seo\/ -->\n<title>R\u00e4umlichkeiten und einrichtungen | Alsik Hotel &amp; Spa<\/title>\n<meta name=\"robots\" content=\"index, follow, max-snippet:-1, max-image-preview:large, max-video-preview:-1\" \/>\n<link rel=\"canonical\" href=\"https:\/\/alsik.dk\/de\/tagung-events\/raeumlichkeiten-und-einrichtungen\/\" \/>\n<meta property=\"og:locale\" content=\"de_DE\" \/>\n<meta property=\"og:type\" content=\"article\" \/>\n<meta property=\"og:title\" content=\"R\u00e4umlichkeiten und einrichtungen | Alsik Hotel &amp; Spa\" \/>\n<meta property=\"og:description\" content=\"Das 1.500 Quadratmeter gro\u00dfe Veranstaltungs- und Konferenzareal des Alsik bietet neun Konferenz- und Sitzungss\u00e4le sowie den exklusiven Boardroom an.\u00a0Der ganze Bereich ist nat\u00fcrlich mit neuester, modernster IT- und Unterhaltungstechnologie ausgestattet, was ungeahnte Integrationsm\u00f6glichkeiten in einem gut gegl\u00fcckten Event-Flow er\u00f6ffnet.\" \/>\n<meta property=\"og:url\" content=\"https:\/\/alsik.dk\/de\/tagung-events\/raeumlichkeiten-und-einrichtungen\/\" \/>\n<meta property=\"og:site_name\" content=\"Alsik Hotel &amp; Spa\" \/>\n<meta property=\"article:modified_time\" content=\"2021-04-29T12:38:48+00:00\" \/>\n<meta property=\"og:image\" content=\"https:\/\/alsik.dk\/wp-content\/uploads\/2020\/09\/konference4-scaled.jpg\" \/>\n\t<meta property=\"og:image:width\" content=\"2560\" \/>\n\t<meta property=\"og:image:height\" content=\"1707\" \/>\n\t<meta property=\"og:image:type\" content=\"image\/jpeg\" \/>\n<meta name=\"twitter:card\" content=\"summary_large_image\" \/>\n<meta name=\"twitter:label1\" content=\"Gesch\u00e4tzte Lesezeit\" \/>\n\t<meta name=\"twitter:data1\" content=\"1\u00a0Minute\" \/>\n<script type=\"application\/ld+json\" class=\"yoast-schema-graph\">{\"@context\":\"https:\/\/schema.org\",\"@graph\":[{\"@type\":\"WebPage\",\"@id\":\"https:\/\/alsik.dk\/de\/tagung-events\/raeumlichkeiten-und-einrichtungen\/\",\"url\":\"https:\/\/alsik.dk\/de\/tagung-events\/raeumlichkeiten-und-einrichtungen\/\",\"name\":\"R\u00e4umlichkeiten und einrichtungen | Alsik Hotel &amp; Spa\",\"isPartOf\":{\"@id\":\"https:\/\/alsik.dk\/de\/#website\"},\"primaryImageOfPage\":{\"@id\":\"https:\/\/alsik.dk\/de\/tagung-events\/raeumlichkeiten-und-einrichtungen\/#primaryimage\"},\"image\":{\"@id\":\"https:\/\/alsik.dk\/de\/tagung-events\/raeumlichkeiten-und-einrichtungen\/#primaryimage\"},\"thumbnailUrl\":\"https:\/\/alsik.dk\/wp-content\/uploads\/2020\/09\/konference4-scaled.jpg\",\"datePublished\":\"2020-09-11T10:26:11+00:00\",\"dateModified\":\"2021-04-29T12:38:48+00:00\",\"breadcrumb\":{\"@id\":\"https:\/\/alsik.dk\/de\/tagung-events\/raeumlichkeiten-und-einrichtungen\/#breadcrumb\"},\"inLanguage\":\"de\",\"potentialAction\":[{\"@type\":\"ReadAction\",\"target\":[\"https:\/\/alsik.dk\/de\/tagung-events\/raeumlichkeiten-und-einrichtungen\/\"]}]},{\"@type\":\"ImageObject\",\"inLanguage\":\"de\",\"@id\":\"https:\/\/alsik.dk\/de\/tagung-events\/raeumlichkeiten-und-einrichtungen\/#primaryimage\",\"url\":\"https:\/\/alsik.dk\/wp-content\/uploads\/2020\/09\/konference4-scaled.jpg\",\"contentUrl\":\"https:\/\/alsik.dk\/wp-content\/uploads\/2020\/09\/konference4-scaled.jpg\",\"width\":2560,\"height\":1707,\"caption\":\"Lokaler og faciliteter\"},{\"@type\":\"BreadcrumbList\",\"@id\":\"https:\/\/alsik.dk\/de\/tagung-events\/raeumlichkeiten-und-einrichtungen\/#breadcrumb\",\"itemListElement\":[{\"@type\":\"ListItem\",\"position\":1,\"name\":\"Hjem\",\"item\":\"https:\/\/alsik.dk\/de\/\"},{\"@type\":\"ListItem\",\"position\":2,\"name\":\"Tagung &#038; Events\",\"item\":\"https:\/\/alsik.dk\/de\/tagung-events\/\"},{\"@type\":\"ListItem\",\"position\":3,\"name\":\"R\u00e4umlichkeiten und einrichtungen\"}]},{\"@type\":\"WebSite\",\"@id\":\"https:\/\/alsik.dk\/de\/#website\",\"url\":\"https:\/\/alsik.dk\/de\/\",\"name\":\"Alsik Hotel &amp; Spa\",\"description\":\"Alsik er et af Danmarks mest sp\u00e6ndende hoteller med stilfulde og topmoderne v\u00e6relser. Oplev Danmarks st\u00f8rste spa med flere end 60 forskellige spa- og wellnessoplevelser eller fork\u00e6l sanserne med gastronomi i s\u00e6rklasse i Alsiks tre restauranter.\",\"potentialAction\":[{\"@type\":\"SearchAction\",\"target\":{\"@type\":\"EntryPoint\",\"urlTemplate\":\"https:\/\/alsik.dk\/de\/?s={search_term_string}\"},\"query-input\":{\"@type\":\"PropertyValueSpecification\",\"valueRequired\":true,\"valueName\":\"search_term_string\"}}],\"inLanguage\":\"de\"}]}<\/script>\n<!-- \/ Yoast SEO plugin. -->","yoast_head_json":{"title":"R\u00e4umlichkeiten und einrichtungen | Alsik Hotel &amp; Spa","robots":{"index":"index","follow":"follow","max-snippet":"max-snippet:-1","max-image-preview":"max-image-preview:large","max-video-preview":"max-video-preview:-1"},"canonical":"https:\/\/alsik.dk\/de\/tagung-events\/raeumlichkeiten-und-einrichtungen\/","og_locale":"de_DE","og_type":"article","og_title":"R\u00e4umlichkeiten und einrichtungen | Alsik Hotel &amp; Spa","og_description":"Das 1.500 Quadratmeter gro\u00dfe Veranstaltungs- und Konferenzareal des Alsik bietet neun Konferenz- und Sitzungss\u00e4le sowie den exklusiven Boardroom an.\u00a0Der ganze Bereich ist nat\u00fcrlich mit neuester, modernster IT- und Unterhaltungstechnologie ausgestattet, was ungeahnte Integrationsm\u00f6glichkeiten in einem gut gegl\u00fcckten Event-Flow er\u00f6ffnet.","og_url":"https:\/\/alsik.dk\/de\/tagung-events\/raeumlichkeiten-und-einrichtungen\/","og_site_name":"Alsik Hotel &amp; Spa","article_modified_time":"2021-04-29T12:38:48+00:00","og_image":[{"width":2560,"height":1707,"url":"https:\/\/alsik.dk\/wp-content\/uploads\/2020\/09\/konference4-scaled.jpg","type":"image\/jpeg"}],"twitter_card":"summary_large_image","twitter_misc":{"Gesch\u00e4tzte Lesezeit":"1\u00a0Minute"},"schema":{"@context":"https:\/\/schema.org","@graph":[{"@type":"WebPage","@id":"https:\/\/alsik.dk\/de\/tagung-events\/raeumlichkeiten-und-einrichtungen\/","url":"https:\/\/alsik.dk\/de\/tagung-events\/raeumlichkeiten-und-einrichtungen\/","name":"R\u00e4umlichkeiten und einrichtungen | Alsik Hotel &amp; Spa","isPartOf":{"@id":"https:\/\/alsik.dk\/de\/#website"},"primaryImageOfPage":{"@id":"https:\/\/alsik.dk\/de\/tagung-events\/raeumlichkeiten-und-einrichtungen\/#primaryimage"},"image":{"@id":"https:\/\/alsik.dk\/de\/tagung-events\/raeumlichkeiten-und-einrichtungen\/#primaryimage"},"thumbnailUrl":"https:\/\/alsik.dk\/wp-content\/uploads\/2020\/09\/konference4-scaled.jpg","datePublished":"2020-09-11T10:26:11+00:00","dateModified":"2021-04-29T12:38:48+00:00","breadcrumb":{"@id":"https:\/\/alsik.dk\/de\/tagung-events\/raeumlichkeiten-und-einrichtungen\/#breadcrumb"},"inLanguage":"de","potentialAction":[{"@type":"ReadAction","target":["https:\/\/alsik.dk\/de\/tagung-events\/raeumlichkeiten-und-einrichtungen\/"]}]},{"@type":"ImageObject","inLanguage":"de","@id":"https:\/\/alsik.dk\/de\/tagung-events\/raeumlichkeiten-und-einrichtungen\/#primaryimage","url":"https:\/\/alsik.dk\/wp-content\/uploads\/2020\/09\/konference4-scaled.jpg","contentUrl":"https:\/\/alsik.dk\/wp-content\/uploads\/2020\/09\/konference4-scaled.jpg","width":2560,"height":1707,"caption":"Lokaler og faciliteter"},{"@type":"BreadcrumbList","@id":"https:\/\/alsik.dk\/de\/tagung-events\/raeumlichkeiten-und-einrichtungen\/#breadcrumb","itemListElement":[{"@type":"ListItem","position":1,"name":"Hjem","item":"https:\/\/alsik.dk\/de\/"},{"@type":"ListItem","position":2,"name":"Tagung &#038; Events","item":"https:\/\/alsik.dk\/de\/tagung-events\/"},{"@type":"ListItem","position":3,"name":"R\u00e4umlichkeiten und einrichtungen"}]},{"@type":"WebSite","@id":"https:\/\/alsik.dk\/de\/#website","url":"https:\/\/alsik.dk\/de\/","name":"Alsik Hotel &amp; Spa","description":"Alsik er et af Danmarks mest sp\u00e6ndende hoteller med stilfulde og topmoderne v\u00e6relser. Oplev Danmarks st\u00f8rste spa med flere end 60 forskellige spa- og wellnessoplevelser eller fork\u00e6l sanserne med gastronomi i s\u00e6rklasse i Alsiks tre restauranter.","potentialAction":[{"@type":"SearchAction","target":{"@type":"EntryPoint","urlTemplate":"https:\/\/alsik.dk\/de\/?s={search_term_string}"},"query-input":{"@type":"PropertyValueSpecification","valueRequired":true,"valueName":"search_term_string"}}],"inLanguage":"de"}]}},"_links":{"self":[{"href":"https:\/\/alsik.dk\/de\/wp-json\/wp\/v2\/pages\/5470","targetHints":{"allow":["GET"]}}],"collection":[{"href":"https:\/\/alsik.dk\/de\/wp-json\/wp\/v2\/pages"}],"about":[{"href":"https:\/\/alsik.dk\/de\/wp-json\/wp\/v2\/types\/page"}],"author":[{"embeddable":true,"href":"https:\/\/alsik.dk\/de\/wp-json\/wp\/v2\/users\/7"}],"replies":[{"embeddable":true,"href":"https:\/\/alsik.dk\/de\/wp-json\/wp\/v2\/comments?post=5470"}],"version-history":[{"count":5,"href":"https:\/\/alsik.dk\/de\/wp-json\/wp\/v2\/pages\/5470\/revisions"}],"predecessor-version":[{"id":8093,"href":"https:\/\/alsik.dk\/de\/wp-json\/wp\/v2\/pages\/5470\/revisions\/8093"}],"up":[{"embeddable":true,"href":"https:\/\/alsik.dk\/de\/wp-json\/wp\/v2\/pages\/5441"}],"wp:featuredmedia":[{"embeddable":true,"href":"https:\/\/alsik.dk\/de\/wp-json\/wp\/v2\/media\/5447"}],"wp:attachment":[{"href":"https:\/\/alsik.dk\/de\/wp-json\/wp\/v2\/media?parent=5470"}],"wp:term":[{"taxonomy":"post_tag","embeddable":true,"href":"https:\/\/alsik.dk\/de\/wp-json\/wp\/v2\/tags?post=5470"}],"curies":[{"name":"wp","href":"https:\/\/api.w.org\/{rel}","templated":true}]}}