{"id":5499,"date":"2020-09-11T12:49:11","date_gmt":"2020-09-11T10:49:11","guid":{"rendered":"http:\/\/alsik.dk\/?page_id=5499"},"modified":"2026-01-08T10:49:19","modified_gmt":"2026-01-08T09:49:19","slug":"tagungspauschalen","status":"publish","type":"page","link":"https:\/\/alsik.dk\/de\/tagung-events\/tagungspauschalen\/","title":{"rendered":"Tagungspauschalen"},"content":{"rendered":"<p>Im Alsik verleihen Sie Ihrer Veranstaltung Aussicht und Weitblick<\/p>\n<p>Am Tor zu Europa und dennoch nur 35 Minuten von Kopenhagen entfernt liegt das Hotel Alsik. Hier schaffen wir den perfekten Rahmen f\u00fcr Ihre Veranstaltung, ganz gleich ob es sich um Tagesmeetings, Messen, gr\u00f6\u00dfere Events oder mehrt\u00e4gige Konferenzen handelt. Wir achten liebevoll auf jedes Detail, um Ihnen ein ideales Konferenzerlebnis zu gew\u00e4hrleisten, das auf einzigartige Weise das Angenehme mit dem N\u00fctzlichen verbindet.<\/p>\n","protected":false},"excerpt":{"rendered":"<p>Im Hotel Alsik schaffen wir den perfekten Rahmen f\u00fcr Ihre Veranstaltung, ganz gleich ob es sich um Tagesmeetings, Messen, gr\u00f6\u00dfere Events oder mehrt\u00e4gige Konferenzen handelt.<\/p>\n","protected":false},"author":7,"featured_media":5483,"parent":5441,"menu_order":0,"comment_status":"closed","ping_status":"closed","template":"","meta":{"_acf_changed":false,"footnotes":""},"tags":[],"class_list":["post-5499","page","type-page","status-publish","has-post-thumbnail","hentry"],"acf":[],"yoast_head":"<!-- This site is optimized with the Yoast SEO plugin v24.3 - https:\/\/yoast.com\/wordpress\/plugins\/seo\/ -->\n<title>Tagungspauschalen | Alsik Hotel &amp; Spa<\/title>\n<meta name=\"robots\" content=\"index, follow, max-snippet:-1, max-image-preview:large, max-video-preview:-1\" \/>\n<link rel=\"canonical\" href=\"https:\/\/alsik.dk\/de\/tagung-events\/tagungspauschalen\/\" \/>\n<meta property=\"og:locale\" content=\"de_DE\" \/>\n<meta property=\"og:type\" content=\"article\" \/>\n<meta property=\"og:title\" content=\"Tagungspauschalen | Alsik Hotel &amp; Spa\" \/>\n<meta property=\"og:description\" content=\"Im Hotel Alsik schaffen wir den perfekten Rahmen f\u00fcr Ihre Veranstaltung, ganz gleich ob es sich um Tagesmeetings, Messen, gr\u00f6\u00dfere Events oder mehrt\u00e4gige Konferenzen handelt.\" \/>\n<meta property=\"og:url\" content=\"https:\/\/alsik.dk\/de\/tagung-events\/tagungspauschalen\/\" \/>\n<meta property=\"og:site_name\" content=\"Alsik Hotel &amp; Spa\" \/>\n<meta property=\"article:modified_time\" content=\"2026-01-08T09:49:19+00:00\" \/>\n<meta property=\"og:image\" content=\"https:\/\/alsik.dk\/wp-content\/uploads\/2020\/09\/ALISKKON_EDIT14of29.jpg\" \/>\n\t<meta property=\"og:image:width\" content=\"1024\" \/>\n\t<meta property=\"og:image:height\" content=\"683\" \/>\n\t<meta property=\"og:image:type\" content=\"image\/jpeg\" \/>\n<meta name=\"twitter:card\" content=\"summary_large_image\" \/>\n<meta name=\"twitter:label1\" content=\"Gesch\u00e4tzte Lesezeit\" \/>\n\t<meta name=\"twitter:data1\" content=\"1\u00a0Minute\" \/>\n<script type=\"application\/ld+json\" class=\"yoast-schema-graph\">{\"@context\":\"https:\/\/schema.org\",\"@graph\":[{\"@type\":\"WebPage\",\"@id\":\"https:\/\/alsik.dk\/de\/tagung-events\/tagungspauschalen\/\",\"url\":\"https:\/\/alsik.dk\/de\/tagung-events\/tagungspauschalen\/\",\"name\":\"Tagungspauschalen | Alsik Hotel &amp; Spa\",\"isPartOf\":{\"@id\":\"https:\/\/alsik.dk\/de\/#website\"},\"primaryImageOfPage\":{\"@id\":\"https:\/\/alsik.dk\/de\/tagung-events\/tagungspauschalen\/#primaryimage\"},\"image\":{\"@id\":\"https:\/\/alsik.dk\/de\/tagung-events\/tagungspauschalen\/#primaryimage\"},\"thumbnailUrl\":\"https:\/\/alsik.dk\/wp-content\/uploads\/2020\/09\/ALISKKON_EDIT14of29.jpg\",\"datePublished\":\"2020-09-11T10:49:11+00:00\",\"dateModified\":\"2026-01-08T09:49:19+00:00\",\"breadcrumb\":{\"@id\":\"https:\/\/alsik.dk\/de\/tagung-events\/tagungspauschalen\/#breadcrumb\"},\"inLanguage\":\"de\",\"potentialAction\":[{\"@type\":\"ReadAction\",\"target\":[\"https:\/\/alsik.dk\/de\/tagung-events\/tagungspauschalen\/\"]}]},{\"@type\":\"ImageObject\",\"inLanguage\":\"de\",\"@id\":\"https:\/\/alsik.dk\/de\/tagung-events\/tagungspauschalen\/#primaryimage\",\"url\":\"https:\/\/alsik.dk\/wp-content\/uploads\/2020\/09\/ALISKKON_EDIT14of29.jpg\",\"contentUrl\":\"https:\/\/alsik.dk\/wp-content\/uploads\/2020\/09\/ALISKKON_EDIT14of29.jpg\",\"width\":1024,\"height\":683,\"caption\":\"m\u00f8der og konferencer\"},{\"@type\":\"BreadcrumbList\",\"@id\":\"https:\/\/alsik.dk\/de\/tagung-events\/tagungspauschalen\/#breadcrumb\",\"itemListElement\":[{\"@type\":\"ListItem\",\"position\":1,\"name\":\"Hjem\",\"item\":\"https:\/\/alsik.dk\/de\/\"},{\"@type\":\"ListItem\",\"position\":2,\"name\":\"Tagung &#038; Events\",\"item\":\"https:\/\/alsik.dk\/de\/tagung-events\/\"},{\"@type\":\"ListItem\",\"position\":3,\"name\":\"Tagungspauschalen\"}]},{\"@type\":\"WebSite\",\"@id\":\"https:\/\/alsik.dk\/de\/#website\",\"url\":\"https:\/\/alsik.dk\/de\/\",\"name\":\"Alsik Hotel &amp; Spa\",\"description\":\"Alsik er et af Danmarks mest sp\u00e6ndende hoteller med stilfulde og topmoderne v\u00e6relser. Oplev Danmarks st\u00f8rste spa med flere end 60 forskellige spa- og wellnessoplevelser eller fork\u00e6l sanserne med gastronomi i s\u00e6rklasse i Alsiks tre restauranter.\",\"potentialAction\":[{\"@type\":\"SearchAction\",\"target\":{\"@type\":\"EntryPoint\",\"urlTemplate\":\"https:\/\/alsik.dk\/de\/?s={search_term_string}\"},\"query-input\":{\"@type\":\"PropertyValueSpecification\",\"valueRequired\":true,\"valueName\":\"search_term_string\"}}],\"inLanguage\":\"de\"}]}<\/script>\n<!-- \/ Yoast SEO plugin. -->","yoast_head_json":{"title":"Tagungspauschalen | Alsik Hotel &amp; Spa","robots":{"index":"index","follow":"follow","max-snippet":"max-snippet:-1","max-image-preview":"max-image-preview:large","max-video-preview":"max-video-preview:-1"},"canonical":"https:\/\/alsik.dk\/de\/tagung-events\/tagungspauschalen\/","og_locale":"de_DE","og_type":"article","og_title":"Tagungspauschalen | Alsik Hotel &amp; Spa","og_description":"Im Hotel Alsik schaffen wir den perfekten Rahmen f\u00fcr Ihre Veranstaltung, ganz gleich ob es sich um Tagesmeetings, Messen, gr\u00f6\u00dfere Events oder mehrt\u00e4gige Konferenzen handelt.","og_url":"https:\/\/alsik.dk\/de\/tagung-events\/tagungspauschalen\/","og_site_name":"Alsik Hotel &amp; Spa","article_modified_time":"2026-01-08T09:49:19+00:00","og_image":[{"width":1024,"height":683,"url":"https:\/\/alsik.dk\/wp-content\/uploads\/2020\/09\/ALISKKON_EDIT14of29.jpg","type":"image\/jpeg"}],"twitter_card":"summary_large_image","twitter_misc":{"Gesch\u00e4tzte Lesezeit":"1\u00a0Minute"},"schema":{"@context":"https:\/\/schema.org","@graph":[{"@type":"WebPage","@id":"https:\/\/alsik.dk\/de\/tagung-events\/tagungspauschalen\/","url":"https:\/\/alsik.dk\/de\/tagung-events\/tagungspauschalen\/","name":"Tagungspauschalen | Alsik Hotel &amp; Spa","isPartOf":{"@id":"https:\/\/alsik.dk\/de\/#website"},"primaryImageOfPage":{"@id":"https:\/\/alsik.dk\/de\/tagung-events\/tagungspauschalen\/#primaryimage"},"image":{"@id":"https:\/\/alsik.dk\/de\/tagung-events\/tagungspauschalen\/#primaryimage"},"thumbnailUrl":"https:\/\/alsik.dk\/wp-content\/uploads\/2020\/09\/ALISKKON_EDIT14of29.jpg","datePublished":"2020-09-11T10:49:11+00:00","dateModified":"2026-01-08T09:49:19+00:00","breadcrumb":{"@id":"https:\/\/alsik.dk\/de\/tagung-events\/tagungspauschalen\/#breadcrumb"},"inLanguage":"de","potentialAction":[{"@type":"ReadAction","target":["https:\/\/alsik.dk\/de\/tagung-events\/tagungspauschalen\/"]}]},{"@type":"ImageObject","inLanguage":"de","@id":"https:\/\/alsik.dk\/de\/tagung-events\/tagungspauschalen\/#primaryimage","url":"https:\/\/alsik.dk\/wp-content\/uploads\/2020\/09\/ALISKKON_EDIT14of29.jpg","contentUrl":"https:\/\/alsik.dk\/wp-content\/uploads\/2020\/09\/ALISKKON_EDIT14of29.jpg","width":1024,"height":683,"caption":"m\u00f8der og konferencer"},{"@type":"BreadcrumbList","@id":"https:\/\/alsik.dk\/de\/tagung-events\/tagungspauschalen\/#breadcrumb","itemListElement":[{"@type":"ListItem","position":1,"name":"Hjem","item":"https:\/\/alsik.dk\/de\/"},{"@type":"ListItem","position":2,"name":"Tagung &#038; Events","item":"https:\/\/alsik.dk\/de\/tagung-events\/"},{"@type":"ListItem","position":3,"name":"Tagungspauschalen"}]},{"@type":"WebSite","@id":"https:\/\/alsik.dk\/de\/#website","url":"https:\/\/alsik.dk\/de\/","name":"Alsik Hotel &amp; Spa","description":"Alsik er et af Danmarks mest sp\u00e6ndende hoteller med stilfulde og topmoderne v\u00e6relser. Oplev Danmarks st\u00f8rste spa med flere end 60 forskellige spa- og wellnessoplevelser eller fork\u00e6l sanserne med gastronomi i s\u00e6rklasse i Alsiks tre restauranter.","potentialAction":[{"@type":"SearchAction","target":{"@type":"EntryPoint","urlTemplate":"https:\/\/alsik.dk\/de\/?s={search_term_string}"},"query-input":{"@type":"PropertyValueSpecification","valueRequired":true,"valueName":"search_term_string"}}],"inLanguage":"de"}]}},"_links":{"self":[{"href":"https:\/\/alsik.dk\/de\/wp-json\/wp\/v2\/pages\/5499","targetHints":{"allow":["GET"]}}],"collection":[{"href":"https:\/\/alsik.dk\/de\/wp-json\/wp\/v2\/pages"}],"about":[{"href":"https:\/\/alsik.dk\/de\/wp-json\/wp\/v2\/types\/page"}],"author":[{"embeddable":true,"href":"https:\/\/alsik.dk\/de\/wp-json\/wp\/v2\/users\/7"}],"replies":[{"embeddable":true,"href":"https:\/\/alsik.dk\/de\/wp-json\/wp\/v2\/comments?post=5499"}],"version-history":[{"count":17,"href":"https:\/\/alsik.dk\/de\/wp-json\/wp\/v2\/pages\/5499\/revisions"}],"predecessor-version":[{"id":17462,"href":"https:\/\/alsik.dk\/de\/wp-json\/wp\/v2\/pages\/5499\/revisions\/17462"}],"up":[{"embeddable":true,"href":"https:\/\/alsik.dk\/de\/wp-json\/wp\/v2\/pages\/5441"}],"wp:featuredmedia":[{"embeddable":true,"href":"https:\/\/alsik.dk\/de\/wp-json\/wp\/v2\/media\/5483"}],"wp:attachment":[{"href":"https:\/\/alsik.dk\/de\/wp-json\/wp\/v2\/media?parent=5499"}],"wp:term":[{"taxonomy":"post_tag","embeddable":true,"href":"https:\/\/alsik.dk\/de\/wp-json\/wp\/v2\/tags?post=5499"}],"curies":[{"name":"wp","href":"https:\/\/api.w.org\/{rel}","templated":true}]}}