{"id":5522,"date":"2020-09-11T13:05:09","date_gmt":"2020-09-11T11:05:09","guid":{"rendered":"http:\/\/alsik.dk\/?page_id=5522"},"modified":"2025-12-18T09:24:04","modified_gmt":"2025-12-18T08:24:04","slug":"verpflegung-der-spitzenklasse","status":"publish","type":"page","link":"https:\/\/alsik.dk\/de\/tagung-events\/verpflegung-der-spitzenklasse\/","title":{"rendered":"Verpflegung der spitzenklasse"},"content":{"rendered":"<p>Die Verpflegung ist ein wichtiger Aspekt jeder erfolgreichen gesch\u00e4ftlichen Veranstaltung, egal ob es sich nur um ein halbt\u00e4giges Arbeitstreffen, eine vertrauliche Sitzung im exklusiven Boardroom des Alsik, eine mehrt\u00e4gige Konferenz oder einen ganz anderen Anlass handelt.<\/p>\n<p>Ungeachtet der Art oder Dauer Ihrer Veranstaltung haben wir definitiv den Ehrgeiz, das kulinarische i-T\u00fcpfelchen dar\u00fcber zu setzen, das zum perfekten Gesamterlebnis einer erfolgreichen Veranstaltung dazugeh\u00f6rt.<\/p>\n","protected":false},"excerpt":{"rendered":"<p>W\u00e4hrend Ihrer ganzen Veranstaltung steht das Alsik-Kochteam zur Verf\u00fcgung, um jede einzelne Pause sowie das Mittag- und Abendessen zu einem kulinarischen Hochgenuss zu machen.<\/p>\n","protected":false},"author":7,"featured_media":5509,"parent":5441,"menu_order":0,"comment_status":"closed","ping_status":"closed","template":"","meta":{"_acf_changed":false,"footnotes":""},"tags":[],"class_list":["post-5522","page","type-page","status-publish","has-post-thumbnail","hentry"],"acf":[],"yoast_head":"<!-- This site is optimized with the Yoast SEO plugin v24.3 - https:\/\/yoast.com\/wordpress\/plugins\/seo\/ -->\n<title>Verpflegung der spitzenklasse | Alsik Hotel &amp; Spa<\/title>\n<meta name=\"robots\" content=\"index, follow, max-snippet:-1, max-image-preview:large, max-video-preview:-1\" \/>\n<link rel=\"canonical\" href=\"https:\/\/alsik.dk\/de\/tagung-events\/verpflegung-der-spitzenklasse\/\" \/>\n<meta property=\"og:locale\" content=\"de_DE\" \/>\n<meta property=\"og:type\" content=\"article\" \/>\n<meta property=\"og:title\" content=\"Verpflegung der spitzenklasse | Alsik Hotel &amp; Spa\" \/>\n<meta property=\"og:description\" content=\"W\u00e4hrend Ihrer ganzen Veranstaltung steht das Alsik-Kochteam zur Verf\u00fcgung, um jede einzelne Pause sowie das Mittag- und Abendessen zu einem kulinarischen Hochgenuss zu machen.\" \/>\n<meta property=\"og:url\" content=\"https:\/\/alsik.dk\/de\/tagung-events\/verpflegung-der-spitzenklasse\/\" \/>\n<meta property=\"og:site_name\" content=\"Alsik Hotel &amp; Spa\" \/>\n<meta property=\"article:modified_time\" content=\"2025-12-18T08:24:04+00:00\" \/>\n<meta property=\"og:image\" content=\"https:\/\/alsik.dk\/wp-content\/uploads\/2020\/09\/smoerrebroed2.jpg\" \/>\n\t<meta property=\"og:image:width\" content=\"1682\" \/>\n\t<meta property=\"og:image:height\" content=\"2523\" \/>\n\t<meta property=\"og:image:type\" content=\"image\/jpeg\" \/>\n<meta name=\"twitter:card\" content=\"summary_large_image\" \/>\n<meta name=\"twitter:label1\" content=\"Gesch\u00e4tzte Lesezeit\" \/>\n\t<meta name=\"twitter:data1\" content=\"1\u00a0Minute\" \/>\n<script type=\"application\/ld+json\" class=\"yoast-schema-graph\">{\"@context\":\"https:\/\/schema.org\",\"@graph\":[{\"@type\":\"WebPage\",\"@id\":\"https:\/\/alsik.dk\/de\/tagung-events\/verpflegung-der-spitzenklasse\/\",\"url\":\"https:\/\/alsik.dk\/de\/tagung-events\/verpflegung-der-spitzenklasse\/\",\"name\":\"Verpflegung der spitzenklasse | Alsik Hotel &amp; Spa\",\"isPartOf\":{\"@id\":\"https:\/\/alsik.dk\/de\/#website\"},\"primaryImageOfPage\":{\"@id\":\"https:\/\/alsik.dk\/de\/tagung-events\/verpflegung-der-spitzenklasse\/#primaryimage\"},\"image\":{\"@id\":\"https:\/\/alsik.dk\/de\/tagung-events\/verpflegung-der-spitzenklasse\/#primaryimage\"},\"thumbnailUrl\":\"https:\/\/alsik.dk\/wp-content\/uploads\/2020\/09\/smoerrebroed2.jpg\",\"datePublished\":\"2020-09-11T11:05:09+00:00\",\"dateModified\":\"2025-12-18T08:24:04+00:00\",\"breadcrumb\":{\"@id\":\"https:\/\/alsik.dk\/de\/tagung-events\/verpflegung-der-spitzenklasse\/#breadcrumb\"},\"inLanguage\":\"de\",\"potentialAction\":[{\"@type\":\"ReadAction\",\"target\":[\"https:\/\/alsik.dk\/de\/tagung-events\/verpflegung-der-spitzenklasse\/\"]}]},{\"@type\":\"ImageObject\",\"inLanguage\":\"de\",\"@id\":\"https:\/\/alsik.dk\/de\/tagung-events\/verpflegung-der-spitzenklasse\/#primaryimage\",\"url\":\"https:\/\/alsik.dk\/wp-content\/uploads\/2020\/09\/smoerrebroed2.jpg\",\"contentUrl\":\"https:\/\/alsik.dk\/wp-content\/uploads\/2020\/09\/smoerrebroed2.jpg\",\"width\":1682,\"height\":2523,\"caption\":\"Sm\u00f8rrebr\u00f8d\"},{\"@type\":\"BreadcrumbList\",\"@id\":\"https:\/\/alsik.dk\/de\/tagung-events\/verpflegung-der-spitzenklasse\/#breadcrumb\",\"itemListElement\":[{\"@type\":\"ListItem\",\"position\":1,\"name\":\"Hjem\",\"item\":\"https:\/\/alsik.dk\/de\/\"},{\"@type\":\"ListItem\",\"position\":2,\"name\":\"Tagung &#038; Events\",\"item\":\"https:\/\/alsik.dk\/de\/tagung-events\/\"},{\"@type\":\"ListItem\",\"position\":3,\"name\":\"Verpflegung der spitzenklasse\"}]},{\"@type\":\"WebSite\",\"@id\":\"https:\/\/alsik.dk\/de\/#website\",\"url\":\"https:\/\/alsik.dk\/de\/\",\"name\":\"Alsik Hotel &amp; Spa\",\"description\":\"Alsik er et af Danmarks mest sp\u00e6ndende hoteller med stilfulde og topmoderne v\u00e6relser. Oplev Danmarks st\u00f8rste spa med flere end 60 forskellige spa- og wellnessoplevelser eller fork\u00e6l sanserne med gastronomi i s\u00e6rklasse i Alsiks tre restauranter.\",\"potentialAction\":[{\"@type\":\"SearchAction\",\"target\":{\"@type\":\"EntryPoint\",\"urlTemplate\":\"https:\/\/alsik.dk\/de\/?s={search_term_string}\"},\"query-input\":{\"@type\":\"PropertyValueSpecification\",\"valueRequired\":true,\"valueName\":\"search_term_string\"}}],\"inLanguage\":\"de\"}]}<\/script>\n<!-- \/ Yoast SEO plugin. -->","yoast_head_json":{"title":"Verpflegung der spitzenklasse | Alsik Hotel &amp; Spa","robots":{"index":"index","follow":"follow","max-snippet":"max-snippet:-1","max-image-preview":"max-image-preview:large","max-video-preview":"max-video-preview:-1"},"canonical":"https:\/\/alsik.dk\/de\/tagung-events\/verpflegung-der-spitzenklasse\/","og_locale":"de_DE","og_type":"article","og_title":"Verpflegung der spitzenklasse | Alsik Hotel &amp; Spa","og_description":"W\u00e4hrend Ihrer ganzen Veranstaltung steht das Alsik-Kochteam zur Verf\u00fcgung, um jede einzelne Pause sowie das Mittag- und Abendessen zu einem kulinarischen Hochgenuss zu machen.","og_url":"https:\/\/alsik.dk\/de\/tagung-events\/verpflegung-der-spitzenklasse\/","og_site_name":"Alsik Hotel &amp; Spa","article_modified_time":"2025-12-18T08:24:04+00:00","og_image":[{"width":1682,"height":2523,"url":"https:\/\/alsik.dk\/wp-content\/uploads\/2020\/09\/smoerrebroed2.jpg","type":"image\/jpeg"}],"twitter_card":"summary_large_image","twitter_misc":{"Gesch\u00e4tzte Lesezeit":"1\u00a0Minute"},"schema":{"@context":"https:\/\/schema.org","@graph":[{"@type":"WebPage","@id":"https:\/\/alsik.dk\/de\/tagung-events\/verpflegung-der-spitzenklasse\/","url":"https:\/\/alsik.dk\/de\/tagung-events\/verpflegung-der-spitzenklasse\/","name":"Verpflegung der spitzenklasse | Alsik Hotel &amp; Spa","isPartOf":{"@id":"https:\/\/alsik.dk\/de\/#website"},"primaryImageOfPage":{"@id":"https:\/\/alsik.dk\/de\/tagung-events\/verpflegung-der-spitzenklasse\/#primaryimage"},"image":{"@id":"https:\/\/alsik.dk\/de\/tagung-events\/verpflegung-der-spitzenklasse\/#primaryimage"},"thumbnailUrl":"https:\/\/alsik.dk\/wp-content\/uploads\/2020\/09\/smoerrebroed2.jpg","datePublished":"2020-09-11T11:05:09+00:00","dateModified":"2025-12-18T08:24:04+00:00","breadcrumb":{"@id":"https:\/\/alsik.dk\/de\/tagung-events\/verpflegung-der-spitzenklasse\/#breadcrumb"},"inLanguage":"de","potentialAction":[{"@type":"ReadAction","target":["https:\/\/alsik.dk\/de\/tagung-events\/verpflegung-der-spitzenklasse\/"]}]},{"@type":"ImageObject","inLanguage":"de","@id":"https:\/\/alsik.dk\/de\/tagung-events\/verpflegung-der-spitzenklasse\/#primaryimage","url":"https:\/\/alsik.dk\/wp-content\/uploads\/2020\/09\/smoerrebroed2.jpg","contentUrl":"https:\/\/alsik.dk\/wp-content\/uploads\/2020\/09\/smoerrebroed2.jpg","width":1682,"height":2523,"caption":"Sm\u00f8rrebr\u00f8d"},{"@type":"BreadcrumbList","@id":"https:\/\/alsik.dk\/de\/tagung-events\/verpflegung-der-spitzenklasse\/#breadcrumb","itemListElement":[{"@type":"ListItem","position":1,"name":"Hjem","item":"https:\/\/alsik.dk\/de\/"},{"@type":"ListItem","position":2,"name":"Tagung &#038; Events","item":"https:\/\/alsik.dk\/de\/tagung-events\/"},{"@type":"ListItem","position":3,"name":"Verpflegung der spitzenklasse"}]},{"@type":"WebSite","@id":"https:\/\/alsik.dk\/de\/#website","url":"https:\/\/alsik.dk\/de\/","name":"Alsik Hotel &amp; Spa","description":"Alsik er et af Danmarks mest sp\u00e6ndende hoteller med stilfulde og topmoderne v\u00e6relser. Oplev Danmarks st\u00f8rste spa med flere end 60 forskellige spa- og wellnessoplevelser eller fork\u00e6l sanserne med gastronomi i s\u00e6rklasse i Alsiks tre restauranter.","potentialAction":[{"@type":"SearchAction","target":{"@type":"EntryPoint","urlTemplate":"https:\/\/alsik.dk\/de\/?s={search_term_string}"},"query-input":{"@type":"PropertyValueSpecification","valueRequired":true,"valueName":"search_term_string"}}],"inLanguage":"de"}]}},"_links":{"self":[{"href":"https:\/\/alsik.dk\/de\/wp-json\/wp\/v2\/pages\/5522","targetHints":{"allow":["GET"]}}],"collection":[{"href":"https:\/\/alsik.dk\/de\/wp-json\/wp\/v2\/pages"}],"about":[{"href":"https:\/\/alsik.dk\/de\/wp-json\/wp\/v2\/types\/page"}],"author":[{"embeddable":true,"href":"https:\/\/alsik.dk\/de\/wp-json\/wp\/v2\/users\/7"}],"replies":[{"embeddable":true,"href":"https:\/\/alsik.dk\/de\/wp-json\/wp\/v2\/comments?post=5522"}],"version-history":[{"count":10,"href":"https:\/\/alsik.dk\/de\/wp-json\/wp\/v2\/pages\/5522\/revisions"}],"predecessor-version":[{"id":17309,"href":"https:\/\/alsik.dk\/de\/wp-json\/wp\/v2\/pages\/5522\/revisions\/17309"}],"up":[{"embeddable":true,"href":"https:\/\/alsik.dk\/de\/wp-json\/wp\/v2\/pages\/5441"}],"wp:featuredmedia":[{"embeddable":true,"href":"https:\/\/alsik.dk\/de\/wp-json\/wp\/v2\/media\/5509"}],"wp:attachment":[{"href":"https:\/\/alsik.dk\/de\/wp-json\/wp\/v2\/media?parent=5522"}],"wp:term":[{"taxonomy":"post_tag","embeddable":true,"href":"https:\/\/alsik.dk\/de\/wp-json\/wp\/v2\/tags?post=5522"}],"curies":[{"name":"wp","href":"https:\/\/api.w.org\/{rel}","templated":true}]}}