{"id":5559,"date":"2020-09-11T14:05:24","date_gmt":"2020-09-11T12:05:24","guid":{"rendered":"http:\/\/alsik.dk\/?page_id=5559"},"modified":"2021-10-22T09:57:28","modified_gmt":"2021-10-22T07:57:28","slug":"perfekte-lage-mit-vielen-moeglichkeiten","status":"publish","type":"page","link":"https:\/\/alsik.dk\/de\/tagung-events\/perfekte-lage-mit-vielen-moeglichkeiten\/","title":{"rendered":"Perfekte lage mit vielen m\u00f6glichkeiten"},"content":{"rendered":"<h3>Das Tor nach Europa<\/h3>\n<p>Das Alsik und S\u00f8nderborg erfreuen sich einer idealen Lage am Tor nach Europa, wo Skandinavien und Kontinentaleuropa sich begegnen und eine bedeutende Verbindung eingehen. Gro\u00dfst\u00e4dte wie Flensburg, Hamburg und Kiel sind uns eng benachbart, w\u00e4hrend die hoch entwickelte Infrastruktur auch andere Metropolen wie Berlin und Kopenhagen nah heranr\u00fcckt.<\/p>\n","protected":false},"excerpt":{"rendered":"<p>Das Alsik im Herzen der deutsch-d\u00e4nischen Grenzregion ist leicht zu erreichen. Hier werden Ihnen ganz neue M\u00f6glichkeiten und frische Inspiration in fantastischer Umgebung geboten.<\/p>\n","protected":false},"author":7,"featured_media":5547,"parent":5441,"menu_order":0,"comment_status":"closed","ping_status":"closed","template":"","meta":{"_acf_changed":false,"footnotes":""},"tags":[],"class_list":["post-5559","page","type-page","status-publish","has-post-thumbnail","hentry"],"acf":[],"yoast_head":"<!-- This site is optimized with the Yoast SEO plugin v24.3 - https:\/\/yoast.com\/wordpress\/plugins\/seo\/ -->\n<title>Perfekte lage mit m\u00f6glichkeiten | Alsik Hotel &amp; Spa<\/title>\n<meta name=\"description\" content=\"Das Alsik und S\u00f8nderborg erfreuen sich einer idealen Lage am Tor nach Europa, wo Skandinavien und Kontinentaleuropa sich begegnen.\" \/>\n<meta name=\"robots\" content=\"index, follow, max-snippet:-1, max-image-preview:large, max-video-preview:-1\" \/>\n<link rel=\"canonical\" href=\"https:\/\/alsik.dk\/de\/tagung-events\/perfekte-lage-mit-vielen-moeglichkeiten\/\" \/>\n<meta property=\"og:locale\" content=\"de_DE\" \/>\n<meta property=\"og:type\" content=\"article\" \/>\n<meta property=\"og:title\" content=\"Perfekte lage mit m\u00f6glichkeiten | Alsik Hotel &amp; Spa\" \/>\n<meta property=\"og:description\" content=\"Das Alsik und S\u00f8nderborg erfreuen sich einer idealen Lage am Tor nach Europa, wo Skandinavien und Kontinentaleuropa sich begegnen.\" \/>\n<meta property=\"og:url\" content=\"https:\/\/alsik.dk\/de\/tagung-events\/perfekte-lage-mit-vielen-moeglichkeiten\/\" \/>\n<meta property=\"og:site_name\" content=\"Alsik Hotel &amp; Spa\" \/>\n<meta property=\"article:modified_time\" content=\"2021-10-22T07:57:28+00:00\" \/>\n<meta property=\"og:image\" content=\"https:\/\/alsik.dk\/wp-content\/uploads\/2020\/09\/alsie_express_fly-scaled.jpg\" \/>\n\t<meta property=\"og:image:width\" content=\"2560\" \/>\n\t<meta property=\"og:image:height\" content=\"1706\" \/>\n\t<meta property=\"og:image:type\" content=\"image\/jpeg\" \/>\n<meta name=\"twitter:card\" content=\"summary_large_image\" \/>\n<script type=\"application\/ld+json\" class=\"yoast-schema-graph\">{\"@context\":\"https:\/\/schema.org\",\"@graph\":[{\"@type\":\"WebPage\",\"@id\":\"https:\/\/alsik.dk\/de\/tagung-events\/perfekte-lage-mit-vielen-moeglichkeiten\/\",\"url\":\"https:\/\/alsik.dk\/de\/tagung-events\/perfekte-lage-mit-vielen-moeglichkeiten\/\",\"name\":\"Perfekte lage mit m\u00f6glichkeiten | Alsik Hotel &amp; Spa\",\"isPartOf\":{\"@id\":\"https:\/\/alsik.dk\/de\/#website\"},\"primaryImageOfPage\":{\"@id\":\"https:\/\/alsik.dk\/de\/tagung-events\/perfekte-lage-mit-vielen-moeglichkeiten\/#primaryimage\"},\"image\":{\"@id\":\"https:\/\/alsik.dk\/de\/tagung-events\/perfekte-lage-mit-vielen-moeglichkeiten\/#primaryimage\"},\"thumbnailUrl\":\"https:\/\/alsik.dk\/wp-content\/uploads\/2020\/09\/alsie_express_fly-scaled.jpg\",\"datePublished\":\"2020-09-11T12:05:24+00:00\",\"dateModified\":\"2021-10-22T07:57:28+00:00\",\"description\":\"Das Alsik und S\u00f8nderborg erfreuen sich einer idealen Lage am Tor nach Europa, wo Skandinavien und Kontinentaleuropa sich begegnen.\",\"breadcrumb\":{\"@id\":\"https:\/\/alsik.dk\/de\/tagung-events\/perfekte-lage-mit-vielen-moeglichkeiten\/#breadcrumb\"},\"inLanguage\":\"de\",\"potentialAction\":[{\"@type\":\"ReadAction\",\"target\":[\"https:\/\/alsik.dk\/de\/tagung-events\/perfekte-lage-mit-vielen-moeglichkeiten\/\"]}]},{\"@type\":\"ImageObject\",\"inLanguage\":\"de\",\"@id\":\"https:\/\/alsik.dk\/de\/tagung-events\/perfekte-lage-mit-vielen-moeglichkeiten\/#primaryimage\",\"url\":\"https:\/\/alsik.dk\/wp-content\/uploads\/2020\/09\/alsie_express_fly-scaled.jpg\",\"contentUrl\":\"https:\/\/alsik.dk\/wp-content\/uploads\/2020\/09\/alsie_express_fly-scaled.jpg\",\"width\":2560,\"height\":1706,\"caption\":\"Alsie Express\"},{\"@type\":\"BreadcrumbList\",\"@id\":\"https:\/\/alsik.dk\/de\/tagung-events\/perfekte-lage-mit-vielen-moeglichkeiten\/#breadcrumb\",\"itemListElement\":[{\"@type\":\"ListItem\",\"position\":1,\"name\":\"Hjem\",\"item\":\"https:\/\/alsik.dk\/de\/\"},{\"@type\":\"ListItem\",\"position\":2,\"name\":\"Tagung &#038; Events\",\"item\":\"https:\/\/alsik.dk\/de\/tagung-events\/\"},{\"@type\":\"ListItem\",\"position\":3,\"name\":\"Perfekte lage mit vielen m\u00f6glichkeiten\"}]},{\"@type\":\"WebSite\",\"@id\":\"https:\/\/alsik.dk\/de\/#website\",\"url\":\"https:\/\/alsik.dk\/de\/\",\"name\":\"Alsik Hotel &amp; Spa\",\"description\":\"Alsik er et af Danmarks mest sp\u00e6ndende hoteller med stilfulde og topmoderne v\u00e6relser. Oplev Danmarks st\u00f8rste spa med flere end 60 forskellige spa- og wellnessoplevelser eller fork\u00e6l sanserne med gastronomi i s\u00e6rklasse i Alsiks tre restauranter.\",\"potentialAction\":[{\"@type\":\"SearchAction\",\"target\":{\"@type\":\"EntryPoint\",\"urlTemplate\":\"https:\/\/alsik.dk\/de\/?s={search_term_string}\"},\"query-input\":{\"@type\":\"PropertyValueSpecification\",\"valueRequired\":true,\"valueName\":\"search_term_string\"}}],\"inLanguage\":\"de\"}]}<\/script>\n<!-- \/ Yoast SEO plugin. -->","yoast_head_json":{"title":"Perfekte lage mit m\u00f6glichkeiten | Alsik Hotel &amp; Spa","description":"Das Alsik und S\u00f8nderborg erfreuen sich einer idealen Lage am Tor nach Europa, wo Skandinavien und Kontinentaleuropa sich begegnen.","robots":{"index":"index","follow":"follow","max-snippet":"max-snippet:-1","max-image-preview":"max-image-preview:large","max-video-preview":"max-video-preview:-1"},"canonical":"https:\/\/alsik.dk\/de\/tagung-events\/perfekte-lage-mit-vielen-moeglichkeiten\/","og_locale":"de_DE","og_type":"article","og_title":"Perfekte lage mit m\u00f6glichkeiten | Alsik Hotel &amp; Spa","og_description":"Das Alsik und S\u00f8nderborg erfreuen sich einer idealen Lage am Tor nach Europa, wo Skandinavien und Kontinentaleuropa sich begegnen.","og_url":"https:\/\/alsik.dk\/de\/tagung-events\/perfekte-lage-mit-vielen-moeglichkeiten\/","og_site_name":"Alsik Hotel &amp; Spa","article_modified_time":"2021-10-22T07:57:28+00:00","og_image":[{"width":2560,"height":1706,"url":"https:\/\/alsik.dk\/wp-content\/uploads\/2020\/09\/alsie_express_fly-scaled.jpg","type":"image\/jpeg"}],"twitter_card":"summary_large_image","schema":{"@context":"https:\/\/schema.org","@graph":[{"@type":"WebPage","@id":"https:\/\/alsik.dk\/de\/tagung-events\/perfekte-lage-mit-vielen-moeglichkeiten\/","url":"https:\/\/alsik.dk\/de\/tagung-events\/perfekte-lage-mit-vielen-moeglichkeiten\/","name":"Perfekte lage mit m\u00f6glichkeiten | Alsik Hotel &amp; Spa","isPartOf":{"@id":"https:\/\/alsik.dk\/de\/#website"},"primaryImageOfPage":{"@id":"https:\/\/alsik.dk\/de\/tagung-events\/perfekte-lage-mit-vielen-moeglichkeiten\/#primaryimage"},"image":{"@id":"https:\/\/alsik.dk\/de\/tagung-events\/perfekte-lage-mit-vielen-moeglichkeiten\/#primaryimage"},"thumbnailUrl":"https:\/\/alsik.dk\/wp-content\/uploads\/2020\/09\/alsie_express_fly-scaled.jpg","datePublished":"2020-09-11T12:05:24+00:00","dateModified":"2021-10-22T07:57:28+00:00","description":"Das Alsik und S\u00f8nderborg erfreuen sich einer idealen Lage am Tor nach Europa, wo Skandinavien und Kontinentaleuropa sich begegnen.","breadcrumb":{"@id":"https:\/\/alsik.dk\/de\/tagung-events\/perfekte-lage-mit-vielen-moeglichkeiten\/#breadcrumb"},"inLanguage":"de","potentialAction":[{"@type":"ReadAction","target":["https:\/\/alsik.dk\/de\/tagung-events\/perfekte-lage-mit-vielen-moeglichkeiten\/"]}]},{"@type":"ImageObject","inLanguage":"de","@id":"https:\/\/alsik.dk\/de\/tagung-events\/perfekte-lage-mit-vielen-moeglichkeiten\/#primaryimage","url":"https:\/\/alsik.dk\/wp-content\/uploads\/2020\/09\/alsie_express_fly-scaled.jpg","contentUrl":"https:\/\/alsik.dk\/wp-content\/uploads\/2020\/09\/alsie_express_fly-scaled.jpg","width":2560,"height":1706,"caption":"Alsie Express"},{"@type":"BreadcrumbList","@id":"https:\/\/alsik.dk\/de\/tagung-events\/perfekte-lage-mit-vielen-moeglichkeiten\/#breadcrumb","itemListElement":[{"@type":"ListItem","position":1,"name":"Hjem","item":"https:\/\/alsik.dk\/de\/"},{"@type":"ListItem","position":2,"name":"Tagung &#038; Events","item":"https:\/\/alsik.dk\/de\/tagung-events\/"},{"@type":"ListItem","position":3,"name":"Perfekte lage mit vielen m\u00f6glichkeiten"}]},{"@type":"WebSite","@id":"https:\/\/alsik.dk\/de\/#website","url":"https:\/\/alsik.dk\/de\/","name":"Alsik Hotel &amp; Spa","description":"Alsik er et af Danmarks mest sp\u00e6ndende hoteller med stilfulde og topmoderne v\u00e6relser. Oplev Danmarks st\u00f8rste spa med flere end 60 forskellige spa- og wellnessoplevelser eller fork\u00e6l sanserne med gastronomi i s\u00e6rklasse i Alsiks tre restauranter.","potentialAction":[{"@type":"SearchAction","target":{"@type":"EntryPoint","urlTemplate":"https:\/\/alsik.dk\/de\/?s={search_term_string}"},"query-input":{"@type":"PropertyValueSpecification","valueRequired":true,"valueName":"search_term_string"}}],"inLanguage":"de"}]}},"_links":{"self":[{"href":"https:\/\/alsik.dk\/de\/wp-json\/wp\/v2\/pages\/5559","targetHints":{"allow":["GET"]}}],"collection":[{"href":"https:\/\/alsik.dk\/de\/wp-json\/wp\/v2\/pages"}],"about":[{"href":"https:\/\/alsik.dk\/de\/wp-json\/wp\/v2\/types\/page"}],"author":[{"embeddable":true,"href":"https:\/\/alsik.dk\/de\/wp-json\/wp\/v2\/users\/7"}],"replies":[{"embeddable":true,"href":"https:\/\/alsik.dk\/de\/wp-json\/wp\/v2\/comments?post=5559"}],"version-history":[{"count":6,"href":"https:\/\/alsik.dk\/de\/wp-json\/wp\/v2\/pages\/5559\/revisions"}],"predecessor-version":[{"id":6693,"href":"https:\/\/alsik.dk\/de\/wp-json\/wp\/v2\/pages\/5559\/revisions\/6693"}],"up":[{"embeddable":true,"href":"https:\/\/alsik.dk\/de\/wp-json\/wp\/v2\/pages\/5441"}],"wp:featuredmedia":[{"embeddable":true,"href":"https:\/\/alsik.dk\/de\/wp-json\/wp\/v2\/media\/5547"}],"wp:attachment":[{"href":"https:\/\/alsik.dk\/de\/wp-json\/wp\/v2\/media?parent=5559"}],"wp:term":[{"taxonomy":"post_tag","embeddable":true,"href":"https:\/\/alsik.dk\/de\/wp-json\/wp\/v2\/tags?post=5559"}],"curies":[{"name":"wp","href":"https:\/\/api.w.org\/{rel}","templated":true}]}}