{"id":5570,"date":"2020-09-11T14:21:04","date_gmt":"2020-09-11T12:21:04","guid":{"rendered":"http:\/\/alsik.dk\/?page_id=5570"},"modified":"2026-04-07T10:47:35","modified_gmt":"2026-04-07T08:47:35","slug":"urlaub-specials","status":"publish","type":"page","link":"https:\/\/alsik.dk\/de\/urlaub-specials\/","title":{"rendered":"Genie\u00dfen Sie ein Urlaubs-Special im Alsik!"},"content":{"rendered":"","protected":false},"excerpt":{"rendered":"<p>Im Alsik erwartet Sie eine F\u00fclle erfreulicher Erlebnisse. Reservieren Sie ein paar Tage im Kalender und verw\u00f6hnen Sie sich und Ihren Lieblingsmenschen mit einem Urlaubs-Special im Alsik. Informieren Sie sich \u00fcber unsere sch\u00f6nen Angebote und finden Sie genau das, was zu Ihnen passt und wovon Sie tr\u00e4umen.<\/p>\n","protected":false},"author":7,"featured_media":15349,"parent":0,"menu_order":0,"comment_status":"closed","ping_status":"closed","template":"","meta":{"_acf_changed":false,"footnotes":""},"tags":[],"class_list":["post-5570","page","type-page","status-publish","has-post-thumbnail","hentry"],"acf":[],"yoast_head":"<!-- This site is optimized with the Yoast SEO plugin v24.3 - https:\/\/yoast.com\/wordpress\/plugins\/seo\/ -->\n<title>Genie\u00dfen Sie ein Urlaubs-Special im Alsik!<\/title>\n<meta name=\"description\" content=\"Informieren Sie sich \u00fcber unsere sch\u00f6nen Angebote und finden Sie genau das, was zu Ihnen passt und wovon Sie tr\u00e4umen.\" \/>\n<meta name=\"robots\" content=\"index, follow, max-snippet:-1, max-image-preview:large, max-video-preview:-1\" \/>\n<link rel=\"canonical\" href=\"https:\/\/alsik.dk\/de\/urlaub-specials\/\" \/>\n<meta property=\"og:locale\" content=\"de_DE\" \/>\n<meta property=\"og:type\" content=\"article\" \/>\n<meta property=\"og:title\" content=\"Genie\u00dfen Sie ein Urlaubs-Special im Alsik!\" \/>\n<meta property=\"og:description\" content=\"Informieren Sie sich \u00fcber unsere sch\u00f6nen Angebote und finden Sie genau das, was zu Ihnen passt und wovon Sie tr\u00e4umen.\" \/>\n<meta property=\"og:url\" content=\"https:\/\/alsik.dk\/de\/urlaub-specials\/\" \/>\n<meta property=\"og:site_name\" content=\"Alsik Hotel &amp; Spa\" \/>\n<meta property=\"article:modified_time\" content=\"2026-04-07T08:47:35+00:00\" \/>\n<meta property=\"og:image\" content=\"https:\/\/alsik.dk\/wp-content\/uploads\/2025\/01\/Alsik-ophold-jesper-rais.jpg\" \/>\n\t<meta property=\"og:image:width\" content=\"2200\" \/>\n\t<meta property=\"og:image:height\" content=\"1467\" \/>\n\t<meta property=\"og:image:type\" content=\"image\/jpeg\" \/>\n<meta name=\"twitter:card\" content=\"summary_large_image\" \/>\n<meta name=\"twitter:label1\" content=\"Gesch\u00e4tzte Lesezeit\" \/>\n\t<meta name=\"twitter:data1\" content=\"1\u00a0Minute\" \/>\n<script type=\"application\/ld+json\" class=\"yoast-schema-graph\">{\"@context\":\"https:\/\/schema.org\",\"@graph\":[{\"@type\":\"WebPage\",\"@id\":\"https:\/\/alsik.dk\/de\/urlaub-specials\/\",\"url\":\"https:\/\/alsik.dk\/de\/urlaub-specials\/\",\"name\":\"Genie\u00dfen Sie ein Urlaubs-Special im Alsik!\",\"isPartOf\":{\"@id\":\"https:\/\/alsik.dk\/de\/#website\"},\"primaryImageOfPage\":{\"@id\":\"https:\/\/alsik.dk\/de\/urlaub-specials\/#primaryimage\"},\"image\":{\"@id\":\"https:\/\/alsik.dk\/de\/urlaub-specials\/#primaryimage\"},\"thumbnailUrl\":\"https:\/\/alsik.dk\/wp-content\/uploads\/2025\/01\/Alsik-ophold-jesper-rais.jpg\",\"datePublished\":\"2020-09-11T12:21:04+00:00\",\"dateModified\":\"2026-04-07T08:47:35+00:00\",\"description\":\"Informieren Sie sich \u00fcber unsere sch\u00f6nen Angebote und finden Sie genau das, was zu Ihnen passt und wovon Sie tr\u00e4umen.\",\"breadcrumb\":{\"@id\":\"https:\/\/alsik.dk\/de\/urlaub-specials\/#breadcrumb\"},\"inLanguage\":\"de\",\"potentialAction\":[{\"@type\":\"ReadAction\",\"target\":[\"https:\/\/alsik.dk\/de\/urlaub-specials\/\"]}]},{\"@type\":\"ImageObject\",\"inLanguage\":\"de\",\"@id\":\"https:\/\/alsik.dk\/de\/urlaub-specials\/#primaryimage\",\"url\":\"https:\/\/alsik.dk\/wp-content\/uploads\/2025\/01\/Alsik-ophold-jesper-rais.jpg\",\"contentUrl\":\"https:\/\/alsik.dk\/wp-content\/uploads\/2025\/01\/Alsik-ophold-jesper-rais.jpg\",\"width\":2200,\"height\":1467,\"caption\":\"Ophold p\u00e5 Alsik Hotel & Spa jesper rais\"},{\"@type\":\"BreadcrumbList\",\"@id\":\"https:\/\/alsik.dk\/de\/urlaub-specials\/#breadcrumb\",\"itemListElement\":[{\"@type\":\"ListItem\",\"position\":1,\"name\":\"Hjem\",\"item\":\"https:\/\/alsik.dk\/de\/\"},{\"@type\":\"ListItem\",\"position\":2,\"name\":\"Genie\u00dfen Sie ein Urlaubs-Special im Alsik!\"}]},{\"@type\":\"WebSite\",\"@id\":\"https:\/\/alsik.dk\/de\/#website\",\"url\":\"https:\/\/alsik.dk\/de\/\",\"name\":\"Alsik Hotel &amp; Spa\",\"description\":\"Alsik er et af Danmarks mest sp\u00e6ndende hoteller med stilfulde og topmoderne v\u00e6relser. Oplev Danmarks st\u00f8rste spa med flere end 60 forskellige spa- og wellnessoplevelser eller fork\u00e6l sanserne med gastronomi i s\u00e6rklasse i Alsiks tre restauranter.\",\"potentialAction\":[{\"@type\":\"SearchAction\",\"target\":{\"@type\":\"EntryPoint\",\"urlTemplate\":\"https:\/\/alsik.dk\/de\/?s={search_term_string}\"},\"query-input\":{\"@type\":\"PropertyValueSpecification\",\"valueRequired\":true,\"valueName\":\"search_term_string\"}}],\"inLanguage\":\"de\"}]}<\/script>\n<!-- \/ Yoast SEO plugin. -->","yoast_head_json":{"title":"Genie\u00dfen Sie ein Urlaubs-Special im Alsik!","description":"Informieren Sie sich \u00fcber unsere sch\u00f6nen Angebote und finden Sie genau das, was zu Ihnen passt und wovon Sie tr\u00e4umen.","robots":{"index":"index","follow":"follow","max-snippet":"max-snippet:-1","max-image-preview":"max-image-preview:large","max-video-preview":"max-video-preview:-1"},"canonical":"https:\/\/alsik.dk\/de\/urlaub-specials\/","og_locale":"de_DE","og_type":"article","og_title":"Genie\u00dfen Sie ein Urlaubs-Special im Alsik!","og_description":"Informieren Sie sich \u00fcber unsere sch\u00f6nen Angebote und finden Sie genau das, was zu Ihnen passt und wovon Sie tr\u00e4umen.","og_url":"https:\/\/alsik.dk\/de\/urlaub-specials\/","og_site_name":"Alsik Hotel &amp; Spa","article_modified_time":"2026-04-07T08:47:35+00:00","og_image":[{"width":2200,"height":1467,"url":"https:\/\/alsik.dk\/wp-content\/uploads\/2025\/01\/Alsik-ophold-jesper-rais.jpg","type":"image\/jpeg"}],"twitter_card":"summary_large_image","twitter_misc":{"Gesch\u00e4tzte Lesezeit":"1\u00a0Minute"},"schema":{"@context":"https:\/\/schema.org","@graph":[{"@type":"WebPage","@id":"https:\/\/alsik.dk\/de\/urlaub-specials\/","url":"https:\/\/alsik.dk\/de\/urlaub-specials\/","name":"Genie\u00dfen Sie ein Urlaubs-Special im Alsik!","isPartOf":{"@id":"https:\/\/alsik.dk\/de\/#website"},"primaryImageOfPage":{"@id":"https:\/\/alsik.dk\/de\/urlaub-specials\/#primaryimage"},"image":{"@id":"https:\/\/alsik.dk\/de\/urlaub-specials\/#primaryimage"},"thumbnailUrl":"https:\/\/alsik.dk\/wp-content\/uploads\/2025\/01\/Alsik-ophold-jesper-rais.jpg","datePublished":"2020-09-11T12:21:04+00:00","dateModified":"2026-04-07T08:47:35+00:00","description":"Informieren Sie sich \u00fcber unsere sch\u00f6nen Angebote und finden Sie genau das, was zu Ihnen passt und wovon Sie tr\u00e4umen.","breadcrumb":{"@id":"https:\/\/alsik.dk\/de\/urlaub-specials\/#breadcrumb"},"inLanguage":"de","potentialAction":[{"@type":"ReadAction","target":["https:\/\/alsik.dk\/de\/urlaub-specials\/"]}]},{"@type":"ImageObject","inLanguage":"de","@id":"https:\/\/alsik.dk\/de\/urlaub-specials\/#primaryimage","url":"https:\/\/alsik.dk\/wp-content\/uploads\/2025\/01\/Alsik-ophold-jesper-rais.jpg","contentUrl":"https:\/\/alsik.dk\/wp-content\/uploads\/2025\/01\/Alsik-ophold-jesper-rais.jpg","width":2200,"height":1467,"caption":"Ophold p\u00e5 Alsik Hotel & Spa jesper rais"},{"@type":"BreadcrumbList","@id":"https:\/\/alsik.dk\/de\/urlaub-specials\/#breadcrumb","itemListElement":[{"@type":"ListItem","position":1,"name":"Hjem","item":"https:\/\/alsik.dk\/de\/"},{"@type":"ListItem","position":2,"name":"Genie\u00dfen Sie ein Urlaubs-Special im Alsik!"}]},{"@type":"WebSite","@id":"https:\/\/alsik.dk\/de\/#website","url":"https:\/\/alsik.dk\/de\/","name":"Alsik Hotel &amp; Spa","description":"Alsik er et af Danmarks mest sp\u00e6ndende hoteller med stilfulde og topmoderne v\u00e6relser. Oplev Danmarks st\u00f8rste spa med flere end 60 forskellige spa- og wellnessoplevelser eller fork\u00e6l sanserne med gastronomi i s\u00e6rklasse i Alsiks tre restauranter.","potentialAction":[{"@type":"SearchAction","target":{"@type":"EntryPoint","urlTemplate":"https:\/\/alsik.dk\/de\/?s={search_term_string}"},"query-input":{"@type":"PropertyValueSpecification","valueRequired":true,"valueName":"search_term_string"}}],"inLanguage":"de"}]}},"_links":{"self":[{"href":"https:\/\/alsik.dk\/de\/wp-json\/wp\/v2\/pages\/5570","targetHints":{"allow":["GET"]}}],"collection":[{"href":"https:\/\/alsik.dk\/de\/wp-json\/wp\/v2\/pages"}],"about":[{"href":"https:\/\/alsik.dk\/de\/wp-json\/wp\/v2\/types\/page"}],"author":[{"embeddable":true,"href":"https:\/\/alsik.dk\/de\/wp-json\/wp\/v2\/users\/7"}],"replies":[{"embeddable":true,"href":"https:\/\/alsik.dk\/de\/wp-json\/wp\/v2\/comments?post=5570"}],"version-history":[{"count":48,"href":"https:\/\/alsik.dk\/de\/wp-json\/wp\/v2\/pages\/5570\/revisions"}],"predecessor-version":[{"id":18140,"href":"https:\/\/alsik.dk\/de\/wp-json\/wp\/v2\/pages\/5570\/revisions\/18140"}],"wp:featuredmedia":[{"embeddable":true,"href":"https:\/\/alsik.dk\/de\/wp-json\/wp\/v2\/media\/15349"}],"wp:attachment":[{"href":"https:\/\/alsik.dk\/de\/wp-json\/wp\/v2\/media?parent=5570"}],"wp:term":[{"taxonomy":"post_tag","embeddable":true,"href":"https:\/\/alsik.dk\/de\/wp-json\/wp\/v2\/tags?post=5570"}],"curies":[{"name":"wp","href":"https:\/\/api.w.org\/{rel}","templated":true}]}}