{"id":5627,"date":"2020-09-14T13:21:50","date_gmt":"2020-09-14T11:21:50","guid":{"rendered":"http:\/\/alsik.dk\/?page_id=5627"},"modified":"2025-06-10T14:44:41","modified_gmt":"2025-06-10T12:44:41","slug":"soenderborg","status":"publish","type":"page","link":"https:\/\/alsik.dk\/de\/soenderborg\/","title":{"rendered":"Erkunden Sie S\u00f8nderborg und S\u00fcdj\u00fctland!"},"content":{"rendered":"<p>Angesichts der vielen M\u00f6glichkeiten hat man h\u00f6chstens mal die Qual der Wahl. Im Alsik empfehlen wir Ihnen, mit einem Ausflug in den 16. Stock des Hotels zu beginnen, wo die Aussichtsplattform \u201ePoint of View\u201c Sie erwartet. Dort k\u00f6nnen Sie die gro\u00dfartige Aussicht \u00fcber S\u00f8nderborg genie\u00dfen und einen klaren Gesamteindruck von der Stadt, der K\u00fcste und der Natur gewinnen. Ihr Gratisticket zum \u201ePoint of View\u201c k\u00f6nnen Sie gleich hier buchen:<\/p>\n<p><a href=\"http:\/\/www.alsikpov.dk\" target=\"_blank\" rel=\"noopener noreferrer\">Ticket bestellen<\/a><\/p>\n<p>Dann brauchen Sie unten nur noch loszugehen, um die Gegend aus der N\u00e4he zu erkunden.<\/p>\n<p>Wenn Sie S\u00f8nderborg wirklich im Ganzen erleben wollen, empfehlen wir Ihnen die sieben besonderen Attraktionen der Stadt, auch \u201eS\u00f8nderborger Sieben\u201c genannt.<\/p>\n<p>&nbsp;<\/p>\n","protected":false},"excerpt":{"rendered":"<p>In S\u00f8nderborg gibt es immer etwas Neues zu erleben. <\/p>\n","protected":false},"author":7,"featured_media":5577,"parent":0,"menu_order":0,"comment_status":"closed","ping_status":"closed","template":"","meta":{"_acf_changed":false,"footnotes":""},"tags":[],"class_list":["post-5627","page","type-page","status-publish","has-post-thumbnail","hentry"],"acf":[],"yoast_head":"<!-- This site is optimized with the Yoast SEO plugin v24.3 - https:\/\/yoast.com\/wordpress\/plugins\/seo\/ -->\n<title>Erkunden Sie S\u00f8nderborg | Alsik Hotel &amp; Spa<\/title>\n<meta name=\"description\" content=\"Wenn Sie S\u00f8nderborg wirklich im Ganzen erleben wollen, empfehlen wir Ihnen die sieben besonderen Attraktionen der Stadt.\" \/>\n<meta name=\"robots\" content=\"index, follow, max-snippet:-1, max-image-preview:large, max-video-preview:-1\" \/>\n<link rel=\"canonical\" href=\"https:\/\/alsik.dk\/de\/soenderborg\/\" \/>\n<meta property=\"og:locale\" content=\"de_DE\" \/>\n<meta property=\"og:type\" content=\"article\" \/>\n<meta property=\"og:title\" content=\"Erkunden Sie S\u00f8nderborg | Alsik Hotel &amp; Spa\" \/>\n<meta property=\"og:description\" content=\"Wenn Sie S\u00f8nderborg wirklich im Ganzen erleben wollen, empfehlen wir Ihnen die sieben besonderen Attraktionen der Stadt.\" \/>\n<meta property=\"og:url\" content=\"https:\/\/alsik.dk\/de\/soenderborg\/\" \/>\n<meta property=\"og:site_name\" content=\"Alsik Hotel &amp; Spa\" \/>\n<meta property=\"article:modified_time\" content=\"2025-06-10T12:44:41+00:00\" \/>\n<meta property=\"og:image\" content=\"https:\/\/alsik.dk\/wp-content\/uploads\/2020\/09\/point_of_view_aften-scaled.jpg\" \/>\n\t<meta property=\"og:image:width\" content=\"2560\" \/>\n\t<meta property=\"og:image:height\" content=\"1707\" \/>\n\t<meta property=\"og:image:type\" content=\"image\/jpeg\" \/>\n<meta name=\"twitter:card\" content=\"summary_large_image\" \/>\n<meta name=\"twitter:label1\" content=\"Gesch\u00e4tzte Lesezeit\" \/>\n\t<meta name=\"twitter:data1\" content=\"1\u00a0Minute\" \/>\n<script type=\"application\/ld+json\" class=\"yoast-schema-graph\">{\"@context\":\"https:\/\/schema.org\",\"@graph\":[{\"@type\":\"WebPage\",\"@id\":\"https:\/\/alsik.dk\/de\/soenderborg\/\",\"url\":\"https:\/\/alsik.dk\/de\/soenderborg\/\",\"name\":\"Erkunden Sie S\u00f8nderborg | Alsik Hotel &amp; Spa\",\"isPartOf\":{\"@id\":\"https:\/\/alsik.dk\/de\/#website\"},\"primaryImageOfPage\":{\"@id\":\"https:\/\/alsik.dk\/de\/soenderborg\/#primaryimage\"},\"image\":{\"@id\":\"https:\/\/alsik.dk\/de\/soenderborg\/#primaryimage\"},\"thumbnailUrl\":\"https:\/\/alsik.dk\/wp-content\/uploads\/2020\/09\/point_of_view_aften-scaled.jpg\",\"datePublished\":\"2020-09-14T11:21:50+00:00\",\"dateModified\":\"2025-06-10T12:44:41+00:00\",\"description\":\"Wenn Sie S\u00f8nderborg wirklich im Ganzen erleben wollen, empfehlen wir Ihnen die sieben besonderen Attraktionen der Stadt.\",\"breadcrumb\":{\"@id\":\"https:\/\/alsik.dk\/de\/soenderborg\/#breadcrumb\"},\"inLanguage\":\"de\",\"potentialAction\":[{\"@type\":\"ReadAction\",\"target\":[\"https:\/\/alsik.dk\/de\/soenderborg\/\"]}]},{\"@type\":\"ImageObject\",\"inLanguage\":\"de\",\"@id\":\"https:\/\/alsik.dk\/de\/soenderborg\/#primaryimage\",\"url\":\"https:\/\/alsik.dk\/wp-content\/uploads\/2020\/09\/point_of_view_aften-scaled.jpg\",\"contentUrl\":\"https:\/\/alsik.dk\/wp-content\/uploads\/2020\/09\/point_of_view_aften-scaled.jpg\",\"width\":2560,\"height\":1707,\"caption\":\"Point of View aften\"},{\"@type\":\"BreadcrumbList\",\"@id\":\"https:\/\/alsik.dk\/de\/soenderborg\/#breadcrumb\",\"itemListElement\":[{\"@type\":\"ListItem\",\"position\":1,\"name\":\"Hjem\",\"item\":\"https:\/\/alsik.dk\/de\/\"},{\"@type\":\"ListItem\",\"position\":2,\"name\":\"Erkunden Sie S\u00f8nderborg und S\u00fcdj\u00fctland!\"}]},{\"@type\":\"WebSite\",\"@id\":\"https:\/\/alsik.dk\/de\/#website\",\"url\":\"https:\/\/alsik.dk\/de\/\",\"name\":\"Alsik Hotel &amp; Spa\",\"description\":\"Alsik er et af Danmarks mest sp\u00e6ndende hoteller med stilfulde og topmoderne v\u00e6relser. Oplev Danmarks st\u00f8rste spa med flere end 60 forskellige spa- og wellnessoplevelser eller fork\u00e6l sanserne med gastronomi i s\u00e6rklasse i Alsiks tre restauranter.\",\"potentialAction\":[{\"@type\":\"SearchAction\",\"target\":{\"@type\":\"EntryPoint\",\"urlTemplate\":\"https:\/\/alsik.dk\/de\/?s={search_term_string}\"},\"query-input\":{\"@type\":\"PropertyValueSpecification\",\"valueRequired\":true,\"valueName\":\"search_term_string\"}}],\"inLanguage\":\"de\"}]}<\/script>\n<!-- \/ Yoast SEO plugin. -->","yoast_head_json":{"title":"Erkunden Sie S\u00f8nderborg | Alsik Hotel &amp; Spa","description":"Wenn Sie S\u00f8nderborg wirklich im Ganzen erleben wollen, empfehlen wir Ihnen die sieben besonderen Attraktionen der Stadt.","robots":{"index":"index","follow":"follow","max-snippet":"max-snippet:-1","max-image-preview":"max-image-preview:large","max-video-preview":"max-video-preview:-1"},"canonical":"https:\/\/alsik.dk\/de\/soenderborg\/","og_locale":"de_DE","og_type":"article","og_title":"Erkunden Sie S\u00f8nderborg | Alsik Hotel &amp; Spa","og_description":"Wenn Sie S\u00f8nderborg wirklich im Ganzen erleben wollen, empfehlen wir Ihnen die sieben besonderen Attraktionen der Stadt.","og_url":"https:\/\/alsik.dk\/de\/soenderborg\/","og_site_name":"Alsik Hotel &amp; Spa","article_modified_time":"2025-06-10T12:44:41+00:00","og_image":[{"width":2560,"height":1707,"url":"https:\/\/alsik.dk\/wp-content\/uploads\/2020\/09\/point_of_view_aften-scaled.jpg","type":"image\/jpeg"}],"twitter_card":"summary_large_image","twitter_misc":{"Gesch\u00e4tzte Lesezeit":"1\u00a0Minute"},"schema":{"@context":"https:\/\/schema.org","@graph":[{"@type":"WebPage","@id":"https:\/\/alsik.dk\/de\/soenderborg\/","url":"https:\/\/alsik.dk\/de\/soenderborg\/","name":"Erkunden Sie S\u00f8nderborg | Alsik Hotel &amp; Spa","isPartOf":{"@id":"https:\/\/alsik.dk\/de\/#website"},"primaryImageOfPage":{"@id":"https:\/\/alsik.dk\/de\/soenderborg\/#primaryimage"},"image":{"@id":"https:\/\/alsik.dk\/de\/soenderborg\/#primaryimage"},"thumbnailUrl":"https:\/\/alsik.dk\/wp-content\/uploads\/2020\/09\/point_of_view_aften-scaled.jpg","datePublished":"2020-09-14T11:21:50+00:00","dateModified":"2025-06-10T12:44:41+00:00","description":"Wenn Sie S\u00f8nderborg wirklich im Ganzen erleben wollen, empfehlen wir Ihnen die sieben besonderen Attraktionen der Stadt.","breadcrumb":{"@id":"https:\/\/alsik.dk\/de\/soenderborg\/#breadcrumb"},"inLanguage":"de","potentialAction":[{"@type":"ReadAction","target":["https:\/\/alsik.dk\/de\/soenderborg\/"]}]},{"@type":"ImageObject","inLanguage":"de","@id":"https:\/\/alsik.dk\/de\/soenderborg\/#primaryimage","url":"https:\/\/alsik.dk\/wp-content\/uploads\/2020\/09\/point_of_view_aften-scaled.jpg","contentUrl":"https:\/\/alsik.dk\/wp-content\/uploads\/2020\/09\/point_of_view_aften-scaled.jpg","width":2560,"height":1707,"caption":"Point of View aften"},{"@type":"BreadcrumbList","@id":"https:\/\/alsik.dk\/de\/soenderborg\/#breadcrumb","itemListElement":[{"@type":"ListItem","position":1,"name":"Hjem","item":"https:\/\/alsik.dk\/de\/"},{"@type":"ListItem","position":2,"name":"Erkunden Sie S\u00f8nderborg und S\u00fcdj\u00fctland!"}]},{"@type":"WebSite","@id":"https:\/\/alsik.dk\/de\/#website","url":"https:\/\/alsik.dk\/de\/","name":"Alsik Hotel &amp; Spa","description":"Alsik er et af Danmarks mest sp\u00e6ndende hoteller med stilfulde og topmoderne v\u00e6relser. Oplev Danmarks st\u00f8rste spa med flere end 60 forskellige spa- og wellnessoplevelser eller fork\u00e6l sanserne med gastronomi i s\u00e6rklasse i Alsiks tre restauranter.","potentialAction":[{"@type":"SearchAction","target":{"@type":"EntryPoint","urlTemplate":"https:\/\/alsik.dk\/de\/?s={search_term_string}"},"query-input":{"@type":"PropertyValueSpecification","valueRequired":true,"valueName":"search_term_string"}}],"inLanguage":"de"}]}},"_links":{"self":[{"href":"https:\/\/alsik.dk\/de\/wp-json\/wp\/v2\/pages\/5627","targetHints":{"allow":["GET"]}}],"collection":[{"href":"https:\/\/alsik.dk\/de\/wp-json\/wp\/v2\/pages"}],"about":[{"href":"https:\/\/alsik.dk\/de\/wp-json\/wp\/v2\/types\/page"}],"author":[{"embeddable":true,"href":"https:\/\/alsik.dk\/de\/wp-json\/wp\/v2\/users\/7"}],"replies":[{"embeddable":true,"href":"https:\/\/alsik.dk\/de\/wp-json\/wp\/v2\/comments?post=5627"}],"version-history":[{"count":12,"href":"https:\/\/alsik.dk\/de\/wp-json\/wp\/v2\/pages\/5627\/revisions"}],"predecessor-version":[{"id":16213,"href":"https:\/\/alsik.dk\/de\/wp-json\/wp\/v2\/pages\/5627\/revisions\/16213"}],"wp:featuredmedia":[{"embeddable":true,"href":"https:\/\/alsik.dk\/de\/wp-json\/wp\/v2\/media\/5577"}],"wp:attachment":[{"href":"https:\/\/alsik.dk\/de\/wp-json\/wp\/v2\/media?parent=5627"}],"wp:term":[{"taxonomy":"post_tag","embeddable":true,"href":"https:\/\/alsik.dk\/de\/wp-json\/wp\/v2\/tags?post=5627"}],"curies":[{"name":"wp","href":"https:\/\/api.w.org\/{rel}","templated":true}]}}