{"id":5644,"date":"2020-09-14T14:19:35","date_gmt":"2020-09-14T12:19:35","guid":{"rendered":"http:\/\/alsik.dk\/?page_id=5644"},"modified":"2025-09-23T09:52:12","modified_gmt":"2025-09-23T07:52:12","slug":"point-of-view","status":"publish","type":"page","link":"https:\/\/alsik.dk\/de\/point-of-view\/","title":{"rendered":"Besuchen Sie Point of View"},"content":{"rendered":"<p>In S\u00f8nderborg gibt es immer etwas Neues zu erleben. Angesichts der vielen M\u00f6glichkeiten hat man h\u00f6chstens mal die Qual der Wahl. Im Alsik empfehlen wir Ihnen, mit einem Ausflug in den 16. Stock des Hotels zu beginnen, wo die Aussichtsplattform \u201ePoint of View\u201c Sie erwartet. Dort k\u00f6nnen Sie die gro\u00dfartige Aussicht \u00fcber S\u00f8nderborg genie\u00dfen und einen klaren Gesamteindruck von der Stadt, der K\u00fcste und der Natur gewinnen. Ihr Gratisticket zum \u201ePoint of View\u201c k\u00f6nnen Sie gleich hier buchen:<\/p>\n<p><a href=\"http:\/\/alsikpov.dk\/?lang=de\" target=\"_blank\" rel=\"noopener noreferrer\">Ticket bestellen<\/a><\/p>\n","protected":false},"excerpt":{"rendered":"<p>In S\u00f8nderborg gibt es immer etwas Neues zu erleben. Angesichts der vielen M\u00f6glichkeiten hat man h\u00f6chstens mal die Qual der Wahl. Im Alsik empfehlen wir Ihnen, mit einem Ausflug in den 16. Stock des Hotels zu beginnen, wo die Aussichtsplattform \u201ePoint of View\u201c Sie erwartet. Dort k\u00f6nnen Sie die gro\u00dfartige Aussicht \u00fcber S\u00f8nderborg genie\u00dfen und <a href=\"https:\/\/alsik.dk\/de\/point-of-view\/\" class=\"more-link\">\u2026\u00a0<span class=\"screen-reader-text\">  Besuchen Sie Point of View<\/span><\/a><\/p>\n","protected":false},"author":7,"featured_media":0,"parent":0,"menu_order":0,"comment_status":"closed","ping_status":"closed","template":"","meta":{"_acf_changed":false,"footnotes":""},"tags":[],"class_list":["post-5644","page","type-page","status-publish","hentry"],"acf":[],"yoast_head":"<!-- This site is optimized with the Yoast SEO plugin v24.3 - https:\/\/yoast.com\/wordpress\/plugins\/seo\/ -->\n<title>Besuchen Sie Point of View | Alsik Hotel &amp; Spa<\/title>\n<meta name=\"description\" content=\"Im Alsik empfehlen wir Ihnen, mit einem Ausflug in den 16. Stock zu beginnen, wo die Aussichtsplattform \u201ePoint of View\u201c Sie erwartet.\" \/>\n<meta name=\"robots\" content=\"index, follow, max-snippet:-1, max-image-preview:large, max-video-preview:-1\" \/>\n<link rel=\"canonical\" href=\"https:\/\/alsik.dk\/de\/point-of-view\/\" \/>\n<meta property=\"og:locale\" content=\"de_DE\" \/>\n<meta property=\"og:type\" content=\"article\" \/>\n<meta property=\"og:title\" content=\"Besuchen Sie Point of View | Alsik Hotel &amp; Spa\" \/>\n<meta property=\"og:description\" content=\"Im Alsik empfehlen wir Ihnen, mit einem Ausflug in den 16. Stock zu beginnen, wo die Aussichtsplattform \u201ePoint of View\u201c Sie erwartet.\" \/>\n<meta property=\"og:url\" content=\"https:\/\/alsik.dk\/de\/point-of-view\/\" \/>\n<meta property=\"og:site_name\" content=\"Alsik Hotel &amp; Spa\" \/>\n<meta property=\"article:modified_time\" content=\"2025-09-23T07:52:12+00:00\" \/>\n<meta name=\"twitter:card\" content=\"summary_large_image\" \/>\n<meta name=\"twitter:label1\" content=\"Gesch\u00e4tzte Lesezeit\" \/>\n\t<meta name=\"twitter:data1\" content=\"1\u00a0Minute\" \/>\n<script type=\"application\/ld+json\" class=\"yoast-schema-graph\">{\"@context\":\"https:\/\/schema.org\",\"@graph\":[{\"@type\":\"WebPage\",\"@id\":\"https:\/\/alsik.dk\/de\/point-of-view\/\",\"url\":\"https:\/\/alsik.dk\/de\/point-of-view\/\",\"name\":\"Besuchen Sie Point of View | Alsik Hotel &amp; Spa\",\"isPartOf\":{\"@id\":\"https:\/\/alsik.dk\/de\/#website\"},\"datePublished\":\"2020-09-14T12:19:35+00:00\",\"dateModified\":\"2025-09-23T07:52:12+00:00\",\"description\":\"Im Alsik empfehlen wir Ihnen, mit einem Ausflug in den 16. Stock zu beginnen, wo die Aussichtsplattform \u201ePoint of View\u201c Sie erwartet.\",\"breadcrumb\":{\"@id\":\"https:\/\/alsik.dk\/de\/point-of-view\/#breadcrumb\"},\"inLanguage\":\"de\",\"potentialAction\":[{\"@type\":\"ReadAction\",\"target\":[\"https:\/\/alsik.dk\/de\/point-of-view\/\"]}]},{\"@type\":\"BreadcrumbList\",\"@id\":\"https:\/\/alsik.dk\/de\/point-of-view\/#breadcrumb\",\"itemListElement\":[{\"@type\":\"ListItem\",\"position\":1,\"name\":\"Hjem\",\"item\":\"https:\/\/alsik.dk\/de\/\"},{\"@type\":\"ListItem\",\"position\":2,\"name\":\"Besuchen Sie Point of View\"}]},{\"@type\":\"WebSite\",\"@id\":\"https:\/\/alsik.dk\/de\/#website\",\"url\":\"https:\/\/alsik.dk\/de\/\",\"name\":\"Alsik Hotel &amp; Spa\",\"description\":\"Alsik er et af Danmarks mest sp\u00e6ndende hoteller med stilfulde og topmoderne v\u00e6relser. Oplev Danmarks st\u00f8rste spa med flere end 60 forskellige spa- og wellnessoplevelser eller fork\u00e6l sanserne med gastronomi i s\u00e6rklasse i Alsiks tre restauranter.\",\"potentialAction\":[{\"@type\":\"SearchAction\",\"target\":{\"@type\":\"EntryPoint\",\"urlTemplate\":\"https:\/\/alsik.dk\/de\/?s={search_term_string}\"},\"query-input\":{\"@type\":\"PropertyValueSpecification\",\"valueRequired\":true,\"valueName\":\"search_term_string\"}}],\"inLanguage\":\"de\"}]}<\/script>\n<!-- \/ Yoast SEO plugin. -->","yoast_head_json":{"title":"Besuchen Sie Point of View | Alsik Hotel &amp; Spa","description":"Im Alsik empfehlen wir Ihnen, mit einem Ausflug in den 16. Stock zu beginnen, wo die Aussichtsplattform \u201ePoint of View\u201c Sie erwartet.","robots":{"index":"index","follow":"follow","max-snippet":"max-snippet:-1","max-image-preview":"max-image-preview:large","max-video-preview":"max-video-preview:-1"},"canonical":"https:\/\/alsik.dk\/de\/point-of-view\/","og_locale":"de_DE","og_type":"article","og_title":"Besuchen Sie Point of View | Alsik Hotel &amp; Spa","og_description":"Im Alsik empfehlen wir Ihnen, mit einem Ausflug in den 16. Stock zu beginnen, wo die Aussichtsplattform \u201ePoint of View\u201c Sie erwartet.","og_url":"https:\/\/alsik.dk\/de\/point-of-view\/","og_site_name":"Alsik Hotel &amp; Spa","article_modified_time":"2025-09-23T07:52:12+00:00","twitter_card":"summary_large_image","twitter_misc":{"Gesch\u00e4tzte Lesezeit":"1\u00a0Minute"},"schema":{"@context":"https:\/\/schema.org","@graph":[{"@type":"WebPage","@id":"https:\/\/alsik.dk\/de\/point-of-view\/","url":"https:\/\/alsik.dk\/de\/point-of-view\/","name":"Besuchen Sie Point of View | Alsik Hotel &amp; Spa","isPartOf":{"@id":"https:\/\/alsik.dk\/de\/#website"},"datePublished":"2020-09-14T12:19:35+00:00","dateModified":"2025-09-23T07:52:12+00:00","description":"Im Alsik empfehlen wir Ihnen, mit einem Ausflug in den 16. Stock zu beginnen, wo die Aussichtsplattform \u201ePoint of View\u201c Sie erwartet.","breadcrumb":{"@id":"https:\/\/alsik.dk\/de\/point-of-view\/#breadcrumb"},"inLanguage":"de","potentialAction":[{"@type":"ReadAction","target":["https:\/\/alsik.dk\/de\/point-of-view\/"]}]},{"@type":"BreadcrumbList","@id":"https:\/\/alsik.dk\/de\/point-of-view\/#breadcrumb","itemListElement":[{"@type":"ListItem","position":1,"name":"Hjem","item":"https:\/\/alsik.dk\/de\/"},{"@type":"ListItem","position":2,"name":"Besuchen Sie Point of View"}]},{"@type":"WebSite","@id":"https:\/\/alsik.dk\/de\/#website","url":"https:\/\/alsik.dk\/de\/","name":"Alsik Hotel &amp; Spa","description":"Alsik er et af Danmarks mest sp\u00e6ndende hoteller med stilfulde og topmoderne v\u00e6relser. Oplev Danmarks st\u00f8rste spa med flere end 60 forskellige spa- og wellnessoplevelser eller fork\u00e6l sanserne med gastronomi i s\u00e6rklasse i Alsiks tre restauranter.","potentialAction":[{"@type":"SearchAction","target":{"@type":"EntryPoint","urlTemplate":"https:\/\/alsik.dk\/de\/?s={search_term_string}"},"query-input":{"@type":"PropertyValueSpecification","valueRequired":true,"valueName":"search_term_string"}}],"inLanguage":"de"}]}},"_links":{"self":[{"href":"https:\/\/alsik.dk\/de\/wp-json\/wp\/v2\/pages\/5644","targetHints":{"allow":["GET"]}}],"collection":[{"href":"https:\/\/alsik.dk\/de\/wp-json\/wp\/v2\/pages"}],"about":[{"href":"https:\/\/alsik.dk\/de\/wp-json\/wp\/v2\/types\/page"}],"author":[{"embeddable":true,"href":"https:\/\/alsik.dk\/de\/wp-json\/wp\/v2\/users\/7"}],"replies":[{"embeddable":true,"href":"https:\/\/alsik.dk\/de\/wp-json\/wp\/v2\/comments?post=5644"}],"version-history":[{"count":7,"href":"https:\/\/alsik.dk\/de\/wp-json\/wp\/v2\/pages\/5644\/revisions"}],"predecessor-version":[{"id":16642,"href":"https:\/\/alsik.dk\/de\/wp-json\/wp\/v2\/pages\/5644\/revisions\/16642"}],"wp:attachment":[{"href":"https:\/\/alsik.dk\/de\/wp-json\/wp\/v2\/media?parent=5644"}],"wp:term":[{"taxonomy":"post_tag","embeddable":true,"href":"https:\/\/alsik.dk\/de\/wp-json\/wp\/v2\/tags?post=5644"}],"curies":[{"name":"wp","href":"https:\/\/api.w.org\/{rel}","templated":true}]}}