{"id":5928,"date":"2020-09-15T14:43:05","date_gmt":"2020-09-15T12:43:05","guid":{"rendered":"http:\/\/alsik.dk\/?page_id=5928"},"modified":"2024-08-29T10:43:33","modified_gmt":"2024-08-29T08:43:33","slug":"pressekontakt","status":"publish","type":"page","link":"https:\/\/alsik.dk\/de\/kontakt\/pressekontakt\/","title":{"rendered":"Pressekontakte"},"content":{"rendered":"<p>Falls Sie uns besuchen m\u00f6chten oder \u00fcber das Alsik, seine Einrichtungen und Facetten sowie unsere Philosophie mehr erfahren wollen, k\u00f6nnen Sie sich jederzeit gern mit uns in Verbindung setzen.<\/p>\n<p>Wir helfen Ihnen, soweit machbar, nat\u00fcrlich gern in jeder Hinsicht, wenn es z.B. um Pressefotos, eine Stellungnahme, Faktenmaterial oder einen regelrechten Presserundgang geht.<\/p>\n<p>Die Pressebilder auf dieser Seite k\u00f6nnen Sie nat\u00fcrlich nach Belieben verwenden. F\u00fcr weitere Informationen k\u00f6nnen Sie jederzeit gern den Presseverantwortlichen kontaktieren.<\/p>\n<p>&nbsp;<\/p>\n<p><strong>Mikkel Hansen<\/strong><br \/>\n74 20 30 00<br \/>\n<a href=\"mailto:mikkel.hansen@alsik-hotel.dk\">mikkel.hansen@alsik-hotel.dk<\/a><\/p>\n","protected":false},"excerpt":{"rendered":"<p>Falls Sie uns besuchen m\u00f6chten oder \u00fcber das Alsik, seine Einrichtungen und Facetten sowie unsere Philosophie mehr erfahren wollen, k\u00f6nnen Sie sich jederzeit gern mit uns in Verbindung setzen. <\/p>\n","protected":false},"author":7,"featured_media":0,"parent":3477,"menu_order":0,"comment_status":"closed","ping_status":"closed","template":"","meta":{"_acf_changed":false,"footnotes":""},"tags":[],"class_list":["post-5928","page","type-page","status-publish","hentry"],"acf":[],"yoast_head":"<!-- This site is optimized with the Yoast SEO plugin v24.3 - https:\/\/yoast.com\/wordpress\/plugins\/seo\/ -->\n<title>Pressekontakte | Alsik Hotel &amp; Spa<\/title>\n<meta name=\"description\" content=\"Falls Sie uns besuchen m\u00f6chten oder \u00fcber das Alsik mehr erfahren wollen, k\u00f6nnen Sie sich jederzeit gern mit uns in Verbindung setzen.\" \/>\n<meta name=\"robots\" content=\"index, follow, max-snippet:-1, max-image-preview:large, max-video-preview:-1\" \/>\n<link rel=\"canonical\" href=\"https:\/\/alsik.dk\/de\/kontakt\/pressekontakt\/\" \/>\n<meta property=\"og:locale\" content=\"de_DE\" \/>\n<meta property=\"og:type\" content=\"article\" \/>\n<meta property=\"og:title\" content=\"Pressekontakte | Alsik Hotel &amp; Spa\" \/>\n<meta property=\"og:description\" content=\"Falls Sie uns besuchen m\u00f6chten oder \u00fcber das Alsik mehr erfahren wollen, k\u00f6nnen Sie sich jederzeit gern mit uns in Verbindung setzen.\" \/>\n<meta property=\"og:url\" content=\"https:\/\/alsik.dk\/de\/kontakt\/pressekontakt\/\" \/>\n<meta property=\"og:site_name\" content=\"Alsik Hotel &amp; Spa\" \/>\n<meta property=\"article:modified_time\" content=\"2024-08-29T08:43:33+00:00\" \/>\n<meta name=\"twitter:card\" content=\"summary_large_image\" \/>\n<meta name=\"twitter:label1\" content=\"Gesch\u00e4tzte Lesezeit\" \/>\n\t<meta name=\"twitter:data1\" content=\"1\u00a0Minute\" \/>\n<script type=\"application\/ld+json\" class=\"yoast-schema-graph\">{\"@context\":\"https:\/\/schema.org\",\"@graph\":[{\"@type\":\"WebPage\",\"@id\":\"https:\/\/alsik.dk\/de\/kontakt\/pressekontakt\/\",\"url\":\"https:\/\/alsik.dk\/de\/kontakt\/pressekontakt\/\",\"name\":\"Pressekontakte | Alsik Hotel &amp; Spa\",\"isPartOf\":{\"@id\":\"https:\/\/alsik.dk\/de\/#website\"},\"datePublished\":\"2020-09-15T12:43:05+00:00\",\"dateModified\":\"2024-08-29T08:43:33+00:00\",\"description\":\"Falls Sie uns besuchen m\u00f6chten oder \u00fcber das Alsik mehr erfahren wollen, k\u00f6nnen Sie sich jederzeit gern mit uns in Verbindung setzen.\",\"breadcrumb\":{\"@id\":\"https:\/\/alsik.dk\/de\/kontakt\/pressekontakt\/#breadcrumb\"},\"inLanguage\":\"de\",\"potentialAction\":[{\"@type\":\"ReadAction\",\"target\":[\"https:\/\/alsik.dk\/de\/kontakt\/pressekontakt\/\"]}]},{\"@type\":\"BreadcrumbList\",\"@id\":\"https:\/\/alsik.dk\/de\/kontakt\/pressekontakt\/#breadcrumb\",\"itemListElement\":[{\"@type\":\"ListItem\",\"position\":1,\"name\":\"Hjem\",\"item\":\"https:\/\/alsik.dk\/de\/\"},{\"@type\":\"ListItem\",\"position\":2,\"name\":\"Anfahrt und Kontakt\",\"item\":\"https:\/\/alsik.dk\/de\/kontakt\/\"},{\"@type\":\"ListItem\",\"position\":3,\"name\":\"Pressekontakte\"}]},{\"@type\":\"WebSite\",\"@id\":\"https:\/\/alsik.dk\/de\/#website\",\"url\":\"https:\/\/alsik.dk\/de\/\",\"name\":\"Alsik Hotel &amp; Spa\",\"description\":\"Alsik er et af Danmarks mest sp\u00e6ndende hoteller med stilfulde og topmoderne v\u00e6relser. Oplev Danmarks st\u00f8rste spa med flere end 60 forskellige spa- og wellnessoplevelser eller fork\u00e6l sanserne med gastronomi i s\u00e6rklasse i Alsiks tre restauranter.\",\"potentialAction\":[{\"@type\":\"SearchAction\",\"target\":{\"@type\":\"EntryPoint\",\"urlTemplate\":\"https:\/\/alsik.dk\/de\/?s={search_term_string}\"},\"query-input\":{\"@type\":\"PropertyValueSpecification\",\"valueRequired\":true,\"valueName\":\"search_term_string\"}}],\"inLanguage\":\"de\"}]}<\/script>\n<!-- \/ Yoast SEO plugin. -->","yoast_head_json":{"title":"Pressekontakte | Alsik Hotel &amp; Spa","description":"Falls Sie uns besuchen m\u00f6chten oder \u00fcber das Alsik mehr erfahren wollen, k\u00f6nnen Sie sich jederzeit gern mit uns in Verbindung setzen.","robots":{"index":"index","follow":"follow","max-snippet":"max-snippet:-1","max-image-preview":"max-image-preview:large","max-video-preview":"max-video-preview:-1"},"canonical":"https:\/\/alsik.dk\/de\/kontakt\/pressekontakt\/","og_locale":"de_DE","og_type":"article","og_title":"Pressekontakte | Alsik Hotel &amp; Spa","og_description":"Falls Sie uns besuchen m\u00f6chten oder \u00fcber das Alsik mehr erfahren wollen, k\u00f6nnen Sie sich jederzeit gern mit uns in Verbindung setzen.","og_url":"https:\/\/alsik.dk\/de\/kontakt\/pressekontakt\/","og_site_name":"Alsik Hotel &amp; Spa","article_modified_time":"2024-08-29T08:43:33+00:00","twitter_card":"summary_large_image","twitter_misc":{"Gesch\u00e4tzte Lesezeit":"1\u00a0Minute"},"schema":{"@context":"https:\/\/schema.org","@graph":[{"@type":"WebPage","@id":"https:\/\/alsik.dk\/de\/kontakt\/pressekontakt\/","url":"https:\/\/alsik.dk\/de\/kontakt\/pressekontakt\/","name":"Pressekontakte | Alsik Hotel &amp; Spa","isPartOf":{"@id":"https:\/\/alsik.dk\/de\/#website"},"datePublished":"2020-09-15T12:43:05+00:00","dateModified":"2024-08-29T08:43:33+00:00","description":"Falls Sie uns besuchen m\u00f6chten oder \u00fcber das Alsik mehr erfahren wollen, k\u00f6nnen Sie sich jederzeit gern mit uns in Verbindung setzen.","breadcrumb":{"@id":"https:\/\/alsik.dk\/de\/kontakt\/pressekontakt\/#breadcrumb"},"inLanguage":"de","potentialAction":[{"@type":"ReadAction","target":["https:\/\/alsik.dk\/de\/kontakt\/pressekontakt\/"]}]},{"@type":"BreadcrumbList","@id":"https:\/\/alsik.dk\/de\/kontakt\/pressekontakt\/#breadcrumb","itemListElement":[{"@type":"ListItem","position":1,"name":"Hjem","item":"https:\/\/alsik.dk\/de\/"},{"@type":"ListItem","position":2,"name":"Anfahrt und Kontakt","item":"https:\/\/alsik.dk\/de\/kontakt\/"},{"@type":"ListItem","position":3,"name":"Pressekontakte"}]},{"@type":"WebSite","@id":"https:\/\/alsik.dk\/de\/#website","url":"https:\/\/alsik.dk\/de\/","name":"Alsik Hotel &amp; Spa","description":"Alsik er et af Danmarks mest sp\u00e6ndende hoteller med stilfulde og topmoderne v\u00e6relser. Oplev Danmarks st\u00f8rste spa med flere end 60 forskellige spa- og wellnessoplevelser eller fork\u00e6l sanserne med gastronomi i s\u00e6rklasse i Alsiks tre restauranter.","potentialAction":[{"@type":"SearchAction","target":{"@type":"EntryPoint","urlTemplate":"https:\/\/alsik.dk\/de\/?s={search_term_string}"},"query-input":{"@type":"PropertyValueSpecification","valueRequired":true,"valueName":"search_term_string"}}],"inLanguage":"de"}]}},"_links":{"self":[{"href":"https:\/\/alsik.dk\/de\/wp-json\/wp\/v2\/pages\/5928","targetHints":{"allow":["GET"]}}],"collection":[{"href":"https:\/\/alsik.dk\/de\/wp-json\/wp\/v2\/pages"}],"about":[{"href":"https:\/\/alsik.dk\/de\/wp-json\/wp\/v2\/types\/page"}],"author":[{"embeddable":true,"href":"https:\/\/alsik.dk\/de\/wp-json\/wp\/v2\/users\/7"}],"replies":[{"embeddable":true,"href":"https:\/\/alsik.dk\/de\/wp-json\/wp\/v2\/comments?post=5928"}],"version-history":[{"count":14,"href":"https:\/\/alsik.dk\/de\/wp-json\/wp\/v2\/pages\/5928\/revisions"}],"predecessor-version":[{"id":14267,"href":"https:\/\/alsik.dk\/de\/wp-json\/wp\/v2\/pages\/5928\/revisions\/14267"}],"up":[{"embeddable":true,"href":"https:\/\/alsik.dk\/de\/wp-json\/wp\/v2\/pages\/3477"}],"wp:attachment":[{"href":"https:\/\/alsik.dk\/de\/wp-json\/wp\/v2\/media?parent=5928"}],"wp:term":[{"taxonomy":"post_tag","embeddable":true,"href":"https:\/\/alsik.dk\/de\/wp-json\/wp\/v2\/tags?post=5928"}],"curies":[{"name":"wp","href":"https:\/\/api.w.org\/{rel}","templated":true}]}}