{"id":5937,"date":"2020-09-15T14:50:00","date_gmt":"2020-09-15T12:50:00","guid":{"rendered":"http:\/\/alsik.dk\/?page_id=5937"},"modified":"2023-10-24T10:01:21","modified_gmt":"2023-10-24T08:01:21","slug":"moechten-sie-zu-unserem-team-gehoeren","status":"publish","type":"page","link":"https:\/\/alsik.dk\/de\/kontakt\/moechten-sie-zu-unserem-team-gehoeren\/","title":{"rendered":"M\u00f6chten Sie zu unserem Team geh\u00f6ren?"},"content":{"rendered":"<p>Das Alsik sucht jederzeit nach t\u00fcchtigen Mitarbeitern<\/p>\n<p>Wollen Sie zu dem Team geh\u00f6ren, das eines der gr\u00f6\u00dften und spannendsten Hotels in D\u00e4nemark am Laufen h\u00e4lt? Sind Sie beherzt genug f\u00fcr einen fr\u00f6hlichen, spannenden und \u00fcberaus emsigen Arbeitstag mit zahllosen guten Kollegen? Liegt es in Ihrer DNA, sich jeden Tag redlich M\u00fche zu geben, und begegnen Sie sowohl G\u00e4sten als auch Kollegen freundlich, entgegenkommend und auf Augenh\u00f6he? <\/p>\n<p><script src=\"https:\/\/api.2people.com:4000\/api\/v1\/recruitment\/external\/widget\/vacancy-list\/src\"><\/script><\/p>\n<div data-2p-widget-vacancies data-language=\"en\" data-domain=\"alsik\"><\/div>\n","protected":false},"excerpt":{"rendered":"<p>Das Alsik sucht jederzeit nach t\u00fcchtigen Mitarbeitern<\/p>\n","protected":false},"author":7,"featured_media":13843,"parent":3477,"menu_order":0,"comment_status":"closed","ping_status":"closed","template":"","meta":{"_acf_changed":false,"footnotes":""},"tags":[],"class_list":["post-5937","page","type-page","status-publish","has-post-thumbnail","hentry"],"acf":[],"yoast_head":"<!-- This site is optimized with the Yoast SEO plugin v24.3 - https:\/\/yoast.com\/wordpress\/plugins\/seo\/ -->\n<title>M\u00f6chten Sie zu unserem Team geh\u00f6ren? | Alsik Hotel &amp; Spa<\/title>\n<meta name=\"description\" content=\"Wollen Sie zu dem Alsik-Team geh\u00f6ren, das eines der gr\u00f6\u00dften und spannendsten Hotels in D\u00e4nemark am Laufen h\u00e4lt?\" \/>\n<meta name=\"robots\" content=\"index, follow, max-snippet:-1, max-image-preview:large, max-video-preview:-1\" \/>\n<link rel=\"canonical\" href=\"https:\/\/alsik.dk\/de\/kontakt\/moechten-sie-zu-unserem-team-gehoeren\/\" \/>\n<meta property=\"og:locale\" content=\"de_DE\" \/>\n<meta property=\"og:type\" content=\"article\" \/>\n<meta property=\"og:title\" content=\"M\u00f6chten Sie zu unserem Team geh\u00f6ren? | Alsik Hotel &amp; Spa\" \/>\n<meta property=\"og:description\" content=\"Wollen Sie zu dem Alsik-Team geh\u00f6ren, das eines der gr\u00f6\u00dften und spannendsten Hotels in D\u00e4nemark am Laufen h\u00e4lt?\" \/>\n<meta property=\"og:url\" content=\"https:\/\/alsik.dk\/de\/kontakt\/moechten-sie-zu-unserem-team-gehoeren\/\" \/>\n<meta property=\"og:site_name\" content=\"Alsik Hotel &amp; Spa\" \/>\n<meta property=\"article:modified_time\" content=\"2023-10-24T08:01:21+00:00\" \/>\n<meta property=\"og:image\" content=\"https:\/\/alsik.dk\/wp-content\/uploads\/2021\/11\/ALSIKAUGUST2021-54-scaled.jpg\" \/>\n\t<meta property=\"og:image:width\" content=\"2560\" \/>\n\t<meta property=\"og:image:height\" content=\"1705\" \/>\n\t<meta property=\"og:image:type\" content=\"image\/jpeg\" \/>\n<meta name=\"twitter:card\" content=\"summary_large_image\" \/>\n<meta name=\"twitter:label1\" content=\"Gesch\u00e4tzte Lesezeit\" \/>\n\t<meta name=\"twitter:data1\" content=\"1\u00a0Minute\" \/>\n<script type=\"application\/ld+json\" class=\"yoast-schema-graph\">{\"@context\":\"https:\/\/schema.org\",\"@graph\":[{\"@type\":\"WebPage\",\"@id\":\"https:\/\/alsik.dk\/de\/kontakt\/moechten-sie-zu-unserem-team-gehoeren\/\",\"url\":\"https:\/\/alsik.dk\/de\/kontakt\/moechten-sie-zu-unserem-team-gehoeren\/\",\"name\":\"M\u00f6chten Sie zu unserem Team geh\u00f6ren? | Alsik Hotel &amp; Spa\",\"isPartOf\":{\"@id\":\"https:\/\/alsik.dk\/de\/#website\"},\"primaryImageOfPage\":{\"@id\":\"https:\/\/alsik.dk\/de\/kontakt\/moechten-sie-zu-unserem-team-gehoeren\/#primaryimage\"},\"image\":{\"@id\":\"https:\/\/alsik.dk\/de\/kontakt\/moechten-sie-zu-unserem-team-gehoeren\/#primaryimage\"},\"thumbnailUrl\":\"https:\/\/alsik.dk\/wp-content\/uploads\/2024\/05\/alsik-sommer-scaled.jpg\",\"datePublished\":\"2020-09-15T12:50:00+00:00\",\"dateModified\":\"2023-10-24T08:01:21+00:00\",\"description\":\"Wollen Sie zu dem Alsik-Team geh\u00f6ren, das eines der gr\u00f6\u00dften und spannendsten Hotels in D\u00e4nemark am Laufen h\u00e4lt?\",\"breadcrumb\":{\"@id\":\"https:\/\/alsik.dk\/de\/kontakt\/moechten-sie-zu-unserem-team-gehoeren\/#breadcrumb\"},\"inLanguage\":\"de\",\"potentialAction\":[{\"@type\":\"ReadAction\",\"target\":[\"https:\/\/alsik.dk\/de\/kontakt\/moechten-sie-zu-unserem-team-gehoeren\/\"]}]},{\"@type\":\"ImageObject\",\"inLanguage\":\"de\",\"@id\":\"https:\/\/alsik.dk\/de\/kontakt\/moechten-sie-zu-unserem-team-gehoeren\/#primaryimage\",\"url\":\"https:\/\/alsik.dk\/wp-content\/uploads\/2024\/05\/alsik-sommer-scaled.jpg\",\"contentUrl\":\"https:\/\/alsik.dk\/wp-content\/uploads\/2024\/05\/alsik-sommer-scaled.jpg\",\"width\":2560,\"height\":1706,\"caption\":\"Alsik\"},{\"@type\":\"BreadcrumbList\",\"@id\":\"https:\/\/alsik.dk\/de\/kontakt\/moechten-sie-zu-unserem-team-gehoeren\/#breadcrumb\",\"itemListElement\":[{\"@type\":\"ListItem\",\"position\":1,\"name\":\"Hjem\",\"item\":\"https:\/\/alsik.dk\/de\/\"},{\"@type\":\"ListItem\",\"position\":2,\"name\":\"Anfahrt und Kontakt\",\"item\":\"https:\/\/alsik.dk\/de\/kontakt\/\"},{\"@type\":\"ListItem\",\"position\":3,\"name\":\"M\u00f6chten Sie zu unserem Team geh\u00f6ren?\"}]},{\"@type\":\"WebSite\",\"@id\":\"https:\/\/alsik.dk\/de\/#website\",\"url\":\"https:\/\/alsik.dk\/de\/\",\"name\":\"Alsik Hotel &amp; Spa\",\"description\":\"Alsik er et af Danmarks mest sp\u00e6ndende hoteller med stilfulde og topmoderne v\u00e6relser. Oplev Danmarks st\u00f8rste spa med flere end 60 forskellige spa- og wellnessoplevelser eller fork\u00e6l sanserne med gastronomi i s\u00e6rklasse i Alsiks tre restauranter.\",\"potentialAction\":[{\"@type\":\"SearchAction\",\"target\":{\"@type\":\"EntryPoint\",\"urlTemplate\":\"https:\/\/alsik.dk\/de\/?s={search_term_string}\"},\"query-input\":{\"@type\":\"PropertyValueSpecification\",\"valueRequired\":true,\"valueName\":\"search_term_string\"}}],\"inLanguage\":\"de\"}]}<\/script>\n<!-- \/ Yoast SEO plugin. -->","yoast_head_json":{"title":"M\u00f6chten Sie zu unserem Team geh\u00f6ren? | Alsik Hotel &amp; Spa","description":"Wollen Sie zu dem Alsik-Team geh\u00f6ren, das eines der gr\u00f6\u00dften und spannendsten Hotels in D\u00e4nemark am Laufen h\u00e4lt?","robots":{"index":"index","follow":"follow","max-snippet":"max-snippet:-1","max-image-preview":"max-image-preview:large","max-video-preview":"max-video-preview:-1"},"canonical":"https:\/\/alsik.dk\/de\/kontakt\/moechten-sie-zu-unserem-team-gehoeren\/","og_locale":"de_DE","og_type":"article","og_title":"M\u00f6chten Sie zu unserem Team geh\u00f6ren? | Alsik Hotel &amp; Spa","og_description":"Wollen Sie zu dem Alsik-Team geh\u00f6ren, das eines der gr\u00f6\u00dften und spannendsten Hotels in D\u00e4nemark am Laufen h\u00e4lt?","og_url":"https:\/\/alsik.dk\/de\/kontakt\/moechten-sie-zu-unserem-team-gehoeren\/","og_site_name":"Alsik Hotel &amp; Spa","article_modified_time":"2023-10-24T08:01:21+00:00","og_image":[{"width":2560,"height":1705,"url":"https:\/\/alsik.dk\/wp-content\/uploads\/2021\/11\/ALSIKAUGUST2021-54-scaled.jpg","type":"image\/jpeg"}],"twitter_card":"summary_large_image","twitter_misc":{"Gesch\u00e4tzte Lesezeit":"1\u00a0Minute"},"schema":{"@context":"https:\/\/schema.org","@graph":[{"@type":"WebPage","@id":"https:\/\/alsik.dk\/de\/kontakt\/moechten-sie-zu-unserem-team-gehoeren\/","url":"https:\/\/alsik.dk\/de\/kontakt\/moechten-sie-zu-unserem-team-gehoeren\/","name":"M\u00f6chten Sie zu unserem Team geh\u00f6ren? | Alsik Hotel &amp; Spa","isPartOf":{"@id":"https:\/\/alsik.dk\/de\/#website"},"primaryImageOfPage":{"@id":"https:\/\/alsik.dk\/de\/kontakt\/moechten-sie-zu-unserem-team-gehoeren\/#primaryimage"},"image":{"@id":"https:\/\/alsik.dk\/de\/kontakt\/moechten-sie-zu-unserem-team-gehoeren\/#primaryimage"},"thumbnailUrl":"https:\/\/alsik.dk\/wp-content\/uploads\/2024\/05\/alsik-sommer-scaled.jpg","datePublished":"2020-09-15T12:50:00+00:00","dateModified":"2023-10-24T08:01:21+00:00","description":"Wollen Sie zu dem Alsik-Team geh\u00f6ren, das eines der gr\u00f6\u00dften und spannendsten Hotels in D\u00e4nemark am Laufen h\u00e4lt?","breadcrumb":{"@id":"https:\/\/alsik.dk\/de\/kontakt\/moechten-sie-zu-unserem-team-gehoeren\/#breadcrumb"},"inLanguage":"de","potentialAction":[{"@type":"ReadAction","target":["https:\/\/alsik.dk\/de\/kontakt\/moechten-sie-zu-unserem-team-gehoeren\/"]}]},{"@type":"ImageObject","inLanguage":"de","@id":"https:\/\/alsik.dk\/de\/kontakt\/moechten-sie-zu-unserem-team-gehoeren\/#primaryimage","url":"https:\/\/alsik.dk\/wp-content\/uploads\/2024\/05\/alsik-sommer-scaled.jpg","contentUrl":"https:\/\/alsik.dk\/wp-content\/uploads\/2024\/05\/alsik-sommer-scaled.jpg","width":2560,"height":1706,"caption":"Alsik"},{"@type":"BreadcrumbList","@id":"https:\/\/alsik.dk\/de\/kontakt\/moechten-sie-zu-unserem-team-gehoeren\/#breadcrumb","itemListElement":[{"@type":"ListItem","position":1,"name":"Hjem","item":"https:\/\/alsik.dk\/de\/"},{"@type":"ListItem","position":2,"name":"Anfahrt und Kontakt","item":"https:\/\/alsik.dk\/de\/kontakt\/"},{"@type":"ListItem","position":3,"name":"M\u00f6chten Sie zu unserem Team geh\u00f6ren?"}]},{"@type":"WebSite","@id":"https:\/\/alsik.dk\/de\/#website","url":"https:\/\/alsik.dk\/de\/","name":"Alsik Hotel &amp; Spa","description":"Alsik er et af Danmarks mest sp\u00e6ndende hoteller med stilfulde og topmoderne v\u00e6relser. Oplev Danmarks st\u00f8rste spa med flere end 60 forskellige spa- og wellnessoplevelser eller fork\u00e6l sanserne med gastronomi i s\u00e6rklasse i Alsiks tre restauranter.","potentialAction":[{"@type":"SearchAction","target":{"@type":"EntryPoint","urlTemplate":"https:\/\/alsik.dk\/de\/?s={search_term_string}"},"query-input":{"@type":"PropertyValueSpecification","valueRequired":true,"valueName":"search_term_string"}}],"inLanguage":"de"}]}},"_links":{"self":[{"href":"https:\/\/alsik.dk\/de\/wp-json\/wp\/v2\/pages\/5937","targetHints":{"allow":["GET"]}}],"collection":[{"href":"https:\/\/alsik.dk\/de\/wp-json\/wp\/v2\/pages"}],"about":[{"href":"https:\/\/alsik.dk\/de\/wp-json\/wp\/v2\/types\/page"}],"author":[{"embeddable":true,"href":"https:\/\/alsik.dk\/de\/wp-json\/wp\/v2\/users\/7"}],"replies":[{"embeddable":true,"href":"https:\/\/alsik.dk\/de\/wp-json\/wp\/v2\/comments?post=5937"}],"version-history":[{"count":2,"href":"https:\/\/alsik.dk\/de\/wp-json\/wp\/v2\/pages\/5937\/revisions"}],"predecessor-version":[{"id":12911,"href":"https:\/\/alsik.dk\/de\/wp-json\/wp\/v2\/pages\/5937\/revisions\/12911"}],"up":[{"embeddable":true,"href":"https:\/\/alsik.dk\/de\/wp-json\/wp\/v2\/pages\/3477"}],"wp:featuredmedia":[{"embeddable":true,"href":"https:\/\/alsik.dk\/de\/wp-json\/wp\/v2\/media\/13843"}],"wp:attachment":[{"href":"https:\/\/alsik.dk\/de\/wp-json\/wp\/v2\/media?parent=5937"}],"wp:term":[{"taxonomy":"post_tag","embeddable":true,"href":"https:\/\/alsik.dk\/de\/wp-json\/wp\/v2\/tags?post=5937"}],"curies":[{"name":"wp","href":"https:\/\/api.w.org\/{rel}","templated":true}]}}