{"id":5979,"date":"2020-09-15T15:52:26","date_gmt":"2020-09-15T13:52:26","guid":{"rendered":"http:\/\/alsik.dk\/?page_id=5979"},"modified":"2025-12-18T08:54:23","modified_gmt":"2025-12-18T07:54:23","slug":"festlichen-anlaesse","status":"publish","type":"page","link":"https:\/\/alsik.dk\/de\/festlichen-anlaesse\/","title":{"rendered":"W\u00fcnschen Sie sich das Alsik als Rahmen f\u00fcr Ihren gro\u00dfen Tag?"},"content":{"rendered":"<p>Im Alsik stehen Ihnen und Ihren G\u00e4sten alle M\u00f6glichkeiten offen, um wunderbar zu feiern.<\/p>\n<p>Mit drei fantastischen Restaurants, einem weithin bekannten Meisterkoch, sch\u00f6nen, festlichen R\u00e4umlichkeiten in allen Gr\u00f6\u00dfen und mit Seeblick, mit dem gr\u00f6\u00dften Spa D\u00e4nemarks, einer Aussichtsplattform und dem exklusiven Einrichtungen k\u00f6nnen wir im Alsik f\u00fcr ganz andere, erstaunliche Gesamteindr\u00fccke und festliche Erlebnisse sorgen.<\/p>\n","protected":false},"excerpt":{"rendered":"<p>Im Alsik stehen Ihnen und Ihren G\u00e4sten alle M\u00f6glichkeiten offen, um wunderbar zu feiern. <\/p>\n","protected":false},"author":7,"featured_media":0,"parent":0,"menu_order":0,"comment_status":"closed","ping_status":"closed","template":"","meta":{"_acf_changed":false,"footnotes":""},"tags":[],"class_list":["post-5979","page","type-page","status-publish","hentry"],"acf":[],"yoast_head":"<!-- This site is optimized with the Yoast SEO plugin v24.3 - https:\/\/yoast.com\/wordpress\/plugins\/seo\/ -->\n<title>Ihren gro\u00dfen Tag bei Alsik | Alsik Hotel &amp; Spa<\/title>\n<meta name=\"description\" content=\"Im Alsik Hotel &amp; Spa im S\u00f8nderborg stehen Ihnen und Ihren G\u00e4sten alle M\u00f6glichkeiten offen, um wunderbar zu feiern.\" \/>\n<meta name=\"robots\" content=\"index, follow, max-snippet:-1, max-image-preview:large, max-video-preview:-1\" \/>\n<link rel=\"canonical\" href=\"https:\/\/alsik.dk\/de\/festlichen-anlaesse\/\" \/>\n<meta property=\"og:locale\" content=\"de_DE\" \/>\n<meta property=\"og:type\" content=\"article\" \/>\n<meta property=\"og:title\" content=\"Ihren gro\u00dfen Tag bei Alsik | Alsik Hotel &amp; Spa\" \/>\n<meta property=\"og:description\" content=\"Im Alsik Hotel &amp; Spa im S\u00f8nderborg stehen Ihnen und Ihren G\u00e4sten alle M\u00f6glichkeiten offen, um wunderbar zu feiern.\" \/>\n<meta property=\"og:url\" content=\"https:\/\/alsik.dk\/de\/festlichen-anlaesse\/\" \/>\n<meta property=\"og:site_name\" content=\"Alsik Hotel &amp; Spa\" \/>\n<meta property=\"article:modified_time\" content=\"2025-12-18T07:54:23+00:00\" \/>\n<meta name=\"twitter:card\" content=\"summary_large_image\" \/>\n<meta name=\"twitter:label1\" content=\"Gesch\u00e4tzte Lesezeit\" \/>\n\t<meta name=\"twitter:data1\" content=\"1\u00a0Minute\" \/>\n<script type=\"application\/ld+json\" class=\"yoast-schema-graph\">{\"@context\":\"https:\/\/schema.org\",\"@graph\":[{\"@type\":\"WebPage\",\"@id\":\"https:\/\/alsik.dk\/de\/festlichen-anlaesse\/\",\"url\":\"https:\/\/alsik.dk\/de\/festlichen-anlaesse\/\",\"name\":\"Ihren gro\u00dfen Tag bei Alsik | Alsik Hotel &amp; Spa\",\"isPartOf\":{\"@id\":\"https:\/\/alsik.dk\/de\/#website\"},\"datePublished\":\"2020-09-15T13:52:26+00:00\",\"dateModified\":\"2025-12-18T07:54:23+00:00\",\"description\":\"Im Alsik Hotel & Spa im S\u00f8nderborg stehen Ihnen und Ihren G\u00e4sten alle M\u00f6glichkeiten offen, um wunderbar zu feiern.\",\"breadcrumb\":{\"@id\":\"https:\/\/alsik.dk\/de\/festlichen-anlaesse\/#breadcrumb\"},\"inLanguage\":\"de\",\"potentialAction\":[{\"@type\":\"ReadAction\",\"target\":[\"https:\/\/alsik.dk\/de\/festlichen-anlaesse\/\"]}]},{\"@type\":\"BreadcrumbList\",\"@id\":\"https:\/\/alsik.dk\/de\/festlichen-anlaesse\/#breadcrumb\",\"itemListElement\":[{\"@type\":\"ListItem\",\"position\":1,\"name\":\"Hjem\",\"item\":\"https:\/\/alsik.dk\/de\/\"},{\"@type\":\"ListItem\",\"position\":2,\"name\":\"W\u00fcnschen Sie sich das Alsik als Rahmen f\u00fcr Ihren gro\u00dfen Tag?\"}]},{\"@type\":\"WebSite\",\"@id\":\"https:\/\/alsik.dk\/de\/#website\",\"url\":\"https:\/\/alsik.dk\/de\/\",\"name\":\"Alsik Hotel &amp; Spa\",\"description\":\"Alsik er et af Danmarks mest sp\u00e6ndende hoteller med stilfulde og topmoderne v\u00e6relser. Oplev Danmarks st\u00f8rste spa med flere end 60 forskellige spa- og wellnessoplevelser eller fork\u00e6l sanserne med gastronomi i s\u00e6rklasse i Alsiks tre restauranter.\",\"potentialAction\":[{\"@type\":\"SearchAction\",\"target\":{\"@type\":\"EntryPoint\",\"urlTemplate\":\"https:\/\/alsik.dk\/de\/?s={search_term_string}\"},\"query-input\":{\"@type\":\"PropertyValueSpecification\",\"valueRequired\":true,\"valueName\":\"search_term_string\"}}],\"inLanguage\":\"de\"}]}<\/script>\n<!-- \/ Yoast SEO plugin. -->","yoast_head_json":{"title":"Ihren gro\u00dfen Tag bei Alsik | Alsik Hotel &amp; Spa","description":"Im Alsik Hotel & Spa im S\u00f8nderborg stehen Ihnen und Ihren G\u00e4sten alle M\u00f6glichkeiten offen, um wunderbar zu feiern.","robots":{"index":"index","follow":"follow","max-snippet":"max-snippet:-1","max-image-preview":"max-image-preview:large","max-video-preview":"max-video-preview:-1"},"canonical":"https:\/\/alsik.dk\/de\/festlichen-anlaesse\/","og_locale":"de_DE","og_type":"article","og_title":"Ihren gro\u00dfen Tag bei Alsik | Alsik Hotel &amp; Spa","og_description":"Im Alsik Hotel & Spa im S\u00f8nderborg stehen Ihnen und Ihren G\u00e4sten alle M\u00f6glichkeiten offen, um wunderbar zu feiern.","og_url":"https:\/\/alsik.dk\/de\/festlichen-anlaesse\/","og_site_name":"Alsik Hotel &amp; Spa","article_modified_time":"2025-12-18T07:54:23+00:00","twitter_card":"summary_large_image","twitter_misc":{"Gesch\u00e4tzte Lesezeit":"1\u00a0Minute"},"schema":{"@context":"https:\/\/schema.org","@graph":[{"@type":"WebPage","@id":"https:\/\/alsik.dk\/de\/festlichen-anlaesse\/","url":"https:\/\/alsik.dk\/de\/festlichen-anlaesse\/","name":"Ihren gro\u00dfen Tag bei Alsik | Alsik Hotel &amp; Spa","isPartOf":{"@id":"https:\/\/alsik.dk\/de\/#website"},"datePublished":"2020-09-15T13:52:26+00:00","dateModified":"2025-12-18T07:54:23+00:00","description":"Im Alsik Hotel & Spa im S\u00f8nderborg stehen Ihnen und Ihren G\u00e4sten alle M\u00f6glichkeiten offen, um wunderbar zu feiern.","breadcrumb":{"@id":"https:\/\/alsik.dk\/de\/festlichen-anlaesse\/#breadcrumb"},"inLanguage":"de","potentialAction":[{"@type":"ReadAction","target":["https:\/\/alsik.dk\/de\/festlichen-anlaesse\/"]}]},{"@type":"BreadcrumbList","@id":"https:\/\/alsik.dk\/de\/festlichen-anlaesse\/#breadcrumb","itemListElement":[{"@type":"ListItem","position":1,"name":"Hjem","item":"https:\/\/alsik.dk\/de\/"},{"@type":"ListItem","position":2,"name":"W\u00fcnschen Sie sich das Alsik als Rahmen f\u00fcr Ihren gro\u00dfen Tag?"}]},{"@type":"WebSite","@id":"https:\/\/alsik.dk\/de\/#website","url":"https:\/\/alsik.dk\/de\/","name":"Alsik Hotel &amp; Spa","description":"Alsik er et af Danmarks mest sp\u00e6ndende hoteller med stilfulde og topmoderne v\u00e6relser. Oplev Danmarks st\u00f8rste spa med flere end 60 forskellige spa- og wellnessoplevelser eller fork\u00e6l sanserne med gastronomi i s\u00e6rklasse i Alsiks tre restauranter.","potentialAction":[{"@type":"SearchAction","target":{"@type":"EntryPoint","urlTemplate":"https:\/\/alsik.dk\/de\/?s={search_term_string}"},"query-input":{"@type":"PropertyValueSpecification","valueRequired":true,"valueName":"search_term_string"}}],"inLanguage":"de"}]}},"_links":{"self":[{"href":"https:\/\/alsik.dk\/de\/wp-json\/wp\/v2\/pages\/5979","targetHints":{"allow":["GET"]}}],"collection":[{"href":"https:\/\/alsik.dk\/de\/wp-json\/wp\/v2\/pages"}],"about":[{"href":"https:\/\/alsik.dk\/de\/wp-json\/wp\/v2\/types\/page"}],"author":[{"embeddable":true,"href":"https:\/\/alsik.dk\/de\/wp-json\/wp\/v2\/users\/7"}],"replies":[{"embeddable":true,"href":"https:\/\/alsik.dk\/de\/wp-json\/wp\/v2\/comments?post=5979"}],"version-history":[{"count":6,"href":"https:\/\/alsik.dk\/de\/wp-json\/wp\/v2\/pages\/5979\/revisions"}],"predecessor-version":[{"id":17304,"href":"https:\/\/alsik.dk\/de\/wp-json\/wp\/v2\/pages\/5979\/revisions\/17304"}],"wp:attachment":[{"href":"https:\/\/alsik.dk\/de\/wp-json\/wp\/v2\/media?parent=5979"}],"wp:term":[{"taxonomy":"post_tag","embeddable":true,"href":"https:\/\/alsik.dk\/de\/wp-json\/wp\/v2\/tags?post=5979"}],"curies":[{"name":"wp","href":"https:\/\/api.w.org\/{rel}","templated":true}]}}