{"id":9659,"date":"2022-02-07T15:33:43","date_gmt":"2022-02-07T14:33:43","guid":{"rendered":"https:\/\/alsik.dk\/?page_id=9659"},"modified":"2023-06-05T15:42:01","modified_gmt":"2023-06-05T13:42:01","slug":"barrierefreie-zimmer","status":"publish","type":"page","link":"https:\/\/alsik.dk\/de\/zimmer-suiten\/barrierefreie-zimmer\/","title":{"rendered":"Alsik Accessible &#8211; barrierefreie zimmer"},"content":{"rendered":"<p>Ein barrierefreies Zimmer, Alsik Accessible, ist 26,6 m2 gro\u00df und bietet sowohl zus\u00e4tzliche Bodenfl\u00e4che als auch ein barrierefreies Bad und WC.<\/p>\n<p>Die gro\u00dfen, vom Boden bis zur Decke reichenden Fenster sorgen f\u00fcr einen wunderbaren Lichteinfall, der die nat\u00fcrlichen Materialien und die sch\u00f6ne Einrichtung hervorhebt. Genie\u00dfen Sie die stilvolle und ruhige Umgebung Ihres Zimmers und die wunderbare Aussicht auf S\u00f8nderborg und den Alssund.<\/p>\n","protected":false},"excerpt":{"rendered":"<p>Ein barrierefreies Alsik Accessible zimmer ist 26,6\u00a0m2 gro\u00df und bietet sowohl zus\u00e4tzliche Bodenfl\u00e4che als auch ein barrierefreies Bad und WC.<\/p>\n","protected":false},"author":7,"featured_media":8419,"parent":4976,"menu_order":0,"comment_status":"closed","ping_status":"closed","template":"","meta":{"_acf_changed":false,"footnotes":""},"tags":[],"class_list":["post-9659","page","type-page","status-publish","has-post-thumbnail","hentry"],"acf":[],"yoast_head":"<!-- This site is optimized with the Yoast SEO plugin v24.3 - https:\/\/yoast.com\/wordpress\/plugins\/seo\/ -->\n<title>Alsik Accessible - barrierefreie zimmer | Alsik Hotel &amp; Spa<\/title>\n<meta name=\"description\" content=\"Alsik Accessible barrierefreies Zimmer ist 26,6\u00a0m2 gro\u00df und bietet sowohl zus\u00e4tzliche Bodenfl\u00e4che als auch ein barrierefreies Bad und WC.\" \/>\n<meta name=\"robots\" content=\"index, follow, max-snippet:-1, max-image-preview:large, max-video-preview:-1\" \/>\n<link rel=\"canonical\" href=\"https:\/\/alsik.dk\/de\/zimmer-suiten\/barrierefreie-zimmer\/\" \/>\n<meta property=\"og:locale\" content=\"de_DE\" \/>\n<meta property=\"og:type\" content=\"article\" \/>\n<meta property=\"og:title\" content=\"Alsik Accessible - barrierefreie zimmer | Alsik Hotel &amp; Spa\" \/>\n<meta property=\"og:description\" content=\"Alsik Accessible barrierefreies Zimmer ist 26,6\u00a0m2 gro\u00df und bietet sowohl zus\u00e4tzliche Bodenfl\u00e4che als auch ein barrierefreies Bad und WC.\" \/>\n<meta property=\"og:url\" content=\"https:\/\/alsik.dk\/de\/zimmer-suiten\/barrierefreie-zimmer\/\" \/>\n<meta property=\"og:site_name\" content=\"Alsik Hotel &amp; Spa\" \/>\n<meta property=\"article:modified_time\" content=\"2023-06-05T13:42:01+00:00\" \/>\n<meta property=\"og:image\" content=\"https:\/\/alsik.dk\/wp-content\/uploads\/2021\/06\/Alsik-handicapvenligt-vaerelse-god-plads.jpg\" \/>\n\t<meta property=\"og:image:width\" content=\"2048\" \/>\n\t<meta property=\"og:image:height\" content=\"1365\" \/>\n\t<meta property=\"og:image:type\" content=\"image\/jpeg\" \/>\n<meta name=\"twitter:card\" content=\"summary_large_image\" \/>\n<meta name=\"twitter:label1\" content=\"Gesch\u00e4tzte Lesezeit\" \/>\n\t<meta name=\"twitter:data1\" content=\"1\u00a0Minute\" \/>\n<script type=\"application\/ld+json\" class=\"yoast-schema-graph\">{\"@context\":\"https:\/\/schema.org\",\"@graph\":[{\"@type\":\"WebPage\",\"@id\":\"https:\/\/alsik.dk\/de\/zimmer-suiten\/barrierefreie-zimmer\/\",\"url\":\"https:\/\/alsik.dk\/de\/zimmer-suiten\/barrierefreie-zimmer\/\",\"name\":\"Alsik Accessible - barrierefreie zimmer | Alsik Hotel &amp; Spa\",\"isPartOf\":{\"@id\":\"https:\/\/alsik.dk\/de\/#website\"},\"primaryImageOfPage\":{\"@id\":\"https:\/\/alsik.dk\/de\/zimmer-suiten\/barrierefreie-zimmer\/#primaryimage\"},\"image\":{\"@id\":\"https:\/\/alsik.dk\/de\/zimmer-suiten\/barrierefreie-zimmer\/#primaryimage\"},\"thumbnailUrl\":\"https:\/\/alsik.dk\/wp-content\/uploads\/2021\/06\/Alsik-handicapvenligt-vaerelse-god-plads.jpg\",\"datePublished\":\"2022-02-07T14:33:43+00:00\",\"dateModified\":\"2023-06-05T13:42:01+00:00\",\"description\":\"Alsik Accessible barrierefreies Zimmer ist 26,6\u00a0m2 gro\u00df und bietet sowohl zus\u00e4tzliche Bodenfl\u00e4che als auch ein barrierefreies Bad und WC.\",\"breadcrumb\":{\"@id\":\"https:\/\/alsik.dk\/de\/zimmer-suiten\/barrierefreie-zimmer\/#breadcrumb\"},\"inLanguage\":\"de\",\"potentialAction\":[{\"@type\":\"ReadAction\",\"target\":[\"https:\/\/alsik.dk\/de\/zimmer-suiten\/barrierefreie-zimmer\/\"]}]},{\"@type\":\"ImageObject\",\"inLanguage\":\"de\",\"@id\":\"https:\/\/alsik.dk\/de\/zimmer-suiten\/barrierefreie-zimmer\/#primaryimage\",\"url\":\"https:\/\/alsik.dk\/wp-content\/uploads\/2021\/06\/Alsik-handicapvenligt-vaerelse-god-plads.jpg\",\"contentUrl\":\"https:\/\/alsik.dk\/wp-content\/uploads\/2021\/06\/Alsik-handicapvenligt-vaerelse-god-plads.jpg\",\"width\":2048,\"height\":1365,\"caption\":\"Behindertengerechtes Zimmer mit viel Platz\"},{\"@type\":\"BreadcrumbList\",\"@id\":\"https:\/\/alsik.dk\/de\/zimmer-suiten\/barrierefreie-zimmer\/#breadcrumb\",\"itemListElement\":[{\"@type\":\"ListItem\",\"position\":1,\"name\":\"Hjem\",\"item\":\"https:\/\/alsik.dk\/de\/\"},{\"@type\":\"ListItem\",\"position\":2,\"name\":\"Zimmer &#038; Suiten\",\"item\":\"https:\/\/alsik.dk\/de\/zimmer-suiten\/\"},{\"@type\":\"ListItem\",\"position\":3,\"name\":\"Alsik Accessible &#8211; barrierefreie zimmer\"}]},{\"@type\":\"WebSite\",\"@id\":\"https:\/\/alsik.dk\/de\/#website\",\"url\":\"https:\/\/alsik.dk\/de\/\",\"name\":\"Alsik Hotel &amp; Spa\",\"description\":\"Alsik er et af Danmarks mest sp\u00e6ndende hoteller med stilfulde og topmoderne v\u00e6relser. Oplev Danmarks st\u00f8rste spa med flere end 60 forskellige spa- og wellnessoplevelser eller fork\u00e6l sanserne med gastronomi i s\u00e6rklasse i Alsiks tre restauranter.\",\"potentialAction\":[{\"@type\":\"SearchAction\",\"target\":{\"@type\":\"EntryPoint\",\"urlTemplate\":\"https:\/\/alsik.dk\/de\/?s={search_term_string}\"},\"query-input\":{\"@type\":\"PropertyValueSpecification\",\"valueRequired\":true,\"valueName\":\"search_term_string\"}}],\"inLanguage\":\"de\"}]}<\/script>\n<!-- \/ Yoast SEO plugin. -->","yoast_head_json":{"title":"Alsik Accessible - barrierefreie zimmer | Alsik Hotel &amp; Spa","description":"Alsik Accessible barrierefreies Zimmer ist 26,6\u00a0m2 gro\u00df und bietet sowohl zus\u00e4tzliche Bodenfl\u00e4che als auch ein barrierefreies Bad und WC.","robots":{"index":"index","follow":"follow","max-snippet":"max-snippet:-1","max-image-preview":"max-image-preview:large","max-video-preview":"max-video-preview:-1"},"canonical":"https:\/\/alsik.dk\/de\/zimmer-suiten\/barrierefreie-zimmer\/","og_locale":"de_DE","og_type":"article","og_title":"Alsik Accessible - barrierefreie zimmer | Alsik Hotel &amp; Spa","og_description":"Alsik Accessible barrierefreies Zimmer ist 26,6\u00a0m2 gro\u00df und bietet sowohl zus\u00e4tzliche Bodenfl\u00e4che als auch ein barrierefreies Bad und WC.","og_url":"https:\/\/alsik.dk\/de\/zimmer-suiten\/barrierefreie-zimmer\/","og_site_name":"Alsik Hotel &amp; Spa","article_modified_time":"2023-06-05T13:42:01+00:00","og_image":[{"width":2048,"height":1365,"url":"https:\/\/alsik.dk\/wp-content\/uploads\/2021\/06\/Alsik-handicapvenligt-vaerelse-god-plads.jpg","type":"image\/jpeg"}],"twitter_card":"summary_large_image","twitter_misc":{"Gesch\u00e4tzte Lesezeit":"1\u00a0Minute"},"schema":{"@context":"https:\/\/schema.org","@graph":[{"@type":"WebPage","@id":"https:\/\/alsik.dk\/de\/zimmer-suiten\/barrierefreie-zimmer\/","url":"https:\/\/alsik.dk\/de\/zimmer-suiten\/barrierefreie-zimmer\/","name":"Alsik Accessible - barrierefreie zimmer | Alsik Hotel &amp; Spa","isPartOf":{"@id":"https:\/\/alsik.dk\/de\/#website"},"primaryImageOfPage":{"@id":"https:\/\/alsik.dk\/de\/zimmer-suiten\/barrierefreie-zimmer\/#primaryimage"},"image":{"@id":"https:\/\/alsik.dk\/de\/zimmer-suiten\/barrierefreie-zimmer\/#primaryimage"},"thumbnailUrl":"https:\/\/alsik.dk\/wp-content\/uploads\/2021\/06\/Alsik-handicapvenligt-vaerelse-god-plads.jpg","datePublished":"2022-02-07T14:33:43+00:00","dateModified":"2023-06-05T13:42:01+00:00","description":"Alsik Accessible barrierefreies Zimmer ist 26,6\u00a0m2 gro\u00df und bietet sowohl zus\u00e4tzliche Bodenfl\u00e4che als auch ein barrierefreies Bad und WC.","breadcrumb":{"@id":"https:\/\/alsik.dk\/de\/zimmer-suiten\/barrierefreie-zimmer\/#breadcrumb"},"inLanguage":"de","potentialAction":[{"@type":"ReadAction","target":["https:\/\/alsik.dk\/de\/zimmer-suiten\/barrierefreie-zimmer\/"]}]},{"@type":"ImageObject","inLanguage":"de","@id":"https:\/\/alsik.dk\/de\/zimmer-suiten\/barrierefreie-zimmer\/#primaryimage","url":"https:\/\/alsik.dk\/wp-content\/uploads\/2021\/06\/Alsik-handicapvenligt-vaerelse-god-plads.jpg","contentUrl":"https:\/\/alsik.dk\/wp-content\/uploads\/2021\/06\/Alsik-handicapvenligt-vaerelse-god-plads.jpg","width":2048,"height":1365,"caption":"Behindertengerechtes Zimmer mit viel Platz"},{"@type":"BreadcrumbList","@id":"https:\/\/alsik.dk\/de\/zimmer-suiten\/barrierefreie-zimmer\/#breadcrumb","itemListElement":[{"@type":"ListItem","position":1,"name":"Hjem","item":"https:\/\/alsik.dk\/de\/"},{"@type":"ListItem","position":2,"name":"Zimmer &#038; Suiten","item":"https:\/\/alsik.dk\/de\/zimmer-suiten\/"},{"@type":"ListItem","position":3,"name":"Alsik Accessible &#8211; barrierefreie zimmer"}]},{"@type":"WebSite","@id":"https:\/\/alsik.dk\/de\/#website","url":"https:\/\/alsik.dk\/de\/","name":"Alsik Hotel &amp; Spa","description":"Alsik er et af Danmarks mest sp\u00e6ndende hoteller med stilfulde og topmoderne v\u00e6relser. Oplev Danmarks st\u00f8rste spa med flere end 60 forskellige spa- og wellnessoplevelser eller fork\u00e6l sanserne med gastronomi i s\u00e6rklasse i Alsiks tre restauranter.","potentialAction":[{"@type":"SearchAction","target":{"@type":"EntryPoint","urlTemplate":"https:\/\/alsik.dk\/de\/?s={search_term_string}"},"query-input":{"@type":"PropertyValueSpecification","valueRequired":true,"valueName":"search_term_string"}}],"inLanguage":"de"}]}},"_links":{"self":[{"href":"https:\/\/alsik.dk\/de\/wp-json\/wp\/v2\/pages\/9659","targetHints":{"allow":["GET"]}}],"collection":[{"href":"https:\/\/alsik.dk\/de\/wp-json\/wp\/v2\/pages"}],"about":[{"href":"https:\/\/alsik.dk\/de\/wp-json\/wp\/v2\/types\/page"}],"author":[{"embeddable":true,"href":"https:\/\/alsik.dk\/de\/wp-json\/wp\/v2\/users\/7"}],"replies":[{"embeddable":true,"href":"https:\/\/alsik.dk\/de\/wp-json\/wp\/v2\/comments?post=9659"}],"version-history":[{"count":15,"href":"https:\/\/alsik.dk\/de\/wp-json\/wp\/v2\/pages\/9659\/revisions"}],"predecessor-version":[{"id":12290,"href":"https:\/\/alsik.dk\/de\/wp-json\/wp\/v2\/pages\/9659\/revisions\/12290"}],"up":[{"embeddable":true,"href":"https:\/\/alsik.dk\/de\/wp-json\/wp\/v2\/pages\/4976"}],"wp:featuredmedia":[{"embeddable":true,"href":"https:\/\/alsik.dk\/de\/wp-json\/wp\/v2\/media\/8419"}],"wp:attachment":[{"href":"https:\/\/alsik.dk\/de\/wp-json\/wp\/v2\/media?parent=9659"}],"wp:term":[{"taxonomy":"post_tag","embeddable":true,"href":"https:\/\/alsik.dk\/de\/wp-json\/wp\/v2\/tags?post=9659"}],"curies":[{"name":"wp","href":"https:\/\/api.w.org\/{rel}","templated":true}]}}