{"id":9730,"date":"2022-02-18T13:55:40","date_gmt":"2022-02-18T12:55:40","guid":{"rendered":"https:\/\/alsik.dk\/?page_id=9730"},"modified":"2022-05-18T12:46:44","modified_gmt":"2022-05-18T10:46:44","slug":"nehmen-sie-ihren-hund-mit-in-den-urlaub","status":"publish","type":"page","link":"https:\/\/alsik.dk\/de\/nehmen-sie-ihren-hund-mit-in-den-urlaub\/","title":{"rendered":"NEHMEN SIE IHREN HUND MIT IN DEN URLAUB"},"content":{"rendered":"<p>M\u00f6chten Sie Ihren Hund ins Hotel mitnehmen? Ihr Alsik Hotel ist hundefreundlich.<\/p>\n<p>Nat\u00fcrlich ist Ihr Hund als bester Freund des Menschen auch bei einem Aufenthalt im Alsik Hotel immer willkommen.<\/p>\n<p>Wir haben verschiedene Zimmer, die speziell daf\u00fcr eingerichtet sind, dass Sie bei Ihrem Besuch in S\u00f8nderborg Ihr Haustier mitbringen k\u00f6nnen.<\/p>\n<p>W\u00e4hlen Sie diese Option einfach bei der Onlinebuchung unter \u201eZusatzleistungen\u201c aus \u2013 oder informieren Sie uns, wenn Sie telefonisch oder per E-Mail buchen.<\/p>\n<p>Wir sorgen daf\u00fcr, dass im Zimmer Wasser- und Futtern\u00e4pfe, eine sch\u00f6ne Hundematratze und eine Handvoll Leckerlis bereitstehen.<\/p>\n","protected":false},"excerpt":{"rendered":"<p>M\u00f6chten Sie Ihren Hund ins Hotel mitnehmen? Ihr Alsik Hotel ist hundefreundlich.<\/p>\n","protected":false},"author":7,"featured_media":7730,"parent":0,"menu_order":0,"comment_status":"closed","ping_status":"closed","template":"","meta":{"_acf_changed":false,"footnotes":""},"tags":[],"class_list":["post-9730","page","type-page","status-publish","has-post-thumbnail","hentry"],"acf":[],"yoast_head":"<!-- This site is optimized with the Yoast SEO plugin v24.3 - https:\/\/yoast.com\/wordpress\/plugins\/seo\/ -->\n<title>NEHMEN SIE IHREN HUND MIT IN DEN URLAUB | Alsik Hotel &amp; Spa<\/title>\n<meta name=\"description\" content=\"M\u00f6chten Sie Ihren Hund ins Hotel mitnehmen? Ihr Steigenberger Alsik Hotel in Sonderborg ist hundefreundlich.\" \/>\n<meta name=\"robots\" content=\"index, follow, max-snippet:-1, max-image-preview:large, max-video-preview:-1\" \/>\n<link rel=\"canonical\" href=\"https:\/\/alsik.dk\/de\/nehmen-sie-ihren-hund-mit-in-den-urlaub\/\" \/>\n<meta property=\"og:locale\" content=\"de_DE\" \/>\n<meta property=\"og:type\" content=\"article\" \/>\n<meta property=\"og:title\" content=\"NEHMEN SIE IHREN HUND MIT IN DEN URLAUB | Alsik Hotel &amp; Spa\" \/>\n<meta property=\"og:description\" content=\"M\u00f6chten Sie Ihren Hund ins Hotel mitnehmen? Ihr Steigenberger Alsik Hotel in Sonderborg ist hundefreundlich.\" \/>\n<meta property=\"og:url\" content=\"https:\/\/alsik.dk\/de\/nehmen-sie-ihren-hund-mit-in-den-urlaub\/\" \/>\n<meta property=\"og:site_name\" content=\"Alsik Hotel &amp; Spa\" \/>\n<meta property=\"article:modified_time\" content=\"2022-05-18T10:46:44+00:00\" \/>\n<meta property=\"og:image\" content=\"https:\/\/alsik.dk\/wp-content\/uploads\/2021\/03\/AlsikHund-9.jpg\" \/>\n\t<meta property=\"og:image:width\" content=\"2048\" \/>\n\t<meta property=\"og:image:height\" content=\"1365\" \/>\n\t<meta property=\"og:image:type\" content=\"image\/jpeg\" \/>\n<meta name=\"twitter:card\" content=\"summary_large_image\" \/>\n<meta name=\"twitter:label1\" content=\"Gesch\u00e4tzte Lesezeit\" \/>\n\t<meta name=\"twitter:data1\" content=\"1\u00a0Minute\" \/>\n<script type=\"application\/ld+json\" class=\"yoast-schema-graph\">{\"@context\":\"https:\/\/schema.org\",\"@graph\":[{\"@type\":\"WebPage\",\"@id\":\"https:\/\/alsik.dk\/de\/nehmen-sie-ihren-hund-mit-in-den-urlaub\/\",\"url\":\"https:\/\/alsik.dk\/de\/nehmen-sie-ihren-hund-mit-in-den-urlaub\/\",\"name\":\"NEHMEN SIE IHREN HUND MIT IN DEN URLAUB | Alsik Hotel &amp; Spa\",\"isPartOf\":{\"@id\":\"https:\/\/alsik.dk\/de\/#website\"},\"primaryImageOfPage\":{\"@id\":\"https:\/\/alsik.dk\/de\/nehmen-sie-ihren-hund-mit-in-den-urlaub\/#primaryimage\"},\"image\":{\"@id\":\"https:\/\/alsik.dk\/de\/nehmen-sie-ihren-hund-mit-in-den-urlaub\/#primaryimage\"},\"thumbnailUrl\":\"https:\/\/alsik.dk\/wp-content\/uploads\/2021\/03\/AlsikHund-9.jpg\",\"datePublished\":\"2022-02-18T12:55:40+00:00\",\"dateModified\":\"2022-05-18T10:46:44+00:00\",\"description\":\"M\u00f6chten Sie Ihren Hund ins Hotel mitnehmen? Ihr Steigenberger Alsik Hotel in Sonderborg ist hundefreundlich.\",\"breadcrumb\":{\"@id\":\"https:\/\/alsik.dk\/de\/nehmen-sie-ihren-hund-mit-in-den-urlaub\/#breadcrumb\"},\"inLanguage\":\"de\",\"potentialAction\":[{\"@type\":\"ReadAction\",\"target\":[\"https:\/\/alsik.dk\/de\/nehmen-sie-ihren-hund-mit-in-den-urlaub\/\"]}]},{\"@type\":\"ImageObject\",\"inLanguage\":\"de\",\"@id\":\"https:\/\/alsik.dk\/de\/nehmen-sie-ihren-hund-mit-in-den-urlaub\/#primaryimage\",\"url\":\"https:\/\/alsik.dk\/wp-content\/uploads\/2021\/03\/AlsikHund-9.jpg\",\"contentUrl\":\"https:\/\/alsik.dk\/wp-content\/uploads\/2021\/03\/AlsikHund-9.jpg\",\"width\":2048,\"height\":1365,\"caption\":\"Hunde p\u00e5 hundevenligt v\u00e6relse med hundemadras p\u00e5 Alsik Hotel\"},{\"@type\":\"BreadcrumbList\",\"@id\":\"https:\/\/alsik.dk\/de\/nehmen-sie-ihren-hund-mit-in-den-urlaub\/#breadcrumb\",\"itemListElement\":[{\"@type\":\"ListItem\",\"position\":1,\"name\":\"Hjem\",\"item\":\"https:\/\/alsik.dk\/de\/\"},{\"@type\":\"ListItem\",\"position\":2,\"name\":\"NEHMEN SIE IHREN HUND MIT IN DEN URLAUB\"}]},{\"@type\":\"WebSite\",\"@id\":\"https:\/\/alsik.dk\/de\/#website\",\"url\":\"https:\/\/alsik.dk\/de\/\",\"name\":\"Alsik Hotel &amp; Spa\",\"description\":\"Alsik er et af Danmarks mest sp\u00e6ndende hoteller med stilfulde og topmoderne v\u00e6relser. Oplev Danmarks st\u00f8rste spa med flere end 60 forskellige spa- og wellnessoplevelser eller fork\u00e6l sanserne med gastronomi i s\u00e6rklasse i Alsiks tre restauranter.\",\"potentialAction\":[{\"@type\":\"SearchAction\",\"target\":{\"@type\":\"EntryPoint\",\"urlTemplate\":\"https:\/\/alsik.dk\/de\/?s={search_term_string}\"},\"query-input\":{\"@type\":\"PropertyValueSpecification\",\"valueRequired\":true,\"valueName\":\"search_term_string\"}}],\"inLanguage\":\"de\"}]}<\/script>\n<!-- \/ Yoast SEO plugin. -->","yoast_head_json":{"title":"NEHMEN SIE IHREN HUND MIT IN DEN URLAUB | Alsik Hotel &amp; Spa","description":"M\u00f6chten Sie Ihren Hund ins Hotel mitnehmen? Ihr Steigenberger Alsik Hotel in Sonderborg ist hundefreundlich.","robots":{"index":"index","follow":"follow","max-snippet":"max-snippet:-1","max-image-preview":"max-image-preview:large","max-video-preview":"max-video-preview:-1"},"canonical":"https:\/\/alsik.dk\/de\/nehmen-sie-ihren-hund-mit-in-den-urlaub\/","og_locale":"de_DE","og_type":"article","og_title":"NEHMEN SIE IHREN HUND MIT IN DEN URLAUB | Alsik Hotel &amp; Spa","og_description":"M\u00f6chten Sie Ihren Hund ins Hotel mitnehmen? Ihr Steigenberger Alsik Hotel in Sonderborg ist hundefreundlich.","og_url":"https:\/\/alsik.dk\/de\/nehmen-sie-ihren-hund-mit-in-den-urlaub\/","og_site_name":"Alsik Hotel &amp; Spa","article_modified_time":"2022-05-18T10:46:44+00:00","og_image":[{"width":2048,"height":1365,"url":"https:\/\/alsik.dk\/wp-content\/uploads\/2021\/03\/AlsikHund-9.jpg","type":"image\/jpeg"}],"twitter_card":"summary_large_image","twitter_misc":{"Gesch\u00e4tzte Lesezeit":"1\u00a0Minute"},"schema":{"@context":"https:\/\/schema.org","@graph":[{"@type":"WebPage","@id":"https:\/\/alsik.dk\/de\/nehmen-sie-ihren-hund-mit-in-den-urlaub\/","url":"https:\/\/alsik.dk\/de\/nehmen-sie-ihren-hund-mit-in-den-urlaub\/","name":"NEHMEN SIE IHREN HUND MIT IN DEN URLAUB | Alsik Hotel &amp; Spa","isPartOf":{"@id":"https:\/\/alsik.dk\/de\/#website"},"primaryImageOfPage":{"@id":"https:\/\/alsik.dk\/de\/nehmen-sie-ihren-hund-mit-in-den-urlaub\/#primaryimage"},"image":{"@id":"https:\/\/alsik.dk\/de\/nehmen-sie-ihren-hund-mit-in-den-urlaub\/#primaryimage"},"thumbnailUrl":"https:\/\/alsik.dk\/wp-content\/uploads\/2021\/03\/AlsikHund-9.jpg","datePublished":"2022-02-18T12:55:40+00:00","dateModified":"2022-05-18T10:46:44+00:00","description":"M\u00f6chten Sie Ihren Hund ins Hotel mitnehmen? Ihr Steigenberger Alsik Hotel in Sonderborg ist hundefreundlich.","breadcrumb":{"@id":"https:\/\/alsik.dk\/de\/nehmen-sie-ihren-hund-mit-in-den-urlaub\/#breadcrumb"},"inLanguage":"de","potentialAction":[{"@type":"ReadAction","target":["https:\/\/alsik.dk\/de\/nehmen-sie-ihren-hund-mit-in-den-urlaub\/"]}]},{"@type":"ImageObject","inLanguage":"de","@id":"https:\/\/alsik.dk\/de\/nehmen-sie-ihren-hund-mit-in-den-urlaub\/#primaryimage","url":"https:\/\/alsik.dk\/wp-content\/uploads\/2021\/03\/AlsikHund-9.jpg","contentUrl":"https:\/\/alsik.dk\/wp-content\/uploads\/2021\/03\/AlsikHund-9.jpg","width":2048,"height":1365,"caption":"Hunde p\u00e5 hundevenligt v\u00e6relse med hundemadras p\u00e5 Alsik Hotel"},{"@type":"BreadcrumbList","@id":"https:\/\/alsik.dk\/de\/nehmen-sie-ihren-hund-mit-in-den-urlaub\/#breadcrumb","itemListElement":[{"@type":"ListItem","position":1,"name":"Hjem","item":"https:\/\/alsik.dk\/de\/"},{"@type":"ListItem","position":2,"name":"NEHMEN SIE IHREN HUND MIT IN DEN URLAUB"}]},{"@type":"WebSite","@id":"https:\/\/alsik.dk\/de\/#website","url":"https:\/\/alsik.dk\/de\/","name":"Alsik Hotel &amp; Spa","description":"Alsik er et af Danmarks mest sp\u00e6ndende hoteller med stilfulde og topmoderne v\u00e6relser. Oplev Danmarks st\u00f8rste spa med flere end 60 forskellige spa- og wellnessoplevelser eller fork\u00e6l sanserne med gastronomi i s\u00e6rklasse i Alsiks tre restauranter.","potentialAction":[{"@type":"SearchAction","target":{"@type":"EntryPoint","urlTemplate":"https:\/\/alsik.dk\/de\/?s={search_term_string}"},"query-input":{"@type":"PropertyValueSpecification","valueRequired":true,"valueName":"search_term_string"}}],"inLanguage":"de"}]}},"_links":{"self":[{"href":"https:\/\/alsik.dk\/de\/wp-json\/wp\/v2\/pages\/9730","targetHints":{"allow":["GET"]}}],"collection":[{"href":"https:\/\/alsik.dk\/de\/wp-json\/wp\/v2\/pages"}],"about":[{"href":"https:\/\/alsik.dk\/de\/wp-json\/wp\/v2\/types\/page"}],"author":[{"embeddable":true,"href":"https:\/\/alsik.dk\/de\/wp-json\/wp\/v2\/users\/7"}],"replies":[{"embeddable":true,"href":"https:\/\/alsik.dk\/de\/wp-json\/wp\/v2\/comments?post=9730"}],"version-history":[{"count":7,"href":"https:\/\/alsik.dk\/de\/wp-json\/wp\/v2\/pages\/9730\/revisions"}],"predecessor-version":[{"id":10161,"href":"https:\/\/alsik.dk\/de\/wp-json\/wp\/v2\/pages\/9730\/revisions\/10161"}],"wp:featuredmedia":[{"embeddable":true,"href":"https:\/\/alsik.dk\/de\/wp-json\/wp\/v2\/media\/7730"}],"wp:attachment":[{"href":"https:\/\/alsik.dk\/de\/wp-json\/wp\/v2\/media?parent=9730"}],"wp:term":[{"taxonomy":"post_tag","embeddable":true,"href":"https:\/\/alsik.dk\/de\/wp-json\/wp\/v2\/tags?post=9730"}],"curies":[{"name":"wp","href":"https:\/\/api.w.org\/{rel}","templated":true}]}}